{"id":9075,"date":"2025-07-30T14:25:16","date_gmt":"2025-07-30T11:25:16","guid":{"rendered":"https:\/\/birimler.atauni.edu.tr\/fars-dili-ve-edebiyati\/?page_id=9075"},"modified":"2025-07-30T14:25:16","modified_gmt":"2025-07-30T11:25:16","slug":"duyurular","status":"publish","type":"page","link":"https:\/\/atauni.edu.tr\/fars-dili-ve-edebiyati\/duyurular\/","title":{"rendered":"Duyurular"},"content":{"rendered":"<form method=\"get\" class=\"row g-3\" style=\"margin-bottom: 20px;\"><div class=\"col-md-3\"><input type=\"text\" name=\"Duyuru_ara\" class=\"form-control\" placeholder=\"Duyuru ara...\" value=\"\"><\/div><div class=\"col-md-3\"><input type=\"date\" name=\"baslangic_tarihi\" class=\"form-control\" value=\"\"><\/div><div class=\"col-md-3\"><input type=\"date\" name=\"bitis_tarihi\" class=\"form-control\" value=\"\"><\/div><div class=\"col-md-3\"><button type=\"submit\" class=\"btn btn-secondary w-50\">Filtrele<\/button><\/div><\/form><ul class=\"kategori-yazilari-liste\"><li style=\"display: flex; margin-bottom: 10px; align-items: center;\"><div class=\"post-content\" style=\"flex-grow: 1;\"><span class=\"post-date Duyurutarih\" style=\"display: block; font-weight: bold; margin-bottom: 5px;\">13 Mart 2026<\/span><a class=\"Duyurubaslik\" href=\"https:\/\/atauni.edu.tr\/fars-dili-ve-edebiyati\/2026\/03\/13\/sinav-programi\/\">S\u0131nav Program\u0131<\/a><\/div><\/li><li style=\"display: flex; margin-bottom: 10px; align-items: center;\"><div class=\"post-content\" style=\"flex-grow: 1;\"><span class=\"post-date Duyurutarih\" style=\"display: block; font-weight: bold; margin-bottom: 5px;\">4 \u015eubat 2026<\/span><a class=\"Duyurubaslik\" href=\"https:\/\/atauni.edu.tr\/fars-dili-ve-edebiyati\/2026\/02\/04\/bahar-donemi-ders-programi-3\/\">Bahar D\u00f6nemi Ders Program\u0131<\/a><\/div><\/li><li style=\"display: flex; margin-bottom: 10px; align-items: center;\"><div class=\"post-content\" style=\"flex-grow: 1;\"><span class=\"post-date Duyurutarih\" style=\"display: block; font-weight: bold; margin-bottom: 5px;\">13 Ocak 2026<\/span><a class=\"Duyurubaslik\" href=\"https:\/\/atauni.edu.tr\/fars-dili-ve-edebiyati\/2026\/01\/13\/butunlesik-yukseklisans\/\">B\u00fct\u00fcnle\u015fik Y\u00fckseklisans<\/a><\/div><\/li><li style=\"display: flex; margin-bottom: 10px; align-items: center;\"><div class=\"post-content\" style=\"flex-grow: 1;\"><span class=\"post-date Duyurutarih\" style=\"display: block; font-weight: bold; margin-bottom: 5px;\">21 Aral\u0131k 2025<\/span><a class=\"Duyurubaslik\" href=\"https:\/\/atauni.edu.tr\/fars-dili-ve-edebiyati\/2025\/12\/21\/final-ve-butunleme-programi\/\">Final ve B\u00fct\u00fcnleme Program\u0131<\/a><\/div><\/li><li style=\"display: flex; margin-bottom: 10px; align-items: center;\"><div class=\"post-content\" style=\"flex-grow: 1;\"><span class=\"post-date Duyurutarih\" style=\"display: block; font-weight: bold; margin-bottom: 5px;\">29 Eyl\u00fcl 2025<\/span><a class=\"Duyurubaslik\" href=\"https:\/\/atauni.edu.tr\/fars-dili-ve-edebiyati\/2025\/09\/29\/ders-programi\/\">Ders Program\u0131<\/a><\/div><\/li><li style=\"display: flex; margin-bottom: 10px; align-items: center;\"><div class=\"post-content\" style=\"flex-grow: 1;\"><span class=\"post-date Duyurutarih\" style=\"display: block; font-weight: bold; margin-bottom: 5px;\">26 May\u0131s 2025<\/span><a class=\"Duyurubaslik\" href=\"https:\/\/atauni.edu.tr\/fars-dili-ve-edebiyati\/2025\/05\/26\/final-ve-butunleme\/\">Final ve B\u00fct\u00fcnleme<\/a><\/div><\/li><\/ul>\n\n\n\n<p><\/p>\n","protected":false},"excerpt":{"rendered":"","protected":false},"author":1,"featured_media":0,"parent":0,"menu_order":0,"comment_status":"closed","ping_status":"closed","template":"","meta":{"footnotes":""},"class_list":["post-9075","page","type-page","status-publish","hentry"],"_links":{"self":[{"href":"https:\/\/atauni.edu.tr\/fars-dili-ve-edebiyati\/wp-json\/wp\/v2\/pages\/9075","targetHints":{"allow":["GET"]}}],"collection":[{"href":"https:\/\/atauni.edu.tr\/fars-dili-ve-edebiyati\/wp-json\/wp\/v2\/pages"}],"about":[{"href":"https:\/\/atauni.edu.tr\/fars-dili-ve-edebiyati\/wp-json\/wp\/v2\/types\/page"}],"author":[{"embeddable":true,"href":"https:\/\/atauni.edu.tr\/fars-dili-ve-edebiyati\/wp-json\/wp\/v2\/users\/1"}],"replies":[{"embeddable":true,"href":"https:\/\/atauni.edu.tr\/fars-dili-ve-edebiyati\/wp-json\/wp\/v2\/comments?post=9075"}],"version-history":[{"count":1,"href":"https:\/\/atauni.edu.tr\/fars-dili-ve-edebiyati\/wp-json\/wp\/v2\/pages\/9075\/revisions"}],"predecessor-version":[{"id":9076,"href":"https:\/\/atauni.edu.tr\/fars-dili-ve-edebiyati\/wp-json\/wp\/v2\/pages\/9075\/revisions\/9076"}],"wp:attachment":[{"href":"https:\/\/atauni.edu.tr\/fars-dili-ve-edebiyati\/wp-json\/wp\/v2\/media?parent=9075"}],"curies":[{"name":"wp","href":"https:\/\/api.w.org\/{rel}","templated":true}]}}