{"id":5638,"date":"2021-07-13T09:49:25","date_gmt":"2021-07-13T06:49:25","guid":{"rendered":"https:\/\/portaltest.atauni.edu.tr\/bilgisayar-muhendisligi\/?page_id=5638"},"modified":"2025-09-15T17:03:12","modified_gmt":"2025-09-15T14:03:12","slug":"tarihce","status":"publish","type":"page","link":"https:\/\/atauni.edu.tr\/felsefe\/tarihce\/","title":{"rendered":"Tarih\u00e7e"},"content":{"rendered":"\t\t<div data-elementor-type=\"wp-page\" data-elementor-id=\"5638\" class=\"elementor elementor-5638\" data-elementor-post-type=\"page\">\n\t\t\t\t\t\t<section class=\"elementor-section elementor-top-section elementor-element elementor-element-730d320 elementor-section-boxed elementor-section-height-default elementor-section-height-default\" data-id=\"730d320\" data-element_type=\"section\">\n\t\t\t\t\t\t<div class=\"elementor-container elementor-column-gap-default\">\n\t\t\t\t\t<div class=\"elementor-column elementor-col-100 elementor-top-column elementor-element elementor-element-753d0860\" data-id=\"753d0860\" data-element_type=\"column\">\n\t\t\t<div class=\"elementor-widget-wrap\">\n\t\t\t\t\t\t\t<\/div>\n\t\t<\/div>\n\t\t\t\t\t<\/div>\n\t\t<\/section>\n\t\t\t\t<section class=\"elementor-section elementor-top-section elementor-element elementor-element-9be811a elementor-section-boxed elementor-section-height-default elementor-section-height-default\" data-id=\"9be811a\" data-element_type=\"section\">\n\t\t\t\t\t\t<div class=\"elementor-container elementor-column-gap-default\">\n\t\t\t\t\t<div class=\"elementor-column elementor-col-100 elementor-top-column elementor-element elementor-element-1ed847b7\" data-id=\"1ed847b7\" data-element_type=\"column\">\n\t\t\t<div class=\"elementor-widget-wrap elementor-element-populated\">\n\t\t\t\t\t\t<div class=\"elementor-element elementor-element-4ce0d07f elementor-widget elementor-widget-heading\" data-id=\"4ce0d07f\" data-element_type=\"widget\" data-widget_type=\"heading.default\">\n\t\t\t\t<div class=\"elementor-widget-container\">\n\t\t\t\t\t<h2 class=\"elementor-heading-title elementor-size-default\">Tarih\u00e7e<\/h2>\t\t\t\t<\/div>\n\t\t\t\t<\/div>\n\t\t\t\t<div class=\"elementor-element elementor-element-63260862 elementor-widget-divider--view-line elementor-widget elementor-widget-divider\" data-id=\"63260862\" data-element_type=\"widget\" data-widget_type=\"divider.default\">\n\t\t\t\t<div class=\"elementor-widget-container\">\n\t\t\t\t\t\t\t<div class=\"elementor-divider\">\n\t\t\t<span class=\"elementor-divider-separator\">\n\t\t\t\t\t\t<\/span>\n\t\t<\/div>\n\t\t\t\t\t\t<\/div>\n\t\t\t\t<\/div>\n\t\t\t\t\t<\/div>\n\t\t<\/div>\n\t\t\t\t\t<\/div>\n\t\t<\/section>\n\t\t\t\t<section class=\"elementor-section elementor-top-section elementor-element elementor-element-681db8b elementor-section-boxed elementor-section-height-default elementor-section-height-default\" data-id=\"681db8b\" data-element_type=\"section\">\n\t\t\t\t\t\t<div class=\"elementor-container elementor-column-gap-default\">\n\t\t\t\t\t<div class=\"elementor-column elementor-col-100 elementor-top-column elementor-element elementor-element-ad4dac5\" data-id=\"ad4dac5\" data-element_type=\"column\">\n\t\t\t<div class=\"elementor-widget-wrap elementor-element-populated\">\n\t\t\t\t\t\t<div class=\"elementor-element elementor-element-2f96b3d elementor-widget elementor-widget-text-editor\" data-id=\"2f96b3d\" data-element_type=\"widget\" data-widget_type=\"text-editor.default\">\n\t\t\t\t<div class=\"elementor-widget-container\">\n\t\t\t\t\t\t\t\t\t<p>Felsefe B\u00f6l\u00fcm\u00fc, Edebiyat Fak\u00fcltesi b\u00fcnyesinde yer alan b\u00f6l\u00fcmlerden biridir. Y\u00fcksek \u00d6\u011fretim genel ama\u00e7lar\u0131 do\u011frultusunda, T\u00fcrk fikir hayat\u0131na katk\u0131larda bulunacak, bilimsel zihniyete ve ara\u015ft\u0131rma yetene\u011fine sahip elemanlar yeti\u015ftirmek \u00fczere 1975 y\u0131l\u0131nda kurulmu\u015ftur. B\u00f6l\u00fcm 1977-1978 e\u011fitim-\u00f6\u011fretim y\u0131l\u0131ndan itibaren Lisans; 1984-1985 e\u011fitim-\u00f6\u011fretim y\u0131l\u0131ndan itibaren de Y\u00fcksek Lisans ve Doktora \u00f6\u011fretimlerini s\u00fcrd\u00fcrmektedir. Lisans, Y\u00fcksek Lisans ve Doktora programlar\u0131 y\u00fcr\u00fct\u00fclen b\u00f6l\u00fcmde, d\u00f6rt anabilim dal\u0131 bulunmaktad\u0131r: Sistematik Felsefe ve Mant\u0131k, Felsefe Tarihi, T\u00fcrk-\u0130slam D\u00fc\u015f\u00fcncesi Tarihi ve Bilim Tarihi. Lisans \u00f6\u011frencilerimize, toplam 16 kredi\/saatlik Sosyoloji ve Psikoloji dersleri de okutulmaktad\u0131r. Her biri \u2018Felsefe ve Sosyal Bilimler\u2019 i\u00e7erikli olan ulusal d\u00fczeyde \u201cI. Felsefe ve Sosyal \u0130limler Kongresi\u201d ile uluslararas\u0131 d\u00fczeyde \u2018\u0130nsan Felsefesi\u2019 konulu \u201c1998 Felsefe Kongresi\u201dni d\u00fczenleyen Felsefe B\u00f6l\u00fcm\u00fc\u2019n\u00fcn ilk kurucu ba\u015fkan\u0131 Prof. Dr. Kaya B\u0130LGEG\u0130L\u2019dir. B\u00f6l\u00fcm\u00fcn kurulu\u015f y\u0131llar\u0131nda, B\u00f6l\u00fcm Program\u0131n\u0131n geli\u015ftirilmesinde Prof. Dr. Kemal Ayta\u00e7, Prof. Dr. Necati \u00d6ner ve Prof. Dr. S. Hayri Bolay de\u011ferli katk\u0131larda bulunmu\u015flard\u0131r. B\u00f6l\u00fcmde kurulu\u015fundan itibaren aralar\u0131nda Prof. Dr. Hikmet Y\u0131ld\u0131r\u0131m Celkan, Prof. Dr. Muhittin A\u015fk\u0131n, Prof. Dr. Kenan G\u00fcrsoy, Prof. Dr. Ey\u00fcp Kemerlio\u011flu, Prof. Dr. Sabahattin G\u00fcll\u00fcl\u00fc, Prof. Dr. H\u00fcseyin Aky\u00fcz, Prof. Dr. Necmettin Tozlu, Prof. Dr. Mehmet Akg\u00fcn, Prof. Dr. Abam\u00fcslim Akdemir, Prof. Dr. Abdulkuddus Bing\u00f6l, Prof. Dr. Ali Osman G\u00fcndo\u011fan, Prof. Dr. Nurten G\u00f6kalp\u2019\u0131n bulundu\u011fu bir\u00e7ok de\u011ferli bilim insan\u0131 g\u00f6rev yapm\u0131\u015ft\u0131r. \u015eu an itibariyle B\u00f6l\u00fcm\u00fcn \u00f6\u011fretim kadrosunda on iki eleman bulunmaktad\u0131r.<\/p>\t\t\t\t\t\t\t\t<\/div>\n\t\t\t\t<\/div>\n\t\t\t\t\t<\/div>\n\t\t<\/div>\n\t\t\t\t\t<\/div>\n\t\t<\/section>\n\t\t\t\t<\/div>\n\t\t","protected":false},"excerpt":{"rendered":"<p>Tarih\u00e7e Felsefe B\u00f6l\u00fcm\u00fc, Edebiyat Fak\u00fcltesi b\u00fcnyesinde yer alan b\u00f6l\u00fcmlerden biridir. Y\u00fcksek \u00d6\u011fretim genel ama\u00e7lar\u0131 do\u011frultusunda, T\u00fcrk fikir hayat\u0131na katk\u0131larda bulunacak, bilimsel zihniyete ve ara\u015ft\u0131rma yetene\u011fine sahip elemanlar yeti\u015ftirmek \u00fczere 1975 y\u0131l\u0131nda kurulmu\u015ftur. B\u00f6l\u00fcm 1977-1978 e\u011fitim-\u00f6\u011fretim y\u0131l\u0131ndan itibaren Lisans; 1984-1985 e\u011fitim-\u00f6\u011fretim y\u0131l\u0131ndan itibaren de Y\u00fcksek Lisans ve Doktora \u00f6\u011fretimlerini s\u00fcrd\u00fcrmektedir. Lisans, Y\u00fcksek Lisans ve Doktora programlar\u0131 [&hellip;]<\/p>\n","protected":false},"author":1,"featured_media":0,"parent":0,"menu_order":0,"comment_status":"closed","ping_status":"closed","template":"","meta":{"footnotes":""},"class_list":["post-5638","page","type-page","status-publish","hentry"],"_links":{"self":[{"href":"https:\/\/atauni.edu.tr\/felsefe\/wp-json\/wp\/v2\/pages\/5638","targetHints":{"allow":["GET"]}}],"collection":[{"href":"https:\/\/atauni.edu.tr\/felsefe\/wp-json\/wp\/v2\/pages"}],"about":[{"href":"https:\/\/atauni.edu.tr\/felsefe\/wp-json\/wp\/v2\/types\/page"}],"author":[{"embeddable":true,"href":"https:\/\/atauni.edu.tr\/felsefe\/wp-json\/wp\/v2\/users\/1"}],"replies":[{"embeddable":true,"href":"https:\/\/atauni.edu.tr\/felsefe\/wp-json\/wp\/v2\/comments?post=5638"}],"version-history":[{"count":28,"href":"https:\/\/atauni.edu.tr\/felsefe\/wp-json\/wp\/v2\/pages\/5638\/revisions"}],"predecessor-version":[{"id":7367,"href":"https:\/\/atauni.edu.tr\/felsefe\/wp-json\/wp\/v2\/pages\/5638\/revisions\/7367"}],"wp:attachment":[{"href":"https:\/\/atauni.edu.tr\/felsefe\/wp-json\/wp\/v2\/media?parent=5638"}],"curies":[{"name":"wp","href":"https:\/\/api.w.org\/{rel}","templated":true}]}}