{"id":5682,"date":"2021-07-13T10:10:01","date_gmt":"2021-07-13T07:10:01","guid":{"rendered":"https:\/\/portaltest.atauni.edu.tr\/bilgisayar-muhendisligi\/?page_id=5682"},"modified":"2022-03-01T16:33:03","modified_gmt":"2022-03-01T13:33:03","slug":"misyon-vizyon-ve-temel-degerler","status":"publish","type":"page","link":"https:\/\/atauni.edu.tr\/felsefe\/misyon-vizyon-ve-temel-degerler\/","title":{"rendered":"Misyon, Vizyon ve Temel De\u011ferler"},"content":{"rendered":"\t\t<div data-elementor-type=\"wp-page\" data-elementor-id=\"5682\" class=\"elementor elementor-5682\" data-elementor-post-type=\"page\">\n\t\t\t\t\t\t<section class=\"elementor-section elementor-top-section elementor-element elementor-element-730d320 elementor-section-boxed elementor-section-height-default elementor-section-height-default\" data-id=\"730d320\" data-element_type=\"section\">\n\t\t\t\t\t\t<div class=\"elementor-container elementor-column-gap-default\">\n\t\t\t\t\t<div class=\"elementor-column elementor-col-100 elementor-top-column elementor-element elementor-element-753d0860\" data-id=\"753d0860\" data-element_type=\"column\">\n\t\t\t<div class=\"elementor-widget-wrap\">\n\t\t\t\t\t\t\t<\/div>\n\t\t<\/div>\n\t\t\t\t\t<\/div>\n\t\t<\/section>\n\t\t\t\t<section class=\"elementor-section elementor-top-section elementor-element elementor-element-9be811a elementor-section-boxed elementor-section-height-default elementor-section-height-default\" data-id=\"9be811a\" data-element_type=\"section\">\n\t\t\t\t\t\t<div class=\"elementor-container elementor-column-gap-default\">\n\t\t\t\t\t<div class=\"elementor-column elementor-col-100 elementor-top-column elementor-element elementor-element-1ed847b7\" data-id=\"1ed847b7\" data-element_type=\"column\">\n\t\t\t<div class=\"elementor-widget-wrap elementor-element-populated\">\n\t\t\t\t\t\t<div class=\"elementor-element elementor-element-4ce0d07f elementor-widget elementor-widget-heading\" data-id=\"4ce0d07f\" data-element_type=\"widget\" data-widget_type=\"heading.default\">\n\t\t\t\t<div class=\"elementor-widget-container\">\n\t\t\t\t\t<h2 class=\"elementor-heading-title elementor-size-default\">Misyon, Vizyon ve Temel De\u011ferler<\/h2>\t\t\t\t<\/div>\n\t\t\t\t<\/div>\n\t\t\t\t<div class=\"elementor-element elementor-element-63260862 elementor-widget-divider--view-line elementor-widget elementor-widget-divider\" data-id=\"63260862\" data-element_type=\"widget\" data-widget_type=\"divider.default\">\n\t\t\t\t<div class=\"elementor-widget-container\">\n\t\t\t\t\t\t\t<div class=\"elementor-divider\">\n\t\t\t<span class=\"elementor-divider-separator\">\n\t\t\t\t\t\t<\/span>\n\t\t<\/div>\n\t\t\t\t\t\t<\/div>\n\t\t\t\t<\/div>\n\t\t\t\t\t<\/div>\n\t\t<\/div>\n\t\t\t\t\t<\/div>\n\t\t<\/section>\n\t\t\t\t<section class=\"elementor-section elementor-top-section elementor-element elementor-element-681db8b elementor-section-boxed elementor-section-height-default elementor-section-height-default\" data-id=\"681db8b\" data-element_type=\"section\">\n\t\t\t\t\t\t<div class=\"elementor-container elementor-column-gap-default\">\n\t\t\t\t\t<div class=\"elementor-column elementor-col-100 elementor-top-column elementor-element elementor-element-ad4dac5\" data-id=\"ad4dac5\" data-element_type=\"column\">\n\t\t\t<div class=\"elementor-widget-wrap elementor-element-populated\">\n\t\t\t\t\t\t<div class=\"elementor-element elementor-element-2f96b3d elementor-widget elementor-widget-text-editor\" data-id=\"2f96b3d\" data-element_type=\"widget\" data-widget_type=\"text-editor.default\">\n\t\t\t\t<div class=\"elementor-widget-container\">\n\t\t\t\t\t\t\t\t\t<p>Misyon<\/p><p>Felsefe B\u00f6l\u00fcm\u00fc, \u00f6\u011frencilerin farkl\u0131 g\u00f6r\u00fc\u015flere sayg\u0131 duymay\u0131 \u00f6\u011frendikleri, zihinsel ve k\u00fclt\u00fcrel miraslar\u0131n\u0131n fark\u0131nda olduklar\u0131, ki\u015fisel g\u00f6r\u00fc\u015f a\u00e7\u0131lar\u0131n\u0131 geli\u015ftirme imk\u00e2n\u0131 bulduklar\u0131, benlik bilin\u00e7lerini ve \u00e7\u00f6z\u00fcmleme yeteneklerini geli\u015ftirdikleri, \u00e7a\u011fda\u015f d\u00fcnyan\u0131n olu\u015fumunda etkili olan t\u00fcm d\u00fc\u015f\u00fcnce ve de\u011ferlendirme bi\u00e7imlerinin tarihsel k\u00f6klerini ele al\u0131p yeniden tart\u0131\u015ft\u0131klar\u0131, onlar\u0131 g\u00fcn\u00fcm\u00fcze ta\u015f\u0131nan t\u00fcrleriyle kar\u015f\u0131la\u015ft\u0131rd\u0131klar\u0131, yeni d\u00fc\u015f\u00fcnce ve de\u011ferlendirme bi\u00e7imlerini \u00f6zg\u00fcrce ara\u015ft\u0131rd\u0131klar\u0131 ve dolay\u0131s\u0131yla kendilerini, evrendeki konumlar\u0131n\u0131 ve di\u011fer varl\u0131klarla olan ili\u015fkilerini daha iyi anlayarak ya\u015fam boyu devam edecek bir \u00f6\u011frenme al\u0131\u015fkanl\u0131\u011f\u0131 kazand\u0131klar\u0131 bir ortam olmay\u0131 ama\u00e7lamaktad\u0131r. \u00a0<\/p><p>Vizyon \u00a0<\/p><p>Felsefe B\u00f6l\u00fcm\u00fc, bilimsel ve felsefi y\u00f6ntemleri benimsemi\u015f, zihinsel ara\u015ft\u0131rmalarda tarafs\u0131zl\u0131\u011f\u0131 ilke edinmi\u015f, \u00e7a\u011fda\u015f d\u00fcnyadaki \u00f6zg\u00fcr birey anlay\u0131\u015f\u0131na ek olarak ait oldu\u011fu k\u00fclt\u00fcre, ya\u015fad\u0131\u011f\u0131 \u00fclkeye ve kendi de\u011ferlerine kar\u015f\u0131 sorumluluk bilinci ta\u015f\u0131may\u0131 insani bir gereklilik olarak d\u00fc\u015f\u00fcnen akademik kadrosuyla, Atat\u00fcrk \u00dcniversitesi`nin genel e\u011fitim programlar\u0131na katk\u0131da bulunacak, disiplinler-aras\u0131 \u00e7al\u0131\u015fmalara \u00f6nc\u00fcl\u00fck edecek, bilim ve teknoloji politikalar\u0131n\u0131n belirlenmesinde \u00f6nemli roller alacak, ulusal ve uluslar aras\u0131 felsefi \u00e7al\u0131\u015fmalarla akademik d\u00fcnyada Atat\u00fcrk \u00dcniversitesi`ni temsil edecek ve b\u00f6lgenin zihinsel geli\u015fimine katk\u0131da bulunacakt\u0131r.<\/p>\t\t\t\t\t\t\t\t<\/div>\n\t\t\t\t<\/div>\n\t\t\t\t\t<\/div>\n\t\t<\/div>\n\t\t\t\t\t<\/div>\n\t\t<\/section>\n\t\t\t\t<\/div>\n\t\t","protected":false},"excerpt":{"rendered":"<p>Misyon, Vizyon ve Temel De\u011ferler Misyon Felsefe B\u00f6l\u00fcm\u00fc, \u00f6\u011frencilerin farkl\u0131 g\u00f6r\u00fc\u015flere sayg\u0131 duymay\u0131 \u00f6\u011frendikleri, zihinsel ve k\u00fclt\u00fcrel miraslar\u0131n\u0131n fark\u0131nda olduklar\u0131, ki\u015fisel g\u00f6r\u00fc\u015f a\u00e7\u0131lar\u0131n\u0131 geli\u015ftirme imk\u00e2n\u0131 bulduklar\u0131, benlik bilin\u00e7lerini ve \u00e7\u00f6z\u00fcmleme yeteneklerini geli\u015ftirdikleri, \u00e7a\u011fda\u015f d\u00fcnyan\u0131n olu\u015fumunda etkili olan t\u00fcm d\u00fc\u015f\u00fcnce ve de\u011ferlendirme bi\u00e7imlerinin tarihsel k\u00f6klerini ele al\u0131p yeniden tart\u0131\u015ft\u0131klar\u0131, onlar\u0131 g\u00fcn\u00fcm\u00fcze ta\u015f\u0131nan t\u00fcrleriyle kar\u015f\u0131la\u015ft\u0131rd\u0131klar\u0131, yeni d\u00fc\u015f\u00fcnce [&hellip;]<\/p>\n","protected":false},"author":1,"featured_media":0,"parent":0,"menu_order":0,"comment_status":"closed","ping_status":"closed","template":"elementor_header_footer","meta":{"footnotes":""},"class_list":["post-5682","page","type-page","status-publish","hentry"],"_links":{"self":[{"href":"https:\/\/atauni.edu.tr\/felsefe\/wp-json\/wp\/v2\/pages\/5682","targetHints":{"allow":["GET"]}}],"collection":[{"href":"https:\/\/atauni.edu.tr\/felsefe\/wp-json\/wp\/v2\/pages"}],"about":[{"href":"https:\/\/atauni.edu.tr\/felsefe\/wp-json\/wp\/v2\/types\/page"}],"author":[{"embeddable":true,"href":"https:\/\/atauni.edu.tr\/felsefe\/wp-json\/wp\/v2\/users\/1"}],"replies":[{"embeddable":true,"href":"https:\/\/atauni.edu.tr\/felsefe\/wp-json\/wp\/v2\/comments?post=5682"}],"version-history":[{"count":14,"href":"https:\/\/atauni.edu.tr\/felsefe\/wp-json\/wp\/v2\/pages\/5682\/revisions"}],"predecessor-version":[{"id":6406,"href":"https:\/\/atauni.edu.tr\/felsefe\/wp-json\/wp\/v2\/pages\/5682\/revisions\/6406"}],"wp:attachment":[{"href":"https:\/\/atauni.edu.tr\/felsefe\/wp-json\/wp\/v2\/media?parent=5682"}],"curies":[{"name":"wp","href":"https:\/\/api.w.org\/{rel}","templated":true}]}}