{"id":5728,"date":"2021-07-13T11:33:38","date_gmt":"2021-07-13T08:33:38","guid":{"rendered":"https:\/\/portaltest.atauni.edu.tr\/bilgisayar-muhendisligi\/?page_id=5728"},"modified":"2021-12-20T17:21:23","modified_gmt":"2021-12-20T14:21:23","slug":"bolum-tanitimi","status":"publish","type":"page","link":"https:\/\/atauni.edu.tr\/felsefe\/bolum-tanitimi\/","title":{"rendered":"B\u00f6l\u00fcm Tan\u0131t\u0131m\u0131"},"content":{"rendered":"<h2>B\u00f6l\u00fcm Tan\u0131t\u0131m\u0131<\/h2>\n<h2>Y\u00f6netimden Mesaj<\/h2>\n<p>Sevgili Gen\u00e7ler, B\u00f6l\u00fcm\u00fcm\u00fcz, felsefi bilincin geli\u015fim s\u00fcrecine katk\u0131da bulunma ve bu bilince dair yeni olu\u015fumlar ortaya koyma amac\u0131n\u0131 ta\u015f\u0131maktad\u0131r. Bunu yaparken bizler, kendi k\u00fclt\u00fcr d\u00fcnyam\u0131z\u0131 da dikkate alarak, evrensel felsefi miras\u0131 sizlere aktarmay\u0131; sizleri kendi geli\u015fimlerinizle ve y\u00f6nelimlerinizle tan\u0131\u015ft\u0131rmay\u0131 hedeflemekteyiz B\u00f6l\u00fcm b\u00fcnyesinde kurulmu\u015f olan Felsefe \u00d6\u011frenci Kul\u00fcb\u00fc vas\u0131tas\u0131yla da \u00e7e\u015fitli sosyal etkinliklerin yap\u0131lmas\u0131n\u0131 sa\u011flamaktay\u0131z. B\u00f6l\u00fcm\u00fcm\u00fcz, kendine g\u00fcvenen, memleketini ve insanlar\u0131 seven, al\u00e7ak g\u00f6n\u00fcll\u00fc ve okuma kurdu olan, ele\u015ftirel bak\u0131\u015f\u0131 benimsemi\u015f gen\u00e7lerin be\u011feni ile tercih edecekleri bir b\u00f6l\u00fcmd\u00fcr. Kayak yapmay\u0131, karda dola\u015fmay\u0131, g\u00fcz ve baharda ye\u015fil olan bir kampus i\u00e7erisinde felsefe yapmay\u0131 d\u00fc\u015fl\u00fcyorsan\u0131z, sizleri bekliyoruz. B\u00f6l\u00fcm\u00fcm\u00fczden mezun olanlar, \u00fcniversitelerde akademik \u00e7al\u0131\u015fma yapabilecekleri gibi, &#8220;E\u011fitim Sertifikas\u0131&#8221;n\u0131 tamamlam\u0131\u015f olmak ko\u015fuluyla liselerde Felsefe Grubu \u00f6\u011fretmenli\u011fi yapabilmekte, K\u00fclt\u00fcr Bakanl\u0131\u011f\u0131, Mill\u00ee E\u011fitim Bakanl\u0131\u011f\u0131 gibi bakanl\u0131klar\u0131n e\u011fitim ve k\u00fclt\u00fcr ile ilgili birimlerinde, \u00e7e\u015fitli bas\u0131n-yay\u0131n kurulu\u015flar\u0131nda, kamu kurumlar\u0131 ile \u00f6zel kurulu\u015flar\u0131n e\u011fitim, k\u00fclt\u00fcr, halkla ili\u015fkiler, pl\u00e2nlama-de\u011ferlendirme ile ilgili birimlerinde \u00e7al\u0131\u015fma olana\u011f\u0131 bulmaktad\u0131rlar.<\/p>\n","protected":false},"excerpt":{"rendered":"<p>B\u00f6l\u00fcm Tan\u0131t\u0131m\u0131 Y\u00f6netimden Mesaj Sevgili Gen\u00e7ler, B\u00f6l\u00fcm\u00fcm\u00fcz, felsefi bilincin geli\u015fim s\u00fcrecine katk\u0131da bulunma ve bu bilince dair yeni olu\u015fumlar ortaya koyma amac\u0131n\u0131 ta\u015f\u0131maktad\u0131r. Bunu yaparken bizler, kendi k\u00fclt\u00fcr d\u00fcnyam\u0131z\u0131 da dikkate alarak, evrensel felsefi miras\u0131 sizlere aktarmay\u0131; sizleri kendi geli\u015fimlerinizle ve y\u00f6nelimlerinizle tan\u0131\u015ft\u0131rmay\u0131 hedeflemekteyiz B\u00f6l\u00fcm b\u00fcnyesinde kurulmu\u015f olan Felsefe \u00d6\u011frenci Kul\u00fcb\u00fc vas\u0131tas\u0131yla da \u00e7e\u015fitli sosyal [&hellip;]<\/p>\n","protected":false},"author":1,"featured_media":0,"parent":0,"menu_order":0,"comment_status":"closed","ping_status":"closed","template":"elementor_header_footer","meta":{"footnotes":""},"class_list":["post-5728","page","type-page","status-publish","hentry"],"_links":{"self":[{"href":"https:\/\/atauni.edu.tr\/felsefe\/wp-json\/wp\/v2\/pages\/5728","targetHints":{"allow":["GET"]}}],"collection":[{"href":"https:\/\/atauni.edu.tr\/felsefe\/wp-json\/wp\/v2\/pages"}],"about":[{"href":"https:\/\/atauni.edu.tr\/felsefe\/wp-json\/wp\/v2\/types\/page"}],"author":[{"embeddable":true,"href":"https:\/\/atauni.edu.tr\/felsefe\/wp-json\/wp\/v2\/users\/1"}],"replies":[{"embeddable":true,"href":"https:\/\/atauni.edu.tr\/felsefe\/wp-json\/wp\/v2\/comments?post=5728"}],"version-history":[{"count":30,"href":"https:\/\/atauni.edu.tr\/felsefe\/wp-json\/wp\/v2\/pages\/5728\/revisions"}],"predecessor-version":[{"id":6183,"href":"https:\/\/atauni.edu.tr\/felsefe\/wp-json\/wp\/v2\/pages\/5728\/revisions\/6183"}],"wp:attachment":[{"href":"https:\/\/atauni.edu.tr\/felsefe\/wp-json\/wp\/v2\/media?parent=5728"}],"curies":[{"name":"wp","href":"https:\/\/api.w.org\/{rel}","templated":true}]}}