{"id":6383,"date":"2022-03-01T15:44:54","date_gmt":"2022-03-01T12:44:54","guid":{"rendered":"https:\/\/birimler.atauni.edu.tr\/felsefe\/?page_id=6383"},"modified":"2022-05-26T16:03:25","modified_gmt":"2022-05-26T13:03:25","slug":"felsefe-ogrenci-kulubu","status":"publish","type":"page","link":"https:\/\/atauni.edu.tr\/felsefe\/felsefe-ogrenci-kulubu\/","title":{"rendered":"Felsefe \u00d6\u011frenci Kul\u00fcb\u00fc"},"content":{"rendered":"\t\t<div data-elementor-type=\"wp-page\" data-elementor-id=\"6383\" class=\"elementor elementor-6383\" data-elementor-post-type=\"page\">\n\t\t\t\t\t\t<section class=\"elementor-section elementor-top-section elementor-element elementor-element-232e5a2 elementor-section-boxed elementor-section-height-default elementor-section-height-default\" data-id=\"232e5a2\" data-element_type=\"section\">\n\t\t\t\t\t\t<div class=\"elementor-container elementor-column-gap-default\">\n\t\t\t\t\t<div class=\"elementor-column elementor-col-100 elementor-top-column elementor-element elementor-element-ed7ea9d\" data-id=\"ed7ea9d\" data-element_type=\"column\">\n\t\t\t<div class=\"elementor-widget-wrap elementor-element-populated\">\n\t\t\t\t\t\t<div class=\"elementor-element elementor-element-d2d4f13 elementor-widget elementor-widget-text-editor\" data-id=\"d2d4f13\" data-element_type=\"widget\" data-widget_type=\"text-editor.default\">\n\t\t\t\t<div class=\"elementor-widget-container\">\n\t\t\t\t\t\t\t\t\t<p>Felsefe \u00d6\u011frenci Kul\u00fcb\u00fc faaliyetlerimizi kul\u00fcb\u00fcm\u00fcz\u00fcn sosyal medya hesaplar\u0131ndan takip edebilirsiniz:<\/p><p><a href=\"https:\/\/instagram.com\/ataunifelsefe_?utm_medium=copy_link\">https:\/\/instagram.com\/ataunifelsefe_?utm_medium=copy_link<\/a><\/p><p><a href=\"http:\/\/ataunifelsefekulup.tumblr.com\">ataunifelsefekulup.tumblr.com<\/a><\/p>\t\t\t\t\t\t\t\t<\/div>\n\t\t\t\t<\/div>\n\t\t\t\t\t<\/div>\n\t\t<\/div>\n\t\t\t\t\t<\/div>\n\t\t<\/section>\n\t\t\t\t<\/div>\n\t\t","protected":false},"excerpt":{"rendered":"<p>Felsefe \u00d6\u011frenci Kul\u00fcb\u00fc faaliyetlerimizi kul\u00fcb\u00fcm\u00fcz\u00fcn sosyal medya hesaplar\u0131ndan takip edebilirsiniz: https:\/\/instagram.com\/ataunifelsefe_?utm_medium=copy_link ataunifelsefekulup.tumblr.com<\/p>\n","protected":false},"author":94,"featured_media":0,"parent":0,"menu_order":0,"comment_status":"closed","ping_status":"closed","template":"","meta":{"footnotes":""},"class_list":["post-6383","page","type-page","status-publish","hentry"],"_links":{"self":[{"href":"https:\/\/atauni.edu.tr\/felsefe\/wp-json\/wp\/v2\/pages\/6383","targetHints":{"allow":["GET"]}}],"collection":[{"href":"https:\/\/atauni.edu.tr\/felsefe\/wp-json\/wp\/v2\/pages"}],"about":[{"href":"https:\/\/atauni.edu.tr\/felsefe\/wp-json\/wp\/v2\/types\/page"}],"author":[{"embeddable":true,"href":"https:\/\/atauni.edu.tr\/felsefe\/wp-json\/wp\/v2\/users\/94"}],"replies":[{"embeddable":true,"href":"https:\/\/atauni.edu.tr\/felsefe\/wp-json\/wp\/v2\/comments?post=6383"}],"version-history":[{"count":7,"href":"https:\/\/atauni.edu.tr\/felsefe\/wp-json\/wp\/v2\/pages\/6383\/revisions"}],"predecessor-version":[{"id":6447,"href":"https:\/\/atauni.edu.tr\/felsefe\/wp-json\/wp\/v2\/pages\/6383\/revisions\/6447"}],"wp:attachment":[{"href":"https:\/\/atauni.edu.tr\/felsefe\/wp-json\/wp\/v2\/media?parent=6383"}],"curies":[{"name":"wp","href":"https:\/\/api.w.org\/{rel}","templated":true}]}}