{"id":6585,"date":"2022-10-05T15:02:34","date_gmt":"2022-10-05T12:02:34","guid":{"rendered":"https:\/\/birimler.atauni.edu.tr\/felsefe\/?page_id=6585"},"modified":"2025-11-24T03:52:11","modified_gmt":"2025-11-24T00:52:11","slug":"akademik-danisman-listesi","status":"publish","type":"page","link":"https:\/\/atauni.edu.tr\/felsefe\/akademik-danisman-listesi\/","title":{"rendered":"Akademik Dan\u0131\u015fman Listesi"},"content":{"rendered":"\t\t<div data-elementor-type=\"wp-page\" data-elementor-id=\"6585\" class=\"elementor elementor-6585\" data-elementor-post-type=\"page\">\n\t\t\t\t\t\t<section class=\"elementor-section elementor-top-section elementor-element elementor-element-a3b1e64 elementor-section-boxed elementor-section-height-default elementor-section-height-default\" data-id=\"a3b1e64\" data-element_type=\"section\">\n\t\t\t\t\t\t<div class=\"elementor-container elementor-column-gap-default\">\n\t\t\t\t\t<div class=\"elementor-column elementor-col-100 elementor-top-column elementor-element elementor-element-9e7d666\" data-id=\"9e7d666\" data-element_type=\"column\">\n\t\t\t<div class=\"elementor-widget-wrap elementor-element-populated\">\n\t\t\t\t\t\t<div class=\"elementor-element elementor-element-92f8f28 elementor-widget elementor-widget-text-editor\" data-id=\"92f8f28\" data-element_type=\"widget\" data-widget_type=\"text-editor.default\">\n\t\t\t\t<div class=\"elementor-widget-container\">\n\t\t\t\t\t\t\t\t\t<p>Akademik dan\u0131\u015fmanl\u0131k yaln\u0131zca akademik konular\u0131 kapsamaktad\u0131r.<\/p><p><a href=\"http:\/\/birimler.atauni.edu.tr\/felsefe\/wp-content\/uploads\/sites\/106\/2020\/07\/Akademik-Danis\u0327manlik-Listeleri.docx\">Akademik Dan\u0131s\u0327manl\u0131k Listeleri<\/a><\/p><p>\u00a0<\/p>\t\t\t\t\t\t\t\t<\/div>\n\t\t\t\t<\/div>\n\t\t\t\t\t<\/div>\n\t\t<\/div>\n\t\t\t\t\t<\/div>\n\t\t<\/section>\n\t\t\t\t<\/div>\n\t\t","protected":false},"excerpt":{"rendered":"<p>Akademik dan\u0131\u015fmanl\u0131k yaln\u0131zca akademik konular\u0131 kapsamaktad\u0131r. Akademik Dan\u0131s\u0327manl\u0131k Listeleri \u00a0<\/p>\n","protected":false},"author":94,"featured_media":0,"parent":0,"menu_order":0,"comment_status":"closed","ping_status":"closed","template":"","meta":{"footnotes":""},"class_list":["post-6585","page","type-page","status-publish","hentry"],"_links":{"self":[{"href":"https:\/\/atauni.edu.tr\/felsefe\/wp-json\/wp\/v2\/pages\/6585","targetHints":{"allow":["GET"]}}],"collection":[{"href":"https:\/\/atauni.edu.tr\/felsefe\/wp-json\/wp\/v2\/pages"}],"about":[{"href":"https:\/\/atauni.edu.tr\/felsefe\/wp-json\/wp\/v2\/types\/page"}],"author":[{"embeddable":true,"href":"https:\/\/atauni.edu.tr\/felsefe\/wp-json\/wp\/v2\/users\/94"}],"replies":[{"embeddable":true,"href":"https:\/\/atauni.edu.tr\/felsefe\/wp-json\/wp\/v2\/comments?post=6585"}],"version-history":[{"count":14,"href":"https:\/\/atauni.edu.tr\/felsefe\/wp-json\/wp\/v2\/pages\/6585\/revisions"}],"predecessor-version":[{"id":7591,"href":"https:\/\/atauni.edu.tr\/felsefe\/wp-json\/wp\/v2\/pages\/6585\/revisions\/7591"}],"wp:attachment":[{"href":"https:\/\/atauni.edu.tr\/felsefe\/wp-json\/wp\/v2\/media?parent=6585"}],"curies":[{"name":"wp","href":"https:\/\/api.w.org\/{rel}","templated":true}]}}