{"id":6896,"date":"2024-04-30T14:56:34","date_gmt":"2024-04-30T11:56:34","guid":{"rendered":"https:\/\/birimler.atauni.edu.tr\/felsefe\/?page_id=6896"},"modified":"2026-03-13T12:33:58","modified_gmt":"2026-03-13T09:33:58","slug":"bolum-gorev-dagilimi","status":"publish","type":"page","link":"https:\/\/atauni.edu.tr\/felsefe\/bolum-gorev-dagilimi\/","title":{"rendered":"B\u00f6l\u00fcm Koordinat\u00f6rl\u00fckleri"},"content":{"rendered":"\t\t<div data-elementor-type=\"wp-page\" data-elementor-id=\"6896\" class=\"elementor elementor-6896\" data-elementor-post-type=\"page\">\n\t\t\t\t\t\t<section class=\"elementor-section elementor-top-section elementor-element elementor-element-dae6b32 elementor-section-boxed elementor-section-height-default elementor-section-height-default\" data-id=\"dae6b32\" data-element_type=\"section\">\n\t\t\t\t\t\t<div class=\"elementor-container elementor-column-gap-default\">\n\t\t\t\t\t<div class=\"elementor-column elementor-col-100 elementor-top-column elementor-element elementor-element-ed9120f\" data-id=\"ed9120f\" data-element_type=\"column\">\n\t\t\t<div class=\"elementor-widget-wrap elementor-element-populated\">\n\t\t\t\t\t\t<div class=\"elementor-element elementor-element-48fb09e elementor-widget elementor-widget-text-editor\" data-id=\"48fb09e\" data-element_type=\"widget\" data-widget_type=\"text-editor.default\">\n\t\t\t\t<div class=\"elementor-widget-container\">\n\t\t\t\t\t\t\t\t\t<p>\u00a0\u00a0\u00a0\u00a0\u00a0\u00a0\u00a0\u00a0\u00a0\u00a0\u00a0\u00a0\u00a0\u00a0\u00a0\u00a0\u00a0\u00a0\u00a0\u00a0\u00a0\u00a0\u00a0\u00a0\u00a0\u00a0\u00a0\u00a0\u00a0\u00a0\u00a0\u00a0\u00a0\u00a0\u00a0\u00a0\u00a0\u00a0\u00a0\u00a0\u00a0\u00a0\u00a0\u00a0\u00a0\u00a0\u00a0\u00a0\u00a0\u00a0\u00a0\u00a0\u00a0\u00a0\u00a0\u00a0\u00a0\u00a0\u00a0\u00a0\u00a0\u00a0\u00a0\u00a0\u00a0\u00a0\u00a0\u00a0\u00a0\u00a0\u00a0\u00a0\u00a0\u00a0\u00a0\u00a0\u00a0\u00a0\u00a0\u00a0\u00a0\u00a0\u00a0\u00a0\u00a0\u00a0\u00a0\u00a0\u00a0\u00a0\u00a0\u00a0\u00a0\u00a0\u00a0\u00a0\u00a0\u00a0\u00a0\u00a0\u00a0\u00a0\u00a0\u00a0\u00a0\u00a0\u00a0\u00a0\u00a0\u00a0\u00a0\u00a0\u00a0\u00a0\u00a0\u00a0\u00a0\u00a0\u00a0\u00a0\u00a0\u00a0\u00a0\u00a0\u00a0\u00a0\u00a0\u00a0\u00a0\u00a0\u00a0\u00a0\u00a0\u00a0\u00a0\u00a0\u00a0\u00a0\u00a0\u00a0\u00a0\u00a0\u00a0\u00a0\u00a0\u00a0\u00a0\u00a0\u00a0\u00a0\u00a0\u00a0\u00a0\u00a0\u00a0\u00a0\u00a0\u00a0\u00a0\u00a0\u00a0\u00a0\u00a0\u00a0\u00a0\u00a0\u00a0\u00a0\u00a0\u00a0\u00a0\u00a0\u00a0\u00a0\u00a0\u00a0\u00a0\u00a0\u00a0\u00a0\u00a0\u00a0\u00a0\u00a0\u00a0\u00a0\u00a0\u00a0\u00a0\u00a0\u00a0\u00a0\u00a0\u00a0\u00a0\u00a0\u00a0\u00a0\u00a0\u00a0\u00a0\u00a0\u00a0\u00a0\u00a0\u00a0\u00a0\u00a0\u00a0\u00a0\u00a0\u00a0\u00a0\u00a0\u00a0\u00a0\u00a0\u00a0\u00a0\u00a0\u00a0\u00a0\u00a0\u00a0\u00a0\u00a0\u00a0\u00a0\u00a0\u00a0\u00a0\u00a0\u00a0\u00a0\u00a0\u00a0\u00a0\u00a0\u00a0\u00a0\u00a0\u00a0\u00a0\u00a0 <strong><em>Tarih:11.03.2026\u00a0 <\/em><\/strong><\/p><p><strong><em>\u00a0<\/em><\/strong><\/p><table width=\"745\"><tbody><tr><td colspan=\"2\" width=\"633\"><p><strong>\u00a0\u00a0\u00a0\u00a0\u00a0\u00a0\u00a0\u00a0\u00a0\u00a0\u00a0\u00a0\u00a0\u00a0\u00a0\u00a0\u00a0\u00a0\u00a0\u00a0\u00a0\u00a0\u00a0\u00a0\u00a0\u00a0\u00a0\u00a0\u00a0\u00a0\u00a0\u00a0\u00a0\u00a0\u00a0\u00a0\u00a0\u00a0\u00a0\u00a0\u00a0\u00a0\u00a0\u00a0\u00a0\u00a0\u00a0\u00a0\u00a0\u00a0\u00a0\u00a0\u00a0\u00a0\u00a0\u00a0\u00a0\u00a0\u00a0\u00a0\u00a0\u00a0\u00a0\u00a0\u00a0\u00a0\u00a0\u00a0\u00a0\u00a0\u00a0\u00a0\u00a0\u00a0\u00a0\u00a0\u00a0\u00a0\u00a0\u00a0\u00a0\u00a0\u00a0\u00a0\u00a0\u00a0\u00a0\u00a0\u00a0\u00a0\u00a0\u00a0\u00a0\u00a0\u00a0\u00a0\u00a0\u00a0\u00a0\u00a0\u00a0\u00a0\u00a0\u00a0\u00a0\u00a0 <u>Y\u00f6netim<\/u><\/strong><\/p><p>\u00a0\u00a0\u00a0\u00a0\u00a0\u00a0\u00a0\u00a0\u00a0\u00a0\u00a0\u00a0\u00a0\u00a0\u00a0\u00a0\u00a0\u00a0\u00a0\u00a0\u00a0\u00a0\u00a0\u00a0\u00a0\u00a0\u00a0\u00a0\u00a0\u00a0\u00a0\u00a0\u00a0\u00a0\u00a0\u00a0\u00a0 <strong>G\u00f6rev \u00a0\u00a0\u00a0\u00a0\u00a0\u00a0\u00a0\u00a0\u00a0\u00a0\u00a0\u00a0\u00a0\u00a0\u00a0\u00a0\u00a0\u00a0\u00a0\u00a0\u00a0\u00a0\u00a0\u00a0\u00a0\u00a0\u00a0\u00a0\u00a0\u00a0\u00a0\u00a0\u00a0\u00a0\u00a0\u00a0\u00a0\u00a0\u00a0\u00a0\u00a0\u00a0\u00a0\u00a0\u00a0\u00a0\u00a0\u00a0\u00a0\u00a0\u00a0\u00a0\u00a0\u00a0\u00a0\u00a0\u00a0\u00a0\u00a0\u00a0\u00a0\u00a0\u00a0\u00a0\u00a0\u00a0\u00a0\u00a0\u00a0\u00a0\u00a0\u00a0\u00a0\u00a0\u00a0\u00a0\u00a0\u00a0\u00a0\u00a0\u00a0\u00a0\u00a0\u00a0\u00a0\u00a0\u00a0\u00a0\u00a0\u00a0\u00a0\u00a0\u00a0\u00a0\u00a0\u00a0\u00a0\u00a0\u00a0\u00a0\u00a0\u00a0\u00a0\u00a0\u00a0\u00a0 Unvan-Ad-Soyad <\/strong><\/p><\/td><td width=\"111\"><p><strong>Dahili No <\/strong><\/p><\/td><\/tr><tr><td width=\"359\"><p>B\u00f6l\u00fcm Ba\u015fkan\u0131<\/p><\/td><td width=\"274\"><p>Prof. Dr. Ali UTKU<\/p><\/td><td width=\"111\"><p>8230<\/p><\/td><\/tr><tr><td width=\"359\"><p>B\u00f6l\u00fcm Ba\u015fkan Yard\u0131mc\u0131s\u0131<\/p><\/td><td width=\"274\"><p>Prof. Dr. Mine KAYA KEHA<\/p><\/td><td width=\"111\"><p>8403<\/p><\/td><\/tr><tr><td width=\"359\"><p>B\u00f6l\u00fcm Ba\u015fkan Yard\u0131mc\u0131s\u0131<\/p><\/td><td width=\"274\"><p>Dr. \u00d6\u011fr. \u00dcyesi Emine AYDO\u011eAN<\/p><\/td><td width=\"111\"><p>8242<\/p><\/td><\/tr><tr><td width=\"359\"><p>Bilim Tarihi Anabilim Dal\u0131 Ba\u015fkan\u0131<\/p><\/td><td width=\"274\"><p>Prof. Dr. Mine KAYA KEHA<\/p><\/td><td width=\"111\"><p>8403<\/p><\/td><\/tr><tr><td width=\"359\"><p>Felsefe Tarihi Anabilim Dal\u0131 Ba\u015fkan\u0131<\/p><\/td><td width=\"274\"><p>Prof. Dr. Ali UTKU<\/p><\/td><td width=\"111\"><p>8230<\/p><\/td><\/tr><tr><td width=\"359\"><p>Sistematik Felsefe ve Mant\u0131k Anabilim Dal\u0131 Ba\u015fkan\u0131<\/p><\/td><td width=\"274\"><p>Prof. Dr. Nevzat CAN<\/p><\/td><td width=\"111\"><p>8290<\/p><\/td><\/tr><tr><td width=\"359\"><p>T\u00fcrk \u0130slam D\u00fc\u015f\u00fcnce Tarihi Anabilim Dal\u0131 Ba\u015fkan\u0131<\/p><\/td><td width=\"274\"><p>Prof. Dr. H\u00fcsn\u00fc AYDEN\u0130Z<\/p><\/td><td width=\"111\"><p>8240<\/p><\/td><\/tr><tr><td width=\"359\"><p>B\u00f6l\u00fcm Sekreteri<\/p><\/td><td width=\"274\"><p>Nagihan AKSAKAL TA\u015eKESENL\u0130O\u011eLU<\/p><\/td><td width=\"111\"><p>8194<\/p><\/td><\/tr><tr><td colspan=\"2\" width=\"633\"><p><strong>\u00a0\u00a0\u00a0\u00a0\u00a0\u00a0\u00a0\u00a0\u00a0\u00a0\u00a0\u00a0\u00a0\u00a0\u00a0\u00a0\u00a0\u00a0\u00a0\u00a0\u00a0\u00a0\u00a0\u00a0\u00a0\u00a0\u00a0\u00a0\u00a0\u00a0\u00a0\u00a0\u00a0\u00a0\u00a0\u00a0\u00a0\u00a0\u00a0\u00a0\u00a0\u00a0\u00a0\u00a0\u00a0\u00a0\u00a0\u00a0\u00a0\u00a0\u00a0\u00a0\u00a0\u00a0\u00a0\u00a0\u00a0\u00a0\u00a0\u00a0\u00a0\u00a0\u00a0\u00a0\u00a0\u00a0\u00a0\u00a0\u00a0\u00a0\u00a0\u00a0\u00a0\u00a0\u00a0\u00a0\u00a0\u00a0\u00a0\u00a0\u00a0\u00a0\u00a0\u00a0\u00a0\u00a0\u00a0\u00a0\u00a0\u00a0\u00a0\u00a0\u00a0\u00a0\u00a0\u00a0\u00a0\u00a0\u00a0\u00a0\u00a0\u00a0\u00a0\u00a0\u00a0 <u>Koordinat\u00f6rl\u00fckler<\/u><\/strong><\/p><p>\u00a0\u00a0\u00a0\u00a0\u00a0\u00a0\u00a0\u00a0\u00a0\u00a0\u00a0\u00a0\u00a0\u00a0\u00a0\u00a0\u00a0\u00a0\u00a0\u00a0\u00a0\u00a0\u00a0\u00a0\u00a0\u00a0\u00a0\u00a0\u00a0\u00a0\u00a0\u00a0\u00a0\u00a0\u00a0\u00a0\u00a0 <strong>G\u00f6rev \u00a0\u00a0\u00a0\u00a0\u00a0\u00a0\u00a0\u00a0\u00a0\u00a0\u00a0\u00a0\u00a0\u00a0\u00a0\u00a0\u00a0\u00a0\u00a0\u00a0\u00a0\u00a0\u00a0\u00a0\u00a0\u00a0\u00a0\u00a0\u00a0\u00a0\u00a0\u00a0\u00a0\u00a0\u00a0\u00a0\u00a0\u00a0\u00a0\u00a0\u00a0\u00a0\u00a0\u00a0\u00a0\u00a0\u00a0\u00a0\u00a0\u00a0\u00a0\u00a0\u00a0\u00a0\u00a0\u00a0\u00a0\u00a0\u00a0\u00a0\u00a0\u00a0\u00a0\u00a0\u00a0\u00a0\u00a0\u00a0\u00a0\u00a0\u00a0\u00a0\u00a0\u00a0\u00a0\u00a0\u00a0\u00a0\u00a0\u00a0\u00a0\u00a0\u00a0\u00a0\u00a0\u00a0\u00a0\u00a0\u00a0\u00a0\u00a0\u00a0\u00a0\u00a0\u00a0\u00a0\u00a0\u00a0\u00a0\u00a0\u00a0\u00a0\u00a0\u00a0\u00a0\u00a0\u00a0 Unvan-Ad-Soyad <\/strong><\/p><\/td><td width=\"111\"><p><strong>Dahili No <\/strong><\/p><\/td><\/tr><tr><td width=\"359\"><p>Ders Program Koordinat\u00f6r\u00fc<\/p><\/td><td width=\"274\"><p>Ar\u015f. G\u00f6r. Tu\u011fba YAZICI<\/p><\/td><td width=\"111\"><p>8241<\/p><\/td><\/tr><tr><td width=\"359\"><p>S\u0131nav Program Koordinat\u00f6r\u00fc<\/p><\/td><td width=\"274\"><p>Ar\u015f. G\u00f6r.Dr. Nurdag\u00fcl BESLER<\/p><\/td><td width=\"111\"><p>8244<\/p><\/td><\/tr><tr><td width=\"359\"><p>\u00c7ift Ana Dal Program Koordinat\u00f6r\u00fc<\/p><\/td><td width=\"274\"><p>Dr. \u00d6\u011fr. \u00dcyesi Emine AYDO\u011eAN<\/p><\/td><td width=\"111\"><p>8242<\/p><\/td><\/tr><tr><td width=\"359\"><p>Yan Dal Program Koordinat\u00f6r\u00fc<\/p><\/td><td width=\"274\"><p>Do\u00e7. Dr. M\u00fccella CAN<\/p><\/td><td width=\"111\"><p>8235<\/p><\/td><\/tr><tr><td width=\"359\"><p>Proje Koordinat\u00f6r\u00fc<\/p><\/td><td width=\"274\"><p>Prof. Dr. H\u00fcsn\u00fc AYDEN\u0130Z<\/p><\/td><td width=\"111\"><p>8240<\/p><\/td><\/tr><tr><td width=\"359\"><p>Web Sayfas\u0131 Koordinat\u00f6r\u00fc<\/p><\/td><td width=\"274\"><p>Ar\u015f. G\u00f6r. Dr. Alper \u0130PL\u0130KC\u0130<\/p><\/td><td width=\"111\"><p>8243<\/p><\/td><\/tr><tr><td width=\"359\"><p>Avesis Koordinat\u00f6r\u00fc<\/p><\/td><td width=\"274\"><p>Ar\u015f. G\u00f6r. Dr. Alper \u0130PL\u0130KC\u0130<\/p><\/td><td width=\"111\"><p>8243<\/p><\/td><\/tr><tr><td width=\"359\"><p>Ders Bilgi Paketi Koordinat\u00f6r\u00fc<\/p><\/td><td width=\"274\"><p>Ar\u015f. G\u00f6r.Dr. Vildan DO\u011eANAY<\/p><\/td><td width=\"111\"><p>8191<\/p><\/td><\/tr><tr><td width=\"359\"><p>Bologna Koordinat\u00f6r\u00fc<\/p><\/td><td width=\"274\"><p>Dr. \u00d6\u011fr. \u00dcyesi Emine AYDO\u011eAN<\/p><\/td><td width=\"111\"><p>8242<\/p><\/td><\/tr><tr><td width=\"359\"><p>T\u00dcB\u0130TAK Koordinat\u00f6r\u00fc<\/p><\/td><td width=\"274\"><p>Ar\u015f. G\u00f6r.Dr. Vildan DO\u011eANAY<\/p><\/td><td width=\"111\"><p>8191<\/p><\/td><\/tr><tr><td width=\"359\"><p>FEDEK Koordinat\u00f6r\u00fc<\/p><\/td><td width=\"274\"><p>Prof. Dr. Mine KAYA KEHA<\/p><\/td><td width=\"111\"><p>8403<\/p><\/td><\/tr><tr><td width=\"359\"><p>Mevlana De\u011fi\u015fim Program\u0131 Koordinat\u00f6r\u00fc<\/p><\/td><td width=\"274\"><p>Ar\u015f. G\u00f6r.Dr. Vildan DO\u011eANAY<\/p><\/td><td width=\"111\"><p>8191<\/p><\/td><\/tr><tr><td width=\"359\"><p>Farabi De\u011fi\u015fim Program\u0131 Koordinat\u00f6r\u00fc<\/p><\/td><td width=\"274\"><p>Do\u00e7. Dr. Filiz BAYO\u011eLU KINA<\/p><\/td><td width=\"111\"><p>8233<\/p><\/td><\/tr><tr><td width=\"359\"><p>Erasmus De\u011fi\u015fim Program\u0131 Koordinat\u00f6r\u00fc<\/p><\/td><td width=\"274\"><p>Ar\u015f. G\u00f6r. Tu\u011fba YAZICI<\/p><\/td><td width=\"111\"><p>8241<\/p><\/td><\/tr><tr><td width=\"359\"><p>Orhun De\u011fi\u015fim Program\u0131 Koordinat\u00f6r\u00fc<\/p><\/td><td width=\"274\"><p>Ar\u015f. G\u00f6r. Dr. Alper \u0130PL\u0130KC\u0130<\/p><\/td><td width=\"111\"><p>8243<\/p><\/td><\/tr><tr><td width=\"359\"><p>Fikri M\u00fclkiyet Haklar\u0131 (Patent) Koordinat\u00f6r\u00fc<\/p><\/td><td width=\"274\"><p>Dr. \u00d6\u011fr. \u00dcyesi Kutsi KAHVEC\u0130<\/p><\/td><td width=\"111\"><p>8239<\/p><\/td><\/tr><tr><td width=\"359\"><p>Engelli \u00d6\u011frenci Temsilcisi<\/p><\/td><td width=\"274\"><p>Ar\u015f. G\u00f6r.Dr. Nurdag\u00fcl BESLER<\/p><\/td><td width=\"111\"><p>8235<\/p><\/td><\/tr><tr><td width=\"359\"><p>\u00d6\u011frenci Kul\u00fcb\u00fc Dan\u0131\u015fman\u0131<\/p><\/td><td width=\"274\"><p>Ar\u015f. G\u00f6r. Dr. Alper \u0130PL\u0130KC\u0130<\/p><\/td><td width=\"111\"><p>8243<\/p><\/td><\/tr><tr><td width=\"359\"><p>Kariyer Merkezi Temsilcisi<\/p><\/td><td width=\"274\"><p>Ar\u015f. G\u00f6r. Tu\u011fba YAZICI<\/p><\/td><td width=\"111\"><p>8241<\/p><\/td><\/tr><tr><td width=\"359\"><p>B\u00f6l\u00fcm Tan\u0131t\u0131m Sorumlusu<\/p><\/td><td width=\"274\"><p>Ar\u015f. G\u00f6r. Tu\u011fba YAZICI<\/p><\/td><td width=\"111\"><p>8241<\/p><\/td><\/tr><tr><td width=\"359\"><p>B\u00f6l\u00fcm Ar\u015fiv Sorumlusu<\/p><\/td><td width=\"274\"><p>Ar\u015f. G\u00f6r.Dr. Nurdag\u00fcl BESLER<\/p><\/td><td width=\"111\"><p>8235<\/p><\/td><\/tr><tr><td width=\"359\"><p>Toplumsal Duyarl\u0131l\u0131k Projeleri Yetkilisi<\/p><\/td><td width=\"274\"><p>Do\u00e7. Dr. Filiz BAYO\u011eLU KINA<\/p><\/td><td width=\"111\"><p>8233<\/p><\/td><\/tr><tr><td width=\"359\"><p>\u00d6\u011frenme M\u00fck. Modeli ve E\u011fi. Prog. D\u00f6n\u00fc\u015f\u00fcm\u00fc Yetkilisi<\/p><\/td><td width=\"274\"><p>Prof. Dr. Mine KAYA KEHA<\/p><\/td><td width=\"111\"><p>8403<\/p><\/td><\/tr><tr><td width=\"359\"><p>\u00dcniversite Se\u00e7meli Ders Koordinat\u00f6r\u00fc<\/p><\/td><td width=\"274\"><p>Ar\u015f. G\u00f6r. Tu\u011fba YAZICI<\/p><\/td><td width=\"111\"><p>8241<\/p><\/td><\/tr><\/tbody><\/table>\t\t\t\t\t\t\t\t<\/div>\n\t\t\t\t<\/div>\n\t\t\t\t\t<\/div>\n\t\t<\/div>\n\t\t\t\t\t<\/div>\n\t\t<\/section>\n\t\t\t\t<\/div>\n\t\t","protected":false},"excerpt":{"rendered":"<p>\u00a0\u00a0\u00a0\u00a0\u00a0\u00a0\u00a0\u00a0\u00a0\u00a0\u00a0\u00a0\u00a0\u00a0\u00a0\u00a0\u00a0\u00a0\u00a0\u00a0\u00a0\u00a0\u00a0\u00a0\u00a0\u00a0\u00a0\u00a0\u00a0\u00a0\u00a0\u00a0\u00a0\u00a0\u00a0\u00a0\u00a0\u00a0\u00a0\u00a0\u00a0\u00a0\u00a0\u00a0\u00a0\u00a0\u00a0\u00a0\u00a0\u00a0\u00a0\u00a0\u00a0\u00a0\u00a0\u00a0\u00a0\u00a0\u00a0\u00a0\u00a0\u00a0\u00a0\u00a0\u00a0\u00a0\u00a0\u00a0\u00a0\u00a0\u00a0\u00a0\u00a0\u00a0\u00a0\u00a0\u00a0\u00a0\u00a0\u00a0\u00a0\u00a0\u00a0\u00a0\u00a0\u00a0\u00a0\u00a0\u00a0\u00a0\u00a0\u00a0\u00a0\u00a0\u00a0\u00a0\u00a0\u00a0\u00a0\u00a0\u00a0\u00a0\u00a0\u00a0\u00a0\u00a0\u00a0\u00a0\u00a0\u00a0\u00a0\u00a0\u00a0\u00a0\u00a0\u00a0\u00a0\u00a0\u00a0\u00a0\u00a0\u00a0\u00a0\u00a0\u00a0\u00a0\u00a0\u00a0\u00a0\u00a0\u00a0\u00a0\u00a0\u00a0\u00a0\u00a0\u00a0\u00a0\u00a0\u00a0\u00a0\u00a0\u00a0\u00a0\u00a0\u00a0\u00a0\u00a0\u00a0\u00a0\u00a0\u00a0\u00a0\u00a0\u00a0\u00a0\u00a0\u00a0\u00a0\u00a0\u00a0\u00a0\u00a0\u00a0\u00a0\u00a0\u00a0\u00a0\u00a0\u00a0\u00a0\u00a0\u00a0\u00a0\u00a0\u00a0\u00a0\u00a0\u00a0\u00a0\u00a0\u00a0\u00a0\u00a0\u00a0\u00a0\u00a0\u00a0\u00a0\u00a0\u00a0\u00a0\u00a0\u00a0\u00a0\u00a0\u00a0\u00a0\u00a0\u00a0\u00a0\u00a0\u00a0\u00a0\u00a0\u00a0\u00a0\u00a0\u00a0\u00a0\u00a0\u00a0\u00a0\u00a0\u00a0\u00a0\u00a0\u00a0\u00a0\u00a0\u00a0\u00a0\u00a0\u00a0\u00a0\u00a0\u00a0\u00a0\u00a0\u00a0\u00a0\u00a0\u00a0\u00a0\u00a0\u00a0\u00a0\u00a0\u00a0\u00a0\u00a0\u00a0\u00a0\u00a0 Tarih:11.03.2026\u00a0 \u00a0 \u00a0\u00a0\u00a0\u00a0\u00a0\u00a0\u00a0\u00a0\u00a0\u00a0\u00a0\u00a0\u00a0\u00a0\u00a0\u00a0\u00a0\u00a0\u00a0\u00a0\u00a0\u00a0\u00a0\u00a0\u00a0\u00a0\u00a0\u00a0\u00a0\u00a0\u00a0\u00a0\u00a0\u00a0\u00a0\u00a0\u00a0\u00a0\u00a0\u00a0\u00a0\u00a0\u00a0\u00a0\u00a0\u00a0\u00a0\u00a0\u00a0\u00a0\u00a0\u00a0\u00a0\u00a0\u00a0\u00a0\u00a0\u00a0\u00a0\u00a0\u00a0\u00a0\u00a0\u00a0\u00a0\u00a0\u00a0\u00a0\u00a0\u00a0\u00a0\u00a0\u00a0\u00a0\u00a0\u00a0\u00a0\u00a0\u00a0\u00a0\u00a0\u00a0\u00a0\u00a0\u00a0\u00a0\u00a0\u00a0\u00a0\u00a0\u00a0\u00a0\u00a0\u00a0\u00a0\u00a0\u00a0\u00a0\u00a0\u00a0\u00a0\u00a0\u00a0\u00a0\u00a0\u00a0 Y\u00f6netim \u00a0\u00a0\u00a0\u00a0\u00a0\u00a0\u00a0\u00a0\u00a0\u00a0\u00a0\u00a0\u00a0\u00a0\u00a0\u00a0\u00a0\u00a0\u00a0\u00a0\u00a0\u00a0\u00a0\u00a0\u00a0\u00a0\u00a0\u00a0\u00a0\u00a0\u00a0\u00a0\u00a0\u00a0\u00a0\u00a0\u00a0 G\u00f6rev \u00a0\u00a0\u00a0\u00a0\u00a0\u00a0\u00a0\u00a0\u00a0\u00a0\u00a0\u00a0\u00a0\u00a0\u00a0\u00a0\u00a0\u00a0\u00a0\u00a0\u00a0\u00a0\u00a0\u00a0\u00a0\u00a0\u00a0\u00a0\u00a0\u00a0\u00a0\u00a0\u00a0\u00a0\u00a0\u00a0\u00a0\u00a0\u00a0\u00a0\u00a0\u00a0\u00a0\u00a0\u00a0\u00a0\u00a0\u00a0\u00a0\u00a0\u00a0\u00a0\u00a0\u00a0\u00a0\u00a0\u00a0\u00a0\u00a0\u00a0\u00a0\u00a0\u00a0\u00a0\u00a0\u00a0\u00a0\u00a0\u00a0\u00a0\u00a0\u00a0\u00a0\u00a0\u00a0\u00a0\u00a0\u00a0\u00a0\u00a0\u00a0\u00a0\u00a0\u00a0\u00a0\u00a0\u00a0\u00a0\u00a0\u00a0\u00a0\u00a0\u00a0\u00a0\u00a0\u00a0\u00a0\u00a0\u00a0\u00a0\u00a0\u00a0\u00a0\u00a0\u00a0\u00a0 Unvan-Ad-Soyad Dahili No B\u00f6l\u00fcm Ba\u015fkan\u0131 Prof. Dr. Ali UTKU 8230 B\u00f6l\u00fcm Ba\u015fkan Yard\u0131mc\u0131s\u0131 Prof. Dr. Mine KAYA KEHA 8403 B\u00f6l\u00fcm Ba\u015fkan Yard\u0131mc\u0131s\u0131 Dr. \u00d6\u011fr. \u00dcyesi Emine AYDO\u011eAN 8242 Bilim Tarihi Anabilim Dal\u0131 Ba\u015fkan\u0131 Prof. Dr. Mine KAYA KEHA 8403 Felsefe Tarihi Anabilim Dal\u0131 Ba\u015fkan\u0131 Prof. Dr. Ali [&hellip;]<\/p>\n","protected":false},"author":94,"featured_media":0,"parent":0,"menu_order":0,"comment_status":"closed","ping_status":"closed","template":"","meta":{"footnotes":""},"class_list":["post-6896","page","type-page","status-publish","hentry"],"_links":{"self":[{"href":"https:\/\/atauni.edu.tr\/felsefe\/wp-json\/wp\/v2\/pages\/6896","targetHints":{"allow":["GET"]}}],"collection":[{"href":"https:\/\/atauni.edu.tr\/felsefe\/wp-json\/wp\/v2\/pages"}],"about":[{"href":"https:\/\/atauni.edu.tr\/felsefe\/wp-json\/wp\/v2\/types\/page"}],"author":[{"embeddable":true,"href":"https:\/\/atauni.edu.tr\/felsefe\/wp-json\/wp\/v2\/users\/94"}],"replies":[{"embeddable":true,"href":"https:\/\/atauni.edu.tr\/felsefe\/wp-json\/wp\/v2\/comments?post=6896"}],"version-history":[{"count":20,"href":"https:\/\/atauni.edu.tr\/felsefe\/wp-json\/wp\/v2\/pages\/6896\/revisions"}],"predecessor-version":[{"id":7709,"href":"https:\/\/atauni.edu.tr\/felsefe\/wp-json\/wp\/v2\/pages\/6896\/revisions\/7709"}],"wp:attachment":[{"href":"https:\/\/atauni.edu.tr\/felsefe\/wp-json\/wp\/v2\/media?parent=6896"}],"curies":[{"name":"wp","href":"https:\/\/api.w.org\/{rel}","templated":true}]}}