{"id":7454,"date":"2025-11-24T00:04:43","date_gmt":"2025-11-23T21:04:43","guid":{"rendered":"https:\/\/birimler.atauni.edu.tr\/felsefe\/?page_id=7454"},"modified":"2025-11-24T03:18:04","modified_gmt":"2025-11-24T00:18:04","slug":"akreditasyon-kalite","status":"publish","type":"page","link":"https:\/\/atauni.edu.tr\/felsefe\/akreditasyon-kalite\/","title":{"rendered":"Akreditasyon &#8211; KAL\u0130TE"},"content":{"rendered":"\t\t<div data-elementor-type=\"wp-page\" data-elementor-id=\"7454\" class=\"elementor elementor-7454\" data-elementor-post-type=\"page\">\n\t\t\t\t\t\t<section class=\"elementor-section elementor-top-section elementor-element elementor-element-2bf7421 elementor-section-boxed elementor-section-height-default elementor-section-height-default\" data-id=\"2bf7421\" data-element_type=\"section\">\n\t\t\t\t\t\t<div class=\"elementor-container elementor-column-gap-default\">\n\t\t\t\t\t<div class=\"elementor-column elementor-col-100 elementor-top-column elementor-element elementor-element-377748a\" data-id=\"377748a\" data-element_type=\"column\">\n\t\t\t<div class=\"elementor-widget-wrap elementor-element-populated\">\n\t\t\t\t\t\t<div class=\"elementor-element elementor-element-846d52c elementor-widget elementor-widget-text-editor\" data-id=\"846d52c\" data-element_type=\"widget\" data-widget_type=\"text-editor.default\">\n\t\t\t\t<div class=\"elementor-widget-container\">\n\t\t\t\t\t\t\t\t\t<p><a href=\"https:\/\/birimler.atauni.edu.tr\/felsefe\/felsefe-bolumu-program-amaclari-ve-ogretim-ciktilari\/\"><strong>Felsefe B\u00f6l\u00fcm\u00fc Program Ama\u00e7lar\u0131 ve \u00d6\u011fretim \u00c7\u0131kt\u0131lar\u0131<\/strong><\/a><\/p><p><a href=\"https:\/\/birimler.atauni.edu.tr\/felsefe\/program-amaclarinin-fedek-tanimlarina-uyumu\/\"><strong>Program Ama\u00e7lar\u0131n\u0131n FEDEK Tan\u0131mlar\u0131na Uyumu<\/strong><\/a><\/p><p><strong><a href=\"https:\/\/birimler.atauni.edu.tr\/felsefe\/kurum-ozgorevleriyle-tutarlilik\/\">Kurum \u00d6zg\u00f6revleriyle Tutarl\u0131l\u0131k<\/a><\/strong><\/p><p><strong><a href=\"https:\/\/birimler.atauni.edu.tr\/felsefe\/kalite-hedefleri\/\">Kalite Hedefleri<\/a><\/strong><\/p><p><strong><a href=\"https:\/\/birimler.atauni.edu.tr\/felsefe\/ozdegerlendirme-raporu\/\">\u00d6zde\u011ferlendirme Raporu<\/a><\/strong><\/p><p><a href=\"https:\/\/birimler.atauni.edu.tr\/felsefe\/puko-ornekleri\/\"><strong>Puko \u00d6rnekleri<\/strong><\/a><\/p><p><a href=\"https:\/\/birimler.atauni.edu.tr\/felsefe\/dis-paydas-toplanti-tutanaklari\/\"><strong>\u0130\u00e7 ve D\u0131\u015f Payda\u015f Toplant\u0131 Tutanaklar\u0131<\/strong><\/a><\/p><p><a href=\"https:\/\/birimler.atauni.edu.tr\/felsefe\/bolum-rehberi\/\"><strong>B\u00f6l\u00fcm Rehberi<\/strong><\/a><\/p>\t\t\t\t\t\t\t\t<\/div>\n\t\t\t\t<\/div>\n\t\t\t\t\t<\/div>\n\t\t<\/div>\n\t\t\t\t\t<\/div>\n\t\t<\/section>\n\t\t\t\t<\/div>\n\t\t","protected":false},"excerpt":{"rendered":"<p>Felsefe B\u00f6l\u00fcm\u00fc Program Ama\u00e7lar\u0131 ve \u00d6\u011fretim \u00c7\u0131kt\u0131lar\u0131 Program Ama\u00e7lar\u0131n\u0131n FEDEK Tan\u0131mlar\u0131na Uyumu Kurum \u00d6zg\u00f6revleriyle Tutarl\u0131l\u0131k Kalite Hedefleri \u00d6zde\u011ferlendirme Raporu Puko \u00d6rnekleri \u0130\u00e7 ve D\u0131\u015f Payda\u015f Toplant\u0131 Tutanaklar\u0131 B\u00f6l\u00fcm Rehberi<\/p>\n","protected":false},"author":94,"featured_media":0,"parent":0,"menu_order":0,"comment_status":"closed","ping_status":"closed","template":"","meta":{"footnotes":""},"class_list":["post-7454","page","type-page","status-publish","hentry"],"_links":{"self":[{"href":"https:\/\/atauni.edu.tr\/felsefe\/wp-json\/wp\/v2\/pages\/7454","targetHints":{"allow":["GET"]}}],"collection":[{"href":"https:\/\/atauni.edu.tr\/felsefe\/wp-json\/wp\/v2\/pages"}],"about":[{"href":"https:\/\/atauni.edu.tr\/felsefe\/wp-json\/wp\/v2\/types\/page"}],"author":[{"embeddable":true,"href":"https:\/\/atauni.edu.tr\/felsefe\/wp-json\/wp\/v2\/users\/94"}],"replies":[{"embeddable":true,"href":"https:\/\/atauni.edu.tr\/felsefe\/wp-json\/wp\/v2\/comments?post=7454"}],"version-history":[{"count":25,"href":"https:\/\/atauni.edu.tr\/felsefe\/wp-json\/wp\/v2\/pages\/7454\/revisions"}],"predecessor-version":[{"id":7575,"href":"https:\/\/atauni.edu.tr\/felsefe\/wp-json\/wp\/v2\/pages\/7454\/revisions\/7575"}],"wp:attachment":[{"href":"https:\/\/atauni.edu.tr\/felsefe\/wp-json\/wp\/v2\/media?parent=7454"}],"curies":[{"name":"wp","href":"https:\/\/api.w.org\/{rel}","templated":true}]}}