{"id":7476,"date":"2025-11-24T00:55:57","date_gmt":"2025-11-23T21:55:57","guid":{"rendered":"https:\/\/birimler.atauni.edu.tr\/felsefe\/?page_id=7476"},"modified":"2025-11-24T01:04:53","modified_gmt":"2025-11-23T22:04:53","slug":"kurum-ozgorevleriyle-tutarlilik","status":"publish","type":"page","link":"https:\/\/atauni.edu.tr\/felsefe\/kurum-ozgorevleriyle-tutarlilik\/","title":{"rendered":"Kurum \u00d6zg\u00f6revleriyle Tutarl\u0131l\u0131k"},"content":{"rendered":"\t\t<div data-elementor-type=\"wp-page\" data-elementor-id=\"7476\" class=\"elementor elementor-7476\" data-elementor-post-type=\"page\">\n\t\t\t\t\t\t<section class=\"elementor-section elementor-top-section elementor-element elementor-element-2752dd0 elementor-section-boxed elementor-section-height-default elementor-section-height-default\" data-id=\"2752dd0\" data-element_type=\"section\">\n\t\t\t\t\t\t<div class=\"elementor-container elementor-column-gap-default\">\n\t\t\t\t\t<div class=\"elementor-column elementor-col-100 elementor-top-column elementor-element elementor-element-b8db453\" data-id=\"b8db453\" data-element_type=\"column\">\n\t\t\t<div class=\"elementor-widget-wrap elementor-element-populated\">\n\t\t\t\t\t\t<div class=\"elementor-element elementor-element-2d805e3 elementor-widget elementor-widget-text-editor\" data-id=\"2d805e3\" data-element_type=\"widget\" data-widget_type=\"text-editor.default\">\n\t\t\t\t<div class=\"elementor-widget-container\">\n\t\t\t\t\t\t\t\t\t<p><strong>Atat\u00fcrk \u00dcniversitesi \u00d6zg\u00f6rev<\/strong><\/p><p>B\u00f6lgeye ve \u00fclkeye katk\u0131 sa\u011flamak; y\u00fcksek teknolojiye dayal\u0131 tasar\u0131m ve inovasyon faaliyetleri ger\u00e7ekle\u015ftirmek; \u00f6rg\u00fcn ve uzaktan e\u011fitim yoluyla nitelikli bireyler yeti\u015ftirmek, bilime ve sanata evrensel d\u00fczeyde de\u011fer katmak, kendisini s\u00fcrekli geli\u015ftirdi\u011fi gibi b\u00f6lgesindeki d\u00f6n\u00fc\u015f\u00fcmlerde de \u2018ad\u0131 gibi \u00f6nc\u00fc\u2019 ve yeni nesil bir d\u00fcnya \u00fcniversitesi olmak.<\/p><p><strong>Edebiyat Fak\u00fcltesi \u00d6zg\u00f6rev<\/strong><\/p><p>Sosyal bilimler alan\u0131nda, bilimsel ilke ve i\u015fleyi\u015fi kavram\u0131\u015f, problem \u00e7\u00f6zme y\u00f6ntemlerine vak\u0131f, sosyal bilimlerle hayat\u0131n di\u011fer alanlar\u0131 aras\u0131nda ba\u011flant\u0131 kurabilen; ele\u015ftirel d\u00fc\u015f\u00fcnceye sahip, beceri ve motivasyonu g\u00fc\u00e7l\u00fc; bilimsel anlay\u0131\u015fa ba\u011fl\u0131, \u00e7a\u011fda\u015f, sorgulay\u0131c\u0131, insan haklar\u0131na ve etik de\u011ferlere sayg\u0131l\u0131, sosyal ili\u015fkilerde aktif, demokratik, ho\u015fg\u00f6r\u00fc sahibi, farkl\u0131 k\u00fclt\u00fcrler ve de\u011ferler kar\u015f\u0131s\u0131nda objektif, k\u00fclt\u00fcr de\u011ferlerinin ara\u015ft\u0131r\u0131lmas\u0131na ve ortaya \u00e7\u0131kar\u0131lmas\u0131na katk\u0131 sa\u011flayan, bilgi ve tecr\u00fcbelerini t\u00fcm d\u00fcnya ile payla\u015fmay\u0131 benimseyen bireyler yeti\u015ftirmektir. Yerel, ulusal ve uluslararas\u0131 problemlerin \u00e7\u00f6z\u00fcm\u00fcne y\u00f6nelik \u00e7a\u011fda\u015f e\u011fitim, \u00f6\u011fretim ve ara\u015ft\u0131rma faaliyeti y\u00fcr\u00fctmek; insanl\u0131\u011f\u0131n refah\u0131 i\u00e7in katk\u0131da bulunan, sosyal geli\u015fmelere a\u00e7\u0131k, \u00f6zg\u00fcr d\u00fc\u015f\u00fcnceli, insan hayat\u0131n\u0131 ve \u00e7evreyi koruyan idealist, vatansever gen\u00e7ler yeti\u015ftirmektir.<\/p><p><strong>Felsefe B\u00f6l\u00fcm\u00fc \u00d6zg\u00f6rev<\/strong><\/p><p>Felsefe B\u00f6l\u00fcm\u00fc, \u00f6\u011frencilerin farkl\u0131 g\u00f6r\u00fc\u015flere sayg\u0131 duymay\u0131 \u00f6\u011frendikleri, zihinsel ve k\u00fclt\u00fcrel miraslar\u0131n\u0131n fark\u0131nda olduklar\u0131, ki\u015fisel g\u00f6r\u00fc\u015f a\u00e7\u0131lar\u0131n\u0131 geli\u015ftirme imk\u00e2n\u0131 bulduklar\u0131, benlik bilin\u00e7lerini ve \u00e7\u00f6z\u00fcmleme yeteneklerini geli\u015ftirdikleri, \u00e7a\u011fda\u015f d\u00fcnyan\u0131n olu\u015fumunda etkili olan t\u00fcm d\u00fc\u015f\u00fcnce ve de\u011ferlendirme bi\u00e7imlerinin tarihsel k\u00f6klerini ele al\u0131p yeniden tart\u0131\u015ft\u0131klar\u0131, onlar\u0131 g\u00fcn\u00fcm\u00fcze ta\u015f\u0131nan t\u00fcrleriyle kar\u015f\u0131la\u015ft\u0131rd\u0131klar\u0131, yeni d\u00fc\u015f\u00fcnce ve de\u011ferlendirme bi\u00e7imlerini \u00f6zg\u00fcrce ara\u015ft\u0131rd\u0131klar\u0131 ve dolay\u0131s\u0131yla kendilerini, evrendeki konumlar\u0131n\u0131 ve di\u011fer varl\u0131klarla olan ili\u015fkilerini daha iyi anlayarak ya\u015fam boyu devam edecek bir \u00f6\u011frenme al\u0131\u015fkanl\u0131\u011f\u0131 kazand\u0131klar\u0131 bir ortam olmay\u0131 ama\u00e7lamaktad\u0131r.<\/p><p><strong>\u00d6zg\u00f6revlerin Yay\u0131mland\u0131\u011f\u0131 Yerler:<\/strong><\/p><p>Atat\u00fcrk \u00dcniversitesi \u00f6zg\u00f6revi: <u><a href=\"https:\/\/atauni.edu.tr\/ata-misyon-vizyon\/kurumsal\">https:\/\/atauni.edu.tr\/ata-misyon-vizyon\/kurumsal<\/a><\/u><\/p><p>Edebiyat Fak\u00fcltesi \u00f6zg\u00f6revi: <u><a href=\"https:\/\/birimler.atauni.edu.tr\/edebiyat-fakultesi\/misyon-vizyon-ve-temel-degerler\/\">https:\/\/birimler.atauni.edu.tr\/edebiyat-fakultesi\/misyon-vizyon-ve-temel-degerler\/<\/a><\/u><\/p><p>Felsefe B\u00f6l\u00fcm\u00fc \u00f6zg\u00f6revi: <u><a href=\"https:\/\/birimler.atauni.edu.tr\/felsefe\/misyon-vizyon-ve-temel-degerler\/\">https:\/\/birimler.atauni.edu.tr\/felsefe\/misyon-vizyon-ve-temel-degerler\/<\/a><\/u><\/p><p>web adreslerinde yer almaktad\u0131r.<\/p>\t\t\t\t\t\t\t\t<\/div>\n\t\t\t\t<\/div>\n\t\t\t\t\t<\/div>\n\t\t<\/div>\n\t\t\t\t\t<\/div>\n\t\t<\/section>\n\t\t\t\t<section class=\"elementor-section elementor-top-section elementor-element elementor-element-e3ac16d elementor-section-boxed elementor-section-height-default elementor-section-height-default\" data-id=\"e3ac16d\" data-element_type=\"section\">\n\t\t\t\t\t\t<div class=\"elementor-container elementor-column-gap-default\">\n\t\t\t\t\t<div class=\"elementor-column elementor-col-100 elementor-top-column elementor-element elementor-element-43ed3a8\" data-id=\"43ed3a8\" data-element_type=\"column\">\n\t\t\t<div class=\"elementor-widget-wrap elementor-element-populated\">\n\t\t\t\t\t\t<div class=\"elementor-element elementor-element-7f15d3f elementor-widget elementor-widget-text-editor\" data-id=\"7f15d3f\" data-element_type=\"widget\" data-widget_type=\"text-editor.default\">\n\t\t\t\t<div class=\"elementor-widget-container\">\n\t\t\t\t\t\t\t\t\t<p><strong>Program \u00d6\u011fretim Ama\u00e7lar\u0131n\u0131n Kurumun \u00d6zg\u00f6reviyle Uyumu<\/strong><\/p><table><tbody><tr><td width=\"29\"><p>P\u00d6A7<\/p><\/td><td width=\"29\"><p>P\u00d6A6<\/p><\/td><td width=\"29\"><p>P\u00d6A5<\/p><\/td><td width=\"29\"><p>P\u00d6A4<\/p><\/td><td width=\"29\"><p>P\u00d6A3<\/p><\/td><td width=\"29\"><p>P\u00d6A2<\/p><\/td><td width=\"29\"><p>P\u00d6A1<\/p><\/td><td width=\"232\"><p>\u00a0<\/p><\/td><\/tr><tr><td width=\"29\"><p>\u221a<\/p><\/td><td width=\"29\"><p>\u221a<\/p><\/td><td width=\"29\"><p>\u221a<\/p><\/td><td width=\"29\"><p>\u221a<\/p><\/td><td width=\"29\"><p>\u221a<\/p><\/td><td width=\"29\"><p>\u221a<\/p><\/td><td width=\"29\"><p>\u221a<\/p><\/td><td width=\"232\"><p>B\u00f6lgeye ve \u00fclkeye katk\u0131 sa\u011flamak<\/p><\/td><\/tr><tr><td width=\"29\"><p>\u00a0<\/p><\/td><td width=\"29\"><p>\u00a0<\/p><\/td><td width=\"29\"><p>\u00a0<\/p><\/td><td width=\"29\"><p>\u00a0<\/p><\/td><td width=\"29\"><p>\u00a0<\/p><\/td><td width=\"29\"><p>\u00a0<\/p><\/td><td width=\"29\"><p>\u00a0<\/p><\/td><td width=\"232\"><p>Y\u00fcksek teknolojiye dayal\u0131 tasar\u0131m ve inovasyon faaliyetleri ger\u00e7ekle\u015ftirmek<\/p><\/td><\/tr><tr><td width=\"29\"><p>\u221a<\/p><\/td><td width=\"29\"><p>\u221a<\/p><\/td><td width=\"29\"><p>\u221a<\/p><\/td><td width=\"29\"><p>\u221a<\/p><\/td><td width=\"29\"><p>\u221a<\/p><\/td><td width=\"29\"><p>\u221a<\/p><\/td><td width=\"29\"><p>\u221a<\/p><\/td><td width=\"232\"><p>\u00a0<\/p><p>\u00d6rg\u00fcn ve uzaktan e\u011fitim yoluyla nitelikli bireyler yeti\u015ftirmek<\/p><\/td><\/tr><tr><td width=\"29\"><p>\u221a<\/p><\/td><td width=\"29\"><p>\u221a<\/p><\/td><td width=\"29\"><p>\u221a<\/p><\/td><td width=\"29\"><p>\u221a<\/p><\/td><td width=\"29\"><p>\u221a<\/p><\/td><td width=\"29\"><p>\u221a<\/p><\/td><td width=\"29\"><p>\u221a<\/p><\/td><td width=\"232\"><p>\u00a0<\/p><p>\u00a0<\/p><p>Bilime ve sanata evrensel d\u00fczeyde de\u011fer katmak<\/p><\/td><\/tr><tr><td width=\"29\"><p>\u221a<\/p><\/td><td width=\"29\"><p>\u221a<\/p><\/td><td width=\"29\"><p>\u221a<\/p><\/td><td width=\"29\"><p>\u221a<\/p><\/td><td width=\"29\"><p>\u221a<\/p><\/td><td width=\"29\"><p>\u221a<\/p><\/td><td width=\"29\"><p>\u221a<\/p><\/td><td width=\"232\"><p>\u00a0<\/p><p>Yeni nesil bir d\u00fcnya \u00fcniversitesi olmak<\/p><\/td><\/tr><\/tbody><\/table>\t\t\t\t\t\t\t\t<\/div>\n\t\t\t\t<\/div>\n\t\t\t\t\t<\/div>\n\t\t<\/div>\n\t\t\t\t\t<\/div>\n\t\t<\/section>\n\t\t\t\t<section class=\"elementor-section elementor-top-section elementor-element elementor-element-b3815b8 elementor-section-boxed elementor-section-height-default elementor-section-height-default\" data-id=\"b3815b8\" data-element_type=\"section\">\n\t\t\t\t\t\t<div class=\"elementor-container elementor-column-gap-default\">\n\t\t\t\t\t<div class=\"elementor-column elementor-col-100 elementor-top-column elementor-element elementor-element-da60fa6\" data-id=\"da60fa6\" data-element_type=\"column\">\n\t\t\t<div class=\"elementor-widget-wrap elementor-element-populated\">\n\t\t\t\t\t\t<div class=\"elementor-element elementor-element-e0bdd95 elementor-widget elementor-widget-text-editor\" data-id=\"e0bdd95\" data-element_type=\"widget\" data-widget_type=\"text-editor.default\">\n\t\t\t\t<div class=\"elementor-widget-container\">\n\t\t\t\t\t\t\t\t\t<p><strong>Program \u00d6\u011fretim Ama\u00e7lar\u0131n\u0131n Fak\u00fcltenin \u00d6zg\u00f6reviyle Uyumu<\/strong><\/p><table><tbody><tr><td width=\"29\"><p>P\u00d6A7<\/p><\/td><td width=\"29\"><p>P\u00d6A6<\/p><\/td><td width=\"27\"><p>P\u00d6A5<\/p><\/td><td width=\"27\"><p>P\u00d6A4<\/p><\/td><td width=\"29\"><p>P\u00d6A3<\/p><\/td><td width=\"36\"><p>P\u00d6A2<\/p><\/td><td width=\"35\"><p>P\u00d6A1<\/p><\/td><td width=\"139\"><p>\u00a0<\/p><\/td><\/tr><tr><td width=\"29\"><p>\u221a<\/p><\/td><td width=\"29\"><p>\u221a<\/p><\/td><td width=\"27\"><p>\u221a<\/p><\/td><td width=\"27\"><p>\u221a<\/p><\/td><td width=\"29\"><p>\u221a<\/p><\/td><td width=\"36\"><p>\u221a<\/p><\/td><td width=\"35\"><p>\u221a<\/p><\/td><td width=\"139\"><p>Sosyal bilimler alan\u0131nda bireyler yeti\u015ftirmek<\/p><\/td><\/tr><tr><td width=\"29\"><p>\u221a<\/p><\/td><td width=\"29\"><p>\u221a<\/p><\/td><td width=\"27\"><p>\u221a<\/p><\/td><td width=\"27\"><p>\u221a<\/p><\/td><td width=\"29\"><p>\u221a<\/p><\/td><td width=\"36\"><p>\u221a<\/p><\/td><td width=\"35\"><p>\u221a<\/p><\/td><td width=\"139\"><p>\u00a0<\/p><p>Ele\u015ftirel d\u00fc\u015f\u00fcnceye sahip bireyler yeti\u015ftirmek<\/p><\/td><\/tr><tr><td width=\"29\"><p>\u221a<\/p><\/td><td width=\"29\"><p>\u221a<\/p><\/td><td width=\"27\"><p>\u221a<\/p><\/td><td width=\"27\"><p>\u221a<\/p><\/td><td width=\"29\"><p>\u221a<\/p><\/td><td width=\"36\"><p>\u221a<\/p><\/td><td width=\"35\"><p>\u221a<\/p><\/td><td width=\"139\"><p>\u00a0<\/p><p>Yenilik\u00e7i bireyler yeti\u015ftirmek<\/p><\/td><\/tr><tr><td width=\"29\"><p>\u221a<\/p><\/td><td width=\"29\"><p>\u221a<\/p><\/td><td width=\"27\"><p>\u221a<\/p><\/td><td width=\"27\"><p>\u221a<\/p><\/td><td width=\"29\"><p>\u221a<\/p><\/td><td width=\"36\"><p>\u221a<\/p><\/td><td width=\"35\"><p>\u221a<\/p><\/td><td width=\"139\"><p>\u00a0<\/p><p>E\u011fitim, \u00f6\u011fretim ve ara\u015ft\u0131rma faaliyeti y\u00fcr\u00fctmek<\/p><\/td><\/tr><tr><td width=\"29\"><p>\u221a<\/p><\/td><td width=\"29\"><p>\u221a<\/p><\/td><td width=\"27\"><p>\u221a<\/p><\/td><td width=\"27\"><p>\u221a<\/p><\/td><td width=\"29\"><p>\u221a<\/p><\/td><td width=\"36\"><p>\u221a<\/p><\/td><td width=\"35\"><p>\u221a<\/p><\/td><td width=\"139\"><p>\u00a0<\/p><p>Vatansever gen\u00e7ler yeti\u015ftirmek<\/p><\/td><\/tr><\/tbody><\/table>\t\t\t\t\t\t\t\t<\/div>\n\t\t\t\t<\/div>\n\t\t\t\t\t<\/div>\n\t\t<\/div>\n\t\t\t\t\t<\/div>\n\t\t<\/section>\n\t\t\t\t<section class=\"elementor-section elementor-top-section elementor-element elementor-element-1612f54 elementor-section-boxed elementor-section-height-default elementor-section-height-default\" data-id=\"1612f54\" data-element_type=\"section\">\n\t\t\t\t\t\t<div class=\"elementor-container elementor-column-gap-default\">\n\t\t\t\t\t<div class=\"elementor-column elementor-col-100 elementor-top-column elementor-element elementor-element-e14fe71\" data-id=\"e14fe71\" data-element_type=\"column\">\n\t\t\t<div class=\"elementor-widget-wrap elementor-element-populated\">\n\t\t\t\t\t\t<div class=\"elementor-element elementor-element-7edf90e elementor-widget elementor-widget-text-editor\" data-id=\"7edf90e\" data-element_type=\"widget\" data-widget_type=\"text-editor.default\">\n\t\t\t\t<div class=\"elementor-widget-container\">\n\t\t\t\t\t\t\t\t\t<p><strong>Program \u00d6\u011fretim Ama\u00e7lar\u0131n\u0131n B\u00f6l\u00fcm\u00fcn \u00d6zg\u00f6reviyle Uyumu<\/strong><\/p><table><tbody><tr><td width=\"75\"><p>\u00a0<\/p><\/td><td width=\"46\"><p>Farkl\u0131 g\u00f6r\u00fc\u015flere sayg\u0131 duyan bireyler yeti\u015ftirmek<\/p><\/td><td width=\"86\"><p>Ki\u015fisel g\u00f6r\u00fc\u015f a\u00e7\u0131lar\u0131n\u0131, benlik bilin\u00e7lerini ve \u00e7\u00f6z\u00fcmleme yeteneklerini geli\u015ftiren bireyler yeti\u015ftirmek<\/p><\/td><td width=\"161\"><p>D\u00fc\u015f\u00fcnce tarihinden haberdar olan, bu d\u00fc\u015f\u00fcnceler \u00fczerine tart\u0131\u015fabilen ve bunlar\u0131n \u00e7a\u011fda\u015f d\u00fcnya ile ba\u011flar\u0131n\u0131 kurarak \u00f6zg\u00fcrce tart\u0131\u015fabilen bireyler yeti\u015ftirmek<\/p><\/td><td width=\"83\"><p>Zihinsel ve k\u00fclt\u00fcrel miraslar\u0131n\u0131n fark\u0131nda olan bireyler yeti\u015ftirmek<\/p><\/td><td width=\"111\"><p>Kendinin ve \u00e7evresinin fark\u0131nda olan, bu do\u011frultuda kendini geli\u015ftirme \u00e7abas\u0131na sahip bireyler yeti\u015ftirmek<\/p><\/td><\/tr><tr><td width=\"75\"><p>P\u00d6A1<\/p><\/td><td width=\"46\"><p>\u221a<\/p><\/td><td width=\"86\"><p>\u221a<\/p><\/td><td width=\"161\"><p>\u221a<\/p><\/td><td width=\"83\"><p>\u221a<\/p><\/td><td width=\"111\"><p>\u221a<\/p><\/td><\/tr><tr><td width=\"75\"><p>P\u00d6A2<\/p><\/td><td width=\"46\"><p>\u221a<\/p><\/td><td width=\"86\"><p>\u221a<\/p><\/td><td width=\"161\"><p>\u221a<\/p><\/td><td width=\"83\"><p>\u221a<\/p><\/td><td width=\"111\"><p>\u221a<\/p><\/td><\/tr><tr><td width=\"75\"><p>P\u00d6A3<\/p><\/td><td width=\"46\"><p>\u221a<\/p><\/td><td width=\"86\"><p>\u221a<\/p><\/td><td width=\"161\"><p>\u221a<\/p><\/td><td width=\"83\"><p>\u221a<\/p><\/td><td width=\"111\"><p>\u221a<\/p><\/td><\/tr><tr><td width=\"75\"><p>P\u00d6A4<\/p><\/td><td width=\"46\"><p>\u221a<\/p><\/td><td width=\"86\"><p>\u221a<\/p><\/td><td width=\"161\"><p>\u221a<\/p><\/td><td width=\"83\"><p>\u221a<\/p><\/td><td width=\"111\"><p>\u221a<\/p><\/td><\/tr><tr><td width=\"75\"><p>P\u00d6A5<\/p><\/td><td width=\"46\"><p>\u221a<\/p><\/td><td width=\"86\"><p>\u221a<\/p><\/td><td width=\"161\"><p>\u221a<\/p><\/td><td width=\"83\"><p>\u221a<\/p><\/td><td width=\"111\"><p>\u221a<\/p><\/td><\/tr><tr><td width=\"75\"><p>P\u00d6A6<\/p><\/td><td width=\"46\"><p>\u221a<\/p><\/td><td width=\"86\"><p>\u221a<\/p><\/td><td width=\"161\"><p>\u221a<\/p><\/td><td width=\"83\"><p>\u221a<\/p><\/td><td width=\"111\"><p>\u221a<\/p><\/td><\/tr><tr><td width=\"75\"><p>P\u00d6A7<\/p><\/td><td width=\"46\"><p>\u221a<\/p><\/td><td width=\"86\"><p>\u221a<\/p><\/td><td width=\"161\"><p>\u221a<\/p><\/td><td width=\"83\"><p>\u221a<\/p><\/td><td width=\"111\"><p>\u221a<\/p><\/td><\/tr><\/tbody><\/table>\t\t\t\t\t\t\t\t<\/div>\n\t\t\t\t<\/div>\n\t\t\t\t\t<\/div>\n\t\t<\/div>\n\t\t\t\t\t<\/div>\n\t\t<\/section>\n\t\t\t\t<\/div>\n\t\t","protected":false},"excerpt":{"rendered":"<p>Atat\u00fcrk \u00dcniversitesi \u00d6zg\u00f6rev B\u00f6lgeye ve \u00fclkeye katk\u0131 sa\u011flamak; y\u00fcksek teknolojiye dayal\u0131 tasar\u0131m ve inovasyon faaliyetleri ger\u00e7ekle\u015ftirmek; \u00f6rg\u00fcn ve uzaktan e\u011fitim yoluyla nitelikli bireyler yeti\u015ftirmek, bilime ve sanata evrensel d\u00fczeyde de\u011fer katmak, kendisini s\u00fcrekli geli\u015ftirdi\u011fi gibi b\u00f6lgesindeki d\u00f6n\u00fc\u015f\u00fcmlerde de \u2018ad\u0131 gibi \u00f6nc\u00fc\u2019 ve yeni nesil bir d\u00fcnya \u00fcniversitesi olmak. Edebiyat Fak\u00fcltesi \u00d6zg\u00f6rev Sosyal bilimler alan\u0131nda, bilimsel [&hellip;]<\/p>\n","protected":false},"author":94,"featured_media":0,"parent":0,"menu_order":0,"comment_status":"closed","ping_status":"closed","template":"","meta":{"footnotes":""},"class_list":["post-7476","page","type-page","status-publish","hentry"],"_links":{"self":[{"href":"https:\/\/atauni.edu.tr\/felsefe\/wp-json\/wp\/v2\/pages\/7476","targetHints":{"allow":["GET"]}}],"collection":[{"href":"https:\/\/atauni.edu.tr\/felsefe\/wp-json\/wp\/v2\/pages"}],"about":[{"href":"https:\/\/atauni.edu.tr\/felsefe\/wp-json\/wp\/v2\/types\/page"}],"author":[{"embeddable":true,"href":"https:\/\/atauni.edu.tr\/felsefe\/wp-json\/wp\/v2\/users\/94"}],"replies":[{"embeddable":true,"href":"https:\/\/atauni.edu.tr\/felsefe\/wp-json\/wp\/v2\/comments?post=7476"}],"version-history":[{"count":3,"href":"https:\/\/atauni.edu.tr\/felsefe\/wp-json\/wp\/v2\/pages\/7476\/revisions"}],"predecessor-version":[{"id":7479,"href":"https:\/\/atauni.edu.tr\/felsefe\/wp-json\/wp\/v2\/pages\/7476\/revisions\/7479"}],"wp:attachment":[{"href":"https:\/\/atauni.edu.tr\/felsefe\/wp-json\/wp\/v2\/media?parent=7476"}],"curies":[{"name":"wp","href":"https:\/\/api.w.org\/{rel}","templated":true}]}}