{"id":7512,"date":"2025-11-24T01:53:44","date_gmt":"2025-11-23T22:53:44","guid":{"rendered":"https:\/\/birimler.atauni.edu.tr\/felsefe\/?page_id=7512"},"modified":"2025-11-24T02:15:51","modified_gmt":"2025-11-23T23:15:51","slug":"cift-anadal-ve-yandal","status":"publish","type":"page","link":"https:\/\/atauni.edu.tr\/felsefe\/cift-anadal-ve-yandal\/","title":{"rendered":"\u00c7ift Anadal ve Yandal"},"content":{"rendered":"\t\t<div data-elementor-type=\"wp-page\" data-elementor-id=\"7512\" class=\"elementor elementor-7512\" data-elementor-post-type=\"page\">\n\t\t\t\t\t\t<section class=\"elementor-section elementor-top-section elementor-element elementor-element-1122b35 elementor-section-boxed elementor-section-height-default elementor-section-height-default\" data-id=\"1122b35\" data-element_type=\"section\">\n\t\t\t\t\t\t<div class=\"elementor-container elementor-column-gap-default\">\n\t\t\t\t\t<div class=\"elementor-column elementor-col-100 elementor-top-column elementor-element elementor-element-9c2064b\" data-id=\"9c2064b\" data-element_type=\"column\">\n\t\t\t<div class=\"elementor-widget-wrap elementor-element-populated\">\n\t\t\t\t\t\t<div class=\"elementor-element elementor-element-d3a5fe3 elementor-widget elementor-widget-text-editor\" data-id=\"d3a5fe3\" data-element_type=\"widget\" data-widget_type=\"text-editor.default\">\n\t\t\t\t<div class=\"elementor-widget-container\">\n\t\t\t\t\t\t\t\t\t<p>\u00d6\u011frenci Kabul, Yatay ve Dikey Ge\u00e7i\u015f, Yandal, \u00c7ift Anadal ve Mezuniyet Ko\u015fullar\u0131na ili\u015fkin i\u015flemler, Y\u00fcksek\u00f6\u011fretim Kurulu ve Atat\u00fcrk \u00dcniversitesi\u2019nin y\u00fcr\u00fcrl\u00fckteki e\u011fitim-\u00f6\u011fretim mevzuat\u0131na uygun olarak ger\u00e7ekle\u015ftirilmektedir. Fak\u00fcltemiz ve b\u00f6l\u00fcm\u00fcm\u00fczde bu alanlarda \u00f6zel bir istisna uygulanmamaktad\u0131r.<\/p><p>G\u00fcncel mevzuat ve detayl\u0131 bilgi i\u00e7in bkz.: <a href=\"https:\/\/atauni.edu.tr\/egitim-ogretim-mevzuati-9\">https:\/\/atauni.edu.tr\/egitim-ogretim-mevzuati-9<\/a><\/p>\t\t\t\t\t\t\t\t<\/div>\n\t\t\t\t<\/div>\n\t\t\t\t\t<\/div>\n\t\t<\/div>\n\t\t\t\t\t<\/div>\n\t\t<\/section>\n\t\t\t\t<section class=\"elementor-section elementor-top-section elementor-element elementor-element-c6795a9 elementor-section-boxed elementor-section-height-default elementor-section-height-default\" data-id=\"c6795a9\" data-element_type=\"section\">\n\t\t\t\t\t\t<div class=\"elementor-container elementor-column-gap-default\">\n\t\t\t\t\t<div class=\"elementor-column elementor-col-100 elementor-top-column elementor-element elementor-element-a91d1f7\" data-id=\"a91d1f7\" data-element_type=\"column\">\n\t\t\t<div class=\"elementor-widget-wrap elementor-element-populated\">\n\t\t\t\t\t\t<div class=\"elementor-element elementor-element-19a9a44 elementor-widget elementor-widget-text-editor\" data-id=\"19a9a44\" data-element_type=\"widget\" data-widget_type=\"text-editor.default\">\n\t\t\t\t<div class=\"elementor-widget-container\">\n\t\t\t\t\t\t\t\t\t<p><strong>Felsefe B\u00f6l\u00fcm\u00fc \u00c7ift Anadal ve Yandal Protokolleri \u0130le \u0130lgili Haber \u0130\u00e7in <a href=\"https:\/\/birimler.atauni.edu.tr\/felsefe\/2025\/05\/08\/cift-ana-dal-ve-yan-dal-protokolleri\/\">T\u0131klay\u0131n\u0131z&#8230;<\/a><\/strong><\/p>\t\t\t\t\t\t\t\t<\/div>\n\t\t\t\t<\/div>\n\t\t\t\t\t<\/div>\n\t\t<\/div>\n\t\t\t\t\t<\/div>\n\t\t<\/section>\n\t\t\t\t<\/div>\n\t\t","protected":false},"excerpt":{"rendered":"<p>\u00d6\u011frenci Kabul, Yatay ve Dikey Ge\u00e7i\u015f, Yandal, \u00c7ift Anadal ve Mezuniyet Ko\u015fullar\u0131na ili\u015fkin i\u015flemler, Y\u00fcksek\u00f6\u011fretim Kurulu ve Atat\u00fcrk \u00dcniversitesi\u2019nin y\u00fcr\u00fcrl\u00fckteki e\u011fitim-\u00f6\u011fretim mevzuat\u0131na uygun olarak ger\u00e7ekle\u015ftirilmektedir. Fak\u00fcltemiz ve b\u00f6l\u00fcm\u00fcm\u00fczde bu alanlarda \u00f6zel bir istisna uygulanmamaktad\u0131r. G\u00fcncel mevzuat ve detayl\u0131 bilgi i\u00e7in bkz.: https:\/\/atauni.edu.tr\/egitim-ogretim-mevzuati-9 Felsefe B\u00f6l\u00fcm\u00fc \u00c7ift Anadal ve Yandal Protokolleri \u0130le \u0130lgili Haber \u0130\u00e7in T\u0131klay\u0131n\u0131z&#8230;<\/p>\n","protected":false},"author":94,"featured_media":0,"parent":0,"menu_order":0,"comment_status":"closed","ping_status":"closed","template":"","meta":{"footnotes":""},"class_list":["post-7512","page","type-page","status-publish","hentry"],"_links":{"self":[{"href":"https:\/\/atauni.edu.tr\/felsefe\/wp-json\/wp\/v2\/pages\/7512","targetHints":{"allow":["GET"]}}],"collection":[{"href":"https:\/\/atauni.edu.tr\/felsefe\/wp-json\/wp\/v2\/pages"}],"about":[{"href":"https:\/\/atauni.edu.tr\/felsefe\/wp-json\/wp\/v2\/types\/page"}],"author":[{"embeddable":true,"href":"https:\/\/atauni.edu.tr\/felsefe\/wp-json\/wp\/v2\/users\/94"}],"replies":[{"embeddable":true,"href":"https:\/\/atauni.edu.tr\/felsefe\/wp-json\/wp\/v2\/comments?post=7512"}],"version-history":[{"count":4,"href":"https:\/\/atauni.edu.tr\/felsefe\/wp-json\/wp\/v2\/pages\/7512\/revisions"}],"predecessor-version":[{"id":7531,"href":"https:\/\/atauni.edu.tr\/felsefe\/wp-json\/wp\/v2\/pages\/7512\/revisions\/7531"}],"wp:attachment":[{"href":"https:\/\/atauni.edu.tr\/felsefe\/wp-json\/wp\/v2\/media?parent=7512"}],"curies":[{"name":"wp","href":"https:\/\/api.w.org\/{rel}","templated":true}]}}