{"id":7515,"date":"2025-11-24T01:55:07","date_gmt":"2025-11-23T22:55:07","guid":{"rendered":"https:\/\/birimler.atauni.edu.tr\/felsefe\/?page_id=7515"},"modified":"2025-11-24T02:40:18","modified_gmt":"2025-11-23T23:40:18","slug":"oryantasyon-programi","status":"publish","type":"page","link":"https:\/\/atauni.edu.tr\/felsefe\/oryantasyon-programi\/","title":{"rendered":"Oryantasyon Program\u0131"},"content":{"rendered":"\t\t<div data-elementor-type=\"wp-page\" data-elementor-id=\"7515\" class=\"elementor elementor-7515\" data-elementor-post-type=\"page\">\n\t\t\t\t\t\t<section class=\"elementor-section elementor-top-section elementor-element elementor-element-9ba6fcd elementor-section-boxed elementor-section-height-default elementor-section-height-default\" data-id=\"9ba6fcd\" data-element_type=\"section\">\n\t\t\t\t\t\t<div class=\"elementor-container elementor-column-gap-default\">\n\t\t\t\t\t<div class=\"elementor-column elementor-col-100 elementor-top-column elementor-element elementor-element-f432fe5\" data-id=\"f432fe5\" data-element_type=\"column\">\n\t\t\t<div class=\"elementor-widget-wrap elementor-element-populated\">\n\t\t\t\t\t\t<div class=\"elementor-element elementor-element-4fa2bd9 elementor-widget elementor-widget-text-editor\" data-id=\"4fa2bd9\" data-element_type=\"widget\" data-widget_type=\"text-editor.default\">\n\t\t\t\t<div class=\"elementor-widget-container\">\n\t\t\t\t\t\t\t\t\t<p><a href=\"https:\/\/birimler.atauni.edu.tr\/felsefe\/2023\/10\/06\/oryantasyon-programi-kapsaminda-bolum-tanitimi\/\"><strong>2023 B\u00f6l\u00fcm Tan\u0131t\u0131m<\/strong><\/a><\/p><p><strong><a href=\"https:\/\/birimler.atauni.edu.tr\/felsefe\/2023\/10\/13\/felsefe-bolumu-oryantasyon-programi\/\">2023 Birim Oryantasyon Program\u0131<\/a><\/strong><\/p><p><a href=\"https:\/\/birimler.atauni.edu.tr\/felsefe\/2024\/10\/01\/oryantasyon-programlari-kapsaminda-bolum-tanitimi\/\"><strong>2024 B\u00f6l\u00fcm Tan\u0131t\u0131m<\/strong><\/a><\/p><p><a href=\"https:\/\/birimler.atauni.edu.tr\/felsefe\/2024\/10\/18\/2024-2024-ogretim-yili-birim-oryantasyon-programi\/\"><strong>2024 Birim Oryantasyon Program\u0131<\/strong><\/a><\/p><p><a href=\"https:\/\/birimler.atauni.edu.tr\/felsefe\/2025\/10\/06\/2025-2026-ogretim-yili-birim-oryantasyon-programi\/\"><strong>2025 Birim Oryantasyon Program\u0131<\/strong><\/a><\/p>\t\t\t\t\t\t\t\t<\/div>\n\t\t\t\t<\/div>\n\t\t\t\t\t<\/div>\n\t\t<\/div>\n\t\t\t\t\t<\/div>\n\t\t<\/section>\n\t\t\t\t<\/div>\n\t\t","protected":false},"excerpt":{"rendered":"<p>2023 B\u00f6l\u00fcm Tan\u0131t\u0131m 2023 Birim Oryantasyon Program\u0131 2024 B\u00f6l\u00fcm Tan\u0131t\u0131m 2024 Birim Oryantasyon Program\u0131 2025 Birim Oryantasyon Program\u0131<\/p>\n","protected":false},"author":94,"featured_media":0,"parent":0,"menu_order":0,"comment_status":"closed","ping_status":"closed","template":"","meta":{"footnotes":""},"class_list":["post-7515","page","type-page","status-publish","hentry"],"_links":{"self":[{"href":"https:\/\/atauni.edu.tr\/felsefe\/wp-json\/wp\/v2\/pages\/7515","targetHints":{"allow":["GET"]}}],"collection":[{"href":"https:\/\/atauni.edu.tr\/felsefe\/wp-json\/wp\/v2\/pages"}],"about":[{"href":"https:\/\/atauni.edu.tr\/felsefe\/wp-json\/wp\/v2\/types\/page"}],"author":[{"embeddable":true,"href":"https:\/\/atauni.edu.tr\/felsefe\/wp-json\/wp\/v2\/users\/94"}],"replies":[{"embeddable":true,"href":"https:\/\/atauni.edu.tr\/felsefe\/wp-json\/wp\/v2\/comments?post=7515"}],"version-history":[{"count":7,"href":"https:\/\/atauni.edu.tr\/felsefe\/wp-json\/wp\/v2\/pages\/7515\/revisions"}],"predecessor-version":[{"id":7544,"href":"https:\/\/atauni.edu.tr\/felsefe\/wp-json\/wp\/v2\/pages\/7515\/revisions\/7544"}],"wp:attachment":[{"href":"https:\/\/atauni.edu.tr\/felsefe\/wp-json\/wp\/v2\/media?parent=7515"}],"curies":[{"name":"wp","href":"https:\/\/api.w.org\/{rel}","templated":true}]}}