{"id":7518,"date":"2025-11-24T01:56:49","date_gmt":"2025-11-23T22:56:49","guid":{"rendered":"https:\/\/birimler.atauni.edu.tr\/felsefe\/?page_id=7518"},"modified":"2025-11-24T02:32:53","modified_gmt":"2025-11-23T23:32:53","slug":"dezavantajli-ogrenciler-icin-iyilestirme-uygulamalari","status":"publish","type":"page","link":"https:\/\/atauni.edu.tr\/felsefe\/dezavantajli-ogrenciler-icin-iyilestirme-uygulamalari\/","title":{"rendered":"Dezavantajl\u0131 \u00d6\u011frenciler \u0130\u00e7in \u0130yile\u015ftirme Uygulamalar\u0131"},"content":{"rendered":"\t\t<div data-elementor-type=\"wp-page\" data-elementor-id=\"7518\" class=\"elementor elementor-7518\" data-elementor-post-type=\"page\">\n\t\t\t\t\t\t<section class=\"elementor-section elementor-top-section elementor-element elementor-element-f0115a5 elementor-section-boxed elementor-section-height-default elementor-section-height-default\" data-id=\"f0115a5\" data-element_type=\"section\">\n\t\t\t\t\t\t<div class=\"elementor-container elementor-column-gap-default\">\n\t\t\t\t\t<div class=\"elementor-column elementor-col-100 elementor-top-column elementor-element elementor-element-e3b6d72\" data-id=\"e3b6d72\" data-element_type=\"column\">\n\t\t\t<div class=\"elementor-widget-wrap elementor-element-populated\">\n\t\t\t\t\t\t<div class=\"elementor-element elementor-element-5b6bc17 elementor-widget elementor-widget-text-editor\" data-id=\"5b6bc17\" data-element_type=\"widget\" data-widget_type=\"text-editor.default\">\n\t\t\t\t<div class=\"elementor-widget-container\">\n\t\t\t\t\t\t\t\t\t<p><strong>Engelli \u00d6\u011frenci Birimi<\/strong><\/p><p>\u00dcniversitemizin bu biriminin amac\u0131, engelli \u00f6\u011frencilerin y\u00fcksek\u00f6\u011frenim ya\u015fant\u0131lar\u0131 boyunca kar\u015f\u0131la\u015facaklar\u0131 zorluklar\u0131 en aza indirmek ve engellerin ortadan kald\u0131r\u0131lmas\u0131nda ilgili taraflar aras\u0131nda i\u015fbirli\u011fi sa\u011flamakt\u0131r. Birim engelli \u00f6\u011frencilerin yan\u0131 s\u0131ra \u00f6\u011fretim elemanlar\u0131 ve personele de hizmet vermektedir. Birimin \u00f6ncelikli ama\u00e7lar\u0131 aras\u0131nda \u2018engellilik\u2019 konusunda fark\u0131ndal\u0131k ve kayna\u015ft\u0131rma gelmektedir. \u0130leti\u015fim bilgilerimizden yararlanarak istedi\u011finiz konuyu istedi\u011finiz anda bizlerle payla\u015fabilirsiniz.<\/p><p><strong>Fak\u00fclte \u00d6nlemleri<\/strong><\/p><p>Fak\u00fclte binas\u0131, engellilere sunulan imkanlar a\u00e7\u0131s\u0131ndan d\u00fcnya standartlar\u0131n\u0131 yakalam\u0131\u015f durumdad\u0131r. G\u00f6rme engelliler i\u00e7in, zemin d\u00fczenlemeleri uygun hale getirilmi\u015ftir. Ortopedik ve g\u00f6rme engelliler i\u00e7in \u00f6zel asans\u00f6rler, merdiven yanlar\u0131nda rampalar bulunmaktad\u0131r. Ayr\u0131ca, engelli tuvaletleri, her t\u00fcrl\u00fc engellinin ihtiya\u00e7lar\u0131n\u0131 kar\u015f\u0131lamaya uygun bir \u015fekilde donan\u0131ml\u0131 hale getirilmi\u015ftir. Hi\u00e7bir engelli, engelsiz bir bireyin ihtiya\u00e7 duydu\u011fundan daha fazlas\u0131na bu anlamda ihtiya\u00e7 duymamaktad\u0131r.<\/p><p><strong>B\u00f6l\u00fcm\u00fcm\u00fczde Dezavantajl\u0131 \u00d6\u011frenciler \u0130\u00e7in Ger\u00e7ekle\u015ftirilen &#8220;Engelsiz Felsefe&#8221; Projesine Ula\u015fmak \u0130\u00e7in <a href=\"https:\/\/birimler.atauni.edu.tr\/felsefe\/2025\/07\/28\/engelsiz-felsefe-projesi\/\">T\u0131klay\u0131n&#8230;<\/a><\/strong><\/p>\t\t\t\t\t\t\t\t<\/div>\n\t\t\t\t<\/div>\n\t\t\t\t\t<\/div>\n\t\t<\/div>\n\t\t\t\t\t<\/div>\n\t\t<\/section>\n\t\t\t\t<\/div>\n\t\t","protected":false},"excerpt":{"rendered":"<p>Engelli \u00d6\u011frenci Birimi \u00dcniversitemizin bu biriminin amac\u0131, engelli \u00f6\u011frencilerin y\u00fcksek\u00f6\u011frenim ya\u015fant\u0131lar\u0131 boyunca kar\u015f\u0131la\u015facaklar\u0131 zorluklar\u0131 en aza indirmek ve engellerin ortadan kald\u0131r\u0131lmas\u0131nda ilgili taraflar aras\u0131nda i\u015fbirli\u011fi sa\u011flamakt\u0131r. Birim engelli \u00f6\u011frencilerin yan\u0131 s\u0131ra \u00f6\u011fretim elemanlar\u0131 ve personele de hizmet vermektedir. Birimin \u00f6ncelikli ama\u00e7lar\u0131 aras\u0131nda \u2018engellilik\u2019 konusunda fark\u0131ndal\u0131k ve kayna\u015ft\u0131rma gelmektedir. \u0130leti\u015fim bilgilerimizden yararlanarak istedi\u011finiz konuyu istedi\u011finiz anda [&hellip;]<\/p>\n","protected":false},"author":94,"featured_media":0,"parent":0,"menu_order":0,"comment_status":"closed","ping_status":"closed","template":"","meta":{"footnotes":""},"class_list":["post-7518","page","type-page","status-publish","hentry"],"_links":{"self":[{"href":"https:\/\/atauni.edu.tr\/felsefe\/wp-json\/wp\/v2\/pages\/7518","targetHints":{"allow":["GET"]}}],"collection":[{"href":"https:\/\/atauni.edu.tr\/felsefe\/wp-json\/wp\/v2\/pages"}],"about":[{"href":"https:\/\/atauni.edu.tr\/felsefe\/wp-json\/wp\/v2\/types\/page"}],"author":[{"embeddable":true,"href":"https:\/\/atauni.edu.tr\/felsefe\/wp-json\/wp\/v2\/users\/94"}],"replies":[{"embeddable":true,"href":"https:\/\/atauni.edu.tr\/felsefe\/wp-json\/wp\/v2\/comments?post=7518"}],"version-history":[{"count":4,"href":"https:\/\/atauni.edu.tr\/felsefe\/wp-json\/wp\/v2\/pages\/7518\/revisions"}],"predecessor-version":[{"id":7538,"href":"https:\/\/atauni.edu.tr\/felsefe\/wp-json\/wp\/v2\/pages\/7518\/revisions\/7538"}],"wp:attachment":[{"href":"https:\/\/atauni.edu.tr\/felsefe\/wp-json\/wp\/v2\/media?parent=7518"}],"curies":[{"name":"wp","href":"https:\/\/api.w.org\/{rel}","templated":true}]}}