{"id":7548,"date":"2025-11-24T02:54:06","date_gmt":"2025-11-23T23:54:06","guid":{"rendered":"https:\/\/birimler.atauni.edu.tr\/felsefe\/?page_id=7548"},"modified":"2025-11-24T03:05:18","modified_gmt":"2025-11-24T00:05:18","slug":"dis-paydas-toplanti-tutanaklari","status":"publish","type":"page","link":"https:\/\/atauni.edu.tr\/felsefe\/dis-paydas-toplanti-tutanaklari\/","title":{"rendered":"\u0130\u00e7 ve D\u0131\u015f Payda\u015f Toplant\u0131 Tutanaklar\u0131"},"content":{"rendered":"\t\t<div data-elementor-type=\"wp-page\" data-elementor-id=\"7548\" class=\"elementor elementor-7548\" data-elementor-post-type=\"page\">\n\t\t\t\t\t\t<section class=\"elementor-section elementor-top-section elementor-element elementor-element-678bb1d elementor-section-boxed elementor-section-height-default elementor-section-height-default\" data-id=\"678bb1d\" data-element_type=\"section\">\n\t\t\t\t\t\t<div class=\"elementor-container elementor-column-gap-default\">\n\t\t\t\t\t<div class=\"elementor-column elementor-col-100 elementor-top-column elementor-element elementor-element-cf15444\" data-id=\"cf15444\" data-element_type=\"column\">\n\t\t\t<div class=\"elementor-widget-wrap elementor-element-populated\">\n\t\t\t\t\t\t<div class=\"elementor-element elementor-element-a0d12e5 elementor-widget elementor-widget-image\" data-id=\"a0d12e5\" data-element_type=\"widget\" data-widget_type=\"image.default\">\n\t\t\t\t<div class=\"elementor-widget-container\">\n\t\t\t\t\t\t\t\t\t\t\t\t\t\t\t<img fetchpriority=\"high\" decoding=\"async\" width=\"359\" height=\"661\" src=\"https:\/\/atauni.edu.tr\/felsefe\/wp-content\/uploads\/sites\/106\/2025\/11\/1.png\" class=\"attachment-large size-large wp-image-7550\" alt=\"\" srcset=\"https:\/\/atauni.edu.tr\/felsefe\/wp-content\/uploads\/sites\/106\/2025\/11\/1.png 359w, https:\/\/atauni.edu.tr\/felsefe\/wp-content\/uploads\/sites\/106\/2025\/11\/1-163x300.png 163w, https:\/\/atauni.edu.tr\/felsefe\/wp-content\/uploads\/sites\/106\/2025\/11\/1-326x600.png 326w, https:\/\/atauni.edu.tr\/felsefe\/wp-content\/uploads\/sites\/106\/2025\/11\/1-304x560.png 304w\" sizes=\"(max-width: 359px) 100vw, 359px\" \/>\t\t\t\t\t\t\t\t\t\t\t\t\t\t\t<\/div>\n\t\t\t\t<\/div>\n\t\t\t\t\t<\/div>\n\t\t<\/div>\n\t\t\t\t\t<\/div>\n\t\t<\/section>\n\t\t\t\t<section class=\"elementor-section elementor-top-section elementor-element elementor-element-1e94bda elementor-section-boxed elementor-section-height-default elementor-section-height-default\" data-id=\"1e94bda\" data-element_type=\"section\">\n\t\t\t\t\t\t<div class=\"elementor-container elementor-column-gap-default\">\n\t\t\t\t\t<div class=\"elementor-column elementor-col-100 elementor-top-column elementor-element elementor-element-bb52764\" data-id=\"bb52764\" data-element_type=\"column\">\n\t\t\t<div class=\"elementor-widget-wrap elementor-element-populated\">\n\t\t\t\t\t\t<div class=\"elementor-element elementor-element-8e667cb elementor-widget elementor-widget-image\" data-id=\"8e667cb\" data-element_type=\"widget\" data-widget_type=\"image.default\">\n\t\t\t\t<div class=\"elementor-widget-container\">\n\t\t\t\t\t\t\t\t\t\t\t\t\t\t\t<img decoding=\"async\" width=\"454\" height=\"650\" src=\"https:\/\/atauni.edu.tr\/felsefe\/wp-content\/uploads\/sites\/106\/2025\/11\/2.png\" class=\"attachment-large size-large wp-image-7551\" alt=\"\" srcset=\"https:\/\/atauni.edu.tr\/felsefe\/wp-content\/uploads\/sites\/106\/2025\/11\/2.png 454w, https:\/\/atauni.edu.tr\/felsefe\/wp-content\/uploads\/sites\/106\/2025\/11\/2-210x300.png 210w, https:\/\/atauni.edu.tr\/felsefe\/wp-content\/uploads\/sites\/106\/2025\/11\/2-419x600.png 419w, https:\/\/atauni.edu.tr\/felsefe\/wp-content\/uploads\/sites\/106\/2025\/11\/2-391x560.png 391w\" sizes=\"(max-width: 454px) 100vw, 454px\" \/>\t\t\t\t\t\t\t\t\t\t\t\t\t\t\t<\/div>\n\t\t\t\t<\/div>\n\t\t\t\t\t<\/div>\n\t\t<\/div>\n\t\t\t\t\t<\/div>\n\t\t<\/section>\n\t\t\t\t<section class=\"elementor-section elementor-top-section elementor-element elementor-element-f47957f elementor-section-boxed elementor-section-height-default elementor-section-height-default\" data-id=\"f47957f\" data-element_type=\"section\">\n\t\t\t\t\t\t<div class=\"elementor-container elementor-column-gap-default\">\n\t\t\t\t\t<div class=\"elementor-column elementor-col-100 elementor-top-column elementor-element elementor-element-2b9658a\" data-id=\"2b9658a\" data-element_type=\"column\">\n\t\t\t<div class=\"elementor-widget-wrap elementor-element-populated\">\n\t\t\t\t\t\t<div class=\"elementor-element elementor-element-3ffda10 elementor-widget elementor-widget-image\" data-id=\"3ffda10\" data-element_type=\"widget\" data-widget_type=\"image.default\">\n\t\t\t\t<div class=\"elementor-widget-container\">\n\t\t\t\t\t\t\t\t\t\t\t\t\t\t\t<img decoding=\"async\" width=\"406\" height=\"698\" src=\"https:\/\/atauni.edu.tr\/felsefe\/wp-content\/uploads\/sites\/106\/2025\/11\/3.png\" class=\"attachment-large size-large wp-image-7552\" alt=\"\" srcset=\"https:\/\/atauni.edu.tr\/felsefe\/wp-content\/uploads\/sites\/106\/2025\/11\/3.png 406w, https:\/\/atauni.edu.tr\/felsefe\/wp-content\/uploads\/sites\/106\/2025\/11\/3-174x300.png 174w, https:\/\/atauni.edu.tr\/felsefe\/wp-content\/uploads\/sites\/106\/2025\/11\/3-349x600.png 349w, https:\/\/atauni.edu.tr\/felsefe\/wp-content\/uploads\/sites\/106\/2025\/11\/3-326x560.png 326w\" sizes=\"(max-width: 406px) 100vw, 406px\" \/>\t\t\t\t\t\t\t\t\t\t\t\t\t\t\t<\/div>\n\t\t\t\t<\/div>\n\t\t\t\t\t<\/div>\n\t\t<\/div>\n\t\t\t\t\t<\/div>\n\t\t<\/section>\n\t\t\t\t<section class=\"elementor-section elementor-top-section elementor-element elementor-element-dfb6c56 elementor-section-boxed elementor-section-height-default elementor-section-height-default\" data-id=\"dfb6c56\" data-element_type=\"section\">\n\t\t\t\t\t\t<div class=\"elementor-container elementor-column-gap-default\">\n\t\t\t\t\t<div class=\"elementor-column elementor-col-100 elementor-top-column elementor-element elementor-element-5886861\" data-id=\"5886861\" data-element_type=\"column\">\n\t\t\t<div class=\"elementor-widget-wrap elementor-element-populated\">\n\t\t\t\t\t\t<div class=\"elementor-element elementor-element-3f08d7e elementor-widget elementor-widget-image\" data-id=\"3f08d7e\" data-element_type=\"widget\" data-widget_type=\"image.default\">\n\t\t\t\t<div class=\"elementor-widget-container\">\n\t\t\t\t\t\t\t\t\t\t\t\t\t\t\t<img loading=\"lazy\" decoding=\"async\" width=\"477\" height=\"674\" src=\"https:\/\/atauni.edu.tr\/felsefe\/wp-content\/uploads\/sites\/106\/2025\/11\/4.png\" class=\"attachment-large size-large wp-image-7553\" alt=\"\" srcset=\"https:\/\/atauni.edu.tr\/felsefe\/wp-content\/uploads\/sites\/106\/2025\/11\/4.png 477w, https:\/\/atauni.edu.tr\/felsefe\/wp-content\/uploads\/sites\/106\/2025\/11\/4-212x300.png 212w, https:\/\/atauni.edu.tr\/felsefe\/wp-content\/uploads\/sites\/106\/2025\/11\/4-425x600.png 425w, https:\/\/atauni.edu.tr\/felsefe\/wp-content\/uploads\/sites\/106\/2025\/11\/4-396x560.png 396w\" sizes=\"(max-width: 477px) 100vw, 477px\" \/>\t\t\t\t\t\t\t\t\t\t\t\t\t\t\t<\/div>\n\t\t\t\t<\/div>\n\t\t\t\t\t<\/div>\n\t\t<\/div>\n\t\t\t\t\t<\/div>\n\t\t<\/section>\n\t\t\t\t<section class=\"elementor-section elementor-top-section elementor-element elementor-element-6f371a6 elementor-section-boxed elementor-section-height-default elementor-section-height-default\" data-id=\"6f371a6\" data-element_type=\"section\">\n\t\t\t\t\t\t<div class=\"elementor-container elementor-column-gap-default\">\n\t\t\t\t\t<div class=\"elementor-column elementor-col-100 elementor-top-column elementor-element elementor-element-6c452ca\" data-id=\"6c452ca\" data-element_type=\"column\">\n\t\t\t<div class=\"elementor-widget-wrap elementor-element-populated\">\n\t\t\t\t\t\t<div class=\"elementor-element elementor-element-0794280 elementor-widget elementor-widget-image\" data-id=\"0794280\" data-element_type=\"widget\" data-widget_type=\"image.default\">\n\t\t\t\t<div class=\"elementor-widget-container\">\n\t\t\t\t\t\t\t\t\t\t\t\t\t\t\t<img loading=\"lazy\" decoding=\"async\" width=\"410\" height=\"701\" src=\"https:\/\/atauni.edu.tr\/felsefe\/wp-content\/uploads\/sites\/106\/2025\/11\/5.png\" class=\"attachment-large size-large wp-image-7554\" alt=\"\" srcset=\"https:\/\/atauni.edu.tr\/felsefe\/wp-content\/uploads\/sites\/106\/2025\/11\/5.png 410w, https:\/\/atauni.edu.tr\/felsefe\/wp-content\/uploads\/sites\/106\/2025\/11\/5-175x300.png 175w, https:\/\/atauni.edu.tr\/felsefe\/wp-content\/uploads\/sites\/106\/2025\/11\/5-351x600.png 351w, https:\/\/atauni.edu.tr\/felsefe\/wp-content\/uploads\/sites\/106\/2025\/11\/5-328x560.png 328w\" sizes=\"(max-width: 410px) 100vw, 410px\" \/>\t\t\t\t\t\t\t\t\t\t\t\t\t\t\t<\/div>\n\t\t\t\t<\/div>\n\t\t\t\t\t<\/div>\n\t\t<\/div>\n\t\t\t\t\t<\/div>\n\t\t<\/section>\n\t\t\t\t<section class=\"elementor-section elementor-top-section elementor-element elementor-element-fab1cf0 elementor-section-boxed elementor-section-height-default elementor-section-height-default\" data-id=\"fab1cf0\" data-element_type=\"section\">\n\t\t\t\t\t\t<div class=\"elementor-container elementor-column-gap-default\">\n\t\t\t\t\t<div class=\"elementor-column elementor-col-100 elementor-top-column elementor-element elementor-element-b698beb\" data-id=\"b698beb\" data-element_type=\"column\">\n\t\t\t<div class=\"elementor-widget-wrap elementor-element-populated\">\n\t\t\t\t\t\t<div class=\"elementor-element elementor-element-875c4d4 elementor-widget elementor-widget-image\" data-id=\"875c4d4\" data-element_type=\"widget\" data-widget_type=\"image.default\">\n\t\t\t\t<div class=\"elementor-widget-container\">\n\t\t\t\t\t\t\t\t\t\t\t\t\t\t\t<img loading=\"lazy\" decoding=\"async\" width=\"408\" height=\"644\" src=\"https:\/\/atauni.edu.tr\/felsefe\/wp-content\/uploads\/sites\/106\/2025\/11\/6.png\" class=\"attachment-large size-large wp-image-7555\" alt=\"\" srcset=\"https:\/\/atauni.edu.tr\/felsefe\/wp-content\/uploads\/sites\/106\/2025\/11\/6.png 408w, https:\/\/atauni.edu.tr\/felsefe\/wp-content\/uploads\/sites\/106\/2025\/11\/6-190x300.png 190w, https:\/\/atauni.edu.tr\/felsefe\/wp-content\/uploads\/sites\/106\/2025\/11\/6-380x600.png 380w, https:\/\/atauni.edu.tr\/felsefe\/wp-content\/uploads\/sites\/106\/2025\/11\/6-355x560.png 355w\" sizes=\"(max-width: 408px) 100vw, 408px\" \/>\t\t\t\t\t\t\t\t\t\t\t\t\t\t\t<\/div>\n\t\t\t\t<\/div>\n\t\t\t\t\t<\/div>\n\t\t<\/div>\n\t\t\t\t\t<\/div>\n\t\t<\/section>\n\t\t\t\t<\/div>\n\t\t","protected":false},"excerpt":{"rendered":"","protected":false},"author":94,"featured_media":0,"parent":0,"menu_order":0,"comment_status":"closed","ping_status":"closed","template":"","meta":{"footnotes":""},"class_list":["post-7548","page","type-page","status-publish","hentry"],"_links":{"self":[{"href":"https:\/\/atauni.edu.tr\/felsefe\/wp-json\/wp\/v2\/pages\/7548","targetHints":{"allow":["GET"]}}],"collection":[{"href":"https:\/\/atauni.edu.tr\/felsefe\/wp-json\/wp\/v2\/pages"}],"about":[{"href":"https:\/\/atauni.edu.tr\/felsefe\/wp-json\/wp\/v2\/types\/page"}],"author":[{"embeddable":true,"href":"https:\/\/atauni.edu.tr\/felsefe\/wp-json\/wp\/v2\/users\/94"}],"replies":[{"embeddable":true,"href":"https:\/\/atauni.edu.tr\/felsefe\/wp-json\/wp\/v2\/comments?post=7548"}],"version-history":[{"count":5,"href":"https:\/\/atauni.edu.tr\/felsefe\/wp-json\/wp\/v2\/pages\/7548\/revisions"}],"predecessor-version":[{"id":7559,"href":"https:\/\/atauni.edu.tr\/felsefe\/wp-json\/wp\/v2\/pages\/7548\/revisions\/7559"}],"wp:attachment":[{"href":"https:\/\/atauni.edu.tr\/felsefe\/wp-json\/wp\/v2\/media?parent=7548"}],"curies":[{"name":"wp","href":"https:\/\/api.w.org\/{rel}","templated":true}]}}