{"id":7565,"date":"2025-11-24T03:13:36","date_gmt":"2025-11-24T00:13:36","guid":{"rendered":"https:\/\/birimler.atauni.edu.tr\/felsefe\/?page_id=7565"},"modified":"2025-11-24T03:25:09","modified_gmt":"2025-11-24T00:25:09","slug":"bolum-rehberi","status":"publish","type":"page","link":"https:\/\/atauni.edu.tr\/felsefe\/bolum-rehberi\/","title":{"rendered":"B\u00f6l\u00fcm Rehberi"},"content":{"rendered":"\t\t<div data-elementor-type=\"wp-page\" data-elementor-id=\"7565\" class=\"elementor elementor-7565\" data-elementor-post-type=\"page\">\n\t\t\t\t\t\t<section class=\"elementor-section elementor-top-section elementor-element elementor-element-70c179c elementor-section-boxed elementor-section-height-default elementor-section-height-default\" data-id=\"70c179c\" data-element_type=\"section\">\n\t\t\t\t\t\t<div class=\"elementor-container elementor-column-gap-default\">\n\t\t\t\t\t<div class=\"elementor-column elementor-col-100 elementor-top-column elementor-element elementor-element-458aab7\" data-id=\"458aab7\" data-element_type=\"column\">\n\t\t\t<div class=\"elementor-widget-wrap elementor-element-populated\">\n\t\t\t\t\t\t<div class=\"elementor-element elementor-element-c84b37c elementor-widget elementor-widget-text-editor\" data-id=\"c84b37c\" data-element_type=\"widget\" data-widget_type=\"text-editor.default\">\n\t\t\t\t<div class=\"elementor-widget-container\">\n\t\t\t\t\t\t\t\t\t<p><a href=\"https:\/\/birimler.atauni.edu.tr\/felsefe\/bo%cc%88lu%cc%88m-tanitimi-2\/\" rel=\"attachment wp-att-7579\">Bo\u0308lu\u0308m Tan\u0131t\u0131m\u0131<\/a><\/p>\t\t\t\t\t\t\t\t<\/div>\n\t\t\t\t<\/div>\n\t\t\t\t\t<\/div>\n\t\t<\/div>\n\t\t\t\t\t<\/div>\n\t\t<\/section>\n\t\t\t\t<\/div>\n\t\t","protected":false},"excerpt":{"rendered":"<p>Bo\u0308lu\u0308m Tan\u0131t\u0131m\u0131<\/p>\n","protected":false},"author":94,"featured_media":0,"parent":0,"menu_order":0,"comment_status":"closed","ping_status":"closed","template":"","meta":{"footnotes":""},"class_list":["post-7565","page","type-page","status-publish","hentry"],"_links":{"self":[{"href":"https:\/\/atauni.edu.tr\/felsefe\/wp-json\/wp\/v2\/pages\/7565","targetHints":{"allow":["GET"]}}],"collection":[{"href":"https:\/\/atauni.edu.tr\/felsefe\/wp-json\/wp\/v2\/pages"}],"about":[{"href":"https:\/\/atauni.edu.tr\/felsefe\/wp-json\/wp\/v2\/types\/page"}],"author":[{"embeddable":true,"href":"https:\/\/atauni.edu.tr\/felsefe\/wp-json\/wp\/v2\/users\/94"}],"replies":[{"embeddable":true,"href":"https:\/\/atauni.edu.tr\/felsefe\/wp-json\/wp\/v2\/comments?post=7565"}],"version-history":[{"count":10,"href":"https:\/\/atauni.edu.tr\/felsefe\/wp-json\/wp\/v2\/pages\/7565\/revisions"}],"predecessor-version":[{"id":7582,"href":"https:\/\/atauni.edu.tr\/felsefe\/wp-json\/wp\/v2\/pages\/7565\/revisions\/7582"}],"wp:attachment":[{"href":"https:\/\/atauni.edu.tr\/felsefe\/wp-json\/wp\/v2\/media?parent=7565"}],"curies":[{"name":"wp","href":"https:\/\/api.w.org\/{rel}","templated":true}]}}