{"id":5638,"date":"2021-07-13T09:49:25","date_gmt":"2021-07-13T06:49:25","guid":{"rendered":"https:\/\/portaltest.atauni.edu.tr\/bilgisayar-muhendisligi\/?page_id=5638"},"modified":"2022-05-20T13:58:54","modified_gmt":"2022-05-20T10:58:54","slug":"tarihce","status":"publish","type":"page","link":"https:\/\/atauni.edu.tr\/fen-bilgisi-egitimi-anabilim-dali\/tarihce\/","title":{"rendered":"Tarih\u00e7e"},"content":{"rendered":"\t\t<div data-elementor-type=\"wp-page\" data-elementor-id=\"5638\" class=\"elementor elementor-5638\" data-elementor-post-type=\"page\">\n\t\t\t\t\t\t<section class=\"elementor-section elementor-top-section elementor-element elementor-element-730d320 elementor-section-boxed elementor-section-height-default elementor-section-height-default\" data-id=\"730d320\" data-element_type=\"section\">\n\t\t\t\t\t\t<div class=\"elementor-container elementor-column-gap-default\">\n\t\t\t\t\t<div class=\"elementor-column elementor-col-100 elementor-top-column elementor-element elementor-element-753d0860\" data-id=\"753d0860\" data-element_type=\"column\">\n\t\t\t<div class=\"elementor-widget-wrap\">\n\t\t\t\t\t\t\t<\/div>\n\t\t<\/div>\n\t\t\t\t\t<\/div>\n\t\t<\/section>\n\t\t\t\t<section class=\"elementor-section elementor-top-section elementor-element elementor-element-9be811a elementor-section-boxed elementor-section-height-default elementor-section-height-default\" data-id=\"9be811a\" data-element_type=\"section\">\n\t\t\t\t\t\t<div class=\"elementor-container elementor-column-gap-default\">\n\t\t\t\t\t<div class=\"elementor-column elementor-col-100 elementor-top-column elementor-element elementor-element-1ed847b7\" data-id=\"1ed847b7\" data-element_type=\"column\">\n\t\t\t<div class=\"elementor-widget-wrap elementor-element-populated\">\n\t\t\t\t\t\t<div class=\"elementor-element elementor-element-4ce0d07f elementor-widget elementor-widget-heading\" data-id=\"4ce0d07f\" data-element_type=\"widget\" data-widget_type=\"heading.default\">\n\t\t\t\t<div class=\"elementor-widget-container\">\n\t\t\t\t\t<h2 class=\"elementor-heading-title elementor-size-default\">Tarih\u00e7e<\/h2>\t\t\t\t<\/div>\n\t\t\t\t<\/div>\n\t\t\t\t<div class=\"elementor-element elementor-element-63260862 elementor-widget-divider--view-line elementor-widget elementor-widget-divider\" data-id=\"63260862\" data-element_type=\"widget\" data-widget_type=\"divider.default\">\n\t\t\t\t<div class=\"elementor-widget-container\">\n\t\t\t\t\t\t\t<div class=\"elementor-divider\">\n\t\t\t<span class=\"elementor-divider-separator\">\n\t\t\t\t\t\t<\/span>\n\t\t<\/div>\n\t\t\t\t\t\t<\/div>\n\t\t\t\t<\/div>\n\t\t\t\t\t<\/div>\n\t\t<\/div>\n\t\t\t\t\t<\/div>\n\t\t<\/section>\n\t\t\t\t<section class=\"elementor-section elementor-top-section elementor-element elementor-element-681db8b elementor-section-boxed elementor-section-height-default elementor-section-height-default\" data-id=\"681db8b\" data-element_type=\"section\">\n\t\t\t\t\t\t<div class=\"elementor-container elementor-column-gap-default\">\n\t\t\t\t\t<div class=\"elementor-column elementor-col-100 elementor-top-column elementor-element elementor-element-ad4dac5\" data-id=\"ad4dac5\" data-element_type=\"column\">\n\t\t\t<div class=\"elementor-widget-wrap elementor-element-populated\">\n\t\t\t\t\t\t<div class=\"elementor-element elementor-element-45743f9 elementor-widget elementor-widget-text-editor\" data-id=\"45743f9\" data-element_type=\"widget\" data-widget_type=\"text-editor.default\">\n\t\t\t\t<div class=\"elementor-widget-container\">\n\t\t\t\t\t\t\t\t\t<p>\u00a0 \u00a0B\u00f6l\u00fcm\u00fcm\u00fcze Fen ve Tabiat Bilgisi ismiyle ilk olarak 1960-1961 y\u0131llar\u0131nda \u00f6\u011frenci al\u0131m\u0131 yap\u0131lmaya ba\u015flanm\u0131\u015f olup\u00a0 1974 y\u0131l\u0131nda Fen ve Tabiat Bilgisi b\u00f6l\u00fcm\u00fcn\u00fcn ad\u0131, Fen Bilgisi olarak de\u011fi\u015ftirilmi\u015ftir. Atat\u00fcrk \u00dcniversitesi Kaz\u0131m Karabekir E\u011fitim Fak\u00fcltesi\u2019ndeki t\u00fcm programlarda oldu\u011fu gibi Fen Bilgisi E\u011fitimi program\u0131nda da, 2006 y\u0131l\u0131na kadar Mart 1998\u2019de Y\u00d6K taraf\u0131ndan \u00e7\u0131kar\u0131lan \u201cE\u011fitim Fak\u00fcltesi \u00d6\u011fretmen Yeti\u015ftirme Lisans Program\u0131\u201d uygulanm\u0131\u015ft\u0131r. Program, \u0130lk\u00f6\u011fretim b\u00f6l\u00fcm\u00fc ad\u0131 alt\u0131nda kurulmu\u015f ve 2016 y\u0131l\u0131ndan sonra Y\u00d6K-D\u00fcnya Bankas\u0131 i\u015fbirli\u011fi ile E\u011fitim Fak\u00fcltelerinin yeniden yap\u0131lanmas\u0131 kapsam\u0131nda Matematik ve Fen Bilimleri E\u011fitimi b\u00f6l\u00fcm\u00fc ad\u0131 alt\u0131nda Fen Bilgisi E\u011fitimi Anabilim Dal\u0131 olarak faaliyetlerini devam ettirmeye ba\u015flam\u0131\u015ft\u0131r. Fen Bilgisi E\u011fitimi program\u0131nda lisans, y\u00fcksek lisans ve doktora d\u00fczeyinde e\u011fitim verilmektedir. 2021 y\u0131l\u0131nda Fen Bilgisi \u00d6\u011fretmenli\u011fi lisans program\u0131m\u0131z E\u011fitim Programlar\u0131 De\u011ferlendirme ve Akreditasyon Derne\u011fi (EPDAD) taraf\u0131ndan 3 y\u0131ll\u0131k akredite edilmi\u015ftir.<\/p>\t\t\t\t\t\t\t\t<\/div>\n\t\t\t\t<\/div>\n\t\t\t\t\t<\/div>\n\t\t<\/div>\n\t\t\t\t\t<\/div>\n\t\t<\/section>\n\t\t\t\t<\/div>\n\t\t","protected":false},"excerpt":{"rendered":"<p>Tarih\u00e7e \u00a0 \u00a0B\u00f6l\u00fcm\u00fcm\u00fcze Fen ve Tabiat Bilgisi ismiyle ilk olarak 1960-1961 y\u0131llar\u0131nda \u00f6\u011frenci al\u0131m\u0131 yap\u0131lmaya ba\u015flanm\u0131\u015f olup\u00a0 1974 y\u0131l\u0131nda Fen ve Tabiat Bilgisi b\u00f6l\u00fcm\u00fcn\u00fcn ad\u0131, Fen Bilgisi olarak de\u011fi\u015ftirilmi\u015ftir. Atat\u00fcrk \u00dcniversitesi Kaz\u0131m Karabekir E\u011fitim Fak\u00fcltesi\u2019ndeki t\u00fcm programlarda oldu\u011fu gibi Fen Bilgisi E\u011fitimi program\u0131nda da, 2006 y\u0131l\u0131na kadar Mart 1998\u2019de Y\u00d6K taraf\u0131ndan \u00e7\u0131kar\u0131lan \u201cE\u011fitim Fak\u00fcltesi \u00d6\u011fretmen [&hellip;]<\/p>\n","protected":false},"author":1,"featured_media":0,"parent":0,"menu_order":0,"comment_status":"closed","ping_status":"closed","template":"","meta":{"footnotes":""},"class_list":["post-5638","page","type-page","status-publish","hentry"],"_links":{"self":[{"href":"https:\/\/atauni.edu.tr\/fen-bilgisi-egitimi-anabilim-dali\/wp-json\/wp\/v2\/pages\/5638","targetHints":{"allow":["GET"]}}],"collection":[{"href":"https:\/\/atauni.edu.tr\/fen-bilgisi-egitimi-anabilim-dali\/wp-json\/wp\/v2\/pages"}],"about":[{"href":"https:\/\/atauni.edu.tr\/fen-bilgisi-egitimi-anabilim-dali\/wp-json\/wp\/v2\/types\/page"}],"author":[{"embeddable":true,"href":"https:\/\/atauni.edu.tr\/fen-bilgisi-egitimi-anabilim-dali\/wp-json\/wp\/v2\/users\/1"}],"replies":[{"embeddable":true,"href":"https:\/\/atauni.edu.tr\/fen-bilgisi-egitimi-anabilim-dali\/wp-json\/wp\/v2\/comments?post=5638"}],"version-history":[{"count":28,"href":"https:\/\/atauni.edu.tr\/fen-bilgisi-egitimi-anabilim-dali\/wp-json\/wp\/v2\/pages\/5638\/revisions"}],"predecessor-version":[{"id":6195,"href":"https:\/\/atauni.edu.tr\/fen-bilgisi-egitimi-anabilim-dali\/wp-json\/wp\/v2\/pages\/5638\/revisions\/6195"}],"wp:attachment":[{"href":"https:\/\/atauni.edu.tr\/fen-bilgisi-egitimi-anabilim-dali\/wp-json\/wp\/v2\/media?parent=5638"}],"curies":[{"name":"wp","href":"https:\/\/api.w.org\/{rel}","templated":true}]}}