{"id":5682,"date":"2021-07-13T10:10:01","date_gmt":"2021-07-13T07:10:01","guid":{"rendered":"https:\/\/portaltest.atauni.edu.tr\/bilgisayar-muhendisligi\/?page_id=5682"},"modified":"2022-05-20T13:34:08","modified_gmt":"2022-05-20T10:34:08","slug":"misyon-vizyon-ve-temel-degerler","status":"publish","type":"page","link":"https:\/\/atauni.edu.tr\/fen-bilgisi-egitimi-anabilim-dali\/misyon-vizyon-ve-temel-degerler\/","title":{"rendered":"Misyon, Vizyon ve Temel De\u011ferler"},"content":{"rendered":"\t\t<div data-elementor-type=\"wp-page\" data-elementor-id=\"5682\" class=\"elementor elementor-5682\" data-elementor-post-type=\"page\">\n\t\t\t\t\t\t<section class=\"elementor-section elementor-top-section elementor-element elementor-element-730d320 elementor-section-boxed elementor-section-height-default elementor-section-height-default\" data-id=\"730d320\" data-element_type=\"section\">\n\t\t\t\t\t\t<div class=\"elementor-container elementor-column-gap-default\">\n\t\t\t\t\t<div class=\"elementor-column elementor-col-100 elementor-top-column elementor-element elementor-element-753d0860\" data-id=\"753d0860\" data-element_type=\"column\">\n\t\t\t<div class=\"elementor-widget-wrap\">\n\t\t\t\t\t\t\t<\/div>\n\t\t<\/div>\n\t\t\t\t\t<\/div>\n\t\t<\/section>\n\t\t\t\t<section class=\"elementor-section elementor-top-section elementor-element elementor-element-9be811a elementor-section-boxed elementor-section-height-default elementor-section-height-default\" data-id=\"9be811a\" data-element_type=\"section\">\n\t\t\t\t\t\t<div class=\"elementor-container elementor-column-gap-default\">\n\t\t\t\t\t<div class=\"elementor-column elementor-col-100 elementor-top-column elementor-element elementor-element-1ed847b7\" data-id=\"1ed847b7\" data-element_type=\"column\">\n\t\t\t<div class=\"elementor-widget-wrap elementor-element-populated\">\n\t\t\t\t\t\t<div class=\"elementor-element elementor-element-4ce0d07f elementor-widget elementor-widget-heading\" data-id=\"4ce0d07f\" data-element_type=\"widget\" data-widget_type=\"heading.default\">\n\t\t\t\t<div class=\"elementor-widget-container\">\n\t\t\t\t\t<h2 class=\"elementor-heading-title elementor-size-default\">Misyon, Vizyon ve Temel De\u011ferler<\/h2>\t\t\t\t<\/div>\n\t\t\t\t<\/div>\n\t\t\t\t<div class=\"elementor-element elementor-element-63260862 elementor-widget-divider--view-line elementor-widget elementor-widget-divider\" data-id=\"63260862\" data-element_type=\"widget\" data-widget_type=\"divider.default\">\n\t\t\t\t<div class=\"elementor-widget-container\">\n\t\t\t\t\t\t\t<div class=\"elementor-divider\">\n\t\t\t<span class=\"elementor-divider-separator\">\n\t\t\t\t\t\t<\/span>\n\t\t<\/div>\n\t\t\t\t\t\t<\/div>\n\t\t\t\t<\/div>\n\t\t\t\t\t<\/div>\n\t\t<\/div>\n\t\t\t\t\t<\/div>\n\t\t<\/section>\n\t\t\t\t<section class=\"elementor-section elementor-top-section elementor-element elementor-element-681db8b elementor-section-boxed elementor-section-height-default elementor-section-height-default\" data-id=\"681db8b\" data-element_type=\"section\">\n\t\t\t\t\t\t<div class=\"elementor-container elementor-column-gap-default\">\n\t\t\t\t\t<div class=\"elementor-column elementor-col-100 elementor-top-column elementor-element elementor-element-ad4dac5\" data-id=\"ad4dac5\" data-element_type=\"column\">\n\t\t\t<div class=\"elementor-widget-wrap elementor-element-populated\">\n\t\t\t\t\t\t<div class=\"elementor-element elementor-element-2f96b3d elementor-widget elementor-widget-text-editor\" data-id=\"2f96b3d\" data-element_type=\"widget\" data-widget_type=\"text-editor.default\">\n\t\t\t\t<div class=\"elementor-widget-container\">\n\t\t\t\t\t\t\t\t\t<div><p><strong>Misyon<\/strong><\/p><p>\u00a0 \u00a0\u00dclkemizin geli\u015fmi\u015f \u00fclkeler aras\u0131ndaki yerini alabilmesi i\u00e7in ihtiyac\u0131 olan demokratik ve etik de\u011ferlere sayg\u0131l\u0131; \u00e7evre, \u00fclke ve d\u00fcnya sorunlar\u0131na duyarl\u0131; bilimsel ve teknolojik a\u00e7\u0131dan okuryazar; yeni nesilleri e\u011fitmenin verdi\u011fi sorumlulu\u011fun fark\u0131nda; \u00e7a\u011f\u0131n gereklerine g\u00f6re kendini yenileyebilen; de\u011fi\u015fime ve geli\u015fime a\u00e7\u0131k; bilimi ya\u015fam bi\u00e7imi olarak alg\u0131layan; kendine g\u00fcvenen; uluslararas\u0131 birikimleri izleyen ve uygulayan akademisyen ve fen \u00f6\u011fretmenleri yeti\u015ftirmek ve bu alanda liderlik yapmakt\u0131r. Ayr\u0131ca fen ve teknoloji alan\u0131nda ulusal ve uluslararas\u0131 i\u015fbirli\u011fini geli\u015ftirerek bu alanda \u00fclkemizin ihtiyac\u0131 olan profesyonel e\u011fitimcileri yeti\u015ftirmek ve \u00f6\u011fretim program\u0131n\u0131n niteli\u011fini ulusal ve uluslararas\u0131 gruplar, topluluklar ve ara\u015ft\u0131rmac\u0131lar\u0131n katk\u0131lar\u0131yla daha ileri ta\u015f\u0131makt\u0131r.<\/p><p><strong>Vizyon<\/strong><\/p><p>\u00a0 \u00a0\u00dclkemizin zaman\u0131n gereklerine uyum sa\u011flayarak bilim ve teknolojide \u00f6nder bir \u00fclke olabilmesi i\u00e7in gereksinim duydu\u011fu fen \u00f6\u011fretmenlerini yeti\u015ftirmede T\u00fcrkiye\u2019nin en iyi kurumu olmakt\u0131r. Bu ama\u00e7 do\u011frultusunda Ana Bilim Dal\u0131m\u0131z; \u00f6\u011fretim eleman\u0131 kadrosunu g\u00fc\u00e7lendirmeye, di\u011fer disiplinlerin \u00f6\u011fretimini y\u00fcr\u00fcten \u00f6\u011fretim elemanlar\u0131yla i\u015fbirli\u011fini artt\u0131rmaya, lisans ve lisans\u00fcst\u00fc d\u00fczeyde y\u00fcr\u00fct\u00fclen derslerin ve tez \u00e7al\u0131\u015fmalar\u0131n\u0131n ulusal ve uluslararas\u0131 literat\u00fcrdeki geli\u015fmelerle uyum i\u00e7inde olmas\u0131na, ulusal ve uluslararas\u0131 d\u00fczeydeki proje, makale ve ara\u015ft\u0131rma \u00e7al\u0131\u015fmalar\u0131na kat\u0131l\u0131m\u0131n artarak s\u00fcreklili\u011fin sa\u011flanmas\u0131na ve yans\u0131t\u0131c\u0131, ele\u015ftirel, analiz s\u00fcrecini s\u00fcrekli h\u00e2le getirmeye nitelikli bir geli\u015fimin sa\u011flanmas\u0131 i\u00e7in \u00e7aba g\u00f6sterir.<\/p><\/div>\t\t\t\t\t\t\t\t<\/div>\n\t\t\t\t<\/div>\n\t\t\t\t\t<\/div>\n\t\t<\/div>\n\t\t\t\t\t<\/div>\n\t\t<\/section>\n\t\t\t\t<\/div>\n\t\t","protected":false},"excerpt":{"rendered":"<p>Misyon, Vizyon ve Temel De\u011ferler Misyon \u00a0 \u00a0\u00dclkemizin geli\u015fmi\u015f \u00fclkeler aras\u0131ndaki yerini alabilmesi i\u00e7in ihtiyac\u0131 olan demokratik ve etik de\u011ferlere sayg\u0131l\u0131; \u00e7evre, \u00fclke ve d\u00fcnya sorunlar\u0131na duyarl\u0131; bilimsel ve teknolojik a\u00e7\u0131dan okuryazar; yeni nesilleri e\u011fitmenin verdi\u011fi sorumlulu\u011fun fark\u0131nda; \u00e7a\u011f\u0131n gereklerine g\u00f6re kendini yenileyebilen; de\u011fi\u015fime ve geli\u015fime a\u00e7\u0131k; bilimi ya\u015fam bi\u00e7imi olarak alg\u0131layan; kendine g\u00fcvenen; uluslararas\u0131 [&hellip;]<\/p>\n","protected":false},"author":1,"featured_media":0,"parent":0,"menu_order":0,"comment_status":"closed","ping_status":"closed","template":"elementor_header_footer","meta":{"footnotes":""},"class_list":["post-5682","page","type-page","status-publish","hentry"],"_links":{"self":[{"href":"https:\/\/atauni.edu.tr\/fen-bilgisi-egitimi-anabilim-dali\/wp-json\/wp\/v2\/pages\/5682","targetHints":{"allow":["GET"]}}],"collection":[{"href":"https:\/\/atauni.edu.tr\/fen-bilgisi-egitimi-anabilim-dali\/wp-json\/wp\/v2\/pages"}],"about":[{"href":"https:\/\/atauni.edu.tr\/fen-bilgisi-egitimi-anabilim-dali\/wp-json\/wp\/v2\/types\/page"}],"author":[{"embeddable":true,"href":"https:\/\/atauni.edu.tr\/fen-bilgisi-egitimi-anabilim-dali\/wp-json\/wp\/v2\/users\/1"}],"replies":[{"embeddable":true,"href":"https:\/\/atauni.edu.tr\/fen-bilgisi-egitimi-anabilim-dali\/wp-json\/wp\/v2\/comments?post=5682"}],"version-history":[{"count":11,"href":"https:\/\/atauni.edu.tr\/fen-bilgisi-egitimi-anabilim-dali\/wp-json\/wp\/v2\/pages\/5682\/revisions"}],"predecessor-version":[{"id":6187,"href":"https:\/\/atauni.edu.tr\/fen-bilgisi-egitimi-anabilim-dali\/wp-json\/wp\/v2\/pages\/5682\/revisions\/6187"}],"wp:attachment":[{"href":"https:\/\/atauni.edu.tr\/fen-bilgisi-egitimi-anabilim-dali\/wp-json\/wp\/v2\/media?parent=5682"}],"curies":[{"name":"wp","href":"https:\/\/api.w.org\/{rel}","templated":true}]}}