{"id":5638,"date":"2021-07-13T09:49:25","date_gmt":"2021-07-13T06:49:25","guid":{"rendered":"https:\/\/portaltest.atauni.edu.tr\/sosyal-bilimler-enstitusu\/?page_id=5638"},"modified":"2025-03-14T09:54:41","modified_gmt":"2025-03-14T06:54:41","slug":"tarihce","status":"publish","type":"page","link":"https:\/\/atauni.edu.tr\/fen-bilimleri-enstitusu\/tarihce\/","title":{"rendered":"Tarih\u00e7e"},"content":{"rendered":"\t\t<div data-elementor-type=\"wp-page\" data-elementor-id=\"5638\" class=\"elementor elementor-5638\" data-elementor-post-type=\"page\">\n\t\t\t\t\t\t<section class=\"elementor-section elementor-top-section elementor-element elementor-element-83722e4 elementor-section-boxed elementor-section-height-default elementor-section-height-default\" data-id=\"83722e4\" data-element_type=\"section\">\n\t\t\t\t\t\t<div class=\"elementor-container elementor-column-gap-default\">\n\t\t\t\t\t<div class=\"elementor-column elementor-col-100 elementor-top-column elementor-element elementor-element-c8defb2\" data-id=\"c8defb2\" data-element_type=\"column\">\n\t\t\t<div class=\"elementor-widget-wrap elementor-element-populated\">\n\t\t\t\t\t\t<div class=\"elementor-element elementor-element-be148f8 elementor-widget elementor-widget-spacer\" data-id=\"be148f8\" data-element_type=\"widget\" data-widget_type=\"spacer.default\">\n\t\t\t\t<div class=\"elementor-widget-container\">\n\t\t\t\t\t\t\t<div class=\"elementor-spacer\">\n\t\t\t<div class=\"elementor-spacer-inner\"><\/div>\n\t\t<\/div>\n\t\t\t\t\t\t<\/div>\n\t\t\t\t<\/div>\n\t\t\t\t\t<\/div>\n\t\t<\/div>\n\t\t\t\t\t<\/div>\n\t\t<\/section>\n\t\t\t\t<section class=\"elementor-section elementor-top-section elementor-element elementor-element-f252515 elementor-section-boxed elementor-section-height-default elementor-section-height-default\" data-id=\"f252515\" data-element_type=\"section\">\n\t\t\t\t\t\t<div class=\"elementor-container elementor-column-gap-default\">\n\t\t\t\t\t<div class=\"elementor-column elementor-col-100 elementor-top-column elementor-element elementor-element-b67366d\" data-id=\"b67366d\" data-element_type=\"column\">\n\t\t\t<div class=\"elementor-widget-wrap elementor-element-populated\">\n\t\t\t\t\t\t<div class=\"elementor-element elementor-element-d0bdd52 elementor-widget elementor-widget-heading\" data-id=\"d0bdd52\" data-element_type=\"widget\" data-widget_type=\"heading.default\">\n\t\t\t\t<div class=\"elementor-widget-container\">\n\t\t\t\t\t<h2 class=\"elementor-heading-title elementor-size-default\">Tarih\u00e7e<\/h2>\t\t\t\t<\/div>\n\t\t\t\t<\/div>\n\t\t\t\t<div class=\"elementor-element elementor-element-e1df410 elementor-widget-divider--view-line elementor-widget elementor-widget-divider\" data-id=\"e1df410\" data-element_type=\"widget\" data-widget_type=\"divider.default\">\n\t\t\t\t<div class=\"elementor-widget-container\">\n\t\t\t\t\t\t\t<div class=\"elementor-divider\">\n\t\t\t<span class=\"elementor-divider-separator\">\n\t\t\t\t\t\t<\/span>\n\t\t<\/div>\n\t\t\t\t\t\t<\/div>\n\t\t\t\t<\/div>\n\t\t\t\t\t<\/div>\n\t\t<\/div>\n\t\t\t\t\t<\/div>\n\t\t<\/section>\n\t\t\t\t<section class=\"elementor-section elementor-top-section elementor-element elementor-element-2eaace3 elementor-section-boxed elementor-section-height-default elementor-section-height-default\" data-id=\"2eaace3\" data-element_type=\"section\">\n\t\t\t\t\t\t<div class=\"elementor-container elementor-column-gap-default\">\n\t\t\t\t\t<div class=\"elementor-column elementor-col-100 elementor-top-column elementor-element elementor-element-ea8a924\" data-id=\"ea8a924\" data-element_type=\"column\">\n\t\t\t<div class=\"elementor-widget-wrap elementor-element-populated\">\n\t\t\t\t\t\t<div class=\"elementor-element elementor-element-a98026f elementor-widget elementor-widget-text-editor\" data-id=\"a98026f\" data-element_type=\"widget\" data-widget_type=\"text-editor.default\">\n\t\t\t\t<div class=\"elementor-widget-container\">\n\t\t\t\t\t\t\t\t\t<p>Atat\u00fcrk \u00dcniversitesi Fen Bilimleri Enstit\u00fcs\u00fc, 17760 Say\u0131l\u0131 Resmi Gazete\u2019de yay\u0131nlanarak, 20 Temmuz 1982 tarihinde y\u00fcr\u00fcrl\u00fc\u011fe giren Y\u00fcksek \u00d6\u011fretim Kurumlar\u0131 Te\u015fkilat\u0131 Hakk\u0131ndaki 41 Say\u0131l\u0131 Kanun H\u00fckm\u00fcnde Kararname ile kurulmu\u015ftur. Fen Bilimleri Enstit\u00fcs\u00fcnde, Atat\u00fcrk \u00dcniversitesi Fen, M\u00fchendislik, Ziraat Fak\u00fclteleri ile Fen Bilimlerine dayal\u0131 a\u00e7\u0131lacak fak\u00fcltelerin bilimlerine dayal\u0131 y\u00fcksek lisans ve doktora programlar\u0131 y\u00fcr\u00fct\u00fclmektedir. Ayr\u0131ca birden fazla anabilim dal\u0131 ile interdisipliner nitelikte, lisans\u00fcst\u00fc programlarda mevcuttur. Enstit\u00fcm\u00fcz b\u00fcnyesinde lisansa dayal\u0131 22 anabilim dal\u0131nda y\u00fcksek lisans, 20 Anabilim dal\u0131nda doktora ve bir interdisipliner anabilim dal\u0131nda y\u00fcksek lisans program\u0131 y\u00fcr\u00fct\u00fclmektedir. Enstit\u00fcm\u00fcz b\u00fcnyesinde yer alan ve Fen E\u011fitimine dayal\u0131 lisans\u00fcst\u00fc program y\u00fcr\u00fcten anabilim dallar\u0131 Y\u00d6K\u2019\u00fcn 13.7.2010 tarihli karar\u0131yla E\u011fitim Bilimleri Enstit\u00fcs\u00fcne aktar\u0131lm\u0131\u015ft\u0131r. \u00a0 Enstit\u00fcm\u00fczde, ba\u015fvurdu\u011fu anabilim dal\u0131ndan farkl\u0131 programlardan gelen \u00f6\u011frencilere bir y\u0131l s\u00fcreli \u201cBilimsel Haz\u0131rl\u0131k\u201d e\u011fitimi verilmektedir. Ayr\u0131ca iste\u011fe ba\u011fl\u0131 \u201cYabanc\u0131 Dil Haz\u0131rl\u0131k\u201d e\u011fitimde mevcuttur. Enstit\u00fcm\u00fczdeki t\u00fcm e\u011fitimler 2547 say\u0131l\u0131 Y\u00fcksek\u00f6\u011fretim Kanununun ama\u00e7 ve ilkeleri do\u011frultusunda ve Lisans\u00fcst\u00fc E\u011fitim-\u00d6\u011fretim Enstit\u00fclerinin Te\u015fkilat ve \u0130\u015fleyi\u015f Y\u00f6netmeli\u011fi ile Lisans\u00fcst\u00fc E\u011fitim ve \u00d6\u011fretim Y\u00f6netmeli\u011fi h\u00fck\u00fcmleri \u00e7er\u00e7evesinde y\u00fcr\u00fctmektir.<\/p>\t\t\t\t\t\t\t\t<\/div>\n\t\t\t\t<\/div>\n\t\t\t\t\t<\/div>\n\t\t<\/div>\n\t\t\t\t\t<\/div>\n\t\t<\/section>\n\t\t\t\t<section class=\"elementor-section elementor-top-section elementor-element elementor-element-c11013b elementor-section-boxed elementor-section-height-default elementor-section-height-default\" data-id=\"c11013b\" data-element_type=\"section\">\n\t\t\t\t\t\t<div class=\"elementor-container elementor-column-gap-default\">\n\t\t\t\t\t<div class=\"elementor-column elementor-col-100 elementor-top-column elementor-element elementor-element-acab739\" data-id=\"acab739\" data-element_type=\"column\">\n\t\t\t<div class=\"elementor-widget-wrap elementor-element-populated\">\n\t\t\t\t\t\t<div class=\"elementor-element elementor-element-7375a9d elementor-widget elementor-widget-spacer\" data-id=\"7375a9d\" data-element_type=\"widget\" data-widget_type=\"spacer.default\">\n\t\t\t\t<div class=\"elementor-widget-container\">\n\t\t\t\t\t\t\t<div class=\"elementor-spacer\">\n\t\t\t<div class=\"elementor-spacer-inner\"><\/div>\n\t\t<\/div>\n\t\t\t\t\t\t<\/div>\n\t\t\t\t<\/div>\n\t\t\t\t\t<\/div>\n\t\t<\/div>\n\t\t\t\t\t<\/div>\n\t\t<\/section>\n\t\t\t\t<\/div>\n\t\t","protected":false},"excerpt":{"rendered":"<p>Tarih\u00e7e Atat\u00fcrk \u00dcniversitesi Fen Bilimleri Enstit\u00fcs\u00fc, 17760 Say\u0131l\u0131 Resmi Gazete\u2019de yay\u0131nlanarak, 20 Temmuz 1982 tarihinde y\u00fcr\u00fcrl\u00fc\u011fe giren Y\u00fcksek \u00d6\u011fretim Kurumlar\u0131 Te\u015fkilat\u0131 Hakk\u0131ndaki 41 Say\u0131l\u0131 Kanun H\u00fckm\u00fcnde Kararname ile kurulmu\u015ftur. Fen Bilimleri Enstit\u00fcs\u00fcnde, Atat\u00fcrk \u00dcniversitesi Fen, M\u00fchendislik, Ziraat Fak\u00fclteleri ile Fen Bilimlerine dayal\u0131 a\u00e7\u0131lacak fak\u00fcltelerin bilimlerine dayal\u0131 y\u00fcksek lisans ve doktora programlar\u0131 y\u00fcr\u00fct\u00fclmektedir. Ayr\u0131ca birden fazla [&hellip;]<\/p>\n","protected":false},"author":1,"featured_media":0,"parent":0,"menu_order":0,"comment_status":"closed","ping_status":"closed","template":"","meta":{"footnotes":""},"class_list":["post-5638","page","type-page","status-publish","hentry"],"_links":{"self":[{"href":"https:\/\/atauni.edu.tr\/fen-bilimleri-enstitusu\/wp-json\/wp\/v2\/pages\/5638","targetHints":{"allow":["GET"]}}],"collection":[{"href":"https:\/\/atauni.edu.tr\/fen-bilimleri-enstitusu\/wp-json\/wp\/v2\/pages"}],"about":[{"href":"https:\/\/atauni.edu.tr\/fen-bilimleri-enstitusu\/wp-json\/wp\/v2\/types\/page"}],"author":[{"embeddable":true,"href":"https:\/\/atauni.edu.tr\/fen-bilimleri-enstitusu\/wp-json\/wp\/v2\/users\/1"}],"replies":[{"embeddable":true,"href":"https:\/\/atauni.edu.tr\/fen-bilimleri-enstitusu\/wp-json\/wp\/v2\/comments?post=5638"}],"version-history":[{"count":49,"href":"https:\/\/atauni.edu.tr\/fen-bilimleri-enstitusu\/wp-json\/wp\/v2\/pages\/5638\/revisions"}],"predecessor-version":[{"id":8386,"href":"https:\/\/atauni.edu.tr\/fen-bilimleri-enstitusu\/wp-json\/wp\/v2\/pages\/5638\/revisions\/8386"}],"wp:attachment":[{"href":"https:\/\/atauni.edu.tr\/fen-bilimleri-enstitusu\/wp-json\/wp\/v2\/media?parent=5638"}],"curies":[{"name":"wp","href":"https:\/\/api.w.org\/{rel}","templated":true}]}}