{"id":5682,"date":"2021-07-13T10:10:01","date_gmt":"2021-07-13T07:10:01","guid":{"rendered":"https:\/\/portaltest.atauni.edu.tr\/sosyal-bilimler-enstitusu\/?page_id=5682"},"modified":"2025-03-21T10:38:32","modified_gmt":"2025-03-21T07:38:32","slug":"misyon-vizyon-ve-temel-degerler","status":"publish","type":"page","link":"https:\/\/atauni.edu.tr\/fen-bilimleri-enstitusu\/misyon-vizyon-ve-temel-degerler\/","title":{"rendered":"Misyon, Vizyon ve Temel De\u011ferler"},"content":{"rendered":"\t\t<div data-elementor-type=\"wp-page\" data-elementor-id=\"5682\" class=\"elementor elementor-5682\" data-elementor-post-type=\"page\">\n\t\t\t\t\t\t<section class=\"elementor-section elementor-top-section elementor-element elementor-element-730d320 elementor-section-boxed elementor-section-height-default elementor-section-height-default\" data-id=\"730d320\" data-element_type=\"section\">\n\t\t\t\t\t\t<div class=\"elementor-container elementor-column-gap-default\">\n\t\t\t\t\t<div class=\"elementor-column elementor-col-100 elementor-top-column elementor-element elementor-element-753d0860\" data-id=\"753d0860\" data-element_type=\"column\">\n\t\t\t<div class=\"elementor-widget-wrap elementor-element-populated\">\n\t\t\t\t\t\t<div class=\"elementor-element elementor-element-4f90419 elementor-widget elementor-widget-spacer\" data-id=\"4f90419\" data-element_type=\"widget\" data-widget_type=\"spacer.default\">\n\t\t\t\t<div class=\"elementor-widget-container\">\n\t\t\t\t\t\t\t<div class=\"elementor-spacer\">\n\t\t\t<div class=\"elementor-spacer-inner\"><\/div>\n\t\t<\/div>\n\t\t\t\t\t\t<\/div>\n\t\t\t\t<\/div>\n\t\t\t\t\t<\/div>\n\t\t<\/div>\n\t\t\t\t\t<\/div>\n\t\t<\/section>\n\t\t\t\t<section class=\"elementor-section elementor-top-section elementor-element elementor-element-e6cbc43 elementor-section-boxed elementor-section-height-default elementor-section-height-default\" data-id=\"e6cbc43\" data-element_type=\"section\">\n\t\t\t\t\t\t<div class=\"elementor-container elementor-column-gap-default\">\n\t\t\t\t\t<div class=\"elementor-column elementor-col-100 elementor-top-column elementor-element elementor-element-04e9918\" data-id=\"04e9918\" data-element_type=\"column\">\n\t\t\t<div class=\"elementor-widget-wrap elementor-element-populated\">\n\t\t\t\t\t\t<div class=\"elementor-element elementor-element-e3538a0 elementor-widget elementor-widget-heading\" data-id=\"e3538a0\" data-element_type=\"widget\" data-widget_type=\"heading.default\">\n\t\t\t\t<div class=\"elementor-widget-container\">\n\t\t\t\t\t<h2 class=\"elementor-heading-title elementor-size-default\">\u00d6z G\u00f6rev (Misyon)<\/h2>\t\t\t\t<\/div>\n\t\t\t\t<\/div>\n\t\t\t\t<div class=\"elementor-element elementor-element-8abb1ad elementor-widget-divider--view-line elementor-widget elementor-widget-divider\" data-id=\"8abb1ad\" data-element_type=\"widget\" data-widget_type=\"divider.default\">\n\t\t\t\t<div class=\"elementor-widget-container\">\n\t\t\t\t\t\t\t<div class=\"elementor-divider\">\n\t\t\t<span class=\"elementor-divider-separator\">\n\t\t\t\t\t\t<\/span>\n\t\t<\/div>\n\t\t\t\t\t\t<\/div>\n\t\t\t\t<\/div>\n\t\t\t\t\t<\/div>\n\t\t<\/div>\n\t\t\t\t\t<\/div>\n\t\t<\/section>\n\t\t\t\t<section class=\"elementor-section elementor-top-section elementor-element elementor-element-9f16735 elementor-section-boxed elementor-section-height-default elementor-section-height-default\" data-id=\"9f16735\" data-element_type=\"section\">\n\t\t\t\t\t\t<div class=\"elementor-container elementor-column-gap-default\">\n\t\t\t\t\t<div class=\"elementor-column elementor-col-100 elementor-top-column elementor-element elementor-element-cec90c5\" data-id=\"cec90c5\" data-element_type=\"column\">\n\t\t\t<div class=\"elementor-widget-wrap elementor-element-populated\">\n\t\t\t\t\t\t<div class=\"elementor-element elementor-element-75a3244 elementor-widget elementor-widget-text-editor\" data-id=\"75a3244\" data-element_type=\"widget\" data-widget_type=\"text-editor.default\">\n\t\t\t\t<div class=\"elementor-widget-container\">\n\t\t\t\t\t\t\t\t\t<div class=\"hakkinda\"><p>Bilimsel d\u00fc\u015f\u00fcnceyi bir d\u00fcnya g\u00f6r\u00fc\u015f\u00fc olarak benimseyerek bilgi \u00fcreten, birikimini topluma aktarmaya \u00f6ncelik veren, \u00f6zg\u00fcr d\u00fc\u015f\u00fcnmeyi, ortak \u00e7al\u0131\u015fmay\u0131 ve dayan\u0131\u015fmay\u0131 ilke edinen, B\u00f6lgemizin ve \u00dclkemizin en g\u00fc\u00e7l\u00fc \u00dcniversitelerinden biri olma \u00fclk\u00fcs\u00fcne sahip Atat\u00fcrk \u00dcniversitesine Fen Bilimleri alan\u0131yla katk\u0131da bulunmakt\u0131r. Vizyonumuz; Atat\u00fcrk \u00dcniversitesi Fen Bilimleri Enstit\u00fcs\u00fc; e\u011fitim kalitesi, bilimsel projeleri ve lisans\u00fcst\u00fc tezleri ve ilkeleri ile ulusal ve uluslararas\u0131 d\u00fczeyde \u00f6rnek g\u00f6sterilen bir Enstit\u00fc olma \u00f6z \u00fclk\u00fcs\u00fcne sahiptir.<\/p><\/div>\t\t\t\t\t\t\t\t<\/div>\n\t\t\t\t<\/div>\n\t\t\t\t\t<\/div>\n\t\t<\/div>\n\t\t\t\t\t<\/div>\n\t\t<\/section>\n\t\t\t\t<section class=\"elementor-section elementor-top-section elementor-element elementor-element-2546ac4 elementor-section-boxed elementor-section-height-default elementor-section-height-default\" data-id=\"2546ac4\" data-element_type=\"section\">\n\t\t\t\t\t\t<div class=\"elementor-container elementor-column-gap-default\">\n\t\t\t\t\t<div class=\"elementor-column elementor-col-100 elementor-top-column elementor-element elementor-element-fc23006\" data-id=\"fc23006\" data-element_type=\"column\">\n\t\t\t<div class=\"elementor-widget-wrap elementor-element-populated\">\n\t\t\t\t\t\t<div class=\"elementor-element elementor-element-5375bb1 elementor-widget elementor-widget-heading\" data-id=\"5375bb1\" data-element_type=\"widget\" data-widget_type=\"heading.default\">\n\t\t\t\t<div class=\"elementor-widget-container\">\n\t\t\t\t\t<h2 class=\"elementor-heading-title elementor-size-default\">\u00d6z \u00dclk\u00fc (Vizyon)<\/h2>\t\t\t\t<\/div>\n\t\t\t\t<\/div>\n\t\t\t\t<div class=\"elementor-element elementor-element-48838bc elementor-widget-divider--view-line elementor-widget elementor-widget-divider\" data-id=\"48838bc\" data-element_type=\"widget\" data-widget_type=\"divider.default\">\n\t\t\t\t<div class=\"elementor-widget-container\">\n\t\t\t\t\t\t\t<div class=\"elementor-divider\">\n\t\t\t<span class=\"elementor-divider-separator\">\n\t\t\t\t\t\t<\/span>\n\t\t<\/div>\n\t\t\t\t\t\t<\/div>\n\t\t\t\t<\/div>\n\t\t\t\t\t<\/div>\n\t\t<\/div>\n\t\t\t\t\t<\/div>\n\t\t<\/section>\n\t\t\t\t<section class=\"elementor-section elementor-top-section elementor-element elementor-element-8b90325 elementor-section-boxed elementor-section-height-default elementor-section-height-default\" data-id=\"8b90325\" data-element_type=\"section\">\n\t\t\t\t\t\t<div class=\"elementor-container elementor-column-gap-default\">\n\t\t\t\t\t<div class=\"elementor-column elementor-col-100 elementor-top-column elementor-element elementor-element-99558f4\" data-id=\"99558f4\" data-element_type=\"column\">\n\t\t\t<div class=\"elementor-widget-wrap elementor-element-populated\">\n\t\t\t\t\t\t<div class=\"elementor-element elementor-element-f5909dc elementor-widget elementor-widget-text-editor\" data-id=\"f5909dc\" data-element_type=\"widget\" data-widget_type=\"text-editor.default\">\n\t\t\t\t<div class=\"elementor-widget-container\">\n\t\t\t\t\t\t\t\t\t<div class=\"hakkinda\"><p>T\u00fcrkiye Cumhuriyeti\u2019nin temel hedefi, B\u00fcy\u00fck \u00d6nder Atat\u00fcrk\u2019\u00fcn ifadesiyle; \u201c\u00c7a\u011fda\u015f Uygarl\u0131k D\u00fczeyine Y\u00fckselmek\u201d ve onu a\u015fmakt\u0131r. Bu hedefi ger\u00e7ekle\u015ftirmenin en \u00f6nemli unsurlar\u0131ndan biri ise; nitelikli insan yeti\u015ftirmek, insan g\u00fcc\u00fcn\u00fc ve kaynaklar\u0131n\u0131 etkili ve verimli bir bi\u00e7imde kullanmakt\u0131r. G\u00fcn\u00fcm\u00fczde \u00fcniversiteler, temel ve orta e\u011fitimini tamamlam\u0131\u015f gen\u00e7leri, gelece\u011fe haz\u0131rlamak, onlara \u00e7a\u011f\u0131n gerektirdi\u011fi bilgi ve beceriler ile donatmak, b\u00f6ylece onlar\u0131 \u00fcretici bir konuma getirmek ve toplumsal geli\u015fmeye y\u00fcksek d\u00fczeyde katk\u0131 sa\u011flamak g\u00f6revini \u00fcstlenmi\u015flerdir. B\u00fct\u00fcn bu hedef ve ama\u00e7lar\u0131n gere\u011fi olarak, son 50 y\u0131lda lisans e\u011fitiminden sonra daha \u00fcst d\u00fczeyde uzmanl\u0131k e\u011fitimine ihtiya\u00e7 duyulmu\u015f ve lisans\u00fcst\u00fc e\u011fitim \u00e7al\u0131\u015fmalar\u0131na a\u011f\u0131rl\u0131k verilmi\u015ftir. T\u00fcrkiye Cumhuriyeti\u2019nin en b\u00fcy\u00fck \u00fcniversitelerinden birisi olan Atat\u00fcrk \u00dcniversitesi b\u00fcnyesindeki Fen Bilimleri Enstit\u00fcs\u00fc\u2019n\u00fcn bilime olan katk\u0131s\u0131; deneyimli, dinamik, ayd\u0131n ve \u00f6zverili kadrosuyla her ge\u00e7en y\u0131l daha da artarak devam etmektedir..<\/p><\/div>\t\t\t\t\t\t\t\t<\/div>\n\t\t\t\t<\/div>\n\t\t\t\t\t<\/div>\n\t\t<\/div>\n\t\t\t\t\t<\/div>\n\t\t<\/section>\n\t\t\t\t<section class=\"elementor-section elementor-top-section elementor-element elementor-element-55e47cf elementor-section-boxed elementor-section-height-default elementor-section-height-default\" data-id=\"55e47cf\" data-element_type=\"section\">\n\t\t\t\t\t\t<div class=\"elementor-container elementor-column-gap-default\">\n\t\t\t\t\t<div class=\"elementor-column elementor-col-100 elementor-top-column elementor-element elementor-element-335b9d2\" data-id=\"335b9d2\" data-element_type=\"column\">\n\t\t\t<div class=\"elementor-widget-wrap elementor-element-populated\">\n\t\t\t\t\t\t<div class=\"elementor-element elementor-element-e86d1d1 elementor-widget elementor-widget-heading\" data-id=\"e86d1d1\" data-element_type=\"widget\" data-widget_type=\"heading.default\">\n\t\t\t\t<div class=\"elementor-widget-container\">\n\t\t\t\t\t<h2 class=\"elementor-heading-title elementor-size-default\">Temel De\u011ferler<\/h2>\t\t\t\t<\/div>\n\t\t\t\t<\/div>\n\t\t\t\t<div class=\"elementor-element elementor-element-c117ac3 elementor-widget-divider--view-line elementor-widget elementor-widget-divider\" data-id=\"c117ac3\" data-element_type=\"widget\" data-widget_type=\"divider.default\">\n\t\t\t\t<div class=\"elementor-widget-container\">\n\t\t\t\t\t\t\t<div class=\"elementor-divider\">\n\t\t\t<span class=\"elementor-divider-separator\">\n\t\t\t\t\t\t<\/span>\n\t\t<\/div>\n\t\t\t\t\t\t<\/div>\n\t\t\t\t<\/div>\n\t\t\t\t\t<\/div>\n\t\t<\/div>\n\t\t\t\t\t<\/div>\n\t\t<\/section>\n\t\t\t\t<section class=\"elementor-section elementor-top-section elementor-element elementor-element-3a4617e elementor-section-boxed elementor-section-height-default elementor-section-height-default\" data-id=\"3a4617e\" data-element_type=\"section\">\n\t\t\t\t\t\t<div class=\"elementor-container elementor-column-gap-default\">\n\t\t\t\t\t<div class=\"elementor-column elementor-col-100 elementor-top-column elementor-element elementor-element-388c6ee\" data-id=\"388c6ee\" data-element_type=\"column\">\n\t\t\t<div class=\"elementor-widget-wrap elementor-element-populated\">\n\t\t\t\t\t\t<div class=\"elementor-element elementor-element-e18877c elementor-widget elementor-widget-text-editor\" data-id=\"e18877c\" data-element_type=\"widget\" data-widget_type=\"text-editor.default\">\n\t\t\t\t<div class=\"elementor-widget-container\">\n\t\t\t\t\t\t\t\t\t<div class=\"hakkinda\"><ul><li>Bilimsellik\u00a0<\/li><li>Yenilik\u00e7ilik ve giri\u015fimcilik\u00a0<\/li><li>Ulusal ve evrensel de\u011ferlere ba\u011fl\u0131l\u0131k\u00a0<\/li><li>\u00d6\u011frenci odakl\u0131l\u0131k\u00a0<\/li><li>Ho\u015fg\u00f6r\u00fc, nezaket, sayg\u0131\u00a0<\/li><li>Kat\u0131l\u0131mc\u0131l\u0131k ve payla\u015f\u0131mc\u0131l\u0131k\u00a0<\/li><li>S\u00fcrd\u00fcrebilirlik\u00a0<\/li><li>Uluslararas\u0131l\u0131k\u00a0<\/li><li>Topluma, k\u00fclt\u00fcre, \u00e7evreye ve sanata duyarl\u0131l\u0131k\u00a0<\/li><li>Eme\u011fe sayg\u0131 ve ba\u015far\u0131y\u0131 takdir<\/li><\/ul><\/div>\t\t\t\t\t\t\t\t<\/div>\n\t\t\t\t<\/div>\n\t\t\t\t\t<\/div>\n\t\t<\/div>\n\t\t\t\t\t<\/div>\n\t\t<\/section>\n\t\t\t\t<\/div>\n\t\t","protected":false},"excerpt":{"rendered":"<p>\u00d6z G\u00f6rev (Misyon) Bilimsel d\u00fc\u015f\u00fcnceyi bir d\u00fcnya g\u00f6r\u00fc\u015f\u00fc olarak benimseyerek bilgi \u00fcreten, birikimini topluma aktarmaya \u00f6ncelik veren, \u00f6zg\u00fcr d\u00fc\u015f\u00fcnmeyi, ortak \u00e7al\u0131\u015fmay\u0131 ve dayan\u0131\u015fmay\u0131 ilke edinen, B\u00f6lgemizin ve \u00dclkemizin en g\u00fc\u00e7l\u00fc \u00dcniversitelerinden biri olma \u00fclk\u00fcs\u00fcne sahip Atat\u00fcrk \u00dcniversitesine Fen Bilimleri alan\u0131yla katk\u0131da bulunmakt\u0131r. Vizyonumuz; Atat\u00fcrk \u00dcniversitesi Fen Bilimleri Enstit\u00fcs\u00fc; e\u011fitim kalitesi, bilimsel projeleri ve lisans\u00fcst\u00fc tezleri [&hellip;]<\/p>\n","protected":false},"author":1,"featured_media":0,"parent":0,"menu_order":0,"comment_status":"closed","ping_status":"closed","template":"elementor_header_footer","meta":{"footnotes":""},"class_list":["post-5682","page","type-page","status-publish","hentry"],"_links":{"self":[{"href":"https:\/\/atauni.edu.tr\/fen-bilimleri-enstitusu\/wp-json\/wp\/v2\/pages\/5682","targetHints":{"allow":["GET"]}}],"collection":[{"href":"https:\/\/atauni.edu.tr\/fen-bilimleri-enstitusu\/wp-json\/wp\/v2\/pages"}],"about":[{"href":"https:\/\/atauni.edu.tr\/fen-bilimleri-enstitusu\/wp-json\/wp\/v2\/types\/page"}],"author":[{"embeddable":true,"href":"https:\/\/atauni.edu.tr\/fen-bilimleri-enstitusu\/wp-json\/wp\/v2\/users\/1"}],"replies":[{"embeddable":true,"href":"https:\/\/atauni.edu.tr\/fen-bilimleri-enstitusu\/wp-json\/wp\/v2\/comments?post=5682"}],"version-history":[{"count":41,"href":"https:\/\/atauni.edu.tr\/fen-bilimleri-enstitusu\/wp-json\/wp\/v2\/pages\/5682\/revisions"}],"predecessor-version":[{"id":9336,"href":"https:\/\/atauni.edu.tr\/fen-bilimleri-enstitusu\/wp-json\/wp\/v2\/pages\/5682\/revisions\/9336"}],"wp:attachment":[{"href":"https:\/\/atauni.edu.tr\/fen-bilimleri-enstitusu\/wp-json\/wp\/v2\/media?parent=5682"}],"curies":[{"name":"wp","href":"https:\/\/api.w.org\/{rel}","templated":true}]}}