{"id":6539,"date":"2024-12-06T14:05:06","date_gmt":"2024-12-06T11:05:06","guid":{"rendered":"https:\/\/birimler.atauni.edu.tr\/fen-bilimleri-enstitusu\/?page_id=6539"},"modified":"2025-04-21T15:16:56","modified_gmt":"2025-04-21T12:16:56","slug":"genel-kilavuzlar","status":"publish","type":"page","link":"https:\/\/atauni.edu.tr\/fen-bilimleri-enstitusu\/genel-kilavuzlar\/","title":{"rendered":"Genel K\u0131lavuzlar"},"content":{"rendered":"\t\t<div data-elementor-type=\"wp-page\" data-elementor-id=\"6539\" class=\"elementor elementor-6539\" data-elementor-post-type=\"page\">\n\t\t\t\t\t\t<section class=\"elementor-section elementor-top-section elementor-element elementor-element-6111732 elementor-section-boxed elementor-section-height-default elementor-section-height-default\" data-id=\"6111732\" data-element_type=\"section\">\n\t\t\t\t\t\t<div class=\"elementor-container elementor-column-gap-default\">\n\t\t\t\t\t<div class=\"elementor-column elementor-col-100 elementor-top-column elementor-element elementor-element-df187d1\" data-id=\"df187d1\" data-element_type=\"column\">\n\t\t\t<div class=\"elementor-widget-wrap elementor-element-populated\">\n\t\t\t\t\t\t<div class=\"elementor-element elementor-element-b2d934d elementor-widget elementor-widget-spacer\" data-id=\"b2d934d\" data-element_type=\"widget\" data-widget_type=\"spacer.default\">\n\t\t\t\t<div class=\"elementor-widget-container\">\n\t\t\t\t\t\t\t<div class=\"elementor-spacer\">\n\t\t\t<div class=\"elementor-spacer-inner\"><\/div>\n\t\t<\/div>\n\t\t\t\t\t\t<\/div>\n\t\t\t\t<\/div>\n\t\t\t\t\t<\/div>\n\t\t<\/div>\n\t\t\t\t\t<\/div>\n\t\t<\/section>\n\t\t\t\t<section class=\"elementor-section elementor-top-section elementor-element elementor-element-af205b0 elementor-section-boxed elementor-section-height-default elementor-section-height-default\" data-id=\"af205b0\" data-element_type=\"section\">\n\t\t\t\t\t\t<div class=\"elementor-container elementor-column-gap-default\">\n\t\t\t\t\t<div class=\"elementor-column elementor-col-100 elementor-top-column elementor-element elementor-element-e95e0b3\" data-id=\"e95e0b3\" data-element_type=\"column\">\n\t\t\t<div class=\"elementor-widget-wrap elementor-element-populated\">\n\t\t\t\t\t\t<div class=\"elementor-element elementor-element-6f7b365 elementor-widget elementor-widget-heading\" data-id=\"6f7b365\" data-element_type=\"widget\" data-widget_type=\"heading.default\">\n\t\t\t\t<div class=\"elementor-widget-container\">\n\t\t\t\t\t<h2 class=\"elementor-heading-title elementor-size-default\">Genel K\u0131lavuzlar<\/h2>\t\t\t\t<\/div>\n\t\t\t\t<\/div>\n\t\t\t\t<div class=\"elementor-element elementor-element-c281188 elementor-widget-divider--view-line elementor-widget elementor-widget-divider\" data-id=\"c281188\" data-element_type=\"widget\" data-widget_type=\"divider.default\">\n\t\t\t\t<div class=\"elementor-widget-container\">\n\t\t\t\t\t\t\t<div class=\"elementor-divider\">\n\t\t\t<span class=\"elementor-divider-separator\">\n\t\t\t\t\t\t<\/span>\n\t\t<\/div>\n\t\t\t\t\t\t<\/div>\n\t\t\t\t<\/div>\n\t\t\t\t\t<\/div>\n\t\t<\/div>\n\t\t\t\t\t<\/div>\n\t\t<\/section>\n\t\t\t\t<section class=\"elementor-section elementor-top-section elementor-element elementor-element-eeb8a92 elementor-section-boxed elementor-section-height-default elementor-section-height-default\" data-id=\"eeb8a92\" data-element_type=\"section\">\n\t\t\t\t\t\t<div class=\"elementor-container elementor-column-gap-default\">\n\t\t\t\t\t<div class=\"elementor-column elementor-col-100 elementor-top-column elementor-element elementor-element-b931954\" data-id=\"b931954\" data-element_type=\"column\">\n\t\t\t<div class=\"elementor-widget-wrap elementor-element-populated\">\n\t\t\t\t\t\t<div class=\"elementor-element elementor-element-f7c42d4 elementor-widget elementor-widget-text-editor\" data-id=\"f7c42d4\" data-element_type=\"widget\" data-widget_type=\"text-editor.default\">\n\t\t\t\t<div class=\"elementor-widget-container\">\n\t\t\t\t\t\t\t\t\t<p><span style=\"font-size: 16px;text-align: left;letter-spacing: 0px\">Lisans\u00fcst\u00fc e\u011fitim s\u00fcre\u00e7lerinin de\u011fi\u015fik a\u015famalar\u0131nda \u00f6\u011frencilerimize yol g\u00f6stermesi i\u00e7in a\u015fa\u011f\u0131daki k\u0131lavuzlar haz\u0131rlanm\u0131\u015ft\u0131r. K\u0131lavuzlar ihtiya\u00e7 halinde s\u00fcrekli g\u00fcncellenmektedir. Bu sebeple l\u00fctfen her seferinde g\u00fcncel k\u0131lavuzu kulland\u0131\u011f\u0131n\u0131zdan emin olunuz.&nbsp;<\/span><span style=\"color: var( --e-global-color-accent );letter-spacing: 0px\">Lisans\u00fcst\u00fc e\u011fitim ile ilgili &#8220;Lisans\u00fcst\u00fc Program Ba\u015fvuru Bilgilendirme Rehberi&#8221; i\u00e7in l\u00fctfen <\/span><a href=\"https:\/\/birimler.atauni.edu.tr\/ogrenci-isleri-daire-baskanligi\/lisansustu-programlar\/\" style=\"letter-spacing: 0px\">t\u0131klay\u0131n\u0131z&#8230;<\/a><\/p>\t\t\t\t\t\t\t\t<\/div>\n\t\t\t\t<\/div>\n\t\t\t\t\t<\/div>\n\t\t<\/div>\n\t\t\t\t\t<\/div>\n\t\t<\/section>\n\t\t\t\t<section class=\"elementor-section elementor-top-section elementor-element elementor-element-0246361 elementor-section-boxed elementor-section-height-default elementor-section-height-default\" data-id=\"0246361\" data-element_type=\"section\">\n\t\t\t\t\t\t<div class=\"elementor-container elementor-column-gap-default\">\n\t\t\t\t\t<div class=\"elementor-column elementor-col-100 elementor-top-column elementor-element elementor-element-c010598\" data-id=\"c010598\" data-element_type=\"column\">\n\t\t\t<div class=\"elementor-widget-wrap elementor-element-populated\">\n\t\t\t\t\t\t<div class=\"elementor-element elementor-element-de3febe elementor-icon-list--layout-traditional elementor-list-item-link-full_width elementor-widget elementor-widget-icon-list\" data-id=\"de3febe\" data-element_type=\"widget\" data-widget_type=\"icon-list.default\">\n\t\t\t\t<div class=\"elementor-widget-container\">\n\t\t\t\t\t\t\t<ul class=\"elementor-icon-list-items\">\n\t\t\t\t\t\t\t<li class=\"elementor-icon-list-item\">\n\t\t\t\t\t\t\t\t\t\t\t<a href=\"https:\/\/atauni.edu.tr\/yuklemeler\/a49b5f00cfbb0f72539e0ce3e0ba8224.docx\">\n\n\t\t\t\t\t\t\t\t\t\t\t\t<span class=\"elementor-icon-list-icon\">\n\t\t\t\t\t\t\t<i aria-hidden=\"true\" class=\"fas fa-link\"><\/i>\t\t\t\t\t\t<\/span>\n\t\t\t\t\t\t\t\t\t\t<span class=\"elementor-icon-list-text\">K_01_Yeni Kay\u0131t \u00d6\u011frenci Bilgilendirme Notu<\/span>\n\t\t\t\t\t\t\t\t\t\t\t<\/a>\n\t\t\t\t\t\t\t\t\t<\/li>\n\t\t\t\t\t\t\t\t<li class=\"elementor-icon-list-item\">\n\t\t\t\t\t\t\t\t\t\t\t<a href=\"https:\/\/atauni.edu.tr\/yuklemeler\/ec5824481305faa3c67a4948495c7f7a.docx\">\n\n\t\t\t\t\t\t\t\t\t\t\t\t<span class=\"elementor-icon-list-icon\">\n\t\t\t\t\t\t\t<i aria-hidden=\"true\" class=\"fas fa-link\"><\/i>\t\t\t\t\t\t<\/span>\n\t\t\t\t\t\t\t\t\t\t<span class=\"elementor-icon-list-text\">K_02_Yar\u0131y\u0131l_Ders_Kay\u0131t_K\u0131lavuzu<\/span>\n\t\t\t\t\t\t\t\t\t\t\t<\/a>\n\t\t\t\t\t\t\t\t\t<\/li>\n\t\t\t\t\t\t\t\t<li class=\"elementor-icon-list-item\">\n\t\t\t\t\t\t\t\t\t\t\t<a href=\"https:\/\/atauni.edu.tr\/yuklemeler\/e60bda02e960b96cf22c8d5be8c172cb.docx\">\n\n\t\t\t\t\t\t\t\t\t\t\t\t<span class=\"elementor-icon-list-icon\">\n\t\t\t\t\t\t\t<i aria-hidden=\"true\" class=\"fas fa-link\"><\/i>\t\t\t\t\t\t<\/span>\n\t\t\t\t\t\t\t\t\t\t<span class=\"elementor-icon-list-text\">K_03_Doktora Yeterlik S\u0131nav\u0131 K\u0131lavuzu<\/span>\n\t\t\t\t\t\t\t\t\t\t\t<\/a>\n\t\t\t\t\t\t\t\t\t<\/li>\n\t\t\t\t\t\t\t\t<li class=\"elementor-icon-list-item\">\n\t\t\t\t\t\t\t\t\t\t\t<a href=\"https:\/\/atauni.edu.tr\/yuklemeler\/1892ae0e5e2598fb8781284cdcd6c180.pdf\">\n\n\t\t\t\t\t\t\t\t\t\t\t\t<span class=\"elementor-icon-list-icon\">\n\t\t\t\t\t\t\t<i aria-hidden=\"true\" class=\"fas fa-link\"><\/i>\t\t\t\t\t\t<\/span>\n\t\t\t\t\t\t\t\t\t\t<span class=\"elementor-icon-list-text\">K_04_Doktora i\u00e7in Lisans\u00fct\u00fc Etkinlikler K\u0131lavuzu<\/span>\n\t\t\t\t\t\t\t\t\t\t\t<\/a>\n\t\t\t\t\t\t\t\t\t<\/li>\n\t\t\t\t\t\t\t\t<li class=\"elementor-icon-list-item\">\n\t\t\t\t\t\t\t\t\t\t\t<a href=\"https:\/\/atauni.edu.tr\/yuklemeler\/6aeb00c36b54d051c2b016b2f20c67e3.pdf\">\n\n\t\t\t\t\t\t\t\t\t\t\t\t<span class=\"elementor-icon-list-icon\">\n\t\t\t\t\t\t\t<i aria-hidden=\"true\" class=\"fas fa-link\"><\/i>\t\t\t\t\t\t<\/span>\n\t\t\t\t\t\t\t\t\t\t<span class=\"elementor-icon-list-text\">K_05_Turnitin Benzerlik Program\u0131 Kullan\u0131m K\u0131lavuzu.pdf<\/span>\n\t\t\t\t\t\t\t\t\t\t\t<\/a>\n\t\t\t\t\t\t\t\t\t<\/li>\n\t\t\t\t\t\t\t\t<li class=\"elementor-icon-list-item\">\n\t\t\t\t\t\t\t\t\t\t\t<a href=\"https:\/\/atauni.edu.tr\/yuklemeler\/003d46849ad72b21aab9f107e586b319.pdf\">\n\n\t\t\t\t\t\t\t\t\t\t\t\t<span class=\"elementor-icon-list-icon\">\n\t\t\t\t\t\t\t<i aria-hidden=\"true\" class=\"fas fa-link\"><\/i>\t\t\t\t\t\t<\/span>\n\t\t\t\t\t\t\t\t\t\t<span class=\"elementor-icon-list-text\">K_06_Uzaktan Kat\u0131l\u0131m Yoluyla Yap\u0131lacak Yeterlik S\u0131nav K\u0131lavuzu<\/span>\n\t\t\t\t\t\t\t\t\t\t\t<\/a>\n\t\t\t\t\t\t\t\t\t<\/li>\n\t\t\t\t\t\t<\/ul>\n\t\t\t\t\t\t<\/div>\n\t\t\t\t<\/div>\n\t\t\t\t\t<\/div>\n\t\t<\/div>\n\t\t\t\t\t<\/div>\n\t\t<\/section>\n\t\t\t\t<\/div>\n\t\t","protected":false},"excerpt":{"rendered":"<p>Genel K\u0131lavuzlar Lisans\u00fcst\u00fc e\u011fitim s\u00fcre\u00e7lerinin de\u011fi\u015fik a\u015famalar\u0131nda \u00f6\u011frencilerimize yol g\u00f6stermesi i\u00e7in a\u015fa\u011f\u0131daki k\u0131lavuzlar haz\u0131rlanm\u0131\u015ft\u0131r. K\u0131lavuzlar ihtiya\u00e7 halinde s\u00fcrekli g\u00fcncellenmektedir. Bu sebeple l\u00fctfen her seferinde g\u00fcncel k\u0131lavuzu kulland\u0131\u011f\u0131n\u0131zdan emin olunuz.&nbsp;Lisans\u00fcst\u00fc e\u011fitim ile ilgili &#8220;Lisans\u00fcst\u00fc Program Ba\u015fvuru Bilgilendirme Rehberi&#8221; i\u00e7in l\u00fctfen t\u0131klay\u0131n\u0131z&#8230; K_01_Yeni Kay\u0131t \u00d6\u011frenci Bilgilendirme Notu K_02_Yar\u0131y\u0131l_Ders_Kay\u0131t_K\u0131lavuzu K_03_Doktora Yeterlik S\u0131nav\u0131 K\u0131lavuzu K_04_Doktora i\u00e7in Lisans\u00fct\u00fc Etkinlikler K\u0131lavuzu [&hellip;]<\/p>\n","protected":false},"author":632,"featured_media":0,"parent":0,"menu_order":0,"comment_status":"closed","ping_status":"closed","template":"elementor_header_footer","meta":{"footnotes":""},"class_list":["post-6539","page","type-page","status-publish","hentry"],"_links":{"self":[{"href":"https:\/\/atauni.edu.tr\/fen-bilimleri-enstitusu\/wp-json\/wp\/v2\/pages\/6539","targetHints":{"allow":["GET"]}}],"collection":[{"href":"https:\/\/atauni.edu.tr\/fen-bilimleri-enstitusu\/wp-json\/wp\/v2\/pages"}],"about":[{"href":"https:\/\/atauni.edu.tr\/fen-bilimleri-enstitusu\/wp-json\/wp\/v2\/types\/page"}],"author":[{"embeddable":true,"href":"https:\/\/atauni.edu.tr\/fen-bilimleri-enstitusu\/wp-json\/wp\/v2\/users\/632"}],"replies":[{"embeddable":true,"href":"https:\/\/atauni.edu.tr\/fen-bilimleri-enstitusu\/wp-json\/wp\/v2\/comments?post=6539"}],"version-history":[{"count":61,"href":"https:\/\/atauni.edu.tr\/fen-bilimleri-enstitusu\/wp-json\/wp\/v2\/pages\/6539\/revisions"}],"predecessor-version":[{"id":9496,"href":"https:\/\/atauni.edu.tr\/fen-bilimleri-enstitusu\/wp-json\/wp\/v2\/pages\/6539\/revisions\/9496"}],"wp:attachment":[{"href":"https:\/\/atauni.edu.tr\/fen-bilimleri-enstitusu\/wp-json\/wp\/v2\/media?parent=6539"}],"curies":[{"name":"wp","href":"https:\/\/api.w.org\/{rel}","templated":true}]}}