{"id":6902,"date":"2024-12-25T15:14:43","date_gmt":"2024-12-25T12:14:43","guid":{"rendered":"https:\/\/birimler.atauni.edu.tr\/fen-bilimleri-enstitusu\/?page_id=6902"},"modified":"2024-12-26T15:48:40","modified_gmt":"2024-12-26T12:48:40","slug":"duyurular","status":"publish","type":"page","link":"https:\/\/atauni.edu.tr\/fen-bilimleri-enstitusu\/duyurular\/","title":{"rendered":"Duyurular"},"content":{"rendered":"\t\t<div data-elementor-type=\"wp-page\" data-elementor-id=\"6902\" class=\"elementor elementor-6902\" data-elementor-post-type=\"page\">\n\t\t\t\t\t\t<section class=\"elementor-section elementor-top-section elementor-element elementor-element-eeb908d elementor-section-boxed elementor-section-height-default elementor-section-height-default\" data-id=\"eeb908d\" data-element_type=\"section\">\n\t\t\t\t\t\t<div class=\"elementor-container elementor-column-gap-default\">\n\t\t\t\t\t<div class=\"elementor-column elementor-col-100 elementor-top-column elementor-element elementor-element-9f08b5f\" data-id=\"9f08b5f\" data-element_type=\"column\">\n\t\t\t<div class=\"elementor-widget-wrap elementor-element-populated\">\n\t\t\t\t\t\t<div class=\"elementor-element elementor-element-52fc9b5 elementor-widget elementor-widget-shortcode\" data-id=\"52fc9b5\" data-element_type=\"widget\" data-widget_type=\"shortcode.default\">\n\t\t\t\t<div class=\"elementor-widget-container\">\n\t\t\t\t\t\t\t<div class=\"elementor-shortcode\"><form method=\"get\" class=\"row g-3\" style=\"margin-bottom: 20px;\"><div class=\"col-md-3\"><input type=\"text\" name=\"Duyuru_ara\" class=\"form-control\" placeholder=\"Duyuru ara...\" value=\"\"><\/div><div class=\"col-md-3\"><input type=\"date\" name=\"baslangic_tarihi\" class=\"form-control\" value=\"\"><\/div><div class=\"col-md-3\"><input type=\"date\" name=\"bitis_tarihi\" class=\"form-control\" value=\"\"><\/div><div class=\"col-md-3\"><button type=\"submit\" class=\"btn btn-secondary w-50\">Filtrele<\/button><\/div><\/form><ul class=\"kategori-yazilari-liste\"><li style=\"display: flex; margin-bottom: 10px; align-items: center;\"><div class=\"post-content\" style=\"flex-grow: 1;\"><span class=\"post-date Duyurutarih\" style=\"display: block; font-weight: bold; margin-bottom: 5px;\">24 Mart 2026<\/span><a class=\"Duyurubaslik\" href=\"https:\/\/atauni.edu.tr\/fen-bilimleri-enstitusu\/kuzeydogu-anadolu-kariyer-fuari-2\/\">Kuzeydo\u011fu Anadolu Kariyer Fuar\u0131 (29-30 Nisan)<\/a><\/div><\/li><li style=\"display: flex; margin-bottom: 10px; align-items: center;\"><div class=\"post-content\" style=\"flex-grow: 1;\"><span class=\"post-date Duyurutarih\" style=\"display: block; font-weight: bold; margin-bottom: 5px;\">24 Mart 2026<\/span><a class=\"Duyurubaslik\" href=\"https:\/\/atauni.edu.tr\/fen-bilimleri-enstitusu\/fbe501-bilim-egitim-etik-dersi-ara-sinavi\/\">FBE501 Bilim E\u011fitim &amp; Etik Dersi Ara S\u0131nav\u0131<\/a><\/div><\/li><li style=\"display: flex; margin-bottom: 10px; align-items: center;\"><div class=\"post-content\" style=\"flex-grow: 1;\"><span class=\"post-date Duyurutarih\" style=\"display: block; font-weight: bold; margin-bottom: 5px;\">24 Mart 2026<\/span><a class=\"Duyurubaslik\" href=\"https:\/\/atauni.edu.tr\/fen-bilimleri-enstitusu\/fbe603-proje-hazirlama-dersi-ara-sinavi-3\/\">FBE603 Proje Haz\u0131rlama Dersi Ara S\u0131nav\u0131<\/a><\/div><\/li><li style=\"display: flex; margin-bottom: 10px; align-items: center;\"><div class=\"post-content\" style=\"flex-grow: 1;\"><span class=\"post-date Duyurutarih\" style=\"display: block; font-weight: bold; margin-bottom: 5px;\">9 Mart 2026<\/span><a class=\"Duyurubaslik\" href=\"https:\/\/atauni.edu.tr\/fen-bilimleri-enstitusu\/yokdil-yds-kursu-2\/\">Y\u00d6KD\u0130L\/YDS KURSU<\/a><\/div><\/li><li style=\"display: flex; margin-bottom: 10px; align-items: center;\"><div class=\"post-content\" style=\"flex-grow: 1;\"><span class=\"post-date Duyurutarih\" style=\"display: block; font-weight: bold; margin-bottom: 5px;\">10 \u015eubat 2026<\/span><a class=\"Duyurubaslik\" href=\"https:\/\/atauni.edu.tr\/fen-bilimleri-enstitusu\/fen-bilimleri-2025-2026-bahar-donemi-dersleri-ve-ders-programlari\/\">Fen Bilimleri 2025-2026 Bahar D\u00f6nemi Dersleri ve Ders Programlar\u0131<\/a><\/div><\/li><li style=\"display: flex; margin-bottom: 10px; align-items: center;\"><div class=\"post-content\" style=\"flex-grow: 1;\"><span class=\"post-date Duyurutarih\" style=\"display: block; font-weight: bold; margin-bottom: 5px;\">31 Ocak 2026<\/span><a class=\"Duyurubaslik\" href=\"https:\/\/atauni.edu.tr\/fen-bilimleri-enstitusu\/2025-2026-bahar-donemi-fen-bilimleri-lisansustu-dersleri\/\">2025-2026 Bahar D\u00f6nemi Fen Bilimleri Lisans\u00fcst\u00fc Dersleri<\/a><\/div><\/li><li style=\"display: flex; margin-bottom: 10px; align-items: center;\"><div class=\"post-content\" style=\"flex-grow: 1;\"><span class=\"post-date Duyurutarih\" style=\"display: block; font-weight: bold; margin-bottom: 5px;\">12 Ocak 2026<\/span><a class=\"Duyurubaslik\" href=\"https:\/\/atauni.edu.tr\/fen-bilimleri-enstitusu\/fbe603-proje-hazirlama-dersi-butunleme-sinavi\/\">FBE603 Proje Haz\u0131rlama Dersi B\u00fct\u00fcnleme S\u0131nav\u0131<\/a><\/div><\/li><li style=\"display: flex; margin-bottom: 10px; align-items: center;\"><div class=\"post-content\" style=\"flex-grow: 1;\"><span class=\"post-date Duyurutarih\" style=\"display: block; font-weight: bold; margin-bottom: 5px;\">12 Ocak 2026<\/span><a class=\"Duyurubaslik\" href=\"https:\/\/atauni.edu.tr\/fen-bilimleri-enstitusu\/fbe501-bilim-egitim-etik-dersi-butunleme-sinavi\/\">FBE501 Bilim E\u011fitim &amp; Etik Dersi B\u00fct\u00fcnleme S\u0131nav\u0131<\/a><\/div><\/li><li style=\"display: flex; margin-bottom: 10px; align-items: center;\"><div class=\"post-content\" style=\"flex-grow: 1;\"><span class=\"post-date Duyurutarih\" style=\"display: block; font-weight: bold; margin-bottom: 5px;\">6 Ocak 2026<\/span><a class=\"Duyurubaslik\" href=\"https:\/\/atauni.edu.tr\/fen-bilimleri-enstitusu\/ataturk-universitesinde-2025-2026-lisansustu-program-basvurulari-basladi-2\/\">Atat\u00fcrk \u00dcniversitesi\u2019nde 2025-2026 Lisans\u00fcst\u00fc Program Ba\u015fvurular\u0131 Ba\u015flad\u0131<\/a><\/div><\/li><li style=\"display: flex; margin-bottom: 10px; align-items: center;\"><div class=\"post-content\" style=\"flex-grow: 1;\"><span class=\"post-date Duyurutarih\" style=\"display: block; font-weight: bold; margin-bottom: 5px;\">31 Aral\u0131k 2025<\/span><a class=\"Duyurubaslik\" href=\"https:\/\/atauni.edu.tr\/fen-bilimleri-enstitusu\/fbe603-proje-hazirlama-dersi-ara-sinavi-2\/\">FBE603 Proje Haz\u0131rlama Dersi Ara S\u0131nav\u0131<\/a><\/div><\/li><\/ul><nav class=\"pagination\" style=\"margin-top: 20px;\"><ul class='page-numbers'>\n\t<li><span aria-current=\"page\" class=\"page-numbers current\">1<\/span><\/li>\n\t<li><a class=\"page-numbers\" href=\"https:\/\/atauni.edu.tr\/fen-bilimleri-enstitusu\/wp-json\/wp\/v2\/pages\/6902\/page\/2\/\">2<\/a><\/li>\n\t<li><a class=\"page-numbers\" href=\"https:\/\/atauni.edu.tr\/fen-bilimleri-enstitusu\/wp-json\/wp\/v2\/pages\/6902\/page\/3\/\">3<\/a><\/li>\n\t<li><a class=\"next page-numbers\" href=\"https:\/\/atauni.edu.tr\/fen-bilimleri-enstitusu\/wp-json\/wp\/v2\/pages\/6902\/page\/2\/\">Sonraki &raquo;<\/a><\/li>\n<\/ul>\n<\/nav><\/div>\n\t\t\t\t\t\t<\/div>\n\t\t\t\t<\/div>\n\t\t\t\t\t<\/div>\n\t\t<\/div>\n\t\t\t\t\t<\/div>\n\t\t<\/section>\n\t\t\t\t<\/div>\n\t\t","protected":false},"excerpt":{"rendered":"","protected":false},"author":8,"featured_media":0,"parent":0,"menu_order":0,"comment_status":"closed","ping_status":"closed","template":"","meta":{"footnotes":""},"class_list":["post-6902","page","type-page","status-publish","hentry"],"_links":{"self":[{"href":"https:\/\/atauni.edu.tr\/fen-bilimleri-enstitusu\/wp-json\/wp\/v2\/pages\/6902","targetHints":{"allow":["GET"]}}],"collection":[{"href":"https:\/\/atauni.edu.tr\/fen-bilimleri-enstitusu\/wp-json\/wp\/v2\/pages"}],"about":[{"href":"https:\/\/atauni.edu.tr\/fen-bilimleri-enstitusu\/wp-json\/wp\/v2\/types\/page"}],"author":[{"embeddable":true,"href":"https:\/\/atauni.edu.tr\/fen-bilimleri-enstitusu\/wp-json\/wp\/v2\/users\/8"}],"replies":[{"embeddable":true,"href":"https:\/\/atauni.edu.tr\/fen-bilimleri-enstitusu\/wp-json\/wp\/v2\/comments?post=6902"}],"version-history":[{"count":10,"href":"https:\/\/atauni.edu.tr\/fen-bilimleri-enstitusu\/wp-json\/wp\/v2\/pages\/6902\/revisions"}],"predecessor-version":[{"id":6968,"href":"https:\/\/atauni.edu.tr\/fen-bilimleri-enstitusu\/wp-json\/wp\/v2\/pages\/6902\/revisions\/6968"}],"wp:attachment":[{"href":"https:\/\/atauni.edu.tr\/fen-bilimleri-enstitusu\/wp-json\/wp\/v2\/media?parent=6902"}],"curies":[{"name":"wp","href":"https:\/\/api.w.org\/{rel}","templated":true}]}}