{"id":7107,"date":"2025-01-29T12:33:13","date_gmt":"2025-01-29T09:33:13","guid":{"rendered":"https:\/\/birimler.atauni.edu.tr\/fen-bilimleri-enstitusu\/?page_id=7107"},"modified":"2025-03-20T14:16:32","modified_gmt":"2025-03-20T11:16:32","slug":"acilan-dersler","status":"publish","type":"page","link":"https:\/\/atauni.edu.tr\/fen-bilimleri-enstitusu\/acilan-dersler\/","title":{"rendered":"A\u00e7\u0131lan Dersler"},"content":{"rendered":"\t\t<div data-elementor-type=\"wp-page\" data-elementor-id=\"7107\" class=\"elementor elementor-7107\" data-elementor-post-type=\"page\">\n\t\t\t\t\t\t<section class=\"elementor-section elementor-top-section elementor-element elementor-element-1aa0c70 elementor-section-boxed elementor-section-height-default elementor-section-height-default\" data-id=\"1aa0c70\" data-element_type=\"section\">\n\t\t\t\t\t\t<div class=\"elementor-container elementor-column-gap-default\">\n\t\t\t\t\t<div class=\"elementor-column elementor-col-100 elementor-top-column elementor-element elementor-element-1ab2ceb\" data-id=\"1ab2ceb\" data-element_type=\"column\">\n\t\t\t<div class=\"elementor-widget-wrap elementor-element-populated\">\n\t\t\t\t\t\t<div class=\"elementor-element elementor-element-6e5afb2 elementor-widget elementor-widget-spacer\" data-id=\"6e5afb2\" data-element_type=\"widget\" data-widget_type=\"spacer.default\">\n\t\t\t\t<div class=\"elementor-widget-container\">\n\t\t\t\t\t\t\t<div class=\"elementor-spacer\">\n\t\t\t<div class=\"elementor-spacer-inner\"><\/div>\n\t\t<\/div>\n\t\t\t\t\t\t<\/div>\n\t\t\t\t<\/div>\n\t\t\t\t\t<\/div>\n\t\t<\/div>\n\t\t\t\t\t<\/div>\n\t\t<\/section>\n\t\t\t\t<section class=\"elementor-section elementor-top-section elementor-element elementor-element-174e77a elementor-section-boxed elementor-section-height-default elementor-section-height-default\" data-id=\"174e77a\" data-element_type=\"section\">\n\t\t\t\t\t\t<div class=\"elementor-container elementor-column-gap-default\">\n\t\t\t\t\t<div class=\"elementor-column elementor-col-100 elementor-top-column elementor-element elementor-element-0b41626\" data-id=\"0b41626\" data-element_type=\"column\">\n\t\t\t<div class=\"elementor-widget-wrap elementor-element-populated\">\n\t\t\t\t\t\t<div class=\"elementor-element elementor-element-c10b8bb elementor-widget elementor-widget-heading\" data-id=\"c10b8bb\" data-element_type=\"widget\" data-widget_type=\"heading.default\">\n\t\t\t\t<div class=\"elementor-widget-container\">\n\t\t\t\t\t<h2 class=\"elementor-heading-title elementor-size-default\">A\u00e7\u0131lan Dersler<\/h2>\t\t\t\t<\/div>\n\t\t\t\t<\/div>\n\t\t\t\t<div class=\"elementor-element elementor-element-5ec4392 elementor-widget-divider--view-line elementor-widget elementor-widget-divider\" data-id=\"5ec4392\" data-element_type=\"widget\" data-widget_type=\"divider.default\">\n\t\t\t\t<div class=\"elementor-widget-container\">\n\t\t\t\t\t\t\t<div class=\"elementor-divider\">\n\t\t\t<span class=\"elementor-divider-separator\">\n\t\t\t\t\t\t<\/span>\n\t\t<\/div>\n\t\t\t\t\t\t<\/div>\n\t\t\t\t<\/div>\n\t\t\t\t\t<\/div>\n\t\t<\/div>\n\t\t\t\t\t<\/div>\n\t\t<\/section>\n\t\t\t\t<section class=\"elementor-section elementor-top-section elementor-element elementor-element-90cb744 elementor-section-boxed elementor-section-height-default elementor-section-height-default\" data-id=\"90cb744\" data-element_type=\"section\">\n\t\t\t\t\t\t<div class=\"elementor-container elementor-column-gap-default\">\n\t\t\t\t\t<div class=\"elementor-column elementor-col-100 elementor-top-column elementor-element elementor-element-6fd580d\" data-id=\"6fd580d\" data-element_type=\"column\">\n\t\t\t<div class=\"elementor-widget-wrap elementor-element-populated\">\n\t\t\t\t\t\t<div class=\"elementor-element elementor-element-e4aec0a elementor-widget elementor-widget-text-editor\" data-id=\"e4aec0a\" data-element_type=\"widget\" data-widget_type=\"text-editor.default\">\n\t\t\t\t<div class=\"elementor-widget-container\">\n\t\t\t\t\t\t\t\t\t<p>Fen Bilimleri Enstit\u00fcs\u00fc 2024-2025 bahar yar\u0131y\u0131l\u0131nda okutulacak olan dersler ve bu derslere ait programlar ekte sunulmu\u015ftur.<\/p>\t\t\t\t\t\t\t\t<\/div>\n\t\t\t\t<\/div>\n\t\t\t\t\t<\/div>\n\t\t<\/div>\n\t\t\t\t\t<\/div>\n\t\t<\/section>\n\t\t\t\t<section class=\"elementor-section elementor-top-section elementor-element elementor-element-1486192 elementor-section-boxed elementor-section-height-default elementor-section-height-default\" data-id=\"1486192\" data-element_type=\"section\">\n\t\t\t\t\t\t<div class=\"elementor-container elementor-column-gap-default\">\n\t\t\t\t\t<div class=\"elementor-column elementor-col-100 elementor-top-column elementor-element elementor-element-6d86c93\" data-id=\"6d86c93\" data-element_type=\"column\">\n\t\t\t<div class=\"elementor-widget-wrap elementor-element-populated\">\n\t\t\t\t\t\t<div class=\"elementor-element elementor-element-efc4c86 elementor-widget__width-initial elementor-widget elementor-widget-pdf_viewer\" data-id=\"efc4c86\" data-element_type=\"widget\" data-widget_type=\"pdf_viewer.default\">\n\t\t\t\t<div class=\"elementor-widget-container\">\n\t\t\t\t\t<iframe src=\"https:\/\/docs.google.com\/viewer?url=https:\/\/birimler.atauni.edu.tr\/fen-bilimleri-enstitusu\/wp-content\/uploads\/sites\/796\/2025\/03\/ders-programi.pdf&amp;embedded=true\" style=\"display: block; margin-left: auto; margin-right: auto; width: 720px; height: 670px;\" frameborder=\"1\" marginheight=\"0px\" marginwidth=\"0px\" allowfullscreen><\/iframe>\t\t\t\t<\/div>\n\t\t\t\t<\/div>\n\t\t\t\t\t<\/div>\n\t\t<\/div>\n\t\t\t\t\t<\/div>\n\t\t<\/section>\n\t\t\t\t<section class=\"elementor-section elementor-top-section elementor-element elementor-element-b453ce3 elementor-section-boxed elementor-section-height-default elementor-section-height-default\" data-id=\"b453ce3\" data-element_type=\"section\">\n\t\t\t\t\t\t<div class=\"elementor-container elementor-column-gap-default\">\n\t\t\t\t\t<div class=\"elementor-column elementor-col-100 elementor-top-column elementor-element elementor-element-cd331b2\" data-id=\"cd331b2\" data-element_type=\"column\">\n\t\t\t<div class=\"elementor-widget-wrap elementor-element-populated\">\n\t\t\t\t\t\t<div class=\"elementor-element elementor-element-5a076a4 elementor-widget elementor-widget-spacer\" data-id=\"5a076a4\" data-element_type=\"widget\" data-widget_type=\"spacer.default\">\n\t\t\t\t<div class=\"elementor-widget-container\">\n\t\t\t\t\t\t\t<div class=\"elementor-spacer\">\n\t\t\t<div class=\"elementor-spacer-inner\"><\/div>\n\t\t<\/div>\n\t\t\t\t\t\t<\/div>\n\t\t\t\t<\/div>\n\t\t\t\t\t<\/div>\n\t\t<\/div>\n\t\t\t\t\t<\/div>\n\t\t<\/section>\n\t\t\t\t<\/div>\n\t\t","protected":false},"excerpt":{"rendered":"<p>A\u00e7\u0131lan Dersler Fen Bilimleri Enstit\u00fcs\u00fc 2024-2025 bahar yar\u0131y\u0131l\u0131nda okutulacak olan dersler ve bu derslere ait programlar ekte sunulmu\u015ftur.<\/p>\n","protected":false},"author":632,"featured_media":0,"parent":0,"menu_order":0,"comment_status":"closed","ping_status":"closed","template":"elementor_header_footer","meta":{"footnotes":""},"class_list":["post-7107","page","type-page","status-publish","hentry"],"_links":{"self":[{"href":"https:\/\/atauni.edu.tr\/fen-bilimleri-enstitusu\/wp-json\/wp\/v2\/pages\/7107","targetHints":{"allow":["GET"]}}],"collection":[{"href":"https:\/\/atauni.edu.tr\/fen-bilimleri-enstitusu\/wp-json\/wp\/v2\/pages"}],"about":[{"href":"https:\/\/atauni.edu.tr\/fen-bilimleri-enstitusu\/wp-json\/wp\/v2\/types\/page"}],"author":[{"embeddable":true,"href":"https:\/\/atauni.edu.tr\/fen-bilimleri-enstitusu\/wp-json\/wp\/v2\/users\/632"}],"replies":[{"embeddable":true,"href":"https:\/\/atauni.edu.tr\/fen-bilimleri-enstitusu\/wp-json\/wp\/v2\/comments?post=7107"}],"version-history":[{"count":40,"href":"https:\/\/atauni.edu.tr\/fen-bilimleri-enstitusu\/wp-json\/wp\/v2\/pages\/7107\/revisions"}],"predecessor-version":[{"id":9096,"href":"https:\/\/atauni.edu.tr\/fen-bilimleri-enstitusu\/wp-json\/wp\/v2\/pages\/7107\/revisions\/9096"}],"wp:attachment":[{"href":"https:\/\/atauni.edu.tr\/fen-bilimleri-enstitusu\/wp-json\/wp\/v2\/media?parent=7107"}],"curies":[{"name":"wp","href":"https:\/\/api.w.org\/{rel}","templated":true}]}}