{"id":10216,"date":"2026-03-23T11:28:28","date_gmt":"2026-03-23T08:28:28","guid":{"rendered":"https:\/\/atauni.edu.tr\/fen-fakultesi\/?page_id=10216"},"modified":"2026-04-20T09:14:47","modified_gmt":"2026-04-20T06:14:47","slug":"duyurular-3","status":"publish","type":"page","link":"https:\/\/atauni.edu.tr\/fen-fakultesi\/duyurular-3\/","title":{"rendered":"Duyurular"},"content":{"rendered":"\t\t<div data-elementor-type=\"wp-page\" data-elementor-id=\"10216\" class=\"elementor elementor-10216\" data-elementor-post-type=\"page\">\n\t\t\t\t\t\t<section class=\"elementor-section elementor-top-section elementor-element elementor-element-cbfea8c elementor-section-boxed elementor-section-height-default elementor-section-height-default\" data-id=\"cbfea8c\" data-element_type=\"section\">\n\t\t\t\t\t\t<div class=\"elementor-container elementor-column-gap-default\">\n\t\t\t\t\t<div class=\"elementor-column elementor-col-100 elementor-top-column elementor-element elementor-element-5ed7f07\" data-id=\"5ed7f07\" data-element_type=\"column\">\n\t\t\t<div class=\"elementor-widget-wrap elementor-element-populated\">\n\t\t\t\t\t\t<div class=\"elementor-element elementor-element-4c6ee30 elementor-widget elementor-widget-image-carousel\" data-id=\"4c6ee30\" data-element_type=\"widget\" data-settings=\"{&quot;slides_to_show&quot;:&quot;1&quot;,&quot;navigation&quot;:&quot;none&quot;,&quot;autoplay&quot;:&quot;yes&quot;,&quot;pause_on_interaction&quot;:&quot;yes&quot;,&quot;autoplay_speed&quot;:5000,&quot;infinite&quot;:&quot;yes&quot;,&quot;effect&quot;:&quot;slide&quot;,&quot;speed&quot;:500}\" data-widget_type=\"image-carousel.default\">\n\t\t\t\t<div class=\"elementor-widget-container\">\n\t\t\t\t\t\t\t<div class=\"elementor-image-carousel-wrapper swiper\" role=\"region\" aria-roledescription=\"carousel\" aria-label=\"Resim D\u00f6ng\u00fcs\u00fc\" dir=\"ltr\">\n\t\t\t<div class=\"elementor-image-carousel swiper-wrapper swiper-image-stretch\" aria-live=\"off\">\n\t\t\t\t\t\t\t\t<div class=\"swiper-slide\" role=\"group\" aria-roledescription=\"slide\" aria-label=\"1 \/ 16\"><figure class=\"swiper-slide-inner\"><img decoding=\"async\" class=\"swiper-slide-image\" src=\"https:\/\/atauni.edu.tr\/fen-fakultesi\/wp-content\/uploads\/sites\/60\/2026\/04\/S\u0327I\u0307DDETE-KARS\u0327I-BI\u0307R-ADIM-O\u0308NDE-OLALIM-S\u0327I\u0307DDETI\u0307-GO\u0308R-TANI-VE-BI\u0307LDI\u0307R-01.jpg-731x1024.jpeg\" alt=\"S\u0327I\u0307DDETE KARS\u0327I BI\u0307R ADIM O\u0308NDE OLALIM- S\u0327I\u0307DDETI\u0307 GO\u0308R, TANI VE BI\u0307LDI\u0307R -01.jpg\" \/><\/figure><\/div><div class=\"swiper-slide\" role=\"group\" aria-roledescription=\"slide\" aria-label=\"2 \/ 16\"><figure class=\"swiper-slide-inner\"><img decoding=\"async\" class=\"swiper-slide-image\" src=\"https:\/\/atauni.edu.tr\/fen-fakultesi\/wp-content\/uploads\/sites\/60\/2026\/04\/20nisanBasket-718x1024.jpeg\" alt=\"20nisanBasket\" \/><\/figure><\/div><div class=\"swiper-slide\" role=\"group\" aria-roledescription=\"slide\" aria-label=\"3 \/ 16\"><figure class=\"swiper-slide-inner\"><img decoding=\"async\" class=\"swiper-slide-image\" src=\"https:\/\/atauni.edu.tr\/fen-fakultesi\/wp-content\/uploads\/sites\/60\/2026\/04\/35X50.jpg-717x1024.jpeg\" alt=\"35X50.jpg\" \/><\/figure><\/div><div class=\"swiper-slide\" role=\"group\" aria-roledescription=\"slide\" aria-label=\"4 \/ 16\"><figure class=\"swiper-slide-inner\"><img decoding=\"async\" class=\"swiper-slide-image\" src=\"https:\/\/atauni.edu.tr\/fen-fakultesi\/wp-content\/uploads\/sites\/60\/2026\/04\/Resim-1-717x1024.jpeg\" alt=\"Resim-1\" \/><\/figure><\/div><div class=\"swiper-slide\" role=\"group\" aria-roledescription=\"slide\" aria-label=\"5 \/ 16\"><figure class=\"swiper-slide-inner\"><img decoding=\"async\" class=\"swiper-slide-image\" src=\"https:\/\/atauni.edu.tr\/fen-fakultesi\/wp-content\/uploads\/sites\/60\/2026\/03\/Odak-3_1-724x1024.png\" alt=\"Odak-3_1\" \/><\/figure><\/div><div class=\"swiper-slide\" role=\"group\" aria-roledescription=\"slide\" aria-label=\"6 \/ 16\"><figure class=\"swiper-slide-inner\"><img decoding=\"async\" class=\"swiper-slide-image\" src=\"https:\/\/atauni.edu.tr\/fen-fakultesi\/wp-content\/uploads\/sites\/60\/2026\/03\/Kimya-1024x1024.jpg\" alt=\"Kimya\" \/><\/figure><\/div><div class=\"swiper-slide\" role=\"group\" aria-roledescription=\"slide\" aria-label=\"7 \/ 16\"><figure class=\"swiper-slide-inner\"><img decoding=\"async\" class=\"swiper-slide-image\" src=\"https:\/\/atauni.edu.tr\/fen-fakultesi\/wp-content\/uploads\/sites\/60\/2026\/04\/Nil-Aydin-1-724x1024.png\" alt=\"Nil Ayd\u0131n-1\" \/><\/figure><\/div><div class=\"swiper-slide\" role=\"group\" aria-roledescription=\"slide\" aria-label=\"8 \/ 16\"><figure class=\"swiper-slide-inner\"><img decoding=\"async\" class=\"swiper-slide-image\" src=\"https:\/\/atauni.edu.tr\/fen-fakultesi\/wp-content\/uploads\/sites\/60\/2026\/03\/Resim3-576x1024.png\" alt=\"Resim3\" \/><\/figure><\/div><div class=\"swiper-slide\" role=\"group\" aria-roledescription=\"slide\" aria-label=\"9 \/ 16\"><figure class=\"swiper-slide-inner\"><img decoding=\"async\" class=\"swiper-slide-image\" src=\"https:\/\/atauni.edu.tr\/fen-fakultesi\/wp-content\/uploads\/sites\/60\/2026\/03\/Resim5-721x1024.jpg\" alt=\"Resim5\" \/><\/figure><\/div><div class=\"swiper-slide\" role=\"group\" aria-roledescription=\"slide\" aria-label=\"10 \/ 16\"><figure class=\"swiper-slide-inner\"><img decoding=\"async\" class=\"swiper-slide-image\" src=\"https:\/\/atauni.edu.tr\/fen-fakultesi\/wp-content\/uploads\/sites\/60\/2026\/03\/Resim9-721x1024.jpg\" alt=\"Resim9\" \/><\/figure><\/div><div class=\"swiper-slide\" role=\"group\" aria-roledescription=\"slide\" aria-label=\"11 \/ 16\"><figure class=\"swiper-slide-inner\"><img decoding=\"async\" class=\"swiper-slide-image\" src=\"https:\/\/atauni.edu.tr\/fen-fakultesi\/wp-content\/uploads\/sites\/60\/2026\/04\/Seyh-Edebali-791x1024.png\" alt=\"\u015eeyh Edebali\" \/><\/figure><\/div><div class=\"swiper-slide\" role=\"group\" aria-roledescription=\"slide\" aria-label=\"12 \/ 16\"><figure class=\"swiper-slide-inner\"><img decoding=\"async\" class=\"swiper-slide-image\" src=\"https:\/\/atauni.edu.tr\/fen-fakultesi\/wp-content\/uploads\/sites\/60\/2026\/04\/1-1024x1024.jpeg\" alt=\"1\" \/><\/figure><\/div><div class=\"swiper-slide\" role=\"group\" aria-roledescription=\"slide\" aria-label=\"13 \/ 16\"><figure class=\"swiper-slide-inner\"><img decoding=\"async\" class=\"swiper-slide-image\" src=\"https:\/\/atauni.edu.tr\/fen-fakultesi\/wp-content\/uploads\/sites\/60\/2026\/04\/2-1024x1024.jpeg\" alt=\"2\" \/><\/figure><\/div><div class=\"swiper-slide\" role=\"group\" aria-roledescription=\"slide\" aria-label=\"14 \/ 16\"><figure class=\"swiper-slide-inner\"><img decoding=\"async\" class=\"swiper-slide-image\" src=\"https:\/\/atauni.edu.tr\/fen-fakultesi\/wp-content\/uploads\/sites\/60\/2026\/04\/3-1024x1024.jpeg\" alt=\"3\" \/><\/figure><\/div><div class=\"swiper-slide\" role=\"group\" aria-roledescription=\"slide\" aria-label=\"15 \/ 16\"><figure class=\"swiper-slide-inner\"><img decoding=\"async\" class=\"swiper-slide-image\" src=\"https:\/\/atauni.edu.tr\/fen-fakultesi\/wp-content\/uploads\/sites\/60\/2026\/04\/Kadin-Calismalari-Ogrenci-Kongresi-III-791x1024.png\" alt=\"Kad\u0131n \u00c7al\u0131\u015fmalar\u0131 \u00d6\u011frenci Kongresi III\" \/><\/figure><\/div><div class=\"swiper-slide\" role=\"group\" aria-roledescription=\"slide\" aria-label=\"16 \/ 16\"><figure class=\"swiper-slide-inner\"><img decoding=\"async\" class=\"swiper-slide-image\" src=\"https:\/\/atauni.edu.tr\/fen-fakultesi\/wp-content\/uploads\/sites\/60\/2026\/04\/Aile-Temali-Uluslararasi-Bir-Kisa-Film-Yarismasi-724x1024.png\" alt=\"Aile Temal\u0131 Uluslararas\u0131 Bir K\u0131sa Film Yar\u0131\u015fmas\u0131\" \/><\/figure><\/div>\t\t\t<\/div>\n\t\t\t\t\t\t\t\n\t\t\t\t\t\t\t\t\t<\/div>\n\t\t\t\t\t\t<\/div>\n\t\t\t\t<\/div>\n\t\t\t\t\t<\/div>\n\t\t<\/div>\n\t\t\t\t\t<\/div>\n\t\t<\/section>\n\t\t\t\t<\/div>\n\t\t","protected":false},"excerpt":{"rendered":"","protected":false},"author":282,"featured_media":0,"parent":0,"menu_order":0,"comment_status":"closed","ping_status":"closed","template":"","meta":{"footnotes":""},"class_list":["post-10216","page","type-page","status-publish","hentry"],"_links":{"self":[{"href":"https:\/\/atauni.edu.tr\/fen-fakultesi\/wp-json\/wp\/v2\/pages\/10216","targetHints":{"allow":["GET"]}}],"collection":[{"href":"https:\/\/atauni.edu.tr\/fen-fakultesi\/wp-json\/wp\/v2\/pages"}],"about":[{"href":"https:\/\/atauni.edu.tr\/fen-fakultesi\/wp-json\/wp\/v2\/types\/page"}],"author":[{"embeddable":true,"href":"https:\/\/atauni.edu.tr\/fen-fakultesi\/wp-json\/wp\/v2\/users\/282"}],"replies":[{"embeddable":true,"href":"https:\/\/atauni.edu.tr\/fen-fakultesi\/wp-json\/wp\/v2\/comments?post=10216"}],"version-history":[{"count":100,"href":"https:\/\/atauni.edu.tr\/fen-fakultesi\/wp-json\/wp\/v2\/pages\/10216\/revisions"}],"predecessor-version":[{"id":10438,"href":"https:\/\/atauni.edu.tr\/fen-fakultesi\/wp-json\/wp\/v2\/pages\/10216\/revisions\/10438"}],"wp:attachment":[{"href":"https:\/\/atauni.edu.tr\/fen-fakultesi\/wp-json\/wp\/v2\/media?parent=10216"}],"curies":[{"name":"wp","href":"https:\/\/api.w.org\/{rel}","templated":true}]}}