{"id":5743,"date":"2021-07-13T11:47:21","date_gmt":"2021-07-13T08:47:21","guid":{"rendered":"https:\/\/portaltest.atauni.edu.tr\/muhendislik-fakultesi\/?page_id=5743"},"modified":"2025-12-31T15:28:00","modified_gmt":"2025-12-31T12:28:00","slug":"misyon-vizyon-ve-temel-degerler","status":"publish","type":"page","link":"https:\/\/atauni.edu.tr\/fen-fakultesi\/misyon-vizyon-ve-temel-degerler\/","title":{"rendered":"Misyon, Vizyon ve Temel De\u011ferler"},"content":{"rendered":"\t\t<div data-elementor-type=\"wp-page\" data-elementor-id=\"5743\" class=\"elementor elementor-5743\" data-elementor-post-type=\"page\">\n\t\t\t\t\t\t<section class=\"elementor-section elementor-top-section elementor-element elementor-element-46c2cb5d elementor-section-boxed elementor-section-height-default elementor-section-height-default\" data-id=\"46c2cb5d\" data-element_type=\"section\">\n\t\t\t\t\t\t<div class=\"elementor-container elementor-column-gap-default\">\n\t\t\t\t\t<div class=\"elementor-column elementor-col-100 elementor-top-column elementor-element elementor-element-299813e7\" data-id=\"299813e7\" data-element_type=\"column\">\n\t\t\t<div class=\"elementor-widget-wrap elementor-element-populated\">\n\t\t\t\t\t\t<div class=\"elementor-element elementor-element-3ec495a9 elementor-widget elementor-widget-heading\" data-id=\"3ec495a9\" data-element_type=\"widget\" data-widget_type=\"heading.default\">\n\t\t\t\t<div class=\"elementor-widget-container\">\n\t\t\t\t\t<h2 class=\"elementor-heading-title elementor-size-default\">Misyon, Vizyon ve Temel De\u011ferler<\/h2>\t\t\t\t<\/div>\n\t\t\t\t<\/div>\n\t\t\t\t<div class=\"elementor-element elementor-element-2092e3b3 elementor-widget-divider--view-line elementor-widget elementor-widget-divider\" data-id=\"2092e3b3\" data-element_type=\"widget\" data-widget_type=\"divider.default\">\n\t\t\t\t<div class=\"elementor-widget-container\">\n\t\t\t\t\t\t\t<div class=\"elementor-divider\">\n\t\t\t<span class=\"elementor-divider-separator\">\n\t\t\t\t\t\t<\/span>\n\t\t<\/div>\n\t\t\t\t\t\t<\/div>\n\t\t\t\t<\/div>\n\t\t\t\t\t<\/div>\n\t\t<\/div>\n\t\t\t\t\t<\/div>\n\t\t<\/section>\n\t\t\t\t<section class=\"elementor-section elementor-top-section elementor-element elementor-element-d76d987 elementor-section-boxed elementor-section-height-default elementor-section-height-default\" data-id=\"d76d987\" data-element_type=\"section\">\n\t\t\t\t\t\t<div class=\"elementor-container elementor-column-gap-default\">\n\t\t\t\t\t<div class=\"elementor-column elementor-col-100 elementor-top-column elementor-element elementor-element-acd741f\" data-id=\"acd741f\" data-element_type=\"column\">\n\t\t\t<div class=\"elementor-widget-wrap elementor-element-populated\">\n\t\t\t\t\t\t<div class=\"elementor-element elementor-element-dd538b4 elementor-widget elementor-widget-text-editor\" data-id=\"dd538b4\" data-element_type=\"widget\" data-widget_type=\"text-editor.default\">\n\t\t\t\t<div class=\"elementor-widget-container\">\n\t\t\t\t\t\t\t\t\t<p><span style=\"color: #000000;font-family: 'Roboto Condensed', sans-serif;font-size: 14px\">M\u0130SYON<\/span><br style=\"color: #000000;font-family: 'Roboto Condensed', sans-serif;font-size: 14px\" \/><span style=\"color: #000000;font-family: 'Roboto Condensed', sans-serif;font-size: 14px\">Ulusal ve uluslararas\u0131 ortamlarda ad\u0131ndan s\u0131k\u00e7a s\u00f6z ettiren, kaliteli ve yenilik\u00e7i bir yakla\u015f\u0131mla e\u011fitim-\u00f6\u011fretim veren, bilgi ve teknoloji \u00fcretiminde s\u00f6z sahibi olan, \u00abhayat\u0131n hizmetinde hep ileriye\u00bb prensibini \u015fiar edinmi\u015f, \u00fclkenin \u00f6ncelikli sorunlar\u0131na \u00e7\u00f6z\u00fcm \u00f6nerileri getirecek bir Fen Fak\u00fcltesi olmakt\u0131r.<\/span><br style=\"color: #000000;font-family: 'Roboto Condensed', sans-serif;font-size: 14px\" \/><br style=\"color: #000000;font-family: 'Roboto Condensed', sans-serif;font-size: 14px\" \/><span style=\"color: #000000;font-family: 'Roboto Condensed', sans-serif;font-size: 14px\">V\u0130ZYON<\/span><br style=\"color: #000000;font-family: 'Roboto Condensed', sans-serif;font-size: 14px\" \/><span style=\"color: #000000;font-family: 'Roboto Condensed', sans-serif;font-size: 14px\">Evrensel ve Milli de\u011ferler \u0131\u015f\u0131\u011f\u0131nda, bilimsel ve teknolojik geli\u015fmeleri takip ederek bunlar\u0131 \u00dclkenin yarar\u0131na kullanacak donan\u0131ml\u0131 bireyler yeti\u015ftirmek ve \u00f6zellikle temel ara\u015ft\u0131rma alanlar\u0131ndaki \u00fcretimi toplumun yarar\u0131na sunmakt\u0131r.<\/span><br style=\"color: #000000;font-family: 'Roboto Condensed', sans-serif;font-size: 14px\" \/><br style=\"color: #000000;font-family: 'Roboto Condensed', sans-serif;font-size: 14px\" \/><span style=\"color: #000000;font-family: 'Roboto Condensed', sans-serif;font-size: 14px\">TEMEL DE\u011eERLER<\/span><br style=\"color: #000000;font-family: 'Roboto Condensed', sans-serif;font-size: 14px\" \/><span style=\"color: #000000;font-family: 'Roboto Condensed', sans-serif;font-size: 14px\">Fen Fak\u00fcltesi; adaletli, i\u015fini en iyi \u015fekilde yapan bir fak\u00fcltedir ve a\u015fa\u011f\u0131daki de\u011ferlere uygun olarak hareket etmeye \u00e7al\u0131\u015f\u0131r, u\u011fra\u015f\u0131r.<\/span><br style=\"color: #000000;font-family: 'Roboto Condensed', sans-serif;font-size: 14px\" \/><br style=\"color: #000000;font-family: 'Roboto Condensed', sans-serif;font-size: 14px\" \/><span style=\"color: #000000;font-family: 'Roboto Condensed', sans-serif;font-size: 14px\">1- Fen Fak\u00fcltesi sorumlulu\u011funun bilincindedir ve her \u015fey i\u00e7in hesap veremeye her zaman haz\u0131rd\u0131r.<\/span><br style=\"color: #000000;font-family: 'Roboto Condensed', sans-serif;font-size: 14px\" \/><span style=\"color: #000000;font-family: 'Roboto Condensed', sans-serif;font-size: 14px\">2- Fen Fak\u00fcltesi yeniliklere her zaman a\u00e7\u0131kt\u0131r.<\/span><br style=\"color: #000000;font-family: 'Roboto Condensed', sans-serif;font-size: 14px\" \/><span style=\"color: #000000;font-family: 'Roboto Condensed', sans-serif;font-size: 14px\">3- Fen Fak\u00fcltesi\u2019nde e\u011fitim \u00f6\u011fretimin devam\u0131n\u0131 esast\u0131r. Her ortamda ve durumda e\u011fitim-\u00f6\u011fretim kesintisiz devam ettirilir.<\/span><br style=\"color: #000000;font-family: 'Roboto Condensed', sans-serif;font-size: 14px\" \/><span style=\"color: #000000;font-family: 'Roboto Condensed', sans-serif;font-size: 14px\">4- Fen Fak\u00fcltesi\u2019nde kurum aidiyeti \u00f6n plandad\u0131r.<\/span><br style=\"color: #000000;font-family: 'Roboto Condensed', sans-serif;font-size: 14px\" \/><span style=\"color: #000000;font-family: 'Roboto Condensed', sans-serif;font-size: 14px\">5- Fen Fak\u00fcltesi\u2019nde kararlar \u00f6l\u00e7me ve de\u011ferlendirme verilerine g\u00f6re al\u0131n\u0131r.<\/span><br style=\"color: #000000;font-family: 'Roboto Condensed', sans-serif;font-size: 14px\" \/><span style=\"color: #000000;font-family: 'Roboto Condensed', sans-serif;font-size: 14px\">6- Fen Fak\u00fcltesi topluma faydal\u0131 olmaya \u00f6zen g\u00f6sterir.<\/span><br style=\"color: #000000;font-family: 'Roboto Condensed', sans-serif;font-size: 14px\" \/><span style=\"color: #000000;font-family: 'Roboto Condensed', sans-serif;font-size: 14px\">7- Fen Fak\u00fcltesi topra\u011fa, havaya, do\u011faya, d\u00fcnya \u00fczerinde ya\u015fayan t\u00fcm canl\u0131lara \u00f6nem verir.<\/span><br style=\"color: #000000;font-family: 'Roboto Condensed', sans-serif;font-size: 14px\" \/><span style=\"color: #000000;font-family: 'Roboto Condensed', sans-serif;font-size: 14px\">8- Fen Fak\u00fcltesi sa\u011fl\u0131kl\u0131 ya\u015fama \u00f6nem verir, bunun i\u00e7in \u00f6neriler geli\u015ftirir.<\/span><br style=\"color: #000000;font-family: 'Roboto Condensed', sans-serif;font-size: 14px\" \/><span style=\"color: #000000;font-family: 'Roboto Condensed', sans-serif;font-size: 14px\">9- Fen Fak\u00fcltesi \u00abiki g\u00fcn\u00fc ayn\u0131 olan zarardad\u0131r\u00bb prensibi gere\u011fince \u00e7al\u0131\u015fmalar\u0131n\u0131 y\u00fcr\u00fct\u00fcr.<\/span><br style=\"color: #000000;font-family: 'Roboto Condensed', sans-serif;font-size: 14px\" \/><span style=\"color: #000000;font-family: 'Roboto Condensed', sans-serif;font-size: 14px\">10- Fen Fak\u00fcltesi kararlar\u0131n\u0131 mevzuata uygun olarak olu\u015fturdu\u011fu kurullar ve komisyonlar arac\u0131l\u0131\u011f\u0131 iler al\u0131r. Ki\u015fisel kararlar al\u0131nmaz. Her karar\u0131n hukuki bir dayana\u011f\u0131n\u0131n olmas\u0131na \u00e7ok \u00f6nem verir.<\/span><br style=\"color: #000000;font-family: 'Roboto Condensed', sans-serif;font-size: 14px\" \/><span style=\"color: #000000;font-family: 'Roboto Condensed', sans-serif;font-size: 14px\">11- Fen Fak\u00fcltesi herkese e\u015fit mesafelidir ve tarafs\u0131zd\u0131r.<\/span><br style=\"color: #000000;font-family: 'Roboto Condensed', sans-serif;font-size: 14px\" \/><span style=\"color: #000000;font-family: 'Roboto Condensed', sans-serif;font-size: 14px\">12- Fen Fak\u00fcltesi her zaman ho\u015fg\u00f6r\u00fcl\u00fc, sab\u0131rl\u0131, dengeli ve m\u00fcsamahakard\u0131r.<\/span><\/p>\t\t\t\t\t\t\t\t<\/div>\n\t\t\t\t<\/div>\n\t\t\t\t\t<\/div>\n\t\t<\/div>\n\t\t\t\t\t<\/div>\n\t\t<\/section>\n\t\t\t\t<\/div>\n\t\t","protected":false},"excerpt":{"rendered":"<p>Misyon, Vizyon ve Temel De\u011ferler M\u0130SYONUlusal ve uluslararas\u0131 ortamlarda ad\u0131ndan s\u0131k\u00e7a s\u00f6z ettiren, kaliteli ve yenilik\u00e7i bir yakla\u015f\u0131mla e\u011fitim-\u00f6\u011fretim veren, bilgi ve teknoloji \u00fcretiminde s\u00f6z sahibi olan, \u00abhayat\u0131n hizmetinde hep ileriye\u00bb prensibini \u015fiar edinmi\u015f, \u00fclkenin \u00f6ncelikli sorunlar\u0131na \u00e7\u00f6z\u00fcm \u00f6nerileri getirecek bir Fen Fak\u00fcltesi olmakt\u0131r.V\u0130ZYONEvrensel ve Milli de\u011ferler \u0131\u015f\u0131\u011f\u0131nda, bilimsel ve teknolojik geli\u015fmeleri takip ederek bunlar\u0131 [&hellip;]<\/p>\n","protected":false},"author":1,"featured_media":0,"parent":0,"menu_order":0,"comment_status":"closed","ping_status":"closed","template":"elementor_header_footer","meta":{"footnotes":""},"class_list":["post-5743","page","type-page","status-publish","hentry"],"_links":{"self":[{"href":"https:\/\/atauni.edu.tr\/fen-fakultesi\/wp-json\/wp\/v2\/pages\/5743","targetHints":{"allow":["GET"]}}],"collection":[{"href":"https:\/\/atauni.edu.tr\/fen-fakultesi\/wp-json\/wp\/v2\/pages"}],"about":[{"href":"https:\/\/atauni.edu.tr\/fen-fakultesi\/wp-json\/wp\/v2\/types\/page"}],"author":[{"embeddable":true,"href":"https:\/\/atauni.edu.tr\/fen-fakultesi\/wp-json\/wp\/v2\/users\/1"}],"replies":[{"embeddable":true,"href":"https:\/\/atauni.edu.tr\/fen-fakultesi\/wp-json\/wp\/v2\/comments?post=5743"}],"version-history":[{"count":17,"href":"https:\/\/atauni.edu.tr\/fen-fakultesi\/wp-json\/wp\/v2\/pages\/5743\/revisions"}],"predecessor-version":[{"id":10054,"href":"https:\/\/atauni.edu.tr\/fen-fakultesi\/wp-json\/wp\/v2\/pages\/5743\/revisions\/10054"}],"wp:attachment":[{"href":"https:\/\/atauni.edu.tr\/fen-fakultesi\/wp-json\/wp\/v2\/media?parent=5743"}],"curies":[{"name":"wp","href":"https:\/\/api.w.org\/{rel}","templated":true}]}}