{"id":5774,"date":"2021-07-13T13:54:52","date_gmt":"2021-07-13T10:54:52","guid":{"rendered":"https:\/\/portaltest.atauni.edu.tr\/muhendislik-fakultesi\/?page_id=5774"},"modified":"2024-05-21T10:44:15","modified_gmt":"2024-05-21T07:44:15","slug":"tarihce","status":"publish","type":"page","link":"https:\/\/atauni.edu.tr\/fen-fakultesi\/tarihce\/","title":{"rendered":"Tarih\u00e7e"},"content":{"rendered":"\t\t<div data-elementor-type=\"wp-page\" data-elementor-id=\"5774\" class=\"elementor elementor-5774\" data-elementor-post-type=\"page\">\n\t\t\t\t\t\t<section class=\"elementor-section elementor-top-section elementor-element elementor-element-46c2cb5d elementor-section-boxed elementor-section-height-default elementor-section-height-default\" data-id=\"46c2cb5d\" data-element_type=\"section\">\n\t\t\t\t\t\t<div class=\"elementor-container elementor-column-gap-default\">\n\t\t\t\t\t<div class=\"elementor-column elementor-col-100 elementor-top-column elementor-element elementor-element-299813e7\" data-id=\"299813e7\" data-element_type=\"column\">\n\t\t\t<div class=\"elementor-widget-wrap elementor-element-populated\">\n\t\t\t\t\t\t<div class=\"elementor-element elementor-element-3ec495a9 elementor-widget elementor-widget-heading\" data-id=\"3ec495a9\" data-element_type=\"widget\" data-widget_type=\"heading.default\">\n\t\t\t\t<div class=\"elementor-widget-container\">\n\t\t\t\t\t<h2 class=\"elementor-heading-title elementor-size-default\">Tarih\u00e7e<\/h2>\t\t\t\t<\/div>\n\t\t\t\t<\/div>\n\t\t\t\t<div class=\"elementor-element elementor-element-2092e3b3 elementor-widget-divider--view-line elementor-widget elementor-widget-divider\" data-id=\"2092e3b3\" data-element_type=\"widget\" data-widget_type=\"divider.default\">\n\t\t\t\t<div class=\"elementor-widget-container\">\n\t\t\t\t\t\t\t<div class=\"elementor-divider\">\n\t\t\t<span class=\"elementor-divider-separator\">\n\t\t\t\t\t\t<\/span>\n\t\t<\/div>\n\t\t\t\t\t\t<\/div>\n\t\t\t\t<\/div>\n\t\t\t\t\t<\/div>\n\t\t<\/div>\n\t\t\t\t\t<\/div>\n\t\t<\/section>\n\t\t\t\t<section class=\"elementor-section elementor-top-section elementor-element elementor-element-a00ea8d elementor-section-boxed elementor-section-height-default elementor-section-height-default\" data-id=\"a00ea8d\" data-element_type=\"section\">\n\t\t\t\t\t\t<div class=\"elementor-container elementor-column-gap-default\">\n\t\t\t\t\t<div class=\"elementor-column elementor-col-100 elementor-top-column elementor-element elementor-element-0ad1be4\" data-id=\"0ad1be4\" data-element_type=\"column\" data-settings=\"{&quot;background_background&quot;:&quot;classic&quot;}\">\n\t\t\t<div class=\"elementor-widget-wrap elementor-element-populated\">\n\t\t\t\t\t\t<div class=\"elementor-element elementor-element-c133bed elementor-widget elementor-widget-text-editor\" data-id=\"c133bed\" data-element_type=\"widget\" data-widget_type=\"text-editor.default\">\n\t\t\t\t<div class=\"elementor-widget-container\">\n\t\t\t\t\t\t\t\t\t<p style=\"margin-bottom: 10px;text-align: justify\">Atat\u00fcrk \u00dcniversitesi b\u00fcnyesinde 17 Kas\u0131m 1958 tarihinde Fen-Edebiyat Fak\u00fcltesi kurulmu\u015ftur. Fen Grubunda, Matematik-Fizik B\u00f6l\u00fcm\u00fc ve Tabii \u0130limler B\u00f6l\u00fcm\u00fc olmak \u00fczere iki b\u00f6l\u00fcm; Edebiyat Grubunda ise T\u00fcrk Dili ve Edebiyat\u0131, Alman Dili ve Edebiyat\u0131, \u0130ngiliz Dili ve Edebiyat\u0131, Frans\u0131z Dili ve Edebiyat\u0131 ile \u0130ktisat ve \u0130\u015fletmecilik B\u00f6l\u00fcmleri olmak \u00fczere be\u015f b\u00f6l\u00fcm vard\u0131. 1958-1959 \u00f6\u011fretim y\u0131l\u0131nda \u0130ngiliz Dili ve Edebiyat\u0131 5, Frans\u0131z Dili ve Edebiyat\u0131 4 ve Alman Dili Edebiyat\u0131 1 olmak \u00fczere toplam 10 \u00f6\u011frenci alarak lisans e\u011fitimine ba\u015flam\u0131\u015ft\u0131r. Fen Grubu ise Ziraat Fak\u00fcltesinin FKB derslerinin y\u00fcr\u00fct\u00fclmesini \u00fcstlenmi\u015fti. Kuruldu\u011fu y\u0131llarda, bug\u00fcnk\u00fc \u015eair Nefi Ortaokulunda faaliyetlerini s\u00fcrd\u00fcren Fen-Edebiyat Fak\u00fcltesi 1962-1963 \u00f6\u011fretim y\u0131l\u0131 ba\u015f\u0131nda \u015fu andaki kamp\u00fcs i\u00e7erisinde yer alan kendi binalar\u0131na ta\u015f\u0131nm\u0131\u015ft\u0131r. 1969 y\u0131l\u0131nda, Fen-Edebiyat Fak\u00fcltesi, Fen Fak\u00fcltesi, Edebiyat Fak\u00fcltesi ve \u0130\u015fletme Fak\u00fcltesi olmak \u00fczere \u00fc\u00e7 ayr\u0131 fak\u00fclteye ayr\u0131lm\u0131\u015ft\u0131r. Biyoloji, Jeoloji, Fizik, Kimya ve Matematik \u015feklinde be\u015f ayr\u0131 b\u00f6l\u00fcm halinde organize olan Fen Fak\u00fcltesi ise, 1970-1971 \u00f6\u011fretim y\u0131l\u0131nda da ilk kez Biyoloji B\u00f6l\u00fcm\u00fcne 37 ve Matematik B\u00f6l\u00fcm\u00fcne 96 \u00f6\u011frenci alarak lisans d\u00fczeyinde e\u011fitim ve \u00f6\u011fretime ba\u015flam\u0131\u015ft\u0131r. 20 Temmuz 1982 tarih ve 2547 Say\u0131l\u0131 &#8220;Y\u00fcksek\u00f6\u011fretim Kurumlar\u0131 Te\u015fkilat\u0131 Hakk\u0131nda Kanun H\u00fckm\u00fcnde Kararname&#8221; ile \u00dcniversiteler yeniden \u00f6rg\u00fctlenirken Fen ve Edebiyat Fak\u00fclteleri de tekrar &#8220;Fen-Edebiyat Fak\u00fcltesi&#8221; ad\u0131 alt\u0131nda birle\u015ftirilmi\u015flerdir. 17 Eyl\u00fcl 2008 tarih ve 2008\/14169 say\u0131l\u0131 Bakanlar Kurulu karar\u0131 ile Fen-Edebiyat Fak\u00fcltesi kapat\u0131larak, Fen Fak\u00fcltesi ve Edebiyat Fak\u00fcltesi yeniden kurulmu\u015ftur. 18.03.2009 tarihli Y\u00fcksek\u00f6\u011fretim Kurulu Y\u00fcr\u00fctme Kurulu`nun karar\u0131 ile Fak\u00fcltemiz b\u00fcnyesinde Molek\u00fcler Biyoloji ve Genetik ile Astronomi ve Uzay Bilimleri b\u00f6l\u00fcmleri a\u00e7\u0131lm\u0131\u015ft\u0131r.\u00a0 2022 y\u0131l\u0131nda ise \u0130statistik B\u00f6l\u00fcm\u00fc kurulmu\u015ftur.<\/p><div style=\"text-align: justify\">\u00a0<\/div>\t\t\t\t\t\t\t\t<\/div>\n\t\t\t\t<\/div>\n\t\t\t\t\t<\/div>\n\t\t<\/div>\n\t\t\t\t\t<\/div>\n\t\t<\/section>\n\t\t\t\t<\/div>\n\t\t","protected":false},"excerpt":{"rendered":"<p>Tarih\u00e7e Atat\u00fcrk \u00dcniversitesi b\u00fcnyesinde 17 Kas\u0131m 1958 tarihinde Fen-Edebiyat Fak\u00fcltesi kurulmu\u015ftur. Fen Grubunda, Matematik-Fizik B\u00f6l\u00fcm\u00fc ve Tabii \u0130limler B\u00f6l\u00fcm\u00fc olmak \u00fczere iki b\u00f6l\u00fcm; Edebiyat Grubunda ise T\u00fcrk Dili ve Edebiyat\u0131, Alman Dili ve Edebiyat\u0131, \u0130ngiliz Dili ve Edebiyat\u0131, Frans\u0131z Dili ve Edebiyat\u0131 ile \u0130ktisat ve \u0130\u015fletmecilik B\u00f6l\u00fcmleri olmak \u00fczere be\u015f b\u00f6l\u00fcm vard\u0131. 1958-1959 \u00f6\u011fretim y\u0131l\u0131nda [&hellip;]<\/p>\n","protected":false},"author":1,"featured_media":0,"parent":0,"menu_order":0,"comment_status":"closed","ping_status":"closed","template":"elementor_header_footer","meta":{"footnotes":""},"class_list":["post-5774","page","type-page","status-publish","hentry"],"_links":{"self":[{"href":"https:\/\/atauni.edu.tr\/fen-fakultesi\/wp-json\/wp\/v2\/pages\/5774","targetHints":{"allow":["GET"]}}],"collection":[{"href":"https:\/\/atauni.edu.tr\/fen-fakultesi\/wp-json\/wp\/v2\/pages"}],"about":[{"href":"https:\/\/atauni.edu.tr\/fen-fakultesi\/wp-json\/wp\/v2\/types\/page"}],"author":[{"embeddable":true,"href":"https:\/\/atauni.edu.tr\/fen-fakultesi\/wp-json\/wp\/v2\/users\/1"}],"replies":[{"embeddable":true,"href":"https:\/\/atauni.edu.tr\/fen-fakultesi\/wp-json\/wp\/v2\/comments?post=5774"}],"version-history":[{"count":29,"href":"https:\/\/atauni.edu.tr\/fen-fakultesi\/wp-json\/wp\/v2\/pages\/5774\/revisions"}],"predecessor-version":[{"id":8985,"href":"https:\/\/atauni.edu.tr\/fen-fakultesi\/wp-json\/wp\/v2\/pages\/5774\/revisions\/8985"}],"wp:attachment":[{"href":"https:\/\/atauni.edu.tr\/fen-fakultesi\/wp-json\/wp\/v2\/media?parent=5774"}],"curies":[{"name":"wp","href":"https:\/\/api.w.org\/{rel}","templated":true}]}}