{"id":5898,"date":"2021-07-13T15:20:50","date_gmt":"2021-07-13T12:20:50","guid":{"rendered":"https:\/\/portaltest.atauni.edu.tr\/muhendislik-fakultesi\/?page_id=5898"},"modified":"2023-12-12T16:46:56","modified_gmt":"2023-12-12T13:46:56","slug":"ogrenciler","status":"publish","type":"page","link":"https:\/\/atauni.edu.tr\/fen-fakultesi\/ogrenciler\/","title":{"rendered":"Dilek\u00e7e ve Formlar"},"content":{"rendered":"\t\t<div data-elementor-type=\"wp-page\" data-elementor-id=\"5898\" class=\"elementor elementor-5898\" data-elementor-post-type=\"page\">\n\t\t\t\t\t\t<section class=\"elementor-section elementor-top-section elementor-element elementor-element-94803bd elementor-section-boxed elementor-section-height-default elementor-section-height-default\" data-id=\"94803bd\" data-element_type=\"section\">\n\t\t\t\t\t\t<div class=\"elementor-container elementor-column-gap-default\">\n\t\t\t\t\t<div class=\"elementor-column elementor-col-100 elementor-top-column elementor-element elementor-element-9722b50\" data-id=\"9722b50\" data-element_type=\"column\">\n\t\t\t<div class=\"elementor-widget-wrap elementor-element-populated\">\n\t\t\t\t\t\t<div class=\"elementor-element elementor-element-686a624 elementor-widget elementor-widget-text-editor\" data-id=\"686a624\" data-element_type=\"widget\" data-widget_type=\"text-editor.default\">\n\t\t\t\t<div class=\"elementor-widget-container\">\n\t\t\t\t\t\t\t\t\t<p><a href=\"http:\/\/birimler.atauni.edu.tr\/fen-fakultesi\/wp-content\/uploads\/sites\/60\/2020\/07\/Ders-Deg\u0306is\u0327tirme-dilekc\u0327esi.docx\">Ders Deg\u0306is\u0327tirme dilekc\u0327esi<\/a><\/p><p><a href=\"http:\/\/birimler.atauni.edu.tr\/fen-fakultesi\/wp-content\/uploads\/sites\/60\/2020\/07\/Ders-Muafiyet-Bas\u0327vuru-Formu.docx\">Ders Muafiyet Bas\u0327vuru Formu<\/a><\/p><p><a href=\"http:\/\/birimler.atauni.edu.tr\/fen-fakultesi\/wp-content\/uploads\/sites\/60\/2020\/07\/Kayit-dondurma-dilekc\u0327esi.docx\">Kay\u0131t dondurma dilekc\u0327esi<\/a><\/p><p><a href=\"http:\/\/birimler.atauni.edu.tr\/fen-fakultesi\/wp-content\/uploads\/sites\/60\/2020\/07\/Mazaret-Sinavina-Bas\u0327vuru-dilekc\u0327esi.docx\">Mazaret S\u0131nav\u0131na Bas\u0327vuru<\/a><a href=\"http:\/\/birimler.atauni.edu.tr\/fen-fakultesi\/wp-content\/uploads\/sites\/60\/2020\/07\/Mazaret-Sinavina-Bas\u0327vuru-dilekc\u0327esi.docx\"> dilekc\u0327esi<\/a><\/p><p><a href=\"http:\/\/birimler.atauni.edu.tr\/fen-fakultesi\/wp-content\/uploads\/sites\/60\/2020\/07\/Mezuniyet-Tek-ders-bas\u0327vuru-dilekc\u0327esi.docx\">Mezuniyet Tek ders bas\u0327vuru dilekc\u0327esi<\/a><\/p><p><a href=\"http:\/\/birimler.atauni.edu.tr\/fen-fakultesi\/wp-content\/uploads\/sites\/60\/2020\/07\/Punlandirma-formu-Prof.-kadrosu.xlsx\">Punland\u0131rma formu-Prof. kadrosu<\/a><\/p><p><a href=\"http:\/\/birimler.atauni.edu.tr\/fen-fakultesi\/wp-content\/uploads\/sites\/60\/2020\/07\/Puanlandirma-formu-Dr.-ogretim-uyesi-muracaat.xlsx\">Puanland\u0131rma formu-Dr. \u00f6\u011fretim \u00fcyesi m\u00fcracaat<\/a><\/p><p><a href=\"http:\/\/birimler.atauni.edu.tr\/fen-fakultesi\/wp-content\/uploads\/sites\/60\/2020\/07\/Punlandirma-formu-gorev-uzatma.xlsx\">Punland\u0131rma formu-g\u00f6rev uzatma<\/a><\/p><p>Do\u00e7entlik m\u00fcracaat\u0131 i\u00e7in formlar:<\/p><p>\u00a0 \u00a0 \u00a0 \u00a0 \u00a0 \u00a0 \u00a0 \u00a0 \u00a0 \u00a0 \u00a0 \u00a0 \u00a0 \u00a0 \u00a0 \u00a0 \u00a0 \u00a0 \u00a0 \u00a0 \u00a0 \u00a0 \u00a0 \u00a0 \u00a0 \u00a0 1. <a href=\"http:\/\/birimler.atauni.edu.tr\/fen-fakultesi\/wp-content\/uploads\/sites\/60\/2020\/07\/Docentlik-havuz-Puanlama.xlsx\">Do\u00e7entlik-havuz-Puanlama<\/a>\u00a0 \u00a0 \u00a0\u00a0<\/p><p>\u00a0 \u00a0 \u00a0 \u00a0 \u00a0 \u00a0 \u00a0 \u00a0 \u00a0 \u00a0 \u00a0 \u00a0 \u00a0 \u00a0 \u00a0 \u00a0 \u00a0 \u00a0 \u00a0 \u00a0 \u00a0 \u00a0 \u00a0 \u00a0 \u00a0 \u00a0 \u00a02. <a href=\"http:\/\/birimler.atauni.edu.tr\/fen-fakultesi\/wp-content\/uploads\/sites\/60\/2020\/07\/docent-kadrolarina-basvuru-icin-genel-puanlama-formu.xlsx\">do\u00e7ent kadrolar\u0131na ba\u015fvuru i\u00e7in genel puanlama formu<\/a><\/p><p><a href=\"http:\/\/birimler.atauni.edu.tr\/fen-fakultesi\/wp-content\/uploads\/sites\/60\/2020\/07\/Yaz-Okulu-Bas\u0327vuru-Dilekc\u0327esi.docx\">Yaz Okulu Bas\u0327vuru Dilekc\u0327esi<\/a><\/p>\t\t\t\t\t\t\t\t<\/div>\n\t\t\t\t<\/div>\n\t\t\t\t\t<\/div>\n\t\t<\/div>\n\t\t\t\t\t<\/div>\n\t\t<\/section>\n\t\t\t\t<\/div>\n\t\t","protected":false},"excerpt":{"rendered":"<p>Ders Deg\u0306is\u0327tirme dilekc\u0327esi Ders Muafiyet Bas\u0327vuru Formu Kay\u0131t dondurma dilekc\u0327esi Mazaret S\u0131nav\u0131na Bas\u0327vuru dilekc\u0327esi Mezuniyet Tek ders bas\u0327vuru dilekc\u0327esi Punland\u0131rma formu-Prof. kadrosu Puanland\u0131rma formu-Dr. \u00f6\u011fretim \u00fcyesi m\u00fcracaat Punland\u0131rma formu-g\u00f6rev uzatma Do\u00e7entlik m\u00fcracaat\u0131 i\u00e7in formlar: \u00a0 \u00a0 \u00a0 \u00a0 \u00a0 \u00a0 \u00a0 \u00a0 \u00a0 \u00a0 \u00a0 \u00a0 \u00a0 \u00a0 \u00a0 \u00a0 \u00a0 \u00a0 \u00a0 \u00a0 \u00a0 [&hellip;]<\/p>\n","protected":false},"author":1,"featured_media":0,"parent":0,"menu_order":0,"comment_status":"closed","ping_status":"closed","template":"elementor_header_footer","meta":{"footnotes":""},"class_list":["post-5898","page","type-page","status-publish","hentry"],"_links":{"self":[{"href":"https:\/\/atauni.edu.tr\/fen-fakultesi\/wp-json\/wp\/v2\/pages\/5898","targetHints":{"allow":["GET"]}}],"collection":[{"href":"https:\/\/atauni.edu.tr\/fen-fakultesi\/wp-json\/wp\/v2\/pages"}],"about":[{"href":"https:\/\/atauni.edu.tr\/fen-fakultesi\/wp-json\/wp\/v2\/types\/page"}],"author":[{"embeddable":true,"href":"https:\/\/atauni.edu.tr\/fen-fakultesi\/wp-json\/wp\/v2\/users\/1"}],"replies":[{"embeddable":true,"href":"https:\/\/atauni.edu.tr\/fen-fakultesi\/wp-json\/wp\/v2\/comments?post=5898"}],"version-history":[{"count":120,"href":"https:\/\/atauni.edu.tr\/fen-fakultesi\/wp-json\/wp\/v2\/pages\/5898\/revisions"}],"predecessor-version":[{"id":8968,"href":"https:\/\/atauni.edu.tr\/fen-fakultesi\/wp-json\/wp\/v2\/pages\/5898\/revisions\/8968"}],"wp:attachment":[{"href":"https:\/\/atauni.edu.tr\/fen-fakultesi\/wp-json\/wp\/v2\/media?parent=5898"}],"curies":[{"name":"wp","href":"https:\/\/api.w.org\/{rel}","templated":true}]}}