{"id":6621,"date":"2021-11-26T17:16:28","date_gmt":"2021-11-26T14:16:28","guid":{"rendered":"https:\/\/birimler.atauni.edu.tr\/fen-fakultesi\/?page_id=6621"},"modified":"2024-12-11T15:28:23","modified_gmt":"2024-12-11T12:28:23","slug":"yonetimden-mesaj","status":"publish","type":"page","link":"https:\/\/atauni.edu.tr\/fen-fakultesi\/yonetim\/yonetimden-mesaj\/","title":{"rendered":"Y\u00f6netimden Mesaj"},"content":{"rendered":"\t\t<div data-elementor-type=\"wp-page\" data-elementor-id=\"6621\" class=\"elementor elementor-6621\" data-elementor-post-type=\"page\">\n\t\t\t\t\t\t<section class=\"elementor-section elementor-top-section elementor-element elementor-element-9681c35 elementor-section-boxed elementor-section-height-default elementor-section-height-default\" data-id=\"9681c35\" data-element_type=\"section\">\n\t\t\t\t\t\t<div class=\"elementor-container elementor-column-gap-default\">\n\t\t\t\t\t<div class=\"elementor-column elementor-col-100 elementor-top-column elementor-element elementor-element-0d43a91\" data-id=\"0d43a91\" data-element_type=\"column\">\n\t\t\t<div class=\"elementor-widget-wrap elementor-element-populated\">\n\t\t\t\t\t\t<div class=\"elementor-element elementor-element-aa6e2cf elementor-widget elementor-widget-text-editor\" data-id=\"aa6e2cf\" data-element_type=\"widget\" data-widget_type=\"text-editor.default\">\n\t\t\t\t<div class=\"elementor-widget-container\">\n\t\t\t\t\t\t\t\t\t<p><span style=\"color: #333333\">Daha \u00f6nce Fen-Edebiyat Fak\u00fcltesi olarak hizmet veren kurumumuz, 17 Eyl\u00fcl 2008 tarihinde Bakanl\u0131k Kurulu karar\u0131yla Fen Fak\u00fcltesi ve Edebiyat Fak\u00fcltesi\u2019ne d\u00f6n\u00fc\u015ft\u00fcr\u00fclm\u00fc\u015ft\u00fcr. Toplam 6 b\u00f6l\u00fcmden olu\u015fan Fen Fak\u00fcltemiz, mevcut alt yap\u0131s\u0131n\u0131 ve \u00f6\u011fretim elemanlar\u0131n\u0131n deneyimlerini ve uzmanl\u0131k alanlar\u0131n\u0131 da dikkate alarak, yerel, ulusal ve uluslararas\u0131 ihtiya\u00e7lar\u0131n gerektirdi\u011fi anlamda e\u011fitim-\u00f6\u011fretim ve ara\u015ft\u0131rma faaliyetlerini y\u00fcr\u00fctmektedir. Ara\u015ft\u0131rma alanlar\u0131 olarak, organik sentez, biyoteknoloji, gen teknolojisi, enerji transferi, Nano Ayg\u0131t \u00dcretim ve Karakterizasyon, X-I\u015f\u0131n\u0131 Fl\u00f6resans Spektroskopisi, Astrofizik, Nanoteknoloji vb. gibi konularda yo\u011funla\u015fmaktad\u0131r.<\/span><\/p><p><span style=\"color: #333333\">Bilimin tarihi s\u00fcre\u00e7 i\u00e7inde fikirlerin ve deneyimlerin birbirine eklenmesiyle ve gerek ulusal gerekse uluslararas\u0131 d\u00fczeyde kar\u015f\u0131l\u0131kl\u0131 etkile\u015fimle geli\u015febilece\u011finin bilinci i\u00e7inde, ulusal ve uluslararas\u0131 d\u00fczeyde proje, seminer, kongre vb. bilimsel faaliyetleri s\u00fcrekli desteklemek ve uygulamak en \u00f6nemli hedeflerimiz aras\u0131ndad\u0131r. Bug\u00fcne kadar fak\u00fcltemiz ulusal ve uluslararas\u0131 d\u00fczeyde bir\u00e7ok bilimsel faaliyete imza atm\u0131\u015f, bundan sonra da bu aktivitelerini art\u0131rarak yoluna devam edecektir.<\/span><\/p><p><span style=\"color: #333333\">\u00a0Fak\u00fcltemiz akademik yap\u0131lanmas\u0131n\u0131 tamamlam\u0131\u015f ve \u00fclkemizin en k\u00f6kl\u00fc fak\u00fcltelerinden biri olarak; Astronomi ve Astrofizik, Fizik, Kimya, Biyoloji, Matematik ve Molek\u00fcler Biyoloji ve Genetik B\u00f6l\u00fcmleri ile 175 akademik eleman, 42 idari personel ve 1044 lisans ile 169 y\u00fcksek lisans, 130 doktora yapan \u00f6\u011frenci potansiyeli ile bilim hayat\u0131m\u0131za ve y\u00fcksek\u00f6\u011frenime \u00e7ok \u00f6nemli katk\u0131lar yapmaktad\u0131r. Bug\u00fcne kadar binlerce Bilim \u0130nsan\u0131 yeti\u015ftiren fak\u00fcltemiz, T\u00fcrkiye\u2019nin her yerinden e\u011fitim vermek \u00fczere \u00f6\u011frencileri beklemektedir. D\u00fcnya standartlar\u0131nda ara\u015ft\u0131rma laboratuvarlar\u0131na ve cihazlara sahip olan, laboratuvar uygulamalar\u0131, do\u011fada yerinde inceleme, multimedya donan\u0131ml\u0131 g\u00f6rsel-i\u015fitsel ara\u00e7-gere\u00e7lerden azami \u00f6l\u00e7\u00fcde yararlan\u0131lan fak\u00fcltemizde \u00f6\u011fretim g\u00f6rmek bir ayr\u0131cal\u0131kt\u0131r.<\/span><\/p><p><span style=\"color: #333333\">Web sayfam\u0131zda Fak\u00fcltemiz ile ilgili, merak etti\u011finiz, pek \u00e7ok bilgiyi bulaca\u011f\u0131n\u0131z \u00fcmidiyle, ziyaretiniz i\u00e7in te\u015fekk\u00fcr ederim.<\/span><\/p>\t\t\t\t\t\t\t\t<\/div>\n\t\t\t\t<\/div>\n\t\t\t\t\t<\/div>\n\t\t<\/div>\n\t\t\t\t\t<\/div>\n\t\t<\/section>\n\t\t\t\t<\/div>\n\t\t","protected":false},"excerpt":{"rendered":"<p>Daha \u00f6nce Fen-Edebiyat Fak\u00fcltesi olarak hizmet veren kurumumuz, 17 Eyl\u00fcl 2008 tarihinde Bakanl\u0131k Kurulu karar\u0131yla Fen Fak\u00fcltesi ve Edebiyat Fak\u00fcltesi\u2019ne d\u00f6n\u00fc\u015ft\u00fcr\u00fclm\u00fc\u015ft\u00fcr. Toplam 6 b\u00f6l\u00fcmden olu\u015fan Fen Fak\u00fcltemiz, mevcut alt yap\u0131s\u0131n\u0131 ve \u00f6\u011fretim elemanlar\u0131n\u0131n deneyimlerini ve uzmanl\u0131k alanlar\u0131n\u0131 da dikkate alarak, yerel, ulusal ve uluslararas\u0131 ihtiya\u00e7lar\u0131n gerektirdi\u011fi anlamda e\u011fitim-\u00f6\u011fretim ve ara\u015ft\u0131rma faaliyetlerini y\u00fcr\u00fctmektedir. Ara\u015ft\u0131rma alanlar\u0131 olarak, [&hellip;]<\/p>\n","protected":false},"author":213,"featured_media":0,"parent":5572,"menu_order":0,"comment_status":"closed","ping_status":"closed","template":"elementor_header_footer","meta":{"footnotes":""},"class_list":["post-6621","page","type-page","status-publish","hentry"],"_links":{"self":[{"href":"https:\/\/atauni.edu.tr\/fen-fakultesi\/wp-json\/wp\/v2\/pages\/6621","targetHints":{"allow":["GET"]}}],"collection":[{"href":"https:\/\/atauni.edu.tr\/fen-fakultesi\/wp-json\/wp\/v2\/pages"}],"about":[{"href":"https:\/\/atauni.edu.tr\/fen-fakultesi\/wp-json\/wp\/v2\/types\/page"}],"author":[{"embeddable":true,"href":"https:\/\/atauni.edu.tr\/fen-fakultesi\/wp-json\/wp\/v2\/users\/213"}],"replies":[{"embeddable":true,"href":"https:\/\/atauni.edu.tr\/fen-fakultesi\/wp-json\/wp\/v2\/comments?post=6621"}],"version-history":[{"count":11,"href":"https:\/\/atauni.edu.tr\/fen-fakultesi\/wp-json\/wp\/v2\/pages\/6621\/revisions"}],"predecessor-version":[{"id":9104,"href":"https:\/\/atauni.edu.tr\/fen-fakultesi\/wp-json\/wp\/v2\/pages\/6621\/revisions\/9104"}],"up":[{"embeddable":true,"href":"https:\/\/atauni.edu.tr\/fen-fakultesi\/wp-json\/wp\/v2\/pages\/5572"}],"wp:attachment":[{"href":"https:\/\/atauni.edu.tr\/fen-fakultesi\/wp-json\/wp\/v2\/media?parent=6621"}],"curies":[{"name":"wp","href":"https:\/\/api.w.org\/{rel}","templated":true}]}}