{"id":7040,"date":"2021-12-06T15:37:47","date_gmt":"2021-12-06T12:37:47","guid":{"rendered":"https:\/\/birimler.atauni.edu.tr\/fen-fakultesi\/?page_id=7040"},"modified":"2021-12-10T12:36:10","modified_gmt":"2021-12-10T09:36:10","slug":"eski-dekanlarimiz","status":"publish","type":"page","link":"https:\/\/atauni.edu.tr\/fen-fakultesi\/eski-dekanlarimiz\/","title":{"rendered":"\u00d6nceki Dekanlar\u0131m\u0131z"},"content":{"rendered":"\t\t<div data-elementor-type=\"wp-page\" data-elementor-id=\"7040\" class=\"elementor elementor-7040\" data-elementor-post-type=\"page\">\n\t\t\t\t\t\t<section class=\"elementor-section elementor-top-section elementor-element elementor-element-788dd86 elementor-section-boxed elementor-section-height-default elementor-section-height-default\" data-id=\"788dd86\" data-element_type=\"section\">\n\t\t\t\t\t\t<div class=\"elementor-container elementor-column-gap-default\">\n\t\t\t\t\t<div class=\"elementor-column elementor-col-100 elementor-top-column elementor-element elementor-element-9219272\" data-id=\"9219272\" data-element_type=\"column\">\n\t\t\t<div class=\"elementor-widget-wrap elementor-element-populated\">\n\t\t\t\t\t\t<div class=\"elementor-element elementor-element-23aab79 elementor-widget elementor-widget-heading\" data-id=\"23aab79\" data-element_type=\"widget\" data-widget_type=\"heading.default\">\n\t\t\t\t<div class=\"elementor-widget-container\">\n\t\t\t\t\t<h2 class=\"elementor-heading-title elementor-size-default\"><a href=\"http:\/\/birimler.atauni.edu.tr\/fen-fakultesi\/wp-content\/uploads\/sites\/60\/2020\/07\/Gu\u0308ndu\u0308z-Akinci.jpg\">Prof. Dr. G\u00fcnd\u00fcz AKINCI (09.11.1963-23.10.1964)<\/a><\/h2>\t\t\t\t<\/div>\n\t\t\t\t<\/div>\n\t\t\t\t\t<\/div>\n\t\t<\/div>\n\t\t\t\t\t<\/div>\n\t\t<\/section>\n\t\t\t\t<section class=\"elementor-section elementor-top-section elementor-element elementor-element-da52838 elementor-section-boxed elementor-section-height-default elementor-section-height-default\" data-id=\"da52838\" data-element_type=\"section\">\n\t\t\t\t\t\t<div class=\"elementor-container elementor-column-gap-default\">\n\t\t\t\t\t<div class=\"elementor-column elementor-col-100 elementor-top-column elementor-element elementor-element-66926e9\" data-id=\"66926e9\" data-element_type=\"column\">\n\t\t\t<div class=\"elementor-widget-wrap elementor-element-populated\">\n\t\t\t\t\t\t<div class=\"elementor-element elementor-element-fc653e8 elementor-widget elementor-widget-heading\" data-id=\"fc653e8\" data-element_type=\"widget\" data-widget_type=\"heading.default\">\n\t\t\t\t<div class=\"elementor-widget-container\">\n\t\t\t\t\t<h2 class=\"elementor-heading-title elementor-size-default\"><a href=\"http:\/\/birimler.atauni.edu.tr\/fen-fakultesi\/wp-content\/uploads\/sites\/60\/2020\/07\/Suavi-Yalvac\u0327.jpg\">Prof. Dr. Suavi YALVA\u00c7 (01.05.1969-11.09.1975)<\/a><\/h2>\t\t\t\t<\/div>\n\t\t\t\t<\/div>\n\t\t\t\t\t<\/div>\n\t\t<\/div>\n\t\t\t\t\t<\/div>\n\t\t<\/section>\n\t\t\t\t<section class=\"elementor-section elementor-top-section elementor-element elementor-element-615f99a elementor-section-boxed elementor-section-height-default elementor-section-height-default\" data-id=\"615f99a\" data-element_type=\"section\">\n\t\t\t\t\t\t<div class=\"elementor-container elementor-column-gap-default\">\n\t\t\t\t\t<div class=\"elementor-column elementor-col-100 elementor-top-column elementor-element elementor-element-db987d2\" data-id=\"db987d2\" data-element_type=\"column\">\n\t\t\t<div class=\"elementor-widget-wrap elementor-element-populated\">\n\t\t\t\t\t\t<div class=\"elementor-element elementor-element-08b88b6 elementor-widget elementor-widget-heading\" data-id=\"08b88b6\" data-element_type=\"widget\" data-widget_type=\"heading.default\">\n\t\t\t\t<div class=\"elementor-widget-container\">\n\t\t\t\t\t<h2 class=\"elementor-heading-title elementor-size-default\">Prof. Dr. Haluk \u0130PEK (19.09.1975-16.03.1976)<\/h2>\t\t\t\t<\/div>\n\t\t\t\t<\/div>\n\t\t\t\t\t<\/div>\n\t\t<\/div>\n\t\t\t\t\t<\/div>\n\t\t<\/section>\n\t\t\t\t<section class=\"elementor-section elementor-top-section elementor-element elementor-element-e65fc66 elementor-section-boxed elementor-section-height-default elementor-section-height-default\" data-id=\"e65fc66\" data-element_type=\"section\">\n\t\t\t\t\t\t<div class=\"elementor-container elementor-column-gap-default\">\n\t\t\t\t\t<div class=\"elementor-column elementor-col-100 elementor-top-column elementor-element elementor-element-ade0b88\" data-id=\"ade0b88\" data-element_type=\"column\">\n\t\t\t<div class=\"elementor-widget-wrap elementor-element-populated\">\n\t\t\t\t\t\t<div class=\"elementor-element elementor-element-f024517 elementor-widget elementor-widget-heading\" data-id=\"f024517\" data-element_type=\"widget\" data-widget_type=\"heading.default\">\n\t\t\t\t<div class=\"elementor-widget-container\">\n\t\t\t\t\t<h2 class=\"elementor-heading-title elementor-size-default\"><a href=\"http:\/\/birimler.atauni.edu.tr\/fen-fakultesi\/wp-content\/uploads\/sites\/60\/2020\/07\/Suavi-Yalvac\u0327.jpg\">Prof. Dr. Suavi YALVA\u00c7 (17.03.1975-16.07.1976) <\/a><\/h2>\t\t\t\t<\/div>\n\t\t\t\t<\/div>\n\t\t\t\t\t<\/div>\n\t\t<\/div>\n\t\t\t\t\t<\/div>\n\t\t<\/section>\n\t\t\t\t<section class=\"elementor-section elementor-top-section elementor-element elementor-element-bf02a84 elementor-section-boxed elementor-section-height-default elementor-section-height-default\" data-id=\"bf02a84\" data-element_type=\"section\">\n\t\t\t\t\t\t<div class=\"elementor-container elementor-column-gap-default\">\n\t\t\t\t\t<div class=\"elementor-column elementor-col-100 elementor-top-column elementor-element elementor-element-906d7b4\" data-id=\"906d7b4\" data-element_type=\"column\">\n\t\t\t<div class=\"elementor-widget-wrap elementor-element-populated\">\n\t\t\t\t\t\t<div class=\"elementor-element elementor-element-11cc547 elementor-widget elementor-widget-heading\" data-id=\"11cc547\" data-element_type=\"widget\" data-widget_type=\"heading.default\">\n\t\t\t\t<div class=\"elementor-widget-container\">\n\t\t\t\t\t<h2 class=\"elementor-heading-title elementor-size-default\"><a href=\"http:\/\/birimler.atauni.edu.tr\/fen-fakultesi\/wp-content\/uploads\/sites\/60\/2020\/07\/Saffet-Baydar.jpg\">Prof. Dr. Saffet BAYDAR (15.09.1981-05.09.1982)<\/a><\/h2>\t\t\t\t<\/div>\n\t\t\t\t<\/div>\n\t\t\t\t\t<\/div>\n\t\t<\/div>\n\t\t\t\t\t<\/div>\n\t\t<\/section>\n\t\t\t\t<section class=\"elementor-section elementor-top-section elementor-element elementor-element-477a431 elementor-section-boxed elementor-section-height-default elementor-section-height-default\" data-id=\"477a431\" data-element_type=\"section\">\n\t\t\t\t\t\t<div class=\"elementor-container elementor-column-gap-default\">\n\t\t\t\t\t<div class=\"elementor-column elementor-col-100 elementor-top-column elementor-element elementor-element-f088338\" data-id=\"f088338\" data-element_type=\"column\">\n\t\t\t<div class=\"elementor-widget-wrap elementor-element-populated\">\n\t\t\t\t\t\t<div class=\"elementor-element elementor-element-8102046 elementor-widget elementor-widget-heading\" data-id=\"8102046\" data-element_type=\"widget\" data-widget_type=\"heading.default\">\n\t\t\t\t<div class=\"elementor-widget-container\">\n\t\t\t\t\t<h2 class=\"elementor-heading-title elementor-size-default\"><a href=\"http:\/\/birimler.atauni.edu.tr\/fen-fakultesi\/wp-content\/uploads\/sites\/60\/2020\/07\/Ahmet-c\u0327akir.jpg\">Prof. Dr. Ahmet \u00c7AKIR (06.09.1982-05.09.1994)<\/a><\/h2>\t\t\t\t<\/div>\n\t\t\t\t<\/div>\n\t\t\t\t\t<\/div>\n\t\t<\/div>\n\t\t\t\t\t<\/div>\n\t\t<\/section>\n\t\t\t\t<section class=\"elementor-section elementor-top-section elementor-element elementor-element-9f86016 elementor-section-boxed elementor-section-height-default elementor-section-height-default\" data-id=\"9f86016\" data-element_type=\"section\">\n\t\t\t\t\t\t<div class=\"elementor-container elementor-column-gap-default\">\n\t\t\t\t\t<div class=\"elementor-column elementor-col-100 elementor-top-column elementor-element elementor-element-3d16c61\" data-id=\"3d16c61\" data-element_type=\"column\">\n\t\t\t<div class=\"elementor-widget-wrap elementor-element-populated\">\n\t\t\t\t\t\t<div class=\"elementor-element elementor-element-62dd9f8 elementor-widget elementor-widget-heading\" data-id=\"62dd9f8\" data-element_type=\"widget\" data-widget_type=\"heading.default\">\n\t\t\t\t<div class=\"elementor-widget-container\">\n\t\t\t\t\t<h2 class=\"elementor-heading-title elementor-size-default\"><a href=\"http:\/\/birimler.atauni.edu.tr\/fen-fakultesi\/wp-content\/uploads\/sites\/60\/2020\/07\/Enver-Konukc\u0327u.jpg\">Prof. Dr .Enver KONUK\u00c7U (06.09.1994-24.11.1997)<\/a><\/h2>\t\t\t\t<\/div>\n\t\t\t\t<\/div>\n\t\t\t\t\t<\/div>\n\t\t<\/div>\n\t\t\t\t\t<\/div>\n\t\t<\/section>\n\t\t\t\t<section class=\"elementor-section elementor-top-section elementor-element elementor-element-51e5934 elementor-section-boxed elementor-section-height-default elementor-section-height-default\" data-id=\"51e5934\" data-element_type=\"section\">\n\t\t\t\t\t\t<div class=\"elementor-container elementor-column-gap-default\">\n\t\t\t\t\t<div class=\"elementor-column elementor-col-100 elementor-top-column elementor-element elementor-element-1cecef4\" data-id=\"1cecef4\" data-element_type=\"column\">\n\t\t\t<div class=\"elementor-widget-wrap elementor-element-populated\">\n\t\t\t\t\t\t<div class=\"elementor-element elementor-element-7ea05a6 elementor-widget elementor-widget-heading\" data-id=\"7ea05a6\" data-element_type=\"widget\" data-widget_type=\"heading.default\">\n\t\t\t\t<div class=\"elementor-widget-container\">\n\t\t\t\t\t<h2 class=\"elementor-heading-title elementor-size-default\"><a href=\"http:\/\/birimler.atauni.edu.tr\/fen-fakultesi\/wp-content\/uploads\/sites\/60\/2020\/07\/Yas\u0327ar-Su\u0308tbeyaz.jpg\">Prof. Dr. Ya\u015far S\u00dcTBEYAZ (26.1.1998-07.08.2000)\n<\/a><\/h2>\t\t\t\t<\/div>\n\t\t\t\t<\/div>\n\t\t\t\t\t<\/div>\n\t\t<\/div>\n\t\t\t\t\t<\/div>\n\t\t<\/section>\n\t\t\t\t<section class=\"elementor-section elementor-top-section elementor-element elementor-element-2ddef13 elementor-section-boxed elementor-section-height-default elementor-section-height-default\" data-id=\"2ddef13\" data-element_type=\"section\">\n\t\t\t\t\t\t<div class=\"elementor-container elementor-column-gap-default\">\n\t\t\t\t\t<div class=\"elementor-column elementor-col-100 elementor-top-column elementor-element elementor-element-d77b676\" data-id=\"d77b676\" data-element_type=\"column\">\n\t\t\t<div class=\"elementor-widget-wrap elementor-element-populated\">\n\t\t\t\t\t\t<div class=\"elementor-element elementor-element-79fc830 elementor-widget elementor-widget-heading\" data-id=\"79fc830\" data-element_type=\"widget\" data-widget_type=\"heading.default\">\n\t\t\t\t<div class=\"elementor-widget-container\">\n\t\t\t\t\t<h2 class=\"elementor-heading-title elementor-size-default\"><a href=\"http:\/\/birimler.atauni.edu.tr\/fen-fakultesi\/wp-content\/uploads\/sites\/60\/2020\/07\/Sebahattin-tu\u0308zemen.jpg\">Prof. Dr. Sebahattin T\u00dcZEMEN (25.9.2000-25.09.2003)<\/a><\/h2>\t\t\t\t<\/div>\n\t\t\t\t<\/div>\n\t\t\t\t\t<\/div>\n\t\t<\/div>\n\t\t\t\t\t<\/div>\n\t\t<\/section>\n\t\t\t\t<section class=\"elementor-section elementor-top-section elementor-element elementor-element-0a1edb5 elementor-section-boxed elementor-section-height-default elementor-section-height-default\" data-id=\"0a1edb5\" data-element_type=\"section\">\n\t\t\t\t\t\t<div class=\"elementor-container elementor-column-gap-default\">\n\t\t\t\t\t<div class=\"elementor-column elementor-col-100 elementor-top-column elementor-element elementor-element-48a3ab4\" data-id=\"48a3ab4\" data-element_type=\"column\">\n\t\t\t<div class=\"elementor-widget-wrap elementor-element-populated\">\n\t\t\t\t\t\t<div class=\"elementor-element elementor-element-345a70e elementor-widget elementor-widget-heading\" data-id=\"345a70e\" data-element_type=\"widget\" data-widget_type=\"heading.default\">\n\t\t\t\t<div class=\"elementor-widget-container\">\n\t\t\t\t\t<h2 class=\"elementor-heading-title elementor-size-default\"><a href=\"http:\/\/birimler.atauni.edu.tr\/fen-fakultesi\/wp-content\/uploads\/sites\/60\/2020\/07\/U\u0308mit-Demir.jpg\">Prof. Dr. \u00dcmit DEM\u0130R (26.09.2003-09.10.2008)<\/a><\/h2>\t\t\t\t<\/div>\n\t\t\t\t<\/div>\n\t\t\t\t\t<\/div>\n\t\t<\/div>\n\t\t\t\t\t<\/div>\n\t\t<\/section>\n\t\t\t\t<section class=\"elementor-section elementor-top-section elementor-element elementor-element-62c0d98 elementor-section-boxed elementor-section-height-default elementor-section-height-default\" data-id=\"62c0d98\" data-element_type=\"section\">\n\t\t\t\t\t\t<div class=\"elementor-container elementor-column-gap-default\">\n\t\t\t\t\t<div class=\"elementor-column elementor-col-100 elementor-top-column elementor-element elementor-element-1ef92bc\" data-id=\"1ef92bc\" data-element_type=\"column\">\n\t\t\t<div class=\"elementor-widget-wrap elementor-element-populated\">\n\t\t\t\t\t\t<div class=\"elementor-element elementor-element-35ea3c9 elementor-widget elementor-widget-heading\" data-id=\"35ea3c9\" data-element_type=\"widget\" data-widget_type=\"heading.default\">\n\t\t\t\t<div class=\"elementor-widget-container\">\n\t\t\t\t\t<h2 class=\"elementor-heading-title elementor-size-default\"><a href=\"http:\/\/birimler.atauni.edu.tr\/fen-fakultesi\/wp-content\/uploads\/sites\/60\/2020\/07\/I\u0307rfan-ku\u0308freviog\u0306lu.jpg\">Prof. Dr. \u00d6mer \u0130rfan K\u00dcFREV\u0130O\u011eLU (10.11.2008-Ocak 2012)<\/a><\/h2>\t\t\t\t<\/div>\n\t\t\t\t<\/div>\n\t\t\t\t\t<\/div>\n\t\t<\/div>\n\t\t\t\t\t<\/div>\n\t\t<\/section>\n\t\t\t\t<section class=\"elementor-section elementor-top-section elementor-element elementor-element-579da0a elementor-section-boxed elementor-section-height-default elementor-section-height-default\" data-id=\"579da0a\" data-element_type=\"section\">\n\t\t\t\t\t\t<div class=\"elementor-container elementor-column-gap-default\">\n\t\t\t\t\t<div class=\"elementor-column elementor-col-100 elementor-top-column elementor-element elementor-element-8c8bb9b\" data-id=\"8c8bb9b\" data-element_type=\"column\">\n\t\t\t<div class=\"elementor-widget-wrap elementor-element-populated\">\n\t\t\t\t\t\t<div class=\"elementor-element elementor-element-226933f elementor-widget elementor-widget-heading\" data-id=\"226933f\" data-element_type=\"widget\" data-widget_type=\"heading.default\">\n\t\t\t\t<div class=\"elementor-widget-container\">\n\t\t\t\t\t<h2 class=\"elementor-heading-title elementor-size-default\"><a href=\"http:\/\/birimler.atauni.edu.tr\/fen-fakultesi\/wp-content\/uploads\/sites\/60\/2020\/07\/Yavuz-Onganer.jpg\">Prof. Dr. Yavuz ONGANER (2012-2016)<\/a><\/h2>\t\t\t\t<\/div>\n\t\t\t\t<\/div>\n\t\t\t\t\t<\/div>\n\t\t<\/div>\n\t\t\t\t\t<\/div>\n\t\t<\/section>\n\t\t\t\t<section class=\"elementor-section elementor-top-section elementor-element elementor-element-441c119 elementor-section-boxed elementor-section-height-default elementor-section-height-default\" data-id=\"441c119\" data-element_type=\"section\">\n\t\t\t\t\t\t<div class=\"elementor-container elementor-column-gap-default\">\n\t\t\t\t\t<div class=\"elementor-column elementor-col-100 elementor-top-column elementor-element elementor-element-09b0253\" data-id=\"09b0253\" data-element_type=\"column\">\n\t\t\t<div class=\"elementor-widget-wrap elementor-element-populated\">\n\t\t\t\t\t\t<div class=\"elementor-element elementor-element-b8bf39e elementor-widget elementor-widget-heading\" data-id=\"b8bf39e\" data-element_type=\"widget\" data-widget_type=\"heading.default\">\n\t\t\t\t<div class=\"elementor-widget-container\">\n\t\t\t\t\t<h2 class=\"elementor-heading-title elementor-size-default\"><a href=\"http:\/\/birimler.atauni.edu.tr\/fen-fakultesi\/wp-content\/uploads\/sites\/60\/2020\/07\/Abdulhalik-Karabulut-1.jpg\">Prof. Dr. Abdulhalik KARABULUT (04.10.2016-21.01.2017)<\/a><\/h2>\t\t\t\t<\/div>\n\t\t\t\t<\/div>\n\t\t\t\t\t<\/div>\n\t\t<\/div>\n\t\t\t\t\t<\/div>\n\t\t<\/section>\n\t\t\t\t<section class=\"elementor-section elementor-top-section elementor-element elementor-element-ca4c76c elementor-section-boxed elementor-section-height-default elementor-section-height-default\" data-id=\"ca4c76c\" data-element_type=\"section\">\n\t\t\t\t\t\t<div class=\"elementor-container elementor-column-gap-default\">\n\t\t\t\t\t<div class=\"elementor-column elementor-col-100 elementor-top-column elementor-element elementor-element-2d2c4cf\" data-id=\"2d2c4cf\" data-element_type=\"column\">\n\t\t\t<div class=\"elementor-widget-wrap elementor-element-populated\">\n\t\t\t\t\t\t<div class=\"elementor-element elementor-element-02c477c elementor-widget elementor-widget-heading\" data-id=\"02c477c\" data-element_type=\"widget\" data-widget_type=\"heading.default\">\n\t\t\t\t<div class=\"elementor-widget-container\">\n\t\t\t\t\t<h2 class=\"elementor-heading-title elementor-size-default\"><a href=\"http:\/\/birimler.atauni.edu.tr\/fen-fakultesi\/wp-content\/uploads\/sites\/60\/2020\/07\/Yu\u0308ksel-O\u0308zdemir.jpg\">Prof. Dr. Y\u00fcksel \u00d6ZDEM\u0130R (24.01.2017-24.04.2018)<\/a><\/h2>\t\t\t\t<\/div>\n\t\t\t\t<\/div>\n\t\t\t\t\t<\/div>\n\t\t<\/div>\n\t\t\t\t\t<\/div>\n\t\t<\/section>\n\t\t\t\t<section class=\"elementor-section elementor-top-section elementor-element elementor-element-01471c1 elementor-section-boxed elementor-section-height-default elementor-section-height-default\" data-id=\"01471c1\" data-element_type=\"section\">\n\t\t\t\t\t\t<div class=\"elementor-container elementor-column-gap-default\">\n\t\t\t\t\t<div class=\"elementor-column elementor-col-100 elementor-top-column elementor-element elementor-element-8fde2b4\" data-id=\"8fde2b4\" data-element_type=\"column\">\n\t\t\t<div class=\"elementor-widget-wrap elementor-element-populated\">\n\t\t\t\t\t\t<div class=\"elementor-element elementor-element-c00afe9 elementor-widget elementor-widget-heading\" data-id=\"c00afe9\" data-element_type=\"widget\" data-widget_type=\"heading.default\">\n\t\t\t\t<div class=\"elementor-widget-container\">\n\t\t\t\t\t<h2 class=\"elementor-heading-title elementor-size-default\"><a href=\"http:\/\/birimler.atauni.edu.tr\/fen-fakultesi\/wp-content\/uploads\/sites\/60\/2020\/07\/Cavit-Kazaz.jpg\">Prof. Dr. Cavit KAZAZ<\/a><\/h2>\t\t\t\t<\/div>\n\t\t\t\t<\/div>\n\t\t\t\t\t<\/div>\n\t\t<\/div>\n\t\t\t\t\t<\/div>\n\t\t<\/section>\n\t\t\t\t<\/div>\n\t\t","protected":false},"excerpt":{"rendered":"<p>Prof. Dr. G\u00fcnd\u00fcz AKINCI (09.11.1963-23.10.1964) Prof. Dr. Suavi YALVA\u00c7 (01.05.1969-11.09.1975) Prof. Dr. Haluk \u0130PEK (19.09.1975-16.03.1976) Prof. Dr. Suavi YALVA\u00c7 (17.03.1975-16.07.1976) Prof. Dr. Saffet BAYDAR (15.09.1981-05.09.1982) Prof. Dr. Ahmet \u00c7AKIR (06.09.1982-05.09.1994) Prof. Dr .Enver KONUK\u00c7U (06.09.1994-24.11.1997) Prof. Dr. Ya\u015far S\u00dcTBEYAZ (26.1.1998-07.08.2000) Prof. Dr. Sebahattin T\u00dcZEMEN (25.9.2000-25.09.2003) Prof. Dr. \u00dcmit DEM\u0130R (26.09.2003-09.10.2008) Prof. Dr. \u00d6mer \u0130rfan K\u00dcFREV\u0130O\u011eLU [&hellip;]<\/p>\n","protected":false},"author":213,"featured_media":0,"parent":0,"menu_order":0,"comment_status":"closed","ping_status":"closed","template":"","meta":{"footnotes":""},"class_list":["post-7040","page","type-page","status-publish","hentry"],"_links":{"self":[{"href":"https:\/\/atauni.edu.tr\/fen-fakultesi\/wp-json\/wp\/v2\/pages\/7040","targetHints":{"allow":["GET"]}}],"collection":[{"href":"https:\/\/atauni.edu.tr\/fen-fakultesi\/wp-json\/wp\/v2\/pages"}],"about":[{"href":"https:\/\/atauni.edu.tr\/fen-fakultesi\/wp-json\/wp\/v2\/types\/page"}],"author":[{"embeddable":true,"href":"https:\/\/atauni.edu.tr\/fen-fakultesi\/wp-json\/wp\/v2\/users\/213"}],"replies":[{"embeddable":true,"href":"https:\/\/atauni.edu.tr\/fen-fakultesi\/wp-json\/wp\/v2\/comments?post=7040"}],"version-history":[{"count":80,"href":"https:\/\/atauni.edu.tr\/fen-fakultesi\/wp-json\/wp\/v2\/pages\/7040\/revisions"}],"predecessor-version":[{"id":7210,"href":"https:\/\/atauni.edu.tr\/fen-fakultesi\/wp-json\/wp\/v2\/pages\/7040\/revisions\/7210"}],"wp:attachment":[{"href":"https:\/\/atauni.edu.tr\/fen-fakultesi\/wp-json\/wp\/v2\/media?parent=7040"}],"curies":[{"name":"wp","href":"https:\/\/api.w.org\/{rel}","templated":true}]}}