{"id":7236,"date":"2021-12-10T12:59:51","date_gmt":"2021-12-10T09:59:51","guid":{"rendered":"https:\/\/birimler.atauni.edu.tr\/fen-fakultesi\/?page_id=7236"},"modified":"2022-10-03T16:35:16","modified_gmt":"2022-10-03T13:35:16","slug":"akademik-takvim","status":"publish","type":"page","link":"https:\/\/atauni.edu.tr\/fen-fakultesi\/akademik-takvim\/","title":{"rendered":"Akademik Takvim"},"content":{"rendered":"\t\t<div data-elementor-type=\"wp-page\" data-elementor-id=\"7236\" class=\"elementor elementor-7236\" data-elementor-post-type=\"page\">\n\t\t\t\t\t\t<section class=\"elementor-section elementor-top-section elementor-element elementor-element-631f9c8 elementor-section-boxed elementor-section-height-default elementor-section-height-default\" data-id=\"631f9c8\" data-element_type=\"section\">\n\t\t\t\t\t\t<div class=\"elementor-container elementor-column-gap-default\">\n\t\t\t\t\t<div class=\"elementor-column elementor-col-100 elementor-top-column elementor-element elementor-element-5ba5792\" data-id=\"5ba5792\" data-element_type=\"column\">\n\t\t\t<div class=\"elementor-widget-wrap elementor-element-populated\">\n\t\t\t\t\t\t<div class=\"elementor-element elementor-element-942f055 elementor-widget elementor-widget-text-editor\" data-id=\"942f055\" data-element_type=\"widget\" data-widget_type=\"text-editor.default\">\n\t\t\t\t<div class=\"elementor-widget-container\">\n\t\t\t\t\t\t\t\t\t<p><a href=\"https:\/\/atauni.edu.tr\/yuklemeler\/bc21a61dba3f310c966e6cf7f0b56f88.pdf\" target=\"_blank\" rel=\"noopener\">2022-2023 e\u011fitim-\u00f6\u011fretim y\u0131l\u0131 akademik takvimi<\/a><\/p><p><a href=\"https:\/\/atauni.edu.tr\/yuklemeler\/bc0de59cbb3b907efd64070651af2f16.pdf\" target=\"_blank\" rel=\"noopener\">2021-2022 e\u011fitim-\u00f6\u011fretim y\u0131l\u0131 akademik takvimi<\/a><\/p>\t\t\t\t\t\t\t\t<\/div>\n\t\t\t\t<\/div>\n\t\t\t\t\t<\/div>\n\t\t<\/div>\n\t\t\t\t\t<\/div>\n\t\t<\/section>\n\t\t\t\t<\/div>\n\t\t","protected":false},"excerpt":{"rendered":"<p>2022-2023 e\u011fitim-\u00f6\u011fretim y\u0131l\u0131 akademik takvimi 2021-2022 e\u011fitim-\u00f6\u011fretim y\u0131l\u0131 akademik takvimi<\/p>\n","protected":false},"author":213,"featured_media":0,"parent":0,"menu_order":0,"comment_status":"closed","ping_status":"closed","template":"","meta":{"footnotes":""},"class_list":["post-7236","page","type-page","status-publish","hentry"],"_links":{"self":[{"href":"https:\/\/atauni.edu.tr\/fen-fakultesi\/wp-json\/wp\/v2\/pages\/7236","targetHints":{"allow":["GET"]}}],"collection":[{"href":"https:\/\/atauni.edu.tr\/fen-fakultesi\/wp-json\/wp\/v2\/pages"}],"about":[{"href":"https:\/\/atauni.edu.tr\/fen-fakultesi\/wp-json\/wp\/v2\/types\/page"}],"author":[{"embeddable":true,"href":"https:\/\/atauni.edu.tr\/fen-fakultesi\/wp-json\/wp\/v2\/users\/213"}],"replies":[{"embeddable":true,"href":"https:\/\/atauni.edu.tr\/fen-fakultesi\/wp-json\/wp\/v2\/comments?post=7236"}],"version-history":[{"count":17,"href":"https:\/\/atauni.edu.tr\/fen-fakultesi\/wp-json\/wp\/v2\/pages\/7236\/revisions"}],"predecessor-version":[{"id":9573,"href":"https:\/\/atauni.edu.tr\/fen-fakultesi\/wp-json\/wp\/v2\/pages\/7236\/revisions\/9573"}],"wp:attachment":[{"href":"https:\/\/atauni.edu.tr\/fen-fakultesi\/wp-json\/wp\/v2\/media?parent=7236"}],"curies":[{"name":"wp","href":"https:\/\/api.w.org\/{rel}","templated":true}]}}