{"id":7579,"date":"2022-01-10T14:11:33","date_gmt":"2022-01-10T11:11:33","guid":{"rendered":"https:\/\/birimler.atauni.edu.tr\/fen-fakultesi\/anasayfa-english\/"},"modified":"2022-05-23T12:02:19","modified_gmt":"2022-05-23T09:02:19","slug":"anasayfa-english","status":"publish","type":"page","link":"https:\/\/atauni.edu.tr\/fen-fakultesi\/en\/anasayfa-english\/","title":{"rendered":"Faculty of Science"},"content":{"rendered":"\t\t<div data-elementor-type=\"wp-page\" data-elementor-id=\"7579\" class=\"elementor elementor-7579\" data-elementor-post-type=\"page\">\n\t\t\t\t\t\t<section class=\"elementor-section elementor-top-section elementor-element elementor-element-369c9e0 elementor-section-boxed elementor-section-height-default elementor-section-height-default\" data-id=\"369c9e0\" data-element_type=\"section\">\n\t\t\t\t\t\t<div class=\"elementor-container elementor-column-gap-default\">\n\t\t\t\t\t<div class=\"elementor-column elementor-col-100 elementor-top-column elementor-element elementor-element-4a9e30c\" data-id=\"4a9e30c\" data-element_type=\"column\">\n\t\t\t<div class=\"elementor-widget-wrap elementor-element-populated\">\n\t\t\t\t\t\t<div class=\"elementor-element elementor-element-03d81eb elementor--h-position-center elementor--v-position-middle elementor-arrows-position-inside elementor-pagination-position-inside elementor-widget elementor-widget-slides\" data-id=\"03d81eb\" data-element_type=\"widget\" data-settings=\"{&quot;navigation&quot;:&quot;both&quot;,&quot;autoplay&quot;:&quot;yes&quot;,&quot;pause_on_hover&quot;:&quot;yes&quot;,&quot;pause_on_interaction&quot;:&quot;yes&quot;,&quot;autoplay_speed&quot;:5000,&quot;infinite&quot;:&quot;yes&quot;,&quot;transition&quot;:&quot;slide&quot;,&quot;transition_speed&quot;:500}\" data-widget_type=\"slides.default\">\n\t\t\t\t<div class=\"elementor-widget-container\">\n\t\t\t\t\t\t\t\t\t<div class=\"elementor-swiper\">\n\t\t\t\t\t<div class=\"elementor-slides-wrapper elementor-main-swiper swiper\" role=\"region\" aria-roledescription=\"carousel\" aria-label=\"Slides\" dir=\"ltr\" data-animation=\"fadeInUp\">\n\t\t\t\t<div class=\"swiper-wrapper elementor-slides\">\n\t\t\t\t\t\t\t\t\t\t<div class=\"elementor-repeater-item-bf83339 swiper-slide\" role=\"group\" aria-roledescription=\"slide\"><div class=\"swiper-slide-bg\" role=\"img\" aria-label=\"IMG_5734.bg\"><\/div><div class=\"swiper-slide-inner\" ><div class=\"swiper-slide-contents\"><div class=\"elementor-slide-heading\">Slide 1 Heading<\/div><div class=\"elementor-slide-description\"><p>Fen Fak\u00fcltesi, bilim ve teknoloji alan\u0131ndaki \u00e7al\u0131\u015fmalar\u0131n\u0131 s\u00fcrd\u00fcrmekte olan bir e\u011fitim kurumudur. Bu fak\u00fcltenin ana amac\u0131, \u00f6\u011frencilere temel ve uygulamal\u0131 bilimler alan\u0131nda geni\u015f bir perspektif sunarak, onlar\u0131n gelecekte ba\u015far\u0131l\u0131 bilim insanlar\u0131 veya uzmanlar olarak yeti\u015fmelerine yard\u0131mc\u0131 olmakt\u0131r.<\/p>\n<p>Fen Fak\u00fcltesi'nin e\u011fitimi, matematik, fizik, kimya, biyoloji ve \u00e7evre bilimleri gibi \u00e7e\u015fitli disiplinleri i\u00e7ermektedir. \u00d6\u011frenciler, se\u00e7tikleri alanda derinlemesine bilgi sahibi olmakla birlikte, di\u011fer bilim dallar\u0131 hakk\u0131nda da genel bir anlay\u0131\u015f geli\u015ftirirler.<\/p>\n<p>Fak\u00fcltenin misyonu, \u00f6\u011frencilere sadece teorik bilgilerin \u00f6tesinde, pratik uygulama ve ara\u015ft\u0131rma becerileri kazand\u0131rmakt\u0131r. Bu sayede mezunlar, i\u015f\u4e16\u754c\u0131nda veya akademik \u00e7evrelerde ba\u015far\u0131l\u0131 bir \u015fekilde yer alabilecekler.<\/p>\n<p>Ayr\u0131ca, Fen Fak\u00fcltesi'nin b\u00fcnyesinde th\u01b0\u1eddng xuy\u00ean yap\u0131lan ara\u015ft\u0131rmalar ve projeler, \u00f6\u011frencilere g\u00fcncel ve yenilik\u00e7i fikirlerle kar\u015f\u0131la\u015fma f\u0131rsat\u0131 sunar. Bu t\u00fcr aktivitelerin bir sonucu olarak, \u00f6\u011frenciler bilimsel d\u00fc\u015f\u00fcnceyi geli\u015ftirme ve sorunlara yarat\u0131c\u0131 \u00e7\u00f6z\u00fcmler bulma yeteneklerini kazanarak, gelece\u011fin ba\u015far\u0131l\u0131 bilim insanlar\u0131 olmaya haz\u0131rlan\u0131rlar.<\/p><\/div><div  class=\"elementor-button elementor-slide-button elementor-size-sm\">Click Here<\/div><\/div><\/div><\/div><div class=\"elementor-repeater-item-395ed22 swiper-slide\" role=\"group\" aria-roledescription=\"slide\"><div class=\"swiper-slide-bg\" role=\"img\" aria-label=\"IMG_5591.bg\"><\/div><div class=\"swiper-slide-inner\" ><div class=\"swiper-slide-contents\"><div class=\"elementor-slide-heading\">Slide 1 Heading<\/div><div class=\"elementor-slide-description\"><p>Fen Fak\u00fcltesi, bilim ve teknoloji alan\u0131ndaki \u00e7al\u0131\u015fmalar\u0131n\u0131 s\u00fcrd\u00fcrmekte olan bir e\u011fitim kurumudur. Bu fak\u00fcltenin ana amac\u0131, \u00f6\u011frencilere temel ve uygulamal\u0131 bilimler alan\u0131nda geni\u015f bir perspektif sunarak, onlar\u0131n gelecekte ba\u015far\u0131l\u0131 bilim insanlar\u0131 veya uzmanlar olarak yeti\u015fmelerine yard\u0131mc\u0131 olmakt\u0131r.<\/p>\n<p>Fen Fak\u00fcltesi'nin e\u011fitimi, matematik, fizik, kimya, biyoloji ve \u00e7evre bilimleri gibi \u00e7e\u015fitli disiplinleri i\u00e7ermektedir. \u00d6\u011frenciler, se\u00e7tikleri alanda derinlemesine bilgi sahibi olmakla birlikte, di\u011fer bilim dallar\u0131 hakk\u0131nda da genel bir anlay\u0131\u015f geli\u015ftirirler.<\/p>\n<p>Fak\u00fcltenin misyonu, \u00f6\u011frencilere sadece teorik bilgilerin \u00f6tesinde, pratik uygulama ve ara\u015ft\u0131rma becerileri kazand\u0131rmakt\u0131r. Bu sayede mezunlar, i\u015f\u4e16\u754c\u0131nda veya akademik \u00e7evrelerde ba\u015far\u0131l\u0131 bir \u015fekilde yer alabilecekler.<\/p>\n<p>Ayr\u0131ca, Fen Fak\u00fcltesi'nin b\u00fcnyesinde th\u01b0\u1eddng xuy\u00ean yap\u0131lan ara\u015ft\u0131rmalar ve projeler, \u00f6\u011frencilere g\u00fcncel ve yenilik\u00e7i fikirlerle kar\u015f\u0131la\u015fma f\u0131rsat\u0131 sunar. Bu t\u00fcr aktivitelerin bir sonucu olarak, \u00f6\u011frenciler bilimsel d\u00fc\u015f\u00fcnceyi geli\u015ftirme ve sorunlara yarat\u0131c\u0131 \u00e7\u00f6z\u00fcmler bulma yeteneklerini kazanarak, gelece\u011fin ba\u015far\u0131l\u0131 bilim insanlar\u0131 olmaya haz\u0131rlan\u0131rlar.<\/p><\/div><div  class=\"elementor-button elementor-slide-button elementor-size-sm\">Click Here<\/div><\/div><\/div><\/div><div class=\"elementor-repeater-item-2e942ca swiper-slide\" role=\"group\" aria-roledescription=\"slide\"><div class=\"swiper-slide-bg\" role=\"img\" aria-label=\"teleskop-2\"><\/div><div class=\"swiper-slide-inner\" ><div class=\"swiper-slide-contents\"><div class=\"elementor-slide-heading\">Slide 1 Heading<\/div><div class=\"elementor-slide-description\"><p>Fen Fak\u00fcltesi, bilim ve teknoloji alan\u0131ndaki \u00e7al\u0131\u015fmalar\u0131n\u0131 s\u00fcrd\u00fcrmekte olan bir e\u011fitim kurumudur. Bu fak\u00fcltenin ana amac\u0131, \u00f6\u011frencilere temel ve uygulamal\u0131 bilimler alan\u0131nda geni\u015f bir perspektif sunarak, onlar\u0131n gelecekte ba\u015far\u0131l\u0131 bilim insanlar\u0131 veya uzmanlar olarak yeti\u015fmelerine yard\u0131mc\u0131 olmakt\u0131r.<\/p>\n<p>Fen Fak\u00fcltesi'nin e\u011fitimi, matematik, fizik, kimya, biyoloji ve \u00e7evre bilimleri gibi \u00e7e\u015fitli disiplinleri i\u00e7ermektedir. \u00d6\u011frenciler, se\u00e7tikleri alanda derinlemesine bilgi sahibi olmakla birlikte, di\u011fer bilim dallar\u0131 hakk\u0131nda da genel bir anlay\u0131\u015f geli\u015ftirirler.<\/p>\n<p>Fak\u00fcltenin misyonu, \u00f6\u011frencilere sadece teorik bilgilerin \u00f6tesinde, pratik uygulama ve ara\u015ft\u0131rma becerileri kazand\u0131rmakt\u0131r. Bu sayede mezunlar, i\u015f\u4e16\u754c\u0131nda veya akademik \u00e7evrelerde ba\u015far\u0131l\u0131 bir \u015fekilde yer alabilecekler.<\/p>\n<p>Ayr\u0131ca, Fen Fak\u00fcltesi'nin b\u00fcnyesinde th\u01b0\u1eddng xuy\u00ean yap\u0131lan ara\u015ft\u0131rmalar ve projeler, \u00f6\u011frencilere g\u00fcncel ve yenilik\u00e7i fikirlerle kar\u015f\u0131la\u015fma f\u0131rsat\u0131 sunar. Bu t\u00fcr aktivitelerin bir sonucu olarak, \u00f6\u011frenciler bilimsel d\u00fc\u015f\u00fcnceyi geli\u015ftirme ve sorunlara yarat\u0131c\u0131 \u00e7\u00f6z\u00fcmler bulma yeteneklerini kazanarak, gelece\u011fin ba\u015far\u0131l\u0131 bilim insanlar\u0131 olmaya haz\u0131rlan\u0131rlar.<\/p><\/div><div  class=\"elementor-button elementor-slide-button elementor-size-sm\">Click Here<\/div><\/div><\/div><\/div><div class=\"elementor-repeater-item-0aa8687 swiper-slide\" role=\"group\" aria-roledescription=\"slide\"><div class=\"swiper-slide-bg\" role=\"img\" aria-label=\"fak2\"><\/div><div class=\"swiper-slide-inner\" ><div class=\"swiper-slide-contents\"><div class=\"elementor-slide-heading\">Slide 1 Heading<\/div><div class=\"elementor-slide-description\"><p>Fen Fak\u00fcltesi, bilim ve teknoloji alan\u0131ndaki \u00e7al\u0131\u015fmalar\u0131n\u0131 s\u00fcrd\u00fcrmekte olan bir e\u011fitim kurumudur. Bu fak\u00fcltenin ana amac\u0131, \u00f6\u011frencilere temel ve uygulamal\u0131 bilimler alan\u0131nda geni\u015f bir perspektif sunarak, onlar\u0131n gelecekte ba\u015far\u0131l\u0131 bilim insanlar\u0131 veya uzmanlar olarak yeti\u015fmelerine yard\u0131mc\u0131 olmakt\u0131r.<\/p>\n<p>Fen Fak\u00fcltesi'nin e\u011fitimi, matematik, fizik, kimya, biyoloji ve \u00e7evre bilimleri gibi \u00e7e\u015fitli disiplinleri i\u00e7ermektedir. \u00d6\u011frenciler, se\u00e7tikleri alanda derinlemesine bilgi sahibi olmakla birlikte, di\u011fer bilim dallar\u0131 hakk\u0131nda da genel bir anlay\u0131\u015f geli\u015ftirirler.<\/p>\n<p>Fak\u00fcltenin misyonu, \u00f6\u011frencilere sadece teorik bilgilerin \u00f6tesinde, pratik uygulama ve ara\u015ft\u0131rma becerileri kazand\u0131rmakt\u0131r. Bu sayede mezunlar, i\u015f\u4e16\u754c\u0131nda veya akademik \u00e7evrelerde ba\u015far\u0131l\u0131 bir \u015fekilde yer alabilecekler.<\/p>\n<p>Ayr\u0131ca, Fen Fak\u00fcltesi'nin b\u00fcnyesinde th\u01b0\u1eddng xuy\u00ean yap\u0131lan ara\u015ft\u0131rmalar ve projeler, \u00f6\u011frencilere g\u00fcncel ve yenilik\u00e7i fikirlerle kar\u015f\u0131la\u015fma f\u0131rsat\u0131 sunar. Bu t\u00fcr aktivitelerin bir sonucu olarak, \u00f6\u011frenciler bilimsel d\u00fc\u015f\u00fcnceyi geli\u015ftirme ve sorunlara yarat\u0131c\u0131 \u00e7\u00f6z\u00fcmler bulma yeteneklerini kazanarak, gelece\u011fin ba\u015far\u0131l\u0131 bilim insanlar\u0131 olmaya haz\u0131rlan\u0131rlar.<\/p><\/div><div  class=\"elementor-button elementor-slide-button elementor-size-sm\">Click Here<\/div><\/div><\/div><\/div><div class=\"elementor-repeater-item-c4b4e4f swiper-slide\" role=\"group\" aria-roledescription=\"slide\"><div class=\"swiper-slide-bg\" role=\"img\" aria-label=\"IMG_5581.bg\"><\/div><div class=\"swiper-slide-inner\" ><div class=\"swiper-slide-contents\"><div class=\"elementor-slide-heading\">Slide 2 Heading<\/div><div class=\"elementor-slide-description\"><p>Fen Fak\u00fcltesi, bilim ve teknoloji alan\u0131ndaki \u00e7al\u0131\u015fmalar\u0131n\u0131 s\u00fcrd\u00fcrmekte olan bir e\u011fitim kurumudur. Bu fak\u00fcltenin ana amac\u0131, \u00f6\u011frencilere temel ve uygulamal\u0131 bilimler alan\u0131nda geni\u015f bir perspektif sunarak, onlar\u0131n gelecekte ba\u015far\u0131l\u0131 bilim insanlar\u0131 veya uzmanlar olarak yeti\u015fmelerine yard\u0131mc\u0131 olmakt\u0131r.<\/p>\n<p>Fen Fak\u00fcltesi'nin e\u011fitimi, matematik, fizik, kimya, biyoloji ve \u00e7evre bilimleri gibi \u00e7e\u015fitli disiplinleri i\u00e7ermektedir. \u00d6\u011frenciler, se\u00e7tikleri alanda derinlemesine bilgi sahibi olmakla birlikte, di\u011fer bilim dallar\u0131 hakk\u0131nda da genel bir anlay\u0131\u015f geli\u015ftirirler.<\/p>\n<p>Fak\u00fcltenin misyonu, \u00f6\u011frencilere sadece teorik bilgilerin \u00f6tesinde, pratik uygulama ve ara\u015ft\u0131rma becerileri kazand\u0131rmakt\u0131r. Bu sayede mezunlar, i\u015f\u4e16\u754c\u0131nda veya akademik \u00e7evrelerde ba\u015far\u0131l\u0131 bir \u015fekilde yer alabilecekler.<\/p>\n<p>Ayr\u0131ca, Fen Fak\u00fcltesi'nin b\u00fcnyesinde th\u01b0\u1eddng xuy\u00ean yap\u0131lan ara\u015ft\u0131rmalar ve projeler, \u00f6\u011frencilere g\u00fcncel ve yenilik\u00e7i fikirlerle kar\u015f\u0131la\u015fma f\u0131rsat\u0131 sunar. Bu t\u00fcr aktivitelerin bir sonucu olarak, \u00f6\u011frenciler bilimsel d\u00fc\u015f\u00fcnceyi geli\u015ftirme ve sorunlara yarat\u0131c\u0131 \u00e7\u00f6z\u00fcmler bulma yeteneklerini kazanarak, gelece\u011fin ba\u015far\u0131l\u0131 bilim insanlar\u0131 olmaya haz\u0131rlan\u0131rlar.<\/p><\/div><div  class=\"elementor-button elementor-slide-button elementor-size-sm\">Click Here<\/div><\/div><\/div><\/div><div class=\"elementor-repeater-item-ebe2612 swiper-slide\" role=\"group\" aria-roledescription=\"slide\"><div class=\"swiper-slide-bg\" role=\"img\" aria-label=\"IMG_5626.bg\"><\/div><div class=\"swiper-slide-inner\" ><div class=\"swiper-slide-contents\"><div class=\"elementor-slide-heading\">Slide 3 Heading<\/div><div class=\"elementor-slide-description\"><p>Fen Fak\u00fcltesi, bilim ve teknoloji alan\u0131ndaki \u00e7al\u0131\u015fmalar\u0131n\u0131 s\u00fcrd\u00fcrmekte olan bir e\u011fitim kurumudur. Bu fak\u00fcltenin ana amac\u0131, \u00f6\u011frencilere temel ve uygulamal\u0131 bilimler alan\u0131nda geni\u015f bir perspektif sunarak, onlar\u0131n gelecekte ba\u015far\u0131l\u0131 bilim insanlar\u0131 veya uzmanlar olarak yeti\u015fmelerine yard\u0131mc\u0131 olmakt\u0131r.<\/p>\n<p>Fen Fak\u00fcltesi'nin e\u011fitimi, matematik, fizik, kimya, biyoloji ve \u00e7evre bilimleri gibi \u00e7e\u015fitli disiplinleri i\u00e7ermektedir. \u00d6\u011frenciler, se\u00e7tikleri alanda derinlemesine bilgi sahibi olmakla birlikte, di\u011fer bilim dallar\u0131 hakk\u0131nda da genel bir anlay\u0131\u015f geli\u015ftirirler.<\/p>\n<p>Fak\u00fcltenin misyonu, \u00f6\u011frencilere sadece teorik bilgilerin \u00f6tesinde, pratik uygulama ve ara\u015ft\u0131rma becerileri kazand\u0131rmakt\u0131r. Bu sayede mezunlar, i\u015f\u4e16\u754c\u0131nda veya akademik \u00e7evrelerde ba\u015far\u0131l\u0131 bir \u015fekilde yer alabilecekler.<\/p>\n<p>Ayr\u0131ca, Fen Fak\u00fcltesi'nin b\u00fcnyesinde th\u01b0\u1eddng xuy\u00ean yap\u0131lan ara\u015ft\u0131rmalar ve projeler, \u00f6\u011frencilere g\u00fcncel ve yenilik\u00e7i fikirlerle kar\u015f\u0131la\u015fma f\u0131rsat\u0131 sunar. Bu t\u00fcr aktivitelerin bir sonucu olarak, \u00f6\u011frenciler bilimsel d\u00fc\u015f\u00fcnceyi geli\u015ftirme ve sorunlara yarat\u0131c\u0131 \u00e7\u00f6z\u00fcmler bulma yeteneklerini kazanarak, gelece\u011fin ba\u015far\u0131l\u0131 bilim insanlar\u0131 olmaya haz\u0131rlan\u0131rlar.<\/p><\/div><div  class=\"elementor-button elementor-slide-button elementor-size-sm\">Click Here<\/div><\/div><\/div><\/div><div class=\"elementor-repeater-item-9540646 swiper-slide\" role=\"group\" aria-roledescription=\"slide\"><div class=\"swiper-slide-bg\" role=\"img\" aria-label=\"dekanl\u0131k\"><\/div><div class=\"swiper-slide-inner\" ><div class=\"swiper-slide-contents\"><div class=\"elementor-slide-heading\">Slide Heading<\/div><div class=\"elementor-slide-description\"><p>Fen Fak\u00fcltesi, bilim ve teknoloji alan\u0131ndaki \u00e7al\u0131\u015fmalar\u0131n\u0131 s\u00fcrd\u00fcrmekte olan bir e\u011fitim kurumudur. Bu fak\u00fcltenin ana amac\u0131, \u00f6\u011frencilere temel ve uygulamal\u0131 bilimler alan\u0131nda geni\u015f bir perspektif sunarak, onlar\u0131n gelecekte ba\u015far\u0131l\u0131 bilim insanlar\u0131 veya uzmanlar olarak yeti\u015fmelerine yard\u0131mc\u0131 olmakt\u0131r.<\/p>\n<p>Fen Fak\u00fcltesi'nin e\u011fitimi, matematik, fizik, kimya, biyoloji ve \u00e7evre bilimleri gibi \u00e7e\u015fitli disiplinleri i\u00e7ermektedir. \u00d6\u011frenciler, se\u00e7tikleri alanda derinlemesine bilgi sahibi olmakla birlikte, di\u011fer bilim dallar\u0131 hakk\u0131nda da genel bir anlay\u0131\u015f geli\u015ftirirler.<\/p>\n<p>Fak\u00fcltenin misyonu, \u00f6\u011frencilere sadece teorik bilgilerin \u00f6tesinde, pratik uygulama ve ara\u015ft\u0131rma becerileri kazand\u0131rmakt\u0131r. Bu sayede mezunlar, i\u015f\u4e16\u754c\u0131nda veya akademik \u00e7evrelerde ba\u015far\u0131l\u0131 bir \u015fekilde yer alabilecekler.<\/p>\n<p>Ayr\u0131ca, Fen Fak\u00fcltesi'nin b\u00fcnyesinde th\u01b0\u1eddng xuy\u00ean yap\u0131lan ara\u015ft\u0131rmalar ve projeler, \u00f6\u011frencilere g\u00fcncel ve yenilik\u00e7i fikirlerle kar\u015f\u0131la\u015fma f\u0131rsat\u0131 sunar. Bu t\u00fcr aktivitelerin bir sonucu olarak, \u00f6\u011frenciler bilimsel d\u00fc\u015f\u00fcnceyi geli\u015ftirme ve sorunlara yarat\u0131c\u0131 \u00e7\u00f6z\u00fcmler bulma yeteneklerini kazanarak, gelece\u011fin ba\u015far\u0131l\u0131 bilim insanlar\u0131 olmaya haz\u0131rlan\u0131rlar.<\/p><\/div><div  class=\"elementor-button elementor-slide-button elementor-size-sm\">Click Here<\/div><\/div><\/div><\/div><div class=\"elementor-repeater-item-c123f31 swiper-slide\" role=\"group\" aria-roledescription=\"slide\"><div class=\"swiper-slide-bg\" role=\"img\" aria-label=\"WhatsApp Image 2022-01-22 at 16.31.30\"><\/div><div class=\"swiper-slide-inner\" ><div class=\"swiper-slide-contents\"><div class=\"elementor-slide-heading\">Slide Heading<\/div><div class=\"elementor-slide-description\"><p>Fen Fak\u00fcltesi, bilim ve teknoloji alan\u0131ndaki \u00e7al\u0131\u015fmalar\u0131n\u0131 s\u00fcrd\u00fcrmekte olan bir e\u011fitim kurumudur. Bu fak\u00fcltenin ana amac\u0131, \u00f6\u011frencilere temel ve uygulamal\u0131 bilimler alan\u0131nda geni\u015f bir perspektif sunarak, onlar\u0131n gelecekte ba\u015far\u0131l\u0131 bilim insanlar\u0131 veya uzmanlar olarak yeti\u015fmelerine yard\u0131mc\u0131 olmakt\u0131r.<\/p>\n<p>Fen Fak\u00fcltesi'nin e\u011fitimi, matematik, fizik, kimya, biyoloji ve \u00e7evre bilimleri gibi \u00e7e\u015fitli disiplinleri i\u00e7ermektedir. \u00d6\u011frenciler, se\u00e7tikleri alanda derinlemesine bilgi sahibi olmakla birlikte, di\u011fer bilim dallar\u0131 hakk\u0131nda da genel bir anlay\u0131\u015f geli\u015ftirirler.<\/p>\n<p>Fak\u00fcltenin misyonu, \u00f6\u011frencilere sadece teorik bilgilerin \u00f6tesinde, pratik uygulama ve ara\u015ft\u0131rma becerileri kazand\u0131rmakt\u0131r. Bu sayede mezunlar, i\u015f\u4e16\u754c\u0131nda veya akademik \u00e7evrelerde ba\u015far\u0131l\u0131 bir \u015fekilde yer alabilecekler.<\/p>\n<p>Ayr\u0131ca, Fen Fak\u00fcltesi'nin b\u00fcnyesinde th\u01b0\u1eddng xuy\u00ean yap\u0131lan ara\u015ft\u0131rmalar ve projeler, \u00f6\u011frencilere g\u00fcncel ve yenilik\u00e7i fikirlerle kar\u015f\u0131la\u015fma f\u0131rsat\u0131 sunar. Bu t\u00fcr aktivitelerin bir sonucu olarak, \u00f6\u011frenciler bilimsel d\u00fc\u015f\u00fcnceyi geli\u015ftirme ve sorunlara yarat\u0131c\u0131 \u00e7\u00f6z\u00fcmler bulma yeteneklerini kazanarak, gelece\u011fin ba\u015far\u0131l\u0131 bilim insanlar\u0131 olmaya haz\u0131rlan\u0131rlar.<\/p><\/div><div  class=\"elementor-button elementor-slide-button elementor-size-sm\">Click Here<\/div><\/div><\/div><\/div>\t\t\t\t<\/div>\n\t\t\t\t\t\t\t\t\t\t\t\t\t\t\t<div class=\"elementor-swiper-button elementor-swiper-button-prev\" role=\"button\" tabindex=\"0\" aria-label=\"Previous slide\">\n\t\t\t\t\t\t\t<i aria-hidden=\"true\" class=\"eicon-chevron-left\"><\/i>\t\t\t\t\t\t<\/div>\n\t\t\t\t\t\t<div class=\"elementor-swiper-button elementor-swiper-button-next\" role=\"button\" tabindex=\"0\" aria-label=\"Next slide\">\n\t\t\t\t\t\t\t<i aria-hidden=\"true\" class=\"eicon-chevron-right\"><\/i>\t\t\t\t\t\t<\/div>\n\t\t\t\t\t\t\t\t\t\t\t\t\t\t\t\t<div class=\"swiper-pagination\"><\/div>\n\t\t\t\t\t\t\t\t\t\t\t\t<\/div>\n\t\t\t\t<\/div>\n\t\t\t\t\t\t\t\t<\/div>\n\t\t\t\t<\/div>\n\t\t\t\t\t<\/div>\n\t\t<\/div>\n\t\t\t\t\t<\/div>\n\t\t<\/section>\n\t\t\t\t<section class=\"elementor-section elementor-top-section elementor-element elementor-element-8f1ae11 elementor-section-boxed elementor-section-height-default elementor-section-height-default\" data-id=\"8f1ae11\" data-element_type=\"section\">\n\t\t\t\t\t\t<div class=\"elementor-container elementor-column-gap-default\">\n\t\t\t\t\t<div class=\"elementor-column elementor-col-100 elementor-top-column elementor-element elementor-element-a3f6c9d\" data-id=\"a3f6c9d\" data-element_type=\"column\">\n\t\t\t<div class=\"elementor-widget-wrap elementor-element-populated\">\n\t\t\t\t\t\t<div class=\"elementor-element elementor-element-dd87aba elementor-widget elementor-widget-heading\" data-id=\"dd87aba\" data-element_type=\"widget\" data-widget_type=\"heading.default\">\n\t\t\t\t<div class=\"elementor-widget-container\">\n\t\t\t\t\t<h2 class=\"elementor-heading-title elementor-size-large\">Announcements \/ Events<\/h2>\t\t\t\t<\/div>\n\t\t\t\t<\/div>\n\t\t\t\t<div class=\"elementor-element elementor-element-33fa301 elementor-widget elementor-widget-text-editor\" data-id=\"33fa301\" data-element_type=\"widget\" data-widget_type=\"text-editor.default\">\n\t\t\t\t<div class=\"elementor-widget-container\">\n\t\t\t\t\t\t\t\t\t<p>Lorem ipsum dolor sit amet, consectetur adipiscing elit. Ut elit tellus, luctus nec ullamcorper mattis, pulvinar dapibus leo.<\/p>\t\t\t\t\t\t\t\t<\/div>\n\t\t\t\t<\/div>\n\t\t\t\t\t<\/div>\n\t\t<\/div>\n\t\t\t\t\t<\/div>\n\t\t<\/section>\n\t\t\t\t<\/div>\n\t\t","protected":false},"excerpt":{"rendered":"<p>**Faculty of Science** Bilimin ve teknolojinin h\u0131zla ilerledi\u011fi d\u00fcnyam\u0131zda, Fen Fak\u00fcltesi olarak \u00f6\u011frencilerimizi bilimsel meraklar\u0131n\u0131 ke\u015ffetmeleri ve bu alanda uzmanla\u015fmalar\u0131 i\u00e7in gereken ortam\u0131 sa\u011flamaktay\u0131z. Bilim ve teknolojideki geli\u015fmeler, toplumun her alan\u0131nda \u00f6nemli de\u011fi\u015fikliklere neden olmakta ve gelece\u011fimizi \u015fekillendirmektedir. Fen Fak\u00fcltesi olarak misyonumuz, \u00f6\u011frencilerimize g\u00fc\u00e7l\u00fc bir bilim temelinin yan\u0131 s\u0131ra, yarat\u0131c\u0131 d\u00fc\u015f\u00fcnme, problem \u00e7\u00f6zme ve ileti\u015fim [&hellip;]<\/p>\n","protected":false},"author":1,"featured_media":0,"parent":0,"menu_order":0,"comment_status":"closed","ping_status":"closed","template":"","meta":{"footnotes":""},"class_list":["post-7579","page","type-page","status-publish","hentry"],"_links":{"self":[{"href":"https:\/\/atauni.edu.tr\/fen-fakultesi\/wp-json\/wp\/v2\/pages\/7579","targetHints":{"allow":["GET"]}}],"collection":[{"href":"https:\/\/atauni.edu.tr\/fen-fakultesi\/wp-json\/wp\/v2\/pages"}],"about":[{"href":"https:\/\/atauni.edu.tr\/fen-fakultesi\/wp-json\/wp\/v2\/types\/page"}],"author":[{"embeddable":true,"href":"https:\/\/atauni.edu.tr\/fen-fakultesi\/wp-json\/wp\/v2\/users\/1"}],"replies":[{"embeddable":true,"href":"https:\/\/atauni.edu.tr\/fen-fakultesi\/wp-json\/wp\/v2\/comments?post=7579"}],"version-history":[{"count":112,"href":"https:\/\/atauni.edu.tr\/fen-fakultesi\/wp-json\/wp\/v2\/pages\/7579\/revisions"}],"predecessor-version":[{"id":8530,"href":"https:\/\/atauni.edu.tr\/fen-fakultesi\/wp-json\/wp\/v2\/pages\/7579\/revisions\/8530"}],"wp:attachment":[{"href":"https:\/\/atauni.edu.tr\/fen-fakultesi\/wp-json\/wp\/v2\/media?parent=7579"}],"curies":[{"name":"wp","href":"https:\/\/api.w.org\/{rel}","templated":true}]}}