{"id":7661,"date":"2022-01-17T15:36:04","date_gmt":"2022-01-17T12:36:04","guid":{"rendered":"https:\/\/birimler.atauni.edu.tr\/fen-fakultesi\/?page_id=7661"},"modified":"2022-01-18T10:36:53","modified_gmt":"2022-01-18T07:36:53","slug":"dean","status":"publish","type":"page","link":"https:\/\/atauni.edu.tr\/fen-fakultesi\/dean\/","title":{"rendered":"Dean"},"content":{"rendered":"\t\t<div data-elementor-type=\"wp-page\" data-elementor-id=\"7661\" class=\"elementor elementor-7661\" data-elementor-post-type=\"page\">\n\t\t\t\t\t\t<section class=\"elementor-section elementor-top-section elementor-element elementor-element-f6f6e77 elementor-section-boxed elementor-section-height-default elementor-section-height-default\" data-id=\"f6f6e77\" data-element_type=\"section\">\n\t\t\t\t\t\t<div class=\"elementor-container elementor-column-gap-default\">\n\t\t\t\t\t<div class=\"elementor-column elementor-col-100 elementor-top-column elementor-element elementor-element-a31b211\" data-id=\"a31b211\" data-element_type=\"column\">\n\t\t\t<div class=\"elementor-widget-wrap elementor-element-populated\">\n\t\t\t\t\t\t<div class=\"elementor-element elementor-element-26fc726 elementor-widget elementor-widget-image\" data-id=\"26fc726\" data-element_type=\"widget\" data-widget_type=\"image.default\">\n\t\t\t\t<div class=\"elementor-widget-container\">\n\t\t\t\t\t\t\t\t\t\t\t\t\t\t\t<img decoding=\"async\" width=\"160\" height=\"210\" src=\"https:\/\/atauni.edu.tr\/fen-fakultesi\/wp-content\/uploads\/sites\/60\/2020\/07\/resim_2022-01-18_101420-e1642490475694.png\" class=\"attachment-large size-large wp-image-7762\" alt=\"\" \/>\t\t\t\t\t\t\t\t\t\t\t\t\t\t\t<\/div>\n\t\t\t\t<\/div>\n\t\t\t\t<div class=\"elementor-element elementor-element-089e74b elementor-widget elementor-widget-text-editor\" data-id=\"089e74b\" data-element_type=\"widget\" data-widget_type=\"text-editor.default\">\n\t\t\t\t<div class=\"elementor-widget-container\">\n\t\t\t\t\t\t\t\t\t<p><a href=\"https:\/\/avesis.atauni.edu.tr\/tsisman\">Prof. Dr. Turgay \u015e\u0130\u015eMAN<\/a><\/p><p><span style=\"text-decoration: underline\"><span style=\"color: #0000ff;text-decoration: underline\">Contact:<\/span><\/span><\/p><p>Tel: +90 442 231 41 10<\/p><p>Fax: +90 442 231 41 09<\/p><p>e-mail: tsisman@atauni.edu.tr<\/p>\t\t\t\t\t\t\t\t<\/div>\n\t\t\t\t<\/div>\n\t\t\t\t\t<\/div>\n\t\t<\/div>\n\t\t\t\t\t<\/div>\n\t\t<\/section>\n\t\t\t\t<\/div>\n\t\t","protected":false},"excerpt":{"rendered":"<p>Prof. Dr. Turgay \u015e\u0130\u015eMAN Contact: Tel: +90 442 231 41 10 Fax: +90 442 231 41 09 e-mail: tsisman@atauni.edu.tr<\/p>\n","protected":false},"author":213,"featured_media":0,"parent":0,"menu_order":0,"comment_status":"closed","ping_status":"closed","template":"","meta":{"footnotes":""},"class_list":["post-7661","page","type-page","status-publish","hentry"],"_links":{"self":[{"href":"https:\/\/atauni.edu.tr\/fen-fakultesi\/wp-json\/wp\/v2\/pages\/7661","targetHints":{"allow":["GET"]}}],"collection":[{"href":"https:\/\/atauni.edu.tr\/fen-fakultesi\/wp-json\/wp\/v2\/pages"}],"about":[{"href":"https:\/\/atauni.edu.tr\/fen-fakultesi\/wp-json\/wp\/v2\/types\/page"}],"author":[{"embeddable":true,"href":"https:\/\/atauni.edu.tr\/fen-fakultesi\/wp-json\/wp\/v2\/users\/213"}],"replies":[{"embeddable":true,"href":"https:\/\/atauni.edu.tr\/fen-fakultesi\/wp-json\/wp\/v2\/comments?post=7661"}],"version-history":[{"count":28,"href":"https:\/\/atauni.edu.tr\/fen-fakultesi\/wp-json\/wp\/v2\/pages\/7661\/revisions"}],"predecessor-version":[{"id":7784,"href":"https:\/\/atauni.edu.tr\/fen-fakultesi\/wp-json\/wp\/v2\/pages\/7661\/revisions\/7784"}],"wp:attachment":[{"href":"https:\/\/atauni.edu.tr\/fen-fakultesi\/wp-json\/wp\/v2\/media?parent=7661"}],"curies":[{"name":"wp","href":"https:\/\/api.w.org\/{rel}","templated":true}]}}