{"id":7662,"date":"2022-01-17T15:36:04","date_gmt":"2022-01-17T12:36:04","guid":{"rendered":"https:\/\/birimler.atauni.edu.tr\/fen-fakultesi\/?page_id=7662"},"modified":"2022-01-18T10:35:14","modified_gmt":"2022-01-18T07:35:14","slug":"vice-deans","status":"publish","type":"page","link":"https:\/\/atauni.edu.tr\/fen-fakultesi\/vice-deans\/","title":{"rendered":"Vice Deans"},"content":{"rendered":"\t\t<div data-elementor-type=\"wp-page\" data-elementor-id=\"7662\" class=\"elementor elementor-7662\" data-elementor-post-type=\"page\">\n\t\t\t\t\t\t<section class=\"elementor-section elementor-top-section elementor-element elementor-element-4d49cbd elementor-section-boxed elementor-section-height-default elementor-section-height-default\" data-id=\"4d49cbd\" data-element_type=\"section\">\n\t\t\t\t\t\t<div class=\"elementor-container elementor-column-gap-default\">\n\t\t\t\t\t<div class=\"elementor-column elementor-col-100 elementor-top-column elementor-element elementor-element-a1898f0\" data-id=\"a1898f0\" data-element_type=\"column\">\n\t\t\t<div class=\"elementor-widget-wrap elementor-element-populated\">\n\t\t\t\t\t\t<section class=\"elementor-section elementor-inner-section elementor-element elementor-element-6906c38 elementor-section-boxed elementor-section-height-default elementor-section-height-default\" data-id=\"6906c38\" data-element_type=\"section\">\n\t\t\t\t\t\t<div class=\"elementor-container elementor-column-gap-default\">\n\t\t\t\t\t<div class=\"elementor-column elementor-col-50 elementor-inner-column elementor-element elementor-element-fcea5d3\" data-id=\"fcea5d3\" data-element_type=\"column\">\n\t\t\t<div class=\"elementor-widget-wrap elementor-element-populated\">\n\t\t\t\t\t\t<div class=\"elementor-element elementor-element-f8baa1f elementor-widget elementor-widget-image\" data-id=\"f8baa1f\" data-element_type=\"widget\" data-widget_type=\"image.default\">\n\t\t\t\t<div class=\"elementor-widget-container\">\n\t\t\t\t\t\t\t\t\t\t\t\t\t\t\t<img decoding=\"async\" width=\"170\" height=\"220\" src=\"https:\/\/atauni.edu.tr\/fen-fakultesi\/wp-content\/uploads\/sites\/60\/2020\/07\/resim_2022-01-18_101451-e1642490677542.png\" class=\"attachment-large size-large wp-image-7763\" alt=\"\" \/>\t\t\t\t\t\t\t\t\t\t\t\t\t\t\t<\/div>\n\t\t\t\t<\/div>\n\t\t\t\t\t<\/div>\n\t\t<\/div>\n\t\t\t\t<div class=\"elementor-column elementor-col-50 elementor-inner-column elementor-element elementor-element-39cdf55\" data-id=\"39cdf55\" data-element_type=\"column\">\n\t\t\t<div class=\"elementor-widget-wrap elementor-element-populated\">\n\t\t\t\t\t\t<div class=\"elementor-element elementor-element-e6a73ba elementor-widget elementor-widget-image\" data-id=\"e6a73ba\" data-element_type=\"widget\" data-widget_type=\"image.default\">\n\t\t\t\t<div class=\"elementor-widget-container\">\n\t\t\t\t\t\t\t\t\t\t\t\t\t\t\t<img decoding=\"async\" width=\"189\" height=\"220\" src=\"https:\/\/atauni.edu.tr\/fen-fakultesi\/wp-content\/uploads\/sites\/60\/2020\/07\/resim_2022-01-18_102906-e1642491119592.png\" class=\"attachment-large size-large wp-image-7775\" alt=\"\" \/>\t\t\t\t\t\t\t\t\t\t\t\t\t\t\t<\/div>\n\t\t\t\t<\/div>\n\t\t\t\t\t<\/div>\n\t\t<\/div>\n\t\t\t\t\t<\/div>\n\t\t<\/section>\n\t\t\t\t<section class=\"elementor-section elementor-inner-section elementor-element elementor-element-4ed3a51 elementor-section-boxed elementor-section-height-default elementor-section-height-default\" data-id=\"4ed3a51\" data-element_type=\"section\">\n\t\t\t\t\t\t<div class=\"elementor-container elementor-column-gap-default\">\n\t\t\t\t\t<div class=\"elementor-column elementor-col-50 elementor-inner-column elementor-element elementor-element-cbd7e57\" data-id=\"cbd7e57\" data-element_type=\"column\">\n\t\t\t<div class=\"elementor-widget-wrap elementor-element-populated\">\n\t\t\t\t\t\t<div class=\"elementor-element elementor-element-ecfc6d9 elementor-widget elementor-widget-text-editor\" data-id=\"ecfc6d9\" data-element_type=\"widget\" data-widget_type=\"text-editor.default\">\n\t\t\t\t<div class=\"elementor-widget-container\">\n\t\t\t\t\t\t\t\t\t<p><a href=\"https:\/\/avesis.atauni.edu.tr\/dekin\">Prof. Dr. Duygu EK\u0130NC\u0130<\/a><\/p><p>Tel: + 90 442 231 41 10<\/p><p>Fax: +90 442 231 41 09<\/p><p>e-mail: dekin@atauni.edu.tr<\/p>\t\t\t\t\t\t\t\t<\/div>\n\t\t\t\t<\/div>\n\t\t\t\t\t<\/div>\n\t\t<\/div>\n\t\t\t\t<div class=\"elementor-column elementor-col-50 elementor-inner-column elementor-element elementor-element-cdd7e89\" data-id=\"cdd7e89\" data-element_type=\"column\">\n\t\t\t<div class=\"elementor-widget-wrap elementor-element-populated\">\n\t\t\t\t\t\t<div class=\"elementor-element elementor-element-639fbd9 elementor-widget elementor-widget-text-editor\" data-id=\"639fbd9\" data-element_type=\"widget\" data-widget_type=\"text-editor.default\">\n\t\t\t\t<div class=\"elementor-widget-container\">\n\t\t\t\t\t\t\t\t\t<p><a href=\"https:\/\/avesis.atauni.edu.tr\/agurol\">Prof. Dr. Ali G\u00dcROL<\/a><\/p><p>Tel: +90 442 231 41 10<\/p><p>Fax: +90 442 231 41 09<\/p><p>e-mail: agurol@atauni.edu.tr<\/p>\t\t\t\t\t\t\t\t<\/div>\n\t\t\t\t<\/div>\n\t\t\t\t\t<\/div>\n\t\t<\/div>\n\t\t\t\t\t<\/div>\n\t\t<\/section>\n\t\t\t\t\t<\/div>\n\t\t<\/div>\n\t\t\t\t\t<\/div>\n\t\t<\/section>\n\t\t\t\t<\/div>\n\t\t","protected":false},"excerpt":{"rendered":"<p>Prof. Dr. Duygu EK\u0130NC\u0130 Tel: + 90 442 231 41 10 Fax: +90 442 231 41 09 e-mail: dekin@atauni.edu.tr Prof. Dr. Ali G\u00dcROL Tel: +90 442 231 41 10 Fax: +90 442 231 41 09 e-mail: agurol@atauni.edu.tr<\/p>\n","protected":false},"author":213,"featured_media":0,"parent":0,"menu_order":0,"comment_status":"closed","ping_status":"closed","template":"","meta":{"footnotes":""},"class_list":["post-7662","page","type-page","status-publish","hentry"],"_links":{"self":[{"href":"https:\/\/atauni.edu.tr\/fen-fakultesi\/wp-json\/wp\/v2\/pages\/7662","targetHints":{"allow":["GET"]}}],"collection":[{"href":"https:\/\/atauni.edu.tr\/fen-fakultesi\/wp-json\/wp\/v2\/pages"}],"about":[{"href":"https:\/\/atauni.edu.tr\/fen-fakultesi\/wp-json\/wp\/v2\/types\/page"}],"author":[{"embeddable":true,"href":"https:\/\/atauni.edu.tr\/fen-fakultesi\/wp-json\/wp\/v2\/users\/213"}],"replies":[{"embeddable":true,"href":"https:\/\/atauni.edu.tr\/fen-fakultesi\/wp-json\/wp\/v2\/comments?post=7662"}],"version-history":[{"count":10,"href":"https:\/\/atauni.edu.tr\/fen-fakultesi\/wp-json\/wp\/v2\/pages\/7662\/revisions"}],"predecessor-version":[{"id":7781,"href":"https:\/\/atauni.edu.tr\/fen-fakultesi\/wp-json\/wp\/v2\/pages\/7662\/revisions\/7781"}],"wp:attachment":[{"href":"https:\/\/atauni.edu.tr\/fen-fakultesi\/wp-json\/wp\/v2\/media?parent=7662"}],"curies":[{"name":"wp","href":"https:\/\/api.w.org\/{rel}","templated":true}]}}