{"id":7670,"date":"2022-01-17T15:37:45","date_gmt":"2022-01-17T12:37:45","guid":{"rendered":"https:\/\/birimler.atauni.edu.tr\/fen-fakultesi\/?page_id=7670"},"modified":"2024-05-21T10:50:31","modified_gmt":"2024-05-21T07:50:31","slug":"faculty-board","status":"publish","type":"page","link":"https:\/\/atauni.edu.tr\/fen-fakultesi\/faculty-board\/","title":{"rendered":"Faculty Board"},"content":{"rendered":"\t\t<div data-elementor-type=\"wp-page\" data-elementor-id=\"7670\" class=\"elementor elementor-7670\" data-elementor-post-type=\"page\">\n\t\t\t\t\t\t<section class=\"elementor-section elementor-top-section elementor-element elementor-element-49e5b62 elementor-section-boxed elementor-section-height-default elementor-section-height-default\" data-id=\"49e5b62\" data-element_type=\"section\">\n\t\t\t\t\t\t<div class=\"elementor-container elementor-column-gap-default\">\n\t\t\t\t\t<div class=\"elementor-column elementor-col-100 elementor-top-column elementor-element elementor-element-f9c65d3\" data-id=\"f9c65d3\" data-element_type=\"column\">\n\t\t\t<div class=\"elementor-widget-wrap elementor-element-populated\">\n\t\t\t\t\t\t<section class=\"elementor-section elementor-inner-section elementor-element elementor-element-eb72105 elementor-section-boxed elementor-section-height-default elementor-section-height-default\" data-id=\"eb72105\" data-element_type=\"section\">\n\t\t\t\t\t\t<div class=\"elementor-container elementor-column-gap-default\">\n\t\t\t\t\t<div class=\"elementor-column elementor-col-50 elementor-inner-column elementor-element elementor-element-95d6ffa\" data-id=\"95d6ffa\" data-element_type=\"column\">\n\t\t\t<div class=\"elementor-widget-wrap elementor-element-populated\">\n\t\t\t\t\t\t<div class=\"elementor-element elementor-element-2e88d1b elementor-widget elementor-widget-text-editor\" data-id=\"2e88d1b\" data-element_type=\"widget\" data-widget_type=\"text-editor.default\">\n\t\t\t\t<div class=\"elementor-widget-container\">\n\t\t\t\t\t\t\t\t\t<p><span style=\"text-decoration: underline\"><strong><span style=\"color: #0000ff;text-decoration: underline\">Members:<\/span><\/strong><\/span><\/p><p><span style=\"color: #0000ff\"><strong><a style=\"color: #0000ff;text-decoration: underline\" href=\"https:\/\/avesis.atauni.edu.tr\/tsisman\" target=\"_blank\" rel=\"noopener\">Prof. Dr. Turgay \u015e\u0130\u015eMAN<\/a> \/ Dean<\/strong><\/span><\/p><p><span style=\"color: #0000ff\"><strong><a style=\"color: #0000ff;text-decoration: underline\" href=\"https:\/\/avesis.atauni.edu.tr\/cahity\">Prof. Dr. Cahit YE\u015e\u0130LYAPRAK<\/a> \/ Astronomy and Space Sciences<\/strong><\/span><\/p><p><span style=\"color: #0000ff\"><strong><a style=\"color: #0000ff\" href=\"https:\/\/avesis.atauni.edu.tr\/gagar\" target=\"_blank\" rel=\"noopener\">Prof. Dr. G\u00fcleray A\u011eAR<\/a> \/ <\/strong><strong>Biology<\/strong><\/span><\/p><p><span style=\"color: #0000ff\"><strong><a style=\"color: #0000ff;text-decoration: underline\" href=\"https:\/\/avesis.atauni.edu.tr\/ykurucu\">Prof. Dr. Yakup KURUCU<\/a> \/ Physics<\/strong><\/span><\/p><p><span style=\"color: #0000ff\"><strong><a style=\"color: #0000ff;text-decoration: underline\" href=\"https:\/\/atauni.edu.tr\/omer-irfan-kufrevioglu\"><span style=\"color: #0000ff;text-decoration: underline\">Pro<\/span>f. Dr. \u00d6. \u0130rfan K\u00fcfrevio\u011flu<\/a> \/ Chemistry<\/strong><\/span><\/p><p><span style=\"color: #0000ff\"><strong><a style=\"color: #0000ff;text-decoration: underline\" href=\"https:\/\/avesis.atauni.edu.tr\/tarakci\">Prof. Dr.\u00d6mer TARAK<\/a><\/strong><\/span><strong style=\"color: #0000ff\"><a style=\"color: #0000ff;text-decoration: underline\" href=\"https:\/\/avesis.atauni.edu.tr\/tarakci\">\u00c7I<\/a> \/ Mathematics<\/strong><\/p><p><span style=\"color: #0000ff\"><strong><a style=\"color: #0000ff;text-decoration: underline\" href=\"https:\/\/atauni.edu.tr\/orhan-erdogan\">Prof. Dr. Orhan ERDO\u011eAN<\/a> \/ Molecular Biology and Genetics<\/strong><\/span><\/p>\t\t\t\t\t\t\t\t<\/div>\n\t\t\t\t<\/div>\n\t\t\t\t\t<\/div>\n\t\t<\/div>\n\t\t\t\t<div class=\"elementor-column elementor-col-50 elementor-inner-column elementor-element elementor-element-61aed43\" data-id=\"61aed43\" data-element_type=\"column\">\n\t\t\t<div class=\"elementor-widget-wrap elementor-element-populated\">\n\t\t\t\t\t\t<div class=\"elementor-element elementor-element-6a7f784 elementor-widget elementor-widget-text-editor\" data-id=\"6a7f784\" data-element_type=\"widget\" data-widget_type=\"text-editor.default\">\n\t\t\t\t<div class=\"elementor-widget-container\">\n\t\t\t\t\t\t\t\t\t<p><span style=\"color: #0000ff\"><strong><a style=\"color: #0000ff\" href=\"https:\/\/atauni.edu.tr\/mesut-taskin\">Prof. Dr. Mesut TA\u015eKIN<\/a><a style=\"color: #0000ff\" href=\"https:\/\/atauni.edu.tr\/ali-gurol\"> \/ Physics<\/a><\/strong><\/span><\/p><p><span style=\"color: #0000ff\"><strong><a style=\"color: #0000ff\" href=\"https:\/\/atauni.edu.tr\/ali-gurol\">Prof. Dr. Ali G\u00dcROL<\/a> \/ Physics<\/strong><\/span><\/p><p><span style=\"color: #0000ff\"><strong><a style=\"color: #0000ff\" href=\"https:\/\/atauni.edu.tr\/esra-tanriverdi-ecik\">Prof. Dr. Esra TANRIVERD\u0130 E\u00c7\u0130K<\/a> \/ Chemistry<\/strong><\/span><\/p><p><span style=\"color: #0000ff\"><strong><a style=\"color: #0000ff\" href=\"https:\/\/avesis.atauni.edu.tr\/bnisanci\">Associate Prof. Dr. Bilal N\u0130\u015eANCI<\/a> \/ Chemistry<\/strong><\/span><\/p><p><span style=\"color: #0000ff\"><strong><a style=\"color: #0000ff\" href=\"https:\/\/atauni.edu.tr\/haydar-kilic\">Associate Prof. Dr. Haydar KILI\u00c7<\/a><\/strong><\/span><span style=\"color: #0000ff\"><strong> \/ Chemistry<\/strong><\/span><\/p><p><span style=\"color: #0000ff\"><strong><a style=\"color: #0000ff\" href=\"https:\/\/avesis.atauni.edu.tr\/nazli.kadioglu\">Asitant Prof. Dr. Mehmet KARADAYI<\/a> \/ Biology<\/strong><\/span><\/p><p><span style=\"color: #0000ff\"><strong><a style=\"color: #0000ff\" href=\"https:\/\/atauni.edu.tr\/ismail-yildiz\">\u0130smail YILDIZ<\/a> \/ Reporter<\/strong><\/span><\/p>\t\t\t\t\t\t\t\t<\/div>\n\t\t\t\t<\/div>\n\t\t\t\t\t<\/div>\n\t\t<\/div>\n\t\t\t\t\t<\/div>\n\t\t<\/section>\n\t\t\t\t\t<\/div>\n\t\t<\/div>\n\t\t\t\t\t<\/div>\n\t\t<\/section>\n\t\t\t\t<\/div>\n\t\t","protected":false},"excerpt":{"rendered":"<p>Members: Prof. Dr. Turgay \u015e\u0130\u015eMAN \/ Dean Prof. Dr. Cahit YE\u015e\u0130LYAPRAK \/ Astronomy and Space Sciences Prof. Dr. G\u00fcleray A\u011eAR \/ Biology Prof. Dr. Yakup KURUCU \/ Physics Prof. Dr. \u00d6. \u0130rfan K\u00fcfrevio\u011flu \/ Chemistry Prof. Dr.\u00d6mer TARAK\u00c7I \/ Mathematics Prof. Dr. Orhan ERDO\u011eAN \/ Molecular Biology and Genetics Prof. Dr. Mesut TA\u015eKIN \/ Physics [&hellip;]<\/p>\n","protected":false},"author":213,"featured_media":0,"parent":0,"menu_order":0,"comment_status":"closed","ping_status":"closed","template":"","meta":{"footnotes":""},"class_list":["post-7670","page","type-page","status-publish","hentry"],"_links":{"self":[{"href":"https:\/\/atauni.edu.tr\/fen-fakultesi\/wp-json\/wp\/v2\/pages\/7670","targetHints":{"allow":["GET"]}}],"collection":[{"href":"https:\/\/atauni.edu.tr\/fen-fakultesi\/wp-json\/wp\/v2\/pages"}],"about":[{"href":"https:\/\/atauni.edu.tr\/fen-fakultesi\/wp-json\/wp\/v2\/types\/page"}],"author":[{"embeddable":true,"href":"https:\/\/atauni.edu.tr\/fen-fakultesi\/wp-json\/wp\/v2\/users\/213"}],"replies":[{"embeddable":true,"href":"https:\/\/atauni.edu.tr\/fen-fakultesi\/wp-json\/wp\/v2\/comments?post=7670"}],"version-history":[{"count":66,"href":"https:\/\/atauni.edu.tr\/fen-fakultesi\/wp-json\/wp\/v2\/pages\/7670\/revisions"}],"predecessor-version":[{"id":8991,"href":"https:\/\/atauni.edu.tr\/fen-fakultesi\/wp-json\/wp\/v2\/pages\/7670\/revisions\/8991"}],"wp:attachment":[{"href":"https:\/\/atauni.edu.tr\/fen-fakultesi\/wp-json\/wp\/v2\/media?parent=7670"}],"curies":[{"name":"wp","href":"https:\/\/api.w.org\/{rel}","templated":true}]}}