{"id":7672,"date":"2022-01-17T15:37:45","date_gmt":"2022-01-17T12:37:45","guid":{"rendered":"https:\/\/birimler.atauni.edu.tr\/fen-fakultesi\/?page_id=7672"},"modified":"2022-01-18T13:23:11","modified_gmt":"2022-01-18T10:23:11","slug":"faculty-executive-board","status":"publish","type":"page","link":"https:\/\/atauni.edu.tr\/fen-fakultesi\/faculty-executive-board\/","title":{"rendered":"Faculty Executive Board"},"content":{"rendered":"\t\t<div data-elementor-type=\"wp-page\" data-elementor-id=\"7672\" class=\"elementor elementor-7672\" data-elementor-post-type=\"page\">\n\t\t\t\t\t\t<section class=\"elementor-section elementor-top-section elementor-element elementor-element-019bb8b elementor-section-boxed elementor-section-height-default elementor-section-height-default\" data-id=\"019bb8b\" data-element_type=\"section\">\n\t\t\t\t\t\t<div class=\"elementor-container elementor-column-gap-default\">\n\t\t\t\t\t<div class=\"elementor-column elementor-col-100 elementor-top-column elementor-element elementor-element-8deb313\" data-id=\"8deb313\" data-element_type=\"column\">\n\t\t\t<div class=\"elementor-widget-wrap elementor-element-populated\">\n\t\t\t\t\t\t<div class=\"elementor-element elementor-element-6058a3d elementor-widget elementor-widget-text-editor\" data-id=\"6058a3d\" data-element_type=\"widget\" data-widget_type=\"text-editor.default\">\n\t\t\t\t<div class=\"elementor-widget-container\">\n\t\t\t\t\t\t\t\t\t<p><span style=\"color: #0000ff\"><strong>Members:<\/strong><\/span><\/p><p><span style=\"color: #0000ff\"><strong><a style=\"color: #0000ff\" href=\"https:\/\/avesis.atauni.edu.tr\/tsisman\">Prof. Dr. Turgay \u015e\u0130\u015eMAN<\/a>\u00a0\/ Dean<\/strong><\/span><\/p><p><span style=\"color: #0000ff\"><strong><a style=\"color: #0000ff\" href=\"https:\/\/atauni.edu.tr\/ali-gurol\">Prof. Dr. Ali G\u00dcROL<\/a>\u00a0\/ Physics<\/strong><\/span><\/p><p><span style=\"color: #0000ff\"><strong><a style=\"color: #0000ff\" href=\"https:\/\/avesis.atauni.edu.tr\/dekin\">Prof. Dr. Duygu EK\u0130NC\u0130<\/a>\u00a0\/ Chemistry<\/strong><\/span><\/p><p><span style=\"color: #0000ff\"><strong><a style=\"color: #0000ff\" href=\"https:\/\/avesis.atauni.edu.tr\/ldemir\">Prof. Dr. L\u00fctf\u00fc DEM\u0130R<\/a>\u00a0\/ Physics<\/strong><\/span><\/p><p><span style=\"color: #0000ff\"><strong><a style=\"color: #0000ff\" href=\"https:\/\/avesis.atauni.edu.tr\/bnisanci\">Associate Prof. Dr. Bilal N\u0130\u015eANCI<\/a>\u00a0\/ Chemistry<\/strong><\/span><\/p><p><span style=\"color: #0000ff\"><strong><a style=\"color: #0000ff\" href=\"https:\/\/avesis.atauni.edu.tr\/sboglu\"><span style=\"color: #0000ff\">Associate Prof. Dr. Serdar BURMAO\u011eLU<\/span><\/a>\u00a0\/ Chemistry<\/strong><\/span><\/p><p><span style=\"color: #0000ff\"><strong><a style=\"color: #0000ff\" href=\"https:\/\/avesis.atauni.edu.tr\/nazli.kadioglu\">Assitant Prof. Dr. \u00d6\u011fretim \u00dcyesi Nazl\u0131 KARACA<\/a>\u00a0\/ Mathematics<\/strong><\/span><\/p><p><span style=\"color: #0000ff\"><strong><a style=\"color: #0000ff\" href=\"https:\/\/atauni.edu.tr\/ismail-yildiz\">\u0130smail YILDIZ<\/a>\u00a0\/ Reporter<\/strong><\/span><\/p>\t\t\t\t\t\t\t\t<\/div>\n\t\t\t\t<\/div>\n\t\t\t\t\t<\/div>\n\t\t<\/div>\n\t\t\t\t\t<\/div>\n\t\t<\/section>\n\t\t\t\t<\/div>\n\t\t","protected":false},"excerpt":{"rendered":"<p>Members: Prof. Dr. Turgay \u015e\u0130\u015eMAN&nbsp;\/ Dean Prof. Dr. Ali G\u00dcROL&nbsp;\/ Physics Prof. Dr. Duygu EK\u0130NC\u0130&nbsp;\/ Chemistry Prof. Dr. L\u00fctf\u00fc DEM\u0130R&nbsp;\/ Physics Associate Prof. Dr. Bilal N\u0130\u015eANCI&nbsp;\/ Chemistry Associate Prof. Dr. Serdar BURMAO\u011eLU&nbsp;\/ Chemistry Assitant Prof. Dr. \u00d6\u011fretim \u00dcyesi Nazl\u0131 KARACA&nbsp;\/ Mathematics \u0130smail YILDIZ&nbsp;\/ Reporter<\/p>\n","protected":false},"author":213,"featured_media":0,"parent":0,"menu_order":0,"comment_status":"closed","ping_status":"closed","template":"","meta":{"footnotes":""},"class_list":["post-7672","page","type-page","status-publish","hentry"],"_links":{"self":[{"href":"https:\/\/atauni.edu.tr\/fen-fakultesi\/wp-json\/wp\/v2\/pages\/7672","targetHints":{"allow":["GET"]}}],"collection":[{"href":"https:\/\/atauni.edu.tr\/fen-fakultesi\/wp-json\/wp\/v2\/pages"}],"about":[{"href":"https:\/\/atauni.edu.tr\/fen-fakultesi\/wp-json\/wp\/v2\/types\/page"}],"author":[{"embeddable":true,"href":"https:\/\/atauni.edu.tr\/fen-fakultesi\/wp-json\/wp\/v2\/users\/213"}],"replies":[{"embeddable":true,"href":"https:\/\/atauni.edu.tr\/fen-fakultesi\/wp-json\/wp\/v2\/comments?post=7672"}],"version-history":[{"count":12,"href":"https:\/\/atauni.edu.tr\/fen-fakultesi\/wp-json\/wp\/v2\/pages\/7672\/revisions"}],"predecessor-version":[{"id":7824,"href":"https:\/\/atauni.edu.tr\/fen-fakultesi\/wp-json\/wp\/v2\/pages\/7672\/revisions\/7824"}],"wp:attachment":[{"href":"https:\/\/atauni.edu.tr\/fen-fakultesi\/wp-json\/wp\/v2\/media?parent=7672"}],"curies":[{"name":"wp","href":"https:\/\/api.w.org\/{rel}","templated":true}]}}