{"id":7673,"date":"2022-01-17T15:37:45","date_gmt":"2022-01-17T12:37:45","guid":{"rendered":"https:\/\/birimler.atauni.edu.tr\/fen-fakultesi\/?page_id=7673"},"modified":"2022-01-22T22:18:58","modified_gmt":"2022-01-22T19:18:58","slug":"previous-deans","status":"publish","type":"page","link":"https:\/\/atauni.edu.tr\/fen-fakultesi\/previous-deans\/","title":{"rendered":"Previous Deans"},"content":{"rendered":"\t\t<div data-elementor-type=\"wp-page\" data-elementor-id=\"7673\" class=\"elementor elementor-7673\" data-elementor-post-type=\"page\">\n\t\t\t\t\t\t<section class=\"elementor-section elementor-top-section elementor-element elementor-element-fe26352 elementor-section-boxed elementor-section-height-default elementor-section-height-default\" data-id=\"fe26352\" data-element_type=\"section\">\n\t\t\t\t\t\t<div class=\"elementor-container elementor-column-gap-default\">\n\t\t\t\t\t<div class=\"elementor-column elementor-col-100 elementor-top-column elementor-element elementor-element-870f2ac\" data-id=\"870f2ac\" data-element_type=\"column\">\n\t\t\t<div class=\"elementor-widget-wrap elementor-element-populated\">\n\t\t\t\t\t\t<section class=\"elementor-section elementor-inner-section elementor-element elementor-element-be3cecf elementor-section-boxed elementor-section-height-default elementor-section-height-default\" data-id=\"be3cecf\" data-element_type=\"section\">\n\t\t\t\t\t\t<div class=\"elementor-container elementor-column-gap-default\">\n\t\t\t\t\t<div class=\"elementor-column elementor-col-25 elementor-inner-column elementor-element elementor-element-115a00c\" data-id=\"115a00c\" data-element_type=\"column\">\n\t\t\t<div class=\"elementor-widget-wrap elementor-element-populated\">\n\t\t\t\t\t\t<div class=\"elementor-element elementor-element-e435a3a elementor-widget elementor-widget-text-editor\" data-id=\"e435a3a\" data-element_type=\"widget\" data-widget_type=\"text-editor.default\">\n\t\t\t\t<div class=\"elementor-widget-container\">\n\t\t\t\t\t\t\t\t\t<p><img decoding=\"async\" class=\"alignnone wp-image-7169 aligncenter\" src=\"http:\/\/birimler.atauni.edu.tr\/fen-fakultesi\/wp-content\/uploads\/sites\/60\/2020\/07\/Cavit-Kazaz.jpg\" alt=\"\" width=\"100\" height=\"133\" \/><\/p><p style=\"text-align: center\">Prof. Dr. Cavit KAZAZ<\/p><p style=\"text-align: center\">(2018-2021)<\/p>\t\t\t\t\t\t\t\t<\/div>\n\t\t\t\t<\/div>\n\t\t\t\t\t<\/div>\n\t\t<\/div>\n\t\t\t\t<div class=\"elementor-column elementor-col-25 elementor-inner-column elementor-element elementor-element-147638a\" data-id=\"147638a\" data-element_type=\"column\">\n\t\t\t<div class=\"elementor-widget-wrap elementor-element-populated\">\n\t\t\t\t\t\t<div class=\"elementor-element elementor-element-7a289dc elementor-widget elementor-widget-text-editor\" data-id=\"7a289dc\" data-element_type=\"widget\" data-widget_type=\"text-editor.default\">\n\t\t\t\t<div class=\"elementor-widget-container\">\n\t\t\t\t\t\t\t\t\t<p><img decoding=\"async\" class=\"wp-image-7166 aligncenter\" src=\"http:\/\/birimler.atauni.edu.tr\/fen-fakultesi\/wp-content\/uploads\/sites\/60\/2020\/07\/Yu\u0308ksel-O\u0308zdemir.jpg\" alt=\"\" width=\"110\" height=\"155\" \/><\/p><p style=\"text-align: center\">Prof. Dr. Y\u00fcksel \u00d6ZDEM\u0130R<\/p><p style=\"text-align: center\">(2017-2018)<\/p>\t\t\t\t\t\t\t\t<\/div>\n\t\t\t\t<\/div>\n\t\t\t\t\t<\/div>\n\t\t<\/div>\n\t\t\t\t<div class=\"elementor-column elementor-col-25 elementor-inner-column elementor-element elementor-element-25aa831\" data-id=\"25aa831\" data-element_type=\"column\">\n\t\t\t<div class=\"elementor-widget-wrap elementor-element-populated\">\n\t\t\t\t\t\t<div class=\"elementor-element elementor-element-c4e8a60 elementor-widget elementor-widget-text-editor\" data-id=\"c4e8a60\" data-element_type=\"widget\" data-widget_type=\"text-editor.default\">\n\t\t\t\t<div class=\"elementor-widget-container\">\n\t\t\t\t\t\t\t\t\t<p><img decoding=\"async\" class=\"wp-image-7167 size-full aligncenter\" src=\"http:\/\/birimler.atauni.edu.tr\/fen-fakultesi\/wp-content\/uploads\/sites\/60\/2020\/07\/Abdulhalik-Karabulut-1-e1642701306438.jpg\" alt=\"\" width=\"120\" height=\"150\" \/><\/p><p style=\"text-align: center\">Prof. Dr. Abdulhalik KARABULUT<\/p><p style=\"text-align: center\">(2016-2017)<\/p>\t\t\t\t\t\t\t\t<\/div>\n\t\t\t\t<\/div>\n\t\t\t\t\t<\/div>\n\t\t<\/div>\n\t\t\t\t<div class=\"elementor-column elementor-col-25 elementor-inner-column elementor-element elementor-element-89ee5ea\" data-id=\"89ee5ea\" data-element_type=\"column\">\n\t\t\t<div class=\"elementor-widget-wrap elementor-element-populated\">\n\t\t\t\t\t\t<div class=\"elementor-element elementor-element-9320a4c elementor-widget elementor-widget-text-editor\" data-id=\"9320a4c\" data-element_type=\"widget\" data-widget_type=\"text-editor.default\">\n\t\t\t\t<div class=\"elementor-widget-container\">\n\t\t\t\t\t\t\t\t\t<p><img loading=\"lazy\" decoding=\"async\" class=\"wp-image-7162 size-full aligncenter\" src=\"http:\/\/birimler.atauni.edu.tr\/fen-fakultesi\/wp-content\/uploads\/sites\/60\/2020\/07\/Yavuz-Onganer.jpg\" alt=\"\" width=\"144\" height=\"179\" \/><\/p><p style=\"text-align: center\">\u00a0Prof. Dr. Yavuz ONGANER<\/p><p style=\"text-align: center\">(2012-2014)<\/p>\t\t\t\t\t\t\t\t<\/div>\n\t\t\t\t<\/div>\n\t\t\t\t\t<\/div>\n\t\t<\/div>\n\t\t\t\t\t<\/div>\n\t\t<\/section>\n\t\t\t\t<section class=\"elementor-section elementor-inner-section elementor-element elementor-element-c9a3dc6 elementor-section-boxed elementor-section-height-default elementor-section-height-default\" data-id=\"c9a3dc6\" data-element_type=\"section\">\n\t\t\t\t\t\t<div class=\"elementor-container elementor-column-gap-default\">\n\t\t\t\t\t<div class=\"elementor-column elementor-col-25 elementor-inner-column elementor-element elementor-element-ae484fd\" data-id=\"ae484fd\" data-element_type=\"column\">\n\t\t\t<div class=\"elementor-widget-wrap elementor-element-populated\">\n\t\t\t\t\t\t<div class=\"elementor-element elementor-element-f2650f4 elementor-widget elementor-widget-text-editor\" data-id=\"f2650f4\" data-element_type=\"widget\" data-widget_type=\"text-editor.default\">\n\t\t\t\t<div class=\"elementor-widget-container\">\n\t\t\t\t\t\t\t\t\t<p><img loading=\"lazy\" decoding=\"async\" class=\"wp-image-7158 aligncenter\" src=\"http:\/\/birimler.atauni.edu.tr\/fen-fakultesi\/wp-content\/uploads\/sites\/60\/2020\/07\/I\u0307rfan-ku\u0308freviog\u0306lu.jpg\" alt=\"\" width=\"110\" height=\"142\" \/><\/p><p style=\"text-align: center\">Prof. Dr. \u00d6mer \u0130rfan K\u00dcFREV\u0130O\u011eLU<\/p><p style=\"text-align: center\">(2008-2012)<\/p>\t\t\t\t\t\t\t\t<\/div>\n\t\t\t\t<\/div>\n\t\t\t\t\t<\/div>\n\t\t<\/div>\n\t\t\t\t<div class=\"elementor-column elementor-col-25 elementor-inner-column elementor-element elementor-element-38ae5cb\" data-id=\"38ae5cb\" data-element_type=\"column\">\n\t\t\t<div class=\"elementor-widget-wrap elementor-element-populated\">\n\t\t\t\t\t\t<div class=\"elementor-element elementor-element-a24feac elementor-widget elementor-widget-text-editor\" data-id=\"a24feac\" data-element_type=\"widget\" data-widget_type=\"text-editor.default\">\n\t\t\t\t<div class=\"elementor-widget-container\">\n\t\t\t\t\t\t\t\t\t<p><img loading=\"lazy\" decoding=\"async\" class=\"wp-image-7118 aligncenter\" src=\"http:\/\/birimler.atauni.edu.tr\/fen-fakultesi\/wp-content\/uploads\/sites\/60\/2020\/07\/U\u0308mit-Demir.jpg\" alt=\"\" width=\"110\" height=\"148\" \/><\/p><p style=\"text-align: center\">Prof. Dr. \u00dcmit DEM\u0130R<\/p><p style=\"text-align: center\">(2003-2008)<\/p>\t\t\t\t\t\t\t\t<\/div>\n\t\t\t\t<\/div>\n\t\t\t\t\t<\/div>\n\t\t<\/div>\n\t\t\t\t<div class=\"elementor-column elementor-col-25 elementor-inner-column elementor-element elementor-element-65f5f08\" data-id=\"65f5f08\" data-element_type=\"column\">\n\t\t\t<div class=\"elementor-widget-wrap elementor-element-populated\">\n\t\t\t\t\t\t<div class=\"elementor-element elementor-element-ae420df elementor-widget elementor-widget-text-editor\" data-id=\"ae420df\" data-element_type=\"widget\" data-widget_type=\"text-editor.default\">\n\t\t\t\t<div class=\"elementor-widget-container\">\n\t\t\t\t\t\t\t\t\t<p><img loading=\"lazy\" decoding=\"async\" class=\"wp-image-7121 aligncenter\" src=\"http:\/\/birimler.atauni.edu.tr\/fen-fakultesi\/wp-content\/uploads\/sites\/60\/2020\/07\/Sebahattin-tu\u0308zemen.jpg\" alt=\"\" width=\"109\" height=\"137\" \/><\/p><p style=\"text-align: center\">Prof. Dr. Sebahattin T\u00dcZEMEN<\/p><p style=\"text-align: center\">(2000-2003)<\/p>\t\t\t\t\t\t\t\t<\/div>\n\t\t\t\t<\/div>\n\t\t\t\t\t<\/div>\n\t\t<\/div>\n\t\t\t\t<div class=\"elementor-column elementor-col-25 elementor-inner-column elementor-element elementor-element-30986e9\" data-id=\"30986e9\" data-element_type=\"column\">\n\t\t\t<div class=\"elementor-widget-wrap elementor-element-populated\">\n\t\t\t\t\t\t<div class=\"elementor-element elementor-element-4f47ce8 elementor-widget elementor-widget-text-editor\" data-id=\"4f47ce8\" data-element_type=\"widget\" data-widget_type=\"text-editor.default\">\n\t\t\t\t<div class=\"elementor-widget-container\">\n\t\t\t\t\t\t\t\t\t<p><img loading=\"lazy\" decoding=\"async\" class=\"wp-image-7114 aligncenter\" src=\"http:\/\/birimler.atauni.edu.tr\/fen-fakultesi\/wp-content\/uploads\/sites\/60\/2020\/07\/Yas\u0327ar-Su\u0308tbeyaz.jpg\" alt=\"\" width=\"94\" height=\"140\" \/><\/p><p style=\"text-align: center\">Prof. Dr. Ya\u015far S\u00dcTBEYAZ<\/p><p style=\"text-align: center\">(1997-2000)<\/p>\t\t\t\t\t\t\t\t<\/div>\n\t\t\t\t<\/div>\n\t\t\t\t\t<\/div>\n\t\t<\/div>\n\t\t\t\t\t<\/div>\n\t\t<\/section>\n\t\t\t\t<section class=\"elementor-section elementor-inner-section elementor-element elementor-element-0a85d45 elementor-section-boxed elementor-section-height-default elementor-section-height-default\" data-id=\"0a85d45\" data-element_type=\"section\">\n\t\t\t\t\t\t<div class=\"elementor-container elementor-column-gap-default\">\n\t\t\t\t\t<div class=\"elementor-column elementor-col-25 elementor-inner-column elementor-element elementor-element-583ad2c\" data-id=\"583ad2c\" data-element_type=\"column\">\n\t\t\t<div class=\"elementor-widget-wrap elementor-element-populated\">\n\t\t\t\t\t\t<div class=\"elementor-element elementor-element-a3b93ee elementor-widget elementor-widget-text-editor\" data-id=\"a3b93ee\" data-element_type=\"widget\" data-widget_type=\"text-editor.default\">\n\t\t\t\t<div class=\"elementor-widget-container\">\n\t\t\t\t\t\t\t\t\t<p><img loading=\"lazy\" decoding=\"async\" class=\"wp-image-7145 aligncenter\" src=\"http:\/\/birimler.atauni.edu.tr\/fen-fakultesi\/wp-content\/uploads\/sites\/60\/2020\/07\/Enver-Konukc\u0327u.jpg\" alt=\"\" width=\"120\" height=\"124\" \/><\/p><p style=\"text-align: center\">Prof. Dr. Enver KONUK\u00c7U<\/p><p style=\"text-align: center\">(1994-1997)<\/p>\t\t\t\t\t\t\t\t<\/div>\n\t\t\t\t<\/div>\n\t\t\t\t\t<\/div>\n\t\t<\/div>\n\t\t\t\t<div class=\"elementor-column elementor-col-25 elementor-inner-column elementor-element elementor-element-8e2debb\" data-id=\"8e2debb\" data-element_type=\"column\">\n\t\t\t<div class=\"elementor-widget-wrap elementor-element-populated\">\n\t\t\t\t\t\t<div class=\"elementor-element elementor-element-6c62a08 elementor-widget elementor-widget-text-editor\" data-id=\"6c62a08\" data-element_type=\"widget\" data-widget_type=\"text-editor.default\">\n\t\t\t\t<div class=\"elementor-widget-container\">\n\t\t\t\t\t\t\t\t\t<p><img loading=\"lazy\" decoding=\"async\" class=\"size-full wp-image-7113 aligncenter\" src=\"http:\/\/birimler.atauni.edu.tr\/fen-fakultesi\/wp-content\/uploads\/sites\/60\/2020\/07\/Ahmet-c\u0327akir.jpg\" alt=\"\" width=\"139\" height=\"189\" \/><\/p><p style=\"text-align: center\">Prof. Dr. Ahmet \u00c7AKIR<\/p><p style=\"text-align: center\">(1982-1994)<\/p>\t\t\t\t\t\t\t\t<\/div>\n\t\t\t\t<\/div>\n\t\t\t\t\t<\/div>\n\t\t<\/div>\n\t\t\t\t<div class=\"elementor-column elementor-col-25 elementor-inner-column elementor-element elementor-element-6c3d78e\" data-id=\"6c3d78e\" data-element_type=\"column\">\n\t\t\t<div class=\"elementor-widget-wrap elementor-element-populated\">\n\t\t\t\t\t\t<div class=\"elementor-element elementor-element-fd03ce7 elementor-widget elementor-widget-text-editor\" data-id=\"fd03ce7\" data-element_type=\"widget\" data-widget_type=\"text-editor.default\">\n\t\t\t\t<div class=\"elementor-widget-container\">\n\t\t\t\t\t\t\t\t\t<p><img loading=\"lazy\" decoding=\"async\" class=\"wp-image-7120 aligncenter\" src=\"http:\/\/birimler.atauni.edu.tr\/fen-fakultesi\/wp-content\/uploads\/sites\/60\/2020\/07\/Saffet-Baydar.jpg\" alt=\"\" width=\"110\" height=\"146\" \/><\/p><p style=\"text-align: center\">Prof. Dr. Saffet BAYDAR<\/p><p style=\"text-align: center\">(1981-1982)<\/p>\t\t\t\t\t\t\t\t<\/div>\n\t\t\t\t<\/div>\n\t\t\t\t\t<\/div>\n\t\t<\/div>\n\t\t\t\t<div class=\"elementor-column elementor-col-25 elementor-inner-column elementor-element elementor-element-3440db6\" data-id=\"3440db6\" data-element_type=\"column\">\n\t\t\t<div class=\"elementor-widget-wrap elementor-element-populated\">\n\t\t\t\t\t\t<div class=\"elementor-element elementor-element-6cdcec0 elementor-widget elementor-widget-text-editor\" data-id=\"6cdcec0\" data-element_type=\"widget\" data-widget_type=\"text-editor.default\">\n\t\t\t\t<div class=\"elementor-widget-container\">\n\t\t\t\t\t\t\t\t\t<p><img loading=\"lazy\" decoding=\"async\" class=\"size-full wp-image-7117 aligncenter\" src=\"http:\/\/birimler.atauni.edu.tr\/fen-fakultesi\/wp-content\/uploads\/sites\/60\/2020\/07\/Suavi-Yalvac\u0327.jpg\" alt=\"\" width=\"172\" height=\"163\" \/><\/p><p style=\"text-align: center\">Prof. Dr. Suavi YALVA\u00c7<\/p><p style=\"text-align: center\">(1976-1981)<\/p>\t\t\t\t\t\t\t\t<\/div>\n\t\t\t\t<\/div>\n\t\t\t\t\t<\/div>\n\t\t<\/div>\n\t\t\t\t\t<\/div>\n\t\t<\/section>\n\t\t\t\t<section class=\"elementor-section elementor-inner-section elementor-element elementor-element-9117ab2 elementor-section-boxed elementor-section-height-default elementor-section-height-default\" data-id=\"9117ab2\" data-element_type=\"section\">\n\t\t\t\t\t\t<div class=\"elementor-container elementor-column-gap-default\">\n\t\t\t\t\t<div class=\"elementor-column elementor-col-33 elementor-inner-column elementor-element elementor-element-a04aca8\" data-id=\"a04aca8\" data-element_type=\"column\">\n\t\t\t<div class=\"elementor-widget-wrap elementor-element-populated\">\n\t\t\t\t\t\t<div class=\"elementor-element elementor-element-d413d57 elementor-widget elementor-widget-text-editor\" data-id=\"d413d57\" data-element_type=\"widget\" data-widget_type=\"text-editor.default\">\n\t\t\t\t<div class=\"elementor-widget-container\">\n\t\t\t\t\t\t\t\t\t<p><img loading=\"lazy\" decoding=\"async\" class=\"size-full wp-image-7116 aligncenter\" src=\"http:\/\/birimler.atauni.edu.tr\/fen-fakultesi\/wp-content\/uploads\/sites\/60\/2020\/07\/Haluk-I\u0307pek.jpg\" alt=\"\" width=\"150\" height=\"217\" \/><\/p><p style=\"text-align: center\">Prof. Dr. Haluk \u0130PEK<\/p><p style=\"text-align: center\">(1975-1976)<\/p>\t\t\t\t\t\t\t\t<\/div>\n\t\t\t\t<\/div>\n\t\t\t\t\t<\/div>\n\t\t<\/div>\n\t\t\t\t<div class=\"elementor-column elementor-col-33 elementor-inner-column elementor-element elementor-element-cb10092\" data-id=\"cb10092\" data-element_type=\"column\">\n\t\t\t<div class=\"elementor-widget-wrap elementor-element-populated\">\n\t\t\t\t\t\t<div class=\"elementor-element elementor-element-f04b2dd elementor-widget elementor-widget-text-editor\" data-id=\"f04b2dd\" data-element_type=\"widget\" data-widget_type=\"text-editor.default\">\n\t\t\t\t<div class=\"elementor-widget-container\">\n\t\t\t\t\t\t\t\t\t<p><img loading=\"lazy\" decoding=\"async\" class=\"size-full wp-image-7117 aligncenter\" src=\"http:\/\/birimler.atauni.edu.tr\/fen-fakultesi\/wp-content\/uploads\/sites\/60\/2020\/07\/Suavi-Yalvac\u0327.jpg\" alt=\"\" width=\"172\" height=\"163\" \/><\/p><p style=\"text-align: center\">Prof. Dr. Suavi YALVA\u00c7<\/p><p style=\"text-align: center\">(1969-1970)<\/p>\t\t\t\t\t\t\t\t<\/div>\n\t\t\t\t<\/div>\n\t\t\t\t\t<\/div>\n\t\t<\/div>\n\t\t\t\t<div class=\"elementor-column elementor-col-33 elementor-inner-column elementor-element elementor-element-1256f7c\" data-id=\"1256f7c\" data-element_type=\"column\">\n\t\t\t<div class=\"elementor-widget-wrap elementor-element-populated\">\n\t\t\t\t\t\t<div class=\"elementor-element elementor-element-001f459 elementor-widget elementor-widget-text-editor\" data-id=\"001f459\" data-element_type=\"widget\" data-widget_type=\"text-editor.default\">\n\t\t\t\t<div class=\"elementor-widget-container\">\n\t\t\t\t\t\t\t\t\t<p><img loading=\"lazy\" decoding=\"async\" class=\"size-full wp-image-7119 aligncenter\" src=\"http:\/\/birimler.atauni.edu.tr\/fen-fakultesi\/wp-content\/uploads\/sites\/60\/2020\/07\/Gu\u0308ndu\u0308z-Akinci.jpg\" alt=\"\" width=\"117\" height=\"129\" \/>\u00a0<\/p><p style=\"text-align: center\">Prof. Dr. G\u00fcnd\u00fcz Ak\u0131nc\u0131<\/p><p style=\"text-align: center\">(1963-1964)<\/p>\t\t\t\t\t\t\t\t<\/div>\n\t\t\t\t<\/div>\n\t\t\t\t\t<\/div>\n\t\t<\/div>\n\t\t\t\t\t<\/div>\n\t\t<\/section>\n\t\t\t\t<section class=\"elementor-section elementor-inner-section elementor-element elementor-element-f902734 elementor-section-boxed elementor-section-height-default elementor-section-height-default\" data-id=\"f902734\" data-element_type=\"section\">\n\t\t\t\t\t\t<div class=\"elementor-container elementor-column-gap-default\">\n\t\t\t\t\t<div class=\"elementor-column elementor-col-100 elementor-inner-column elementor-element elementor-element-8b59335\" data-id=\"8b59335\" data-element_type=\"column\">\n\t\t\t<div class=\"elementor-widget-wrap\">\n\t\t\t\t\t\t\t<\/div>\n\t\t<\/div>\n\t\t\t\t\t<\/div>\n\t\t<\/section>\n\t\t\t\t\t<\/div>\n\t\t<\/div>\n\t\t\t\t\t<\/div>\n\t\t<\/section>\n\t\t\t\t<\/div>\n\t\t","protected":false},"excerpt":{"rendered":"<p>Prof. Dr. Cavit KAZAZ (2018-2021) Prof. Dr. Y\u00fcksel \u00d6ZDEM\u0130R (2017-2018) Prof. Dr. Abdulhalik KARABULUT (2016-2017) \u00a0Prof. Dr. Yavuz ONGANER (2012-2014) Prof. Dr. \u00d6mer \u0130rfan K\u00dcFREV\u0130O\u011eLU (2008-2012) Prof. Dr. \u00dcmit DEM\u0130R (2003-2008) Prof. Dr. Sebahattin T\u00dcZEMEN (2000-2003) Prof. Dr. Ya\u015far S\u00dcTBEYAZ (1997-2000) Prof. Dr. Enver KONUK\u00c7U (1994-1997) Prof. Dr. Ahmet \u00c7AKIR (1982-1994) Prof. Dr. Saffet BAYDAR [&hellip;]<\/p>\n","protected":false},"author":213,"featured_media":0,"parent":0,"menu_order":0,"comment_status":"closed","ping_status":"closed","template":"","meta":{"footnotes":""},"class_list":["post-7673","page","type-page","status-publish","hentry"],"_links":{"self":[{"href":"https:\/\/atauni.edu.tr\/fen-fakultesi\/wp-json\/wp\/v2\/pages\/7673","targetHints":{"allow":["GET"]}}],"collection":[{"href":"https:\/\/atauni.edu.tr\/fen-fakultesi\/wp-json\/wp\/v2\/pages"}],"about":[{"href":"https:\/\/atauni.edu.tr\/fen-fakultesi\/wp-json\/wp\/v2\/types\/page"}],"author":[{"embeddable":true,"href":"https:\/\/atauni.edu.tr\/fen-fakultesi\/wp-json\/wp\/v2\/users\/213"}],"replies":[{"embeddable":true,"href":"https:\/\/atauni.edu.tr\/fen-fakultesi\/wp-json\/wp\/v2\/comments?post=7673"}],"version-history":[{"count":82,"href":"https:\/\/atauni.edu.tr\/fen-fakultesi\/wp-json\/wp\/v2\/pages\/7673\/revisions"}],"predecessor-version":[{"id":8262,"href":"https:\/\/atauni.edu.tr\/fen-fakultesi\/wp-json\/wp\/v2\/pages\/7673\/revisions\/8262"}],"wp:attachment":[{"href":"https:\/\/atauni.edu.tr\/fen-fakultesi\/wp-json\/wp\/v2\/media?parent=7673"}],"curies":[{"name":"wp","href":"https:\/\/api.w.org\/{rel}","templated":true}]}}