{"id":7708,"date":"2022-01-17T15:42:42","date_gmt":"2022-01-17T12:42:42","guid":{"rendered":"https:\/\/birimler.atauni.edu.tr\/fen-fakultesi\/?page_id=7708"},"modified":"2022-01-20T22:00:11","modified_gmt":"2022-01-20T19:00:11","slug":"senate-member","status":"publish","type":"page","link":"https:\/\/atauni.edu.tr\/fen-fakultesi\/senate-member\/","title":{"rendered":"Senate Member"},"content":{"rendered":"\t\t<div data-elementor-type=\"wp-page\" data-elementor-id=\"7708\" class=\"elementor elementor-7708\" data-elementor-post-type=\"page\">\n\t\t\t\t\t\t<section class=\"elementor-section elementor-top-section elementor-element elementor-element-8a9712f elementor-section-boxed elementor-section-height-default elementor-section-height-default\" data-id=\"8a9712f\" data-element_type=\"section\">\n\t\t\t\t\t\t<div class=\"elementor-container elementor-column-gap-default\">\n\t\t\t\t\t<div class=\"elementor-column elementor-col-100 elementor-top-column elementor-element elementor-element-0509d83\" data-id=\"0509d83\" data-element_type=\"column\">\n\t\t\t<div class=\"elementor-widget-wrap elementor-element-populated\">\n\t\t\t\t\t\t<div class=\"elementor-element elementor-element-b21e3fc elementor-widget elementor-widget-image\" data-id=\"b21e3fc\" data-element_type=\"widget\" data-widget_type=\"image.default\">\n\t\t\t\t<div class=\"elementor-widget-container\">\n\t\t\t\t\t\t\t\t\t\t\t\t\t\t\t<img decoding=\"async\" width=\"162\" height=\"206\" src=\"https:\/\/atauni.edu.tr\/fen-fakultesi\/wp-content\/uploads\/sites\/60\/2020\/07\/resim_2022-01-20_215731-e1642705122467.png\" class=\"attachment-large size-large wp-image-8039\" alt=\"\" \/>\t\t\t\t\t\t\t\t\t\t\t\t\t\t\t<\/div>\n\t\t\t\t<\/div>\n\t\t\t\t<div class=\"elementor-element elementor-element-db0d12a elementor-widget elementor-widget-text-editor\" data-id=\"db0d12a\" data-element_type=\"widget\" data-widget_type=\"text-editor.default\">\n\t\t\t\t<div class=\"elementor-widget-container\">\n\t\t\t\t\t\t\t\t\t<p><span style=\"color: #0000ff\"><a style=\"color: #0000ff\" href=\"https:\/\/avesis.atauni.edu.tr\/salih\">Prof. Dr. Salih Zeki ERZENEO\u011eLU<\/a> \/ Fizik B\u00f6l\u00fcm\u00fc<\/span><\/p>\t\t\t\t\t\t\t\t<\/div>\n\t\t\t\t<\/div>\n\t\t\t\t\t<\/div>\n\t\t<\/div>\n\t\t\t\t\t<\/div>\n\t\t<\/section>\n\t\t\t\t<section class=\"elementor-section elementor-top-section elementor-element elementor-element-683b396 elementor-section-boxed elementor-section-height-default elementor-section-height-default\" data-id=\"683b396\" data-element_type=\"section\">\n\t\t\t\t\t\t<div class=\"elementor-container elementor-column-gap-default\">\n\t\t\t\t\t<div class=\"elementor-column elementor-col-100 elementor-top-column elementor-element elementor-element-3a54871\" data-id=\"3a54871\" data-element_type=\"column\">\n\t\t\t<div class=\"elementor-widget-wrap\">\n\t\t\t\t\t\t\t<\/div>\n\t\t<\/div>\n\t\t\t\t\t<\/div>\n\t\t<\/section>\n\t\t\t\t<\/div>\n\t\t","protected":false},"excerpt":{"rendered":"<p>Prof. Dr. Salih Zeki ERZENEO\u011eLU \/ Fizik B\u00f6l\u00fcm\u00fc<\/p>\n","protected":false},"author":213,"featured_media":0,"parent":0,"menu_order":0,"comment_status":"closed","ping_status":"closed","template":"","meta":{"footnotes":""},"class_list":["post-7708","page","type-page","status-publish","hentry"],"_links":{"self":[{"href":"https:\/\/atauni.edu.tr\/fen-fakultesi\/wp-json\/wp\/v2\/pages\/7708","targetHints":{"allow":["GET"]}}],"collection":[{"href":"https:\/\/atauni.edu.tr\/fen-fakultesi\/wp-json\/wp\/v2\/pages"}],"about":[{"href":"https:\/\/atauni.edu.tr\/fen-fakultesi\/wp-json\/wp\/v2\/types\/page"}],"author":[{"embeddable":true,"href":"https:\/\/atauni.edu.tr\/fen-fakultesi\/wp-json\/wp\/v2\/users\/213"}],"replies":[{"embeddable":true,"href":"https:\/\/atauni.edu.tr\/fen-fakultesi\/wp-json\/wp\/v2\/comments?post=7708"}],"version-history":[{"count":10,"href":"https:\/\/atauni.edu.tr\/fen-fakultesi\/wp-json\/wp\/v2\/pages\/7708\/revisions"}],"predecessor-version":[{"id":8045,"href":"https:\/\/atauni.edu.tr\/fen-fakultesi\/wp-json\/wp\/v2\/pages\/7708\/revisions\/8045"}],"wp:attachment":[{"href":"https:\/\/atauni.edu.tr\/fen-fakultesi\/wp-json\/wp\/v2\/media?parent=7708"}],"curies":[{"name":"wp","href":"https:\/\/api.w.org\/{rel}","templated":true}]}}