{"id":9499,"date":"2025-07-29T14:43:26","date_gmt":"2025-07-29T11:43:26","guid":{"rendered":"https:\/\/birimler.atauni.edu.tr\/fen-fakultesi\/?page_id=9499"},"modified":"2025-07-29T14:43:33","modified_gmt":"2025-07-29T11:43:33","slug":"etkinlikler","status":"publish","type":"page","link":"https:\/\/atauni.edu.tr\/fen-fakultesi\/etkinlikler\/","title":{"rendered":"Etkinlikler"},"content":{"rendered":"<form method=\"get\" class=\"row g-3\" style=\"margin-bottom: 20px;\"><div class=\"col-md-3\"><input type=\"text\" name=\"etkinlik_ara\" class=\"form-control\" placeholder=\"Etkinlik ara...\" value=\"\"><\/div><div class=\"col-md-3\"><input type=\"date\" name=\"baslangic_tarihi\" class=\"form-control\" value=\"\"><\/div><div class=\"col-md-3\"><input type=\"date\" name=\"bitis_tarihi\" class=\"form-control\" value=\"\"><\/div><div class=\"col-md-3\"><button type=\"submit\" class=\"btn btn-secondary w-50\">Filtrele<\/button><\/div><\/form><div class=\"etkinlikler-grid-container\" style=\"display: grid; grid-template-columns: repeat(3, 1fr); gap: 20px;\"><div class=\"etkinlik-grid-item\"><div class=\"etkinlik-thumbnail\"><img fetchpriority=\"high\" decoding=\"async\" width=\"214\" height=\"300\" src=\"https:\/\/atauni.edu.tr\/fen-fakultesi\/wp-content\/uploads\/sites\/60\/2026\/04\/S\u0327I\u0307DDETE-KARS\u0327I-BI\u0307R-ADIM-O\u0308NDE-OLALIM-S\u0327I\u0307DDETI\u0307-GO\u0308R-TANI-VE-BI\u0307LDI\u0307R-01.jpg-214x300.jpeg\" class=\"img-fluid wp-post-image\" alt=\"\" srcset=\"https:\/\/atauni.edu.tr\/fen-fakultesi\/wp-content\/uploads\/sites\/60\/2026\/04\/S\u0327I\u0307DDETE-KARS\u0327I-BI\u0307R-ADIM-O\u0308NDE-OLALIM-S\u0327I\u0307DDETI\u0307-GO\u0308R-TANI-VE-BI\u0307LDI\u0307R-01.jpg-214x300.jpeg 214w, https:\/\/atauni.edu.tr\/fen-fakultesi\/wp-content\/uploads\/sites\/60\/2026\/04\/S\u0327I\u0307DDETE-KARS\u0327I-BI\u0307R-ADIM-O\u0308NDE-OLALIM-S\u0327I\u0307DDETI\u0307-GO\u0308R-TANI-VE-BI\u0307LDI\u0307R-01.jpg-731x1024.jpeg 731w, https:\/\/atauni.edu.tr\/fen-fakultesi\/wp-content\/uploads\/sites\/60\/2026\/04\/S\u0327I\u0307DDETE-KARS\u0327I-BI\u0307R-ADIM-O\u0308NDE-OLALIM-S\u0327I\u0307DDETI\u0307-GO\u0308R-TANI-VE-BI\u0307LDI\u0307R-01.jpg-768x1075.jpeg 768w, https:\/\/atauni.edu.tr\/fen-fakultesi\/wp-content\/uploads\/sites\/60\/2026\/04\/S\u0327I\u0307DDETE-KARS\u0327I-BI\u0307R-ADIM-O\u0308NDE-OLALIM-S\u0327I\u0307DDETI\u0307-GO\u0308R-TANI-VE-BI\u0307LDI\u0307R-01.jpg-1097x1536.jpeg 1097w, https:\/\/atauni.edu.tr\/fen-fakultesi\/wp-content\/uploads\/sites\/60\/2026\/04\/S\u0327I\u0307DDETE-KARS\u0327I-BI\u0307R-ADIM-O\u0308NDE-OLALIM-S\u0327I\u0307DDETI\u0307-GO\u0308R-TANI-VE-BI\u0307LDI\u0307R-01.jpg-1463x2048.jpeg 1463w, https:\/\/atauni.edu.tr\/fen-fakultesi\/wp-content\/uploads\/sites\/60\/2026\/04\/S\u0327I\u0307DDETE-KARS\u0327I-BI\u0307R-ADIM-O\u0308NDE-OLALIM-S\u0327I\u0307DDETI\u0307-GO\u0308R-TANI-VE-BI\u0307LDI\u0307R-01.jpg-429x600.jpeg 429w, https:\/\/atauni.edu.tr\/fen-fakultesi\/wp-content\/uploads\/sites\/60\/2026\/04\/S\u0327I\u0307DDETE-KARS\u0327I-BI\u0307R-ADIM-O\u0308NDE-OLALIM-S\u0327I\u0307DDETI\u0307-GO\u0308R-TANI-VE-BI\u0307LDI\u0307R-01.jpg-400x560.jpeg 400w, https:\/\/atauni.edu.tr\/fen-fakultesi\/wp-content\/uploads\/sites\/60\/2026\/04\/S\u0327I\u0307DDETE-KARS\u0327I-BI\u0307R-ADIM-O\u0308NDE-OLALIM-S\u0327I\u0307DDETI\u0307-GO\u0308R-TANI-VE-BI\u0307LDI\u0307R-01.jpg-scaled.jpeg 1829w\" sizes=\"(max-width: 214px) 100vw, 214px\" \/><\/div><div class=\"etkinlik-datee\"><span class=\"day\">20<\/span><span class=\"month\">Nisan<\/span><span class=\"year\">2026<\/span><\/div><a href=\"https:\/\/atauni.edu.tr\/fen-fakultesi\/2026\/04\/20\/siddete-karsi-bir-adim-onde-olalim\/\" class=\"etkinlik-titlee\">\u015eiddete Kar\u015f\u0131 Bir Ad\u0131m \u00d6nde Olal\u0131m<\/a><\/div><div class=\"etkinlik-grid-item\"><div class=\"etkinlik-thumbnail\"><img decoding=\"async\" width=\"210\" height=\"300\" src=\"https:\/\/atauni.edu.tr\/fen-fakultesi\/wp-content\/uploads\/sites\/60\/2026\/04\/20nisanBasket-210x300.jpeg\" class=\"img-fluid wp-post-image\" alt=\"\" srcset=\"https:\/\/atauni.edu.tr\/fen-fakultesi\/wp-content\/uploads\/sites\/60\/2026\/04\/20nisanBasket-210x300.jpeg 210w, https:\/\/atauni.edu.tr\/fen-fakultesi\/wp-content\/uploads\/sites\/60\/2026\/04\/20nisanBasket-718x1024.jpeg 718w, https:\/\/atauni.edu.tr\/fen-fakultesi\/wp-content\/uploads\/sites\/60\/2026\/04\/20nisanBasket-768x1095.jpeg 768w, https:\/\/atauni.edu.tr\/fen-fakultesi\/wp-content\/uploads\/sites\/60\/2026\/04\/20nisanBasket-1077x1536.jpeg 1077w, https:\/\/atauni.edu.tr\/fen-fakultesi\/wp-content\/uploads\/sites\/60\/2026\/04\/20nisanBasket-421x600.jpeg 421w, https:\/\/atauni.edu.tr\/fen-fakultesi\/wp-content\/uploads\/sites\/60\/2026\/04\/20nisanBasket-393x560.jpeg 393w, https:\/\/atauni.edu.tr\/fen-fakultesi\/wp-content\/uploads\/sites\/60\/2026\/04\/20nisanBasket.jpeg 1122w\" sizes=\"(max-width: 210px) 100vw, 210px\" \/><\/div><div class=\"etkinlik-datee\"><span class=\"day\">15<\/span><span class=\"month\">Nisan<\/span><span class=\"year\">2026<\/span><\/div><a href=\"https:\/\/atauni.edu.tr\/fen-fakultesi\/2026\/04\/15\/fakulteler-arasi-basketbol-maci\/\" class=\"etkinlik-titlee\">Fak\u00fclteler Aras\u0131 Basketbol Ma\u00e7\u0131<\/a><\/div><div class=\"etkinlik-grid-item\"><div class=\"etkinlik-thumbnail\"><img decoding=\"async\" width=\"194\" height=\"300\" src=\"https:\/\/atauni.edu.tr\/fen-fakultesi\/wp-content\/uploads\/sites\/60\/2026\/04\/Bilgiyle-Yaris-194x300.png\" class=\"img-fluid wp-post-image\" alt=\"\" srcset=\"https:\/\/atauni.edu.tr\/fen-fakultesi\/wp-content\/uploads\/sites\/60\/2026\/04\/Bilgiyle-Yaris-194x300.png 194w, https:\/\/atauni.edu.tr\/fen-fakultesi\/wp-content\/uploads\/sites\/60\/2026\/04\/Bilgiyle-Yaris-663x1024.png 663w, https:\/\/atauni.edu.tr\/fen-fakultesi\/wp-content\/uploads\/sites\/60\/2026\/04\/Bilgiyle-Yaris-768x1185.png 768w, https:\/\/atauni.edu.tr\/fen-fakultesi\/wp-content\/uploads\/sites\/60\/2026\/04\/Bilgiyle-Yaris-389x600.png 389w, https:\/\/atauni.edu.tr\/fen-fakultesi\/wp-content\/uploads\/sites\/60\/2026\/04\/Bilgiyle-Yaris-363x560.png 363w, https:\/\/atauni.edu.tr\/fen-fakultesi\/wp-content\/uploads\/sites\/60\/2026\/04\/Bilgiyle-Yaris.png 977w\" sizes=\"(max-width: 194px) 100vw, 194px\" \/><\/div><div class=\"etkinlik-datee\"><span class=\"day\">06<\/span><span class=\"month\">Nisan<\/span><span class=\"year\">2026<\/span><\/div><a href=\"https:\/\/atauni.edu.tr\/fen-fakultesi\/2026\/04\/06\/bilgiyle-yarisma\/\" class=\"etkinlik-titlee\">Bilgiyle Yar\u0131\u015f<\/a><\/div><div class=\"etkinlik-grid-item\"><div class=\"etkinlik-thumbnail\"><img loading=\"lazy\" decoding=\"async\" width=\"212\" height=\"300\" src=\"https:\/\/atauni.edu.tr\/fen-fakultesi\/wp-content\/uploads\/sites\/60\/2026\/04\/Nil-Aydin-1-212x300.png\" class=\"img-fluid wp-post-image\" alt=\"\" srcset=\"https:\/\/atauni.edu.tr\/fen-fakultesi\/wp-content\/uploads\/sites\/60\/2026\/04\/Nil-Aydin-1-212x300.png 212w, https:\/\/atauni.edu.tr\/fen-fakultesi\/wp-content\/uploads\/sites\/60\/2026\/04\/Nil-Aydin-1-724x1024.png 724w, https:\/\/atauni.edu.tr\/fen-fakultesi\/wp-content\/uploads\/sites\/60\/2026\/04\/Nil-Aydin-1-768x1086.png 768w, https:\/\/atauni.edu.tr\/fen-fakultesi\/wp-content\/uploads\/sites\/60\/2026\/04\/Nil-Aydin-1-1086x1536.png 1086w, https:\/\/atauni.edu.tr\/fen-fakultesi\/wp-content\/uploads\/sites\/60\/2026\/04\/Nil-Aydin-1-1448x2048.png 1448w, https:\/\/atauni.edu.tr\/fen-fakultesi\/wp-content\/uploads\/sites\/60\/2026\/04\/Nil-Aydin-1-424x600.png 424w, https:\/\/atauni.edu.tr\/fen-fakultesi\/wp-content\/uploads\/sites\/60\/2026\/04\/Nil-Aydin-1-396x560.png 396w, https:\/\/atauni.edu.tr\/fen-fakultesi\/wp-content\/uploads\/sites\/60\/2026\/04\/Nil-Aydin-1.png 1587w\" sizes=\"(max-width: 212px) 100vw, 212px\" \/><\/div><div class=\"etkinlik-datee\"><span class=\"day\">02<\/span><span class=\"month\">Nisan<\/span><span class=\"year\">2026<\/span><\/div><a href=\"https:\/\/atauni.edu.tr\/fen-fakultesi\/2026\/04\/02\/seminer-18\/\" class=\"etkinlik-titlee\">Seminer<\/a><\/div><div class=\"etkinlik-grid-item\"><div class=\"etkinlik-thumbnail\"><img loading=\"lazy\" decoding=\"async\" width=\"212\" height=\"300\" src=\"https:\/\/atauni.edu.tr\/fen-fakultesi\/wp-content\/uploads\/sites\/60\/2026\/03\/Odak-3_1-212x300.png\" class=\"img-fluid wp-post-image\" alt=\"\" srcset=\"https:\/\/atauni.edu.tr\/fen-fakultesi\/wp-content\/uploads\/sites\/60\/2026\/03\/Odak-3_1-212x300.png 212w, https:\/\/atauni.edu.tr\/fen-fakultesi\/wp-content\/uploads\/sites\/60\/2026\/03\/Odak-3_1-724x1024.png 724w, https:\/\/atauni.edu.tr\/fen-fakultesi\/wp-content\/uploads\/sites\/60\/2026\/03\/Odak-3_1-768x1086.png 768w, https:\/\/atauni.edu.tr\/fen-fakultesi\/wp-content\/uploads\/sites\/60\/2026\/03\/Odak-3_1-1086x1536.png 1086w, https:\/\/atauni.edu.tr\/fen-fakultesi\/wp-content\/uploads\/sites\/60\/2026\/03\/Odak-3_1-1448x2048.png 1448w, https:\/\/atauni.edu.tr\/fen-fakultesi\/wp-content\/uploads\/sites\/60\/2026\/03\/Odak-3_1-424x600.png 424w, https:\/\/atauni.edu.tr\/fen-fakultesi\/wp-content\/uploads\/sites\/60\/2026\/03\/Odak-3_1-396x560.png 396w, https:\/\/atauni.edu.tr\/fen-fakultesi\/wp-content\/uploads\/sites\/60\/2026\/03\/Odak-3_1-scaled.png 1810w\" sizes=\"(max-width: 212px) 100vw, 212px\" \/><\/div><div class=\"etkinlik-datee\"><span class=\"day\">30<\/span><span class=\"month\">Mart<\/span><span class=\"year\">2026<\/span><\/div><a href=\"https:\/\/atauni.edu.tr\/fen-fakultesi\/2026\/03\/30\/seminer-17\/\" class=\"etkinlik-titlee\">Seminer<\/a><\/div><div class=\"etkinlik-grid-item\"><div class=\"etkinlik-thumbnail\"><img loading=\"lazy\" decoding=\"async\" width=\"212\" height=\"300\" src=\"https:\/\/atauni.edu.tr\/fen-fakultesi\/wp-content\/uploads\/sites\/60\/2026\/02\/Odak-2-212x300.png\" class=\"img-fluid wp-post-image\" alt=\"\" srcset=\"https:\/\/atauni.edu.tr\/fen-fakultesi\/wp-content\/uploads\/sites\/60\/2026\/02\/Odak-2-212x300.png 212w, https:\/\/atauni.edu.tr\/fen-fakultesi\/wp-content\/uploads\/sites\/60\/2026\/02\/Odak-2-724x1024.png 724w, https:\/\/atauni.edu.tr\/fen-fakultesi\/wp-content\/uploads\/sites\/60\/2026\/02\/Odak-2-768x1086.png 768w, https:\/\/atauni.edu.tr\/fen-fakultesi\/wp-content\/uploads\/sites\/60\/2026\/02\/Odak-2-1086x1536.png 1086w, https:\/\/atauni.edu.tr\/fen-fakultesi\/wp-content\/uploads\/sites\/60\/2026\/02\/Odak-2-1448x2048.png 1448w, https:\/\/atauni.edu.tr\/fen-fakultesi\/wp-content\/uploads\/sites\/60\/2026\/02\/Odak-2-424x600.png 424w, https:\/\/atauni.edu.tr\/fen-fakultesi\/wp-content\/uploads\/sites\/60\/2026\/02\/Odak-2-396x560.png 396w, https:\/\/atauni.edu.tr\/fen-fakultesi\/wp-content\/uploads\/sites\/60\/2026\/02\/Odak-2-scaled.png 1810w\" sizes=\"(max-width: 212px) 100vw, 212px\" \/><\/div><div class=\"etkinlik-datee\"><span class=\"day\">20<\/span><span class=\"month\">\u015eubat<\/span><span class=\"year\">2026<\/span><\/div><a href=\"https:\/\/atauni.edu.tr\/fen-fakultesi\/2026\/02\/20\/seminer-16\/\" class=\"etkinlik-titlee\">SEM\u0130NER<\/a><\/div><div class=\"etkinlik-grid-item\"><div class=\"etkinlik-thumbnail\"><img loading=\"lazy\" decoding=\"async\" width=\"215\" height=\"300\" src=\"https:\/\/atauni.edu.tr\/fen-fakultesi\/wp-content\/uploads\/sites\/60\/2026\/02\/Prof.-Dr.-Bilge-Demirkoz-Afis-5-215x300.png\" class=\"img-fluid wp-post-image\" alt=\"\" srcset=\"https:\/\/atauni.edu.tr\/fen-fakultesi\/wp-content\/uploads\/sites\/60\/2026\/02\/Prof.-Dr.-Bilge-Demirkoz-Afis-5-215x300.png 215w, https:\/\/atauni.edu.tr\/fen-fakultesi\/wp-content\/uploads\/sites\/60\/2026\/02\/Prof.-Dr.-Bilge-Demirkoz-Afis-5-732x1024.png 732w, https:\/\/atauni.edu.tr\/fen-fakultesi\/wp-content\/uploads\/sites\/60\/2026\/02\/Prof.-Dr.-Bilge-Demirkoz-Afis-5-768x1074.png 768w, https:\/\/atauni.edu.tr\/fen-fakultesi\/wp-content\/uploads\/sites\/60\/2026\/02\/Prof.-Dr.-Bilge-Demirkoz-Afis-5-1098x1536.png 1098w, https:\/\/atauni.edu.tr\/fen-fakultesi\/wp-content\/uploads\/sites\/60\/2026\/02\/Prof.-Dr.-Bilge-Demirkoz-Afis-5-1465x2048.png 1465w, https:\/\/atauni.edu.tr\/fen-fakultesi\/wp-content\/uploads\/sites\/60\/2026\/02\/Prof.-Dr.-Bilge-Demirkoz-Afis-5-429x600.png 429w, https:\/\/atauni.edu.tr\/fen-fakultesi\/wp-content\/uploads\/sites\/60\/2026\/02\/Prof.-Dr.-Bilge-Demirkoz-Afis-5-400x560.png 400w, https:\/\/atauni.edu.tr\/fen-fakultesi\/wp-content\/uploads\/sites\/60\/2026\/02\/Prof.-Dr.-Bilge-Demirkoz-Afis-5-scaled.png 1831w\" sizes=\"(max-width: 215px) 100vw, 215px\" \/><\/div><div class=\"etkinlik-datee\"><span class=\"day\">16<\/span><span class=\"month\">\u015eubat<\/span><span class=\"year\">2026<\/span><\/div><a href=\"https:\/\/atauni.edu.tr\/fen-fakultesi\/2026\/02\/16\/seminer-15\/\" class=\"etkinlik-titlee\">SEM\u0130NER<\/a><\/div><div class=\"etkinlik-grid-item\"><div class=\"etkinlik-thumbnail\"><img loading=\"lazy\" decoding=\"async\" width=\"212\" height=\"300\" src=\"https:\/\/atauni.edu.tr\/fen-fakultesi\/wp-content\/uploads\/sites\/60\/2026\/02\/1-212x300.png\" class=\"img-fluid wp-post-image\" alt=\"\" srcset=\"https:\/\/atauni.edu.tr\/fen-fakultesi\/wp-content\/uploads\/sites\/60\/2026\/02\/1-212x300.png 212w, https:\/\/atauni.edu.tr\/fen-fakultesi\/wp-content\/uploads\/sites\/60\/2026\/02\/1-724x1024.png 724w, https:\/\/atauni.edu.tr\/fen-fakultesi\/wp-content\/uploads\/sites\/60\/2026\/02\/1-768x1086.png 768w, https:\/\/atauni.edu.tr\/fen-fakultesi\/wp-content\/uploads\/sites\/60\/2026\/02\/1-1086x1536.png 1086w, https:\/\/atauni.edu.tr\/fen-fakultesi\/wp-content\/uploads\/sites\/60\/2026\/02\/1-1448x2048.png 1448w, https:\/\/atauni.edu.tr\/fen-fakultesi\/wp-content\/uploads\/sites\/60\/2026\/02\/1-424x600.png 424w, https:\/\/atauni.edu.tr\/fen-fakultesi\/wp-content\/uploads\/sites\/60\/2026\/02\/1-396x560.png 396w, https:\/\/atauni.edu.tr\/fen-fakultesi\/wp-content\/uploads\/sites\/60\/2026\/02\/1-scaled.png 1810w\" sizes=\"(max-width: 212px) 100vw, 212px\" \/><\/div><div class=\"etkinlik-datee\"><span class=\"day\">06<\/span><span class=\"month\">\u015eubat<\/span><span class=\"year\">2026<\/span><\/div><a href=\"https:\/\/atauni.edu.tr\/fen-fakultesi\/2026\/02\/06\/seminer-14\/\" class=\"etkinlik-titlee\">SEM\u0130NER<\/a><\/div><div class=\"etkinlik-grid-item\"><div class=\"etkinlik-thumbnail\"><img loading=\"lazy\" decoding=\"async\" width=\"212\" height=\"300\" src=\"https:\/\/atauni.edu.tr\/fen-fakultesi\/wp-content\/uploads\/sites\/60\/2026\/01\/2-Subat-Seminer-212x300.jpeg\" class=\"img-fluid wp-post-image\" alt=\"\" srcset=\"https:\/\/atauni.edu.tr\/fen-fakultesi\/wp-content\/uploads\/sites\/60\/2026\/01\/2-Subat-Seminer-212x300.jpeg 212w, https:\/\/atauni.edu.tr\/fen-fakultesi\/wp-content\/uploads\/sites\/60\/2026\/01\/2-Subat-Seminer-724x1024.jpeg 724w, https:\/\/atauni.edu.tr\/fen-fakultesi\/wp-content\/uploads\/sites\/60\/2026\/01\/2-Subat-Seminer-768x1086.jpeg 768w, https:\/\/atauni.edu.tr\/fen-fakultesi\/wp-content\/uploads\/sites\/60\/2026\/01\/2-Subat-Seminer-1086x1536.jpeg 1086w, https:\/\/atauni.edu.tr\/fen-fakultesi\/wp-content\/uploads\/sites\/60\/2026\/01\/2-Subat-Seminer-424x600.jpeg 424w, https:\/\/atauni.edu.tr\/fen-fakultesi\/wp-content\/uploads\/sites\/60\/2026\/01\/2-Subat-Seminer-396x560.jpeg 396w, https:\/\/atauni.edu.tr\/fen-fakultesi\/wp-content\/uploads\/sites\/60\/2026\/01\/2-Subat-Seminer.jpeg 1131w\" sizes=\"(max-width: 212px) 100vw, 212px\" \/><\/div><div class=\"etkinlik-datee\"><span class=\"day\">29<\/span><span class=\"month\">Ocak<\/span><span class=\"year\">2026<\/span><\/div><a href=\"https:\/\/atauni.edu.tr\/fen-fakultesi\/2026\/01\/29\/seminer-13\/\" class=\"etkinlik-titlee\">SEM\u0130NER<\/a><\/div><\/div><div class=\"pagination\" style=\"margin-top: 20px;\"><span aria-current=\"page\" class=\"page-numbers current\">1<\/span>\n<a class=\"page-numbers\" href=\"https:\/\/atauni.edu.tr\/fen-fakultesi\/wp-json\/wp\/v2\/pages\/9499\/page\/2\/\">2<\/a>\n<a class=\"page-numbers\" href=\"https:\/\/atauni.edu.tr\/fen-fakultesi\/wp-json\/wp\/v2\/pages\/9499\/page\/3\/\">3<\/a>\n<a class=\"page-numbers\" href=\"https:\/\/atauni.edu.tr\/fen-fakultesi\/wp-json\/wp\/v2\/pages\/9499\/page\/4\/\">4<\/a>\n<a class=\"next page-numbers\" href=\"https:\/\/atauni.edu.tr\/fen-fakultesi\/wp-json\/wp\/v2\/pages\/9499\/page\/2\/\">Sonraki &raquo;<\/a><\/div>\n\n\n\n<p><\/p>\n","protected":false},"excerpt":{"rendered":"","protected":false},"author":1,"featured_media":0,"parent":0,"menu_order":0,"comment_status":"closed","ping_status":"closed","template":"","meta":{"footnotes":""},"class_list":["post-9499","page","type-page","status-publish","hentry"],"_links":{"self":[{"href":"https:\/\/atauni.edu.tr\/fen-fakultesi\/wp-json\/wp\/v2\/pages\/9499","targetHints":{"allow":["GET"]}}],"collection":[{"href":"https:\/\/atauni.edu.tr\/fen-fakultesi\/wp-json\/wp\/v2\/pages"}],"about":[{"href":"https:\/\/atauni.edu.tr\/fen-fakultesi\/wp-json\/wp\/v2\/types\/page"}],"author":[{"embeddable":true,"href":"https:\/\/atauni.edu.tr\/fen-fakultesi\/wp-json\/wp\/v2\/users\/1"}],"replies":[{"embeddable":true,"href":"https:\/\/atauni.edu.tr\/fen-fakultesi\/wp-json\/wp\/v2\/comments?post=9499"}],"version-history":[{"count":1,"href":"https:\/\/atauni.edu.tr\/fen-fakultesi\/wp-json\/wp\/v2\/pages\/9499\/revisions"}],"predecessor-version":[{"id":9502,"href":"https:\/\/atauni.edu.tr\/fen-fakultesi\/wp-json\/wp\/v2\/pages\/9499\/revisions\/9502"}],"wp:attachment":[{"href":"https:\/\/atauni.edu.tr\/fen-fakultesi\/wp-json\/wp\/v2\/media?parent=9499"}],"curies":[{"name":"wp","href":"https:\/\/api.w.org\/{rel}","templated":true}]}}