{"id":9500,"date":"2025-07-29T14:43:43","date_gmt":"2025-07-29T11:43:43","guid":{"rendered":"https:\/\/birimler.atauni.edu.tr\/fen-fakultesi\/?page_id=9500"},"modified":"2025-07-29T14:43:50","modified_gmt":"2025-07-29T11:43:50","slug":"duyurular","status":"publish","type":"page","link":"https:\/\/atauni.edu.tr\/fen-fakultesi\/duyurular\/","title":{"rendered":"Duyurular"},"content":{"rendered":"<form method=\"get\" class=\"row g-3\" style=\"margin-bottom: 20px;\"><div class=\"col-md-3\"><input type=\"text\" name=\"Duyuru_ara\" class=\"form-control\" placeholder=\"Duyuru ara...\" value=\"\"><\/div><div class=\"col-md-3\"><input type=\"date\" name=\"baslangic_tarihi\" class=\"form-control\" value=\"\"><\/div><div class=\"col-md-3\"><input type=\"date\" name=\"bitis_tarihi\" class=\"form-control\" value=\"\"><\/div><div class=\"col-md-3\"><button type=\"submit\" class=\"btn btn-secondary w-50\">Filtrele<\/button><\/div><\/form><ul class=\"kategori-yazilari-liste\"><li style=\"display: flex; margin-bottom: 10px; align-items: center;\"><div class=\"post-content\" style=\"flex-grow: 1;\"><span class=\"post-date Duyurutarih\" style=\"display: block; font-weight: bold; margin-bottom: 5px;\">6 Nisan 2026<\/span><a class=\"Duyurubaslik\" href=\"https:\/\/atauni.edu.tr\/fen-fakultesi\/2026\/04\/06\/bilgiyle-yarisma\/\">Bilgiyle Yar\u0131\u015f<\/a><\/div><\/li><li style=\"display: flex; margin-bottom: 10px; align-items: center;\"><div class=\"post-content\" style=\"flex-grow: 1;\"><span class=\"post-date Duyurutarih\" style=\"display: block; font-weight: bold; margin-bottom: 5px;\">2 Nisan 2026<\/span><a class=\"Duyurubaslik\" href=\"https:\/\/atauni.edu.tr\/fen-fakultesi\/2026\/04\/02\/aile-temali-uluslararasi-bir-kisa-film-yarismasi\/\">Aile Temal\u0131 Uluslararas\u0131 Bir K\u0131sa Film Yar\u0131\u015fmas\u0131<\/a><\/div><\/li><li style=\"display: flex; margin-bottom: 10px; align-items: center;\"><div class=\"post-content\" style=\"flex-grow: 1;\"><span class=\"post-date Duyurutarih\" style=\"display: block; font-weight: bold; margin-bottom: 5px;\">2 Nisan 2026<\/span><a class=\"Duyurubaslik\" href=\"https:\/\/atauni.edu.tr\/fen-fakultesi\/2026\/04\/02\/kadin-calismalari-ogrenci-kongresi-iii\/\">Kad\u0131n \u00c7al\u0131\u015fmalar\u0131 \u00d6\u011frenci Kongresi III<\/a><\/div><\/li><li style=\"display: flex; margin-bottom: 10px; align-items: center;\"><div class=\"post-content\" style=\"flex-grow: 1;\"><span class=\"post-date Duyurutarih\" style=\"display: block; font-weight: bold; margin-bottom: 5px;\">2 Nisan 2026<\/span><a class=\"Duyurubaslik\" href=\"https:\/\/atauni.edu.tr\/fen-fakultesi\/2026\/04\/02\/turkiye-ulusal-gozlemevleri-2026-2-yaz-donemi-staj-programi-basvuru-sureci-basladi\/\">T\u00fcrkiye Ulusal G\u00f6zlemevleri 2026\/2 Yaz D\u00f6nemi Staj Program\u0131 ba\u015fvuru s\u00fcreci ba\u015flad\u0131.<\/a><\/div><\/li><li style=\"display: flex; margin-bottom: 10px; align-items: center;\"><div class=\"post-content\" style=\"flex-grow: 1;\"><span class=\"post-date Duyurutarih\" style=\"display: block; font-weight: bold; margin-bottom: 5px;\">19 \u015eubat 2026<\/span><a class=\"Duyurubaslik\" href=\"https:\/\/atauni.edu.tr\/fen-fakultesi\/2026\/02\/19\/kiz-voleybol-takimi-secmeleri\/\">K\u0131z Voleybol Tak\u0131m\u0131 Se\u00e7meleri<\/a><\/div><\/li><li style=\"display: flex; margin-bottom: 10px; align-items: center;\"><div class=\"post-content\" style=\"flex-grow: 1;\"><span class=\"post-date Duyurutarih\" style=\"display: block; font-weight: bold; margin-bottom: 5px;\">8 Aral\u0131k 2025<\/span><a class=\"Duyurubaslik\" href=\"https:\/\/atauni.edu.tr\/fen-fakultesi\/2025\/12\/08\/uzay-durumsal-farkindalik-duyurusu\/\">Uzay Durumsal Fark\u0131ndal\u0131k Duyurusu<\/a><\/div><\/li><li style=\"display: flex; margin-bottom: 10px; align-items: center;\"><div class=\"post-content\" style=\"flex-grow: 1;\"><span class=\"post-date Duyurutarih\" style=\"display: block; font-weight: bold; margin-bottom: 5px;\">16 Kas\u0131m 2025<\/span><a class=\"Duyurubaslik\" href=\"https:\/\/atauni.edu.tr\/fen-fakultesi\/2025\/11\/16\/staj-programi-duyurusu-2026-1\/\">STAJ PROGRAMI DUYURUSU 2026\/1<\/a><\/div><\/li><li style=\"display: flex; margin-bottom: 10px; align-items: center;\"><div class=\"post-content\" style=\"flex-grow: 1;\"><span class=\"post-date Duyurutarih\" style=\"display: block; font-weight: bold; margin-bottom: 5px;\">12 Kas\u0131m 2025<\/span><a class=\"Duyurubaslik\" href=\"https:\/\/atauni.edu.tr\/fen-fakultesi\/2025\/11\/12\/fen-fakultesi-erkek-basketbol-takimi-secmeleri\/\">Fen Fak\u00fcltesi Erkek Basketbol Tak\u0131m\u0131 Se\u00e7meleri<\/a><\/div><\/li><li style=\"display: flex; margin-bottom: 10px; align-items: center;\"><div class=\"post-content\" style=\"flex-grow: 1;\"><span class=\"post-date Duyurutarih\" style=\"display: block; font-weight: bold; margin-bottom: 5px;\">11 Kas\u0131m 2025<\/span><a class=\"Duyurubaslik\" href=\"https:\/\/atauni.edu.tr\/fen-fakultesi\/2025\/11\/11\/azami-sure-sonu-sinavlari-2025-2026-guz-donemi\/\">Azami S\u00fcre Sonu S\u0131navlar\u0131 2025-2026 G\u00fcz D\u00f6nemi<\/a><\/div><\/li><li style=\"display: flex; margin-bottom: 10px; align-items: center;\"><div class=\"post-content\" style=\"flex-grow: 1;\"><span class=\"post-date Duyurutarih\" style=\"display: block; font-weight: bold; margin-bottom: 5px;\">1 Ekim 2025<\/span><a class=\"Duyurubaslik\" href=\"https:\/\/atauni.edu.tr\/fen-fakultesi\/2025\/10\/01\/2025-2026-akademik-yili-turk-egitim-vakfi-tev-bursu\/\">2025-2026 Akademik Y\u0131l\u0131 T\u00fcrk E\u011fitim Vakf\u0131 (TEV) Bursu<\/a><\/div><\/li><\/ul><nav class=\"pagination\" style=\"margin-top: 20px;\"><ul class='page-numbers'>\n\t<li><span aria-current=\"page\" class=\"page-numbers current\">1<\/span><\/li>\n\t<li><a class=\"page-numbers\" href=\"https:\/\/atauni.edu.tr\/fen-fakultesi\/wp-json\/wp\/v2\/pages\/9500\/page\/2\/\">2<\/a><\/li>\n\t<li><a class=\"next page-numbers\" href=\"https:\/\/atauni.edu.tr\/fen-fakultesi\/wp-json\/wp\/v2\/pages\/9500\/page\/2\/\">Sonraki &raquo;<\/a><\/li>\n<\/ul>\n<\/nav>\n\n\n\n<p><\/p>\n","protected":false},"excerpt":{"rendered":"","protected":false},"author":1,"featured_media":0,"parent":0,"menu_order":0,"comment_status":"closed","ping_status":"closed","template":"","meta":{"footnotes":""},"class_list":["post-9500","page","type-page","status-publish","hentry"],"_links":{"self":[{"href":"https:\/\/atauni.edu.tr\/fen-fakultesi\/wp-json\/wp\/v2\/pages\/9500","targetHints":{"allow":["GET"]}}],"collection":[{"href":"https:\/\/atauni.edu.tr\/fen-fakultesi\/wp-json\/wp\/v2\/pages"}],"about":[{"href":"https:\/\/atauni.edu.tr\/fen-fakultesi\/wp-json\/wp\/v2\/types\/page"}],"author":[{"embeddable":true,"href":"https:\/\/atauni.edu.tr\/fen-fakultesi\/wp-json\/wp\/v2\/users\/1"}],"replies":[{"embeddable":true,"href":"https:\/\/atauni.edu.tr\/fen-fakultesi\/wp-json\/wp\/v2\/comments?post=9500"}],"version-history":[{"count":1,"href":"https:\/\/atauni.edu.tr\/fen-fakultesi\/wp-json\/wp\/v2\/pages\/9500\/revisions"}],"predecessor-version":[{"id":9503,"href":"https:\/\/atauni.edu.tr\/fen-fakultesi\/wp-json\/wp\/v2\/pages\/9500\/revisions\/9503"}],"wp:attachment":[{"href":"https:\/\/atauni.edu.tr\/fen-fakultesi\/wp-json\/wp\/v2\/media?parent=9500"}],"curies":[{"name":"wp","href":"https:\/\/api.w.org\/{rel}","templated":true}]}}