{"id":5638,"date":"2021-07-13T09:49:25","date_gmt":"2021-07-13T06:49:25","guid":{"rendered":"https:\/\/portaltest.atauni.edu.tr\/bilgisayar-muhendisligi\/?page_id=5638"},"modified":"2021-08-27T15:48:04","modified_gmt":"2021-08-27T12:48:04","slug":"tarihce","status":"publish","type":"page","link":"https:\/\/atauni.edu.tr\/finans-bankacilik-ve-sigortacilik\/tarihce\/","title":{"rendered":"Tarih\u00e7e"},"content":{"rendered":"\t\t<div data-elementor-type=\"wp-page\" data-elementor-id=\"5638\" class=\"elementor elementor-5638\" data-elementor-post-type=\"page\">\n\t\t\t\t\t\t<section class=\"elementor-section elementor-top-section elementor-element elementor-element-730d320 elementor-section-boxed elementor-section-height-default elementor-section-height-default\" data-id=\"730d320\" data-element_type=\"section\">\n\t\t\t\t\t\t<div class=\"elementor-container elementor-column-gap-default\">\n\t\t\t\t\t<div class=\"elementor-column elementor-col-100 elementor-top-column elementor-element elementor-element-753d0860\" data-id=\"753d0860\" data-element_type=\"column\">\n\t\t\t<div class=\"elementor-widget-wrap\">\n\t\t\t\t\t\t\t<\/div>\n\t\t<\/div>\n\t\t\t\t\t<\/div>\n\t\t<\/section>\n\t\t\t\t<section class=\"elementor-section elementor-top-section elementor-element elementor-element-9be811a elementor-section-boxed elementor-section-height-default elementor-section-height-default\" data-id=\"9be811a\" data-element_type=\"section\">\n\t\t\t\t\t\t<div class=\"elementor-container elementor-column-gap-default\">\n\t\t\t\t\t<div class=\"elementor-column elementor-col-100 elementor-top-column elementor-element elementor-element-1ed847b7\" data-id=\"1ed847b7\" data-element_type=\"column\">\n\t\t\t<div class=\"elementor-widget-wrap elementor-element-populated\">\n\t\t\t\t\t\t<div class=\"elementor-element elementor-element-4ce0d07f elementor-widget elementor-widget-heading\" data-id=\"4ce0d07f\" data-element_type=\"widget\" data-widget_type=\"heading.default\">\n\t\t\t\t<div class=\"elementor-widget-container\">\n\t\t\t\t\t<h2 class=\"elementor-heading-title elementor-size-default\">Genel Bilgi<\/h2>\t\t\t\t<\/div>\n\t\t\t\t<\/div>\n\t\t\t\t<div class=\"elementor-element elementor-element-63260862 elementor-widget-divider--view-line elementor-widget elementor-widget-divider\" data-id=\"63260862\" data-element_type=\"widget\" data-widget_type=\"divider.default\">\n\t\t\t\t<div class=\"elementor-widget-container\">\n\t\t\t\t\t\t\t<div class=\"elementor-divider\">\n\t\t\t<span class=\"elementor-divider-separator\">\n\t\t\t\t\t\t<\/span>\n\t\t<\/div>\n\t\t\t\t\t\t<\/div>\n\t\t\t\t<\/div>\n\t\t\t\t\t<\/div>\n\t\t<\/div>\n\t\t\t\t\t<\/div>\n\t\t<\/section>\n\t\t\t\t<section class=\"elementor-section elementor-top-section elementor-element elementor-element-681db8b elementor-section-boxed elementor-section-height-default elementor-section-height-default\" data-id=\"681db8b\" data-element_type=\"section\">\n\t\t\t\t\t\t<div class=\"elementor-container elementor-column-gap-default\">\n\t\t\t\t\t<div class=\"elementor-column elementor-col-100 elementor-top-column elementor-element elementor-element-ad4dac5\" data-id=\"ad4dac5\" data-element_type=\"column\">\n\t\t\t<div class=\"elementor-widget-wrap elementor-element-populated\">\n\t\t\t\t\t\t<div class=\"elementor-element elementor-element-2f96b3d elementor-widget elementor-widget-text-editor\" data-id=\"2f96b3d\" data-element_type=\"widget\" data-widget_type=\"text-editor.default\">\n\t\t\t\t<div class=\"elementor-widget-container\">\n\t\t\t\t\t\t\t\t\t<p>Atat\u00fcrk \u00dcniversitesi Finans-Bankac\u0131l\u0131k ve Sigortac\u0131l\u0131k b\u00f6l\u00fcm\u00fcn\u00fcn tarihi, \u00fcniversitenin kuruldu\u011fu d\u00f6neme kadar uzanmaktad\u0131r. B\u00f6l\u00fcm\u00fcn k\u00f6keni, \u00fclkenin finansal sistemini g\u00fc\u00e7lendirmek ve bankac\u0131l\u0131k ile sigortac\u0131l\u0131k alanlar\u0131nda uzman ki\u015fileri yeti\u015ftirmek amac\u0131yla kurulmu\u015ftur.<\/p>\n<p>B\u00f6l\u00fcm\u00fcn geli\u015fim s\u00fcreci i\u00e7inde, finans sekt\u00f6r\u00fcn\u00fcn de\u011fi\u015fen ihtiya\u00e7lar\u0131na kar\u015f\u0131l\u0131k verebilecek \u015fekilde s\u00fcrekli olarak g\u00fcncellenmi\u015ftir. E\u011fitim m\u00fcfredat\u0131, teorik ve pratik bilgilerin birle\u015ftirilmesi ile \u00f6\u011frencilere derinlemesine bilgi verilmesini ama\u00e7lamaktad\u0131r.<\/p>\n<p>\u00d6\u011fretim \u00fcyelerinin deneyimi ve uzmanl\u0131\u011f\u0131, b\u00f6l\u00fcm\u00fcn akademik ba\u015far\u0131s\u0131nda \u00f6nemli bir rol oynam\u0131\u015ft\u0131r. B\u00f6l\u00fcm, ara\u015ft\u0131rma projeleri ve i\u015fbirlikleri yoluyla finansal sistemlerin geli\u015fimine katk\u0131da bulunmaya devam etmektedir.<\/p>\n<p>Atat\u00fcrk \u00dcniversitesi Finans-Bankac\u0131l\u0131k ve Sigortac\u0131l\u0131k b\u00f6l\u00fcm\u00fc, mezunlar\u0131n\u0131 \u00e7e\u015fitli finans kurumlar\u0131nda istihdam edilebilirliklerini art\u0131rmak i\u00e7in \u00e7al\u0131\u015fmaktad\u0131r. B\u00f6l\u00fcm\u00fcn amac\u0131, gelece\u011fin finansal liderlerini yeti\u015ftirmek ve sekt\u00f6re kalifiye eleman kazand\u0131rmakt\u0131r.<\/p>\n<p>B\u00f6l\u00fcm, s\u00fcrekli olarak kendini yenilemekte ve finans sekt\u00f6r\u00fcn\u00fcn gereksinimlerine uygun bir \u015fekilde e\u011fitim vermeye devam etmektedir. Atat\u00fcrk \u00dcniversitesi Finans-Bankac\u0131l\u0131k ve Sigortac\u0131l\u0131k b\u00f6l\u00fcm\u00fc, \u00f6\u011frencilerine sa\u011flam bir akademik temel sa\u011flamakta ve onlar\u0131 ba\u015far\u0131l\u0131 bir finansal kariyer i\u00e7in haz\u0131rlamaktad\u0131r.<\/p>\t\t\t\t\t\t\t\t<\/div>\n\t\t\t\t<\/div>\n\t\t\t\t\t<\/div>\n\t\t<\/div>\n\t\t\t\t\t<\/div>\n\t\t<\/section>\n\t\t\t\t<\/div>\n\t\t","protected":false},"excerpt":{"rendered":"<p>Genel Bilgi Lorem Ipsum Nedir? Lorem Ipsum, dizgi ve bask\u0131 end\u00fcstrisinde kullan\u0131lan m\u0131g\u0131r metinlerdir. Lorem Ipsum, ad\u0131 bilinmeyen bir matbaac\u0131n\u0131n bir hurufat numune kitab\u0131 olu\u015fturmak \u00fczere bir yaz\u0131 galerisini alarak kar\u0131\u015ft\u0131rd\u0131\u011f\u0131 1500&#8217;lerden beri end\u00fcstri standard\u0131 sahte metinler olarak kullan\u0131lm\u0131\u015ft\u0131r. Be\u015fy\u00fcz y\u0131l boyunca varl\u0131\u011f\u0131n\u0131 s\u00fcrd\u00fcrmekle kalmam\u0131\u015f, ayn\u0131 zamanda pek de\u011fi\u015fmeden elektronik dizgiye de s\u0131\u00e7ram\u0131\u015ft\u0131r. 1960&#8217;larda Lorem [&hellip;]<\/p>\n","protected":false},"author":1,"featured_media":0,"parent":0,"menu_order":0,"comment_status":"closed","ping_status":"closed","template":"","meta":{"footnotes":""},"class_list":["post-5638","page","type-page","status-publish","hentry"],"_links":{"self":[{"href":"https:\/\/atauni.edu.tr\/finans-bankacilik-ve-sigortacilik\/wp-json\/wp\/v2\/pages\/5638","targetHints":{"allow":["GET"]}}],"collection":[{"href":"https:\/\/atauni.edu.tr\/finans-bankacilik-ve-sigortacilik\/wp-json\/wp\/v2\/pages"}],"about":[{"href":"https:\/\/atauni.edu.tr\/finans-bankacilik-ve-sigortacilik\/wp-json\/wp\/v2\/types\/page"}],"author":[{"embeddable":true,"href":"https:\/\/atauni.edu.tr\/finans-bankacilik-ve-sigortacilik\/wp-json\/wp\/v2\/users\/1"}],"replies":[{"embeddable":true,"href":"https:\/\/atauni.edu.tr\/finans-bankacilik-ve-sigortacilik\/wp-json\/wp\/v2\/comments?post=5638"}],"version-history":[{"count":19,"href":"https:\/\/atauni.edu.tr\/finans-bankacilik-ve-sigortacilik\/wp-json\/wp\/v2\/pages\/5638\/revisions"}],"predecessor-version":[{"id":6076,"href":"https:\/\/atauni.edu.tr\/finans-bankacilik-ve-sigortacilik\/wp-json\/wp\/v2\/pages\/5638\/revisions\/6076"}],"wp:attachment":[{"href":"https:\/\/atauni.edu.tr\/finans-bankacilik-ve-sigortacilik\/wp-json\/wp\/v2\/media?parent=5638"}],"curies":[{"name":"wp","href":"https:\/\/api.w.org\/{rel}","templated":true}]}}