{"id":6071,"date":"2021-08-27T15:45:02","date_gmt":"2021-08-27T12:45:02","guid":{"rendered":"http:\/\/birimler.atauni.edu.tr\/finans-bankacilik-ve-sigortacilik\/?page_id=6071"},"modified":"2021-09-13T08:23:39","modified_gmt":"2021-09-13T05:23:39","slug":"bolum-kurulu-kararlari","status":"publish","type":"page","link":"https:\/\/atauni.edu.tr\/finans-bankacilik-ve-sigortacilik\/bolum-kurulu-kararlari\/","title":{"rendered":"B\u00f6l\u00fcm Kurulu Kararlar\u0131"},"content":{"rendered":"\t\t<div data-elementor-type=\"wp-page\" data-elementor-id=\"6071\" class=\"elementor elementor-6071\" data-elementor-post-type=\"page\">\n\t\t\t\t\t\t<section class=\"elementor-section elementor-top-section elementor-element elementor-element-730d320 elementor-section-boxed elementor-section-height-default elementor-section-height-default\" data-id=\"730d320\" data-element_type=\"section\">\n\t\t\t\t\t\t<div class=\"elementor-container elementor-column-gap-default\">\n\t\t\t\t\t<div class=\"elementor-column elementor-col-100 elementor-top-column elementor-element elementor-element-753d0860\" data-id=\"753d0860\" data-element_type=\"column\">\n\t\t\t<div class=\"elementor-widget-wrap\">\n\t\t\t\t\t\t\t<\/div>\n\t\t<\/div>\n\t\t\t\t\t<\/div>\n\t\t<\/section>\n\t\t\t\t<section class=\"elementor-section elementor-top-section elementor-element elementor-element-9be811a elementor-section-boxed elementor-section-height-default elementor-section-height-default\" data-id=\"9be811a\" data-element_type=\"section\">\n\t\t\t\t\t\t<div class=\"elementor-container elementor-column-gap-default\">\n\t\t\t\t\t<div class=\"elementor-column elementor-col-100 elementor-top-column elementor-element elementor-element-1ed847b7\" data-id=\"1ed847b7\" data-element_type=\"column\">\n\t\t\t<div class=\"elementor-widget-wrap elementor-element-populated\">\n\t\t\t\t\t\t<div class=\"elementor-element elementor-element-4ce0d07f elementor-widget elementor-widget-heading\" data-id=\"4ce0d07f\" data-element_type=\"widget\" data-widget_type=\"heading.default\">\n\t\t\t\t<div class=\"elementor-widget-container\">\n\t\t\t\t\t<h2 class=\"elementor-heading-title elementor-size-default\">Kurul Kararlar\u0131<\/h2>\t\t\t\t<\/div>\n\t\t\t\t<\/div>\n\t\t\t\t<div class=\"elementor-element elementor-element-63260862 elementor-widget-divider--view-line elementor-widget elementor-widget-divider\" data-id=\"63260862\" data-element_type=\"widget\" data-widget_type=\"divider.default\">\n\t\t\t\t<div class=\"elementor-widget-container\">\n\t\t\t\t\t\t\t<div class=\"elementor-divider\">\n\t\t\t<span class=\"elementor-divider-separator\">\n\t\t\t\t\t\t<\/span>\n\t\t<\/div>\n\t\t\t\t\t\t<\/div>\n\t\t\t\t<\/div>\n\t\t\t\t\t<\/div>\n\t\t<\/div>\n\t\t\t\t\t<\/div>\n\t\t<\/section>\n\t\t\t\t<section class=\"elementor-section elementor-top-section elementor-element elementor-element-681db8b elementor-section-boxed elementor-section-height-default elementor-section-height-default\" data-id=\"681db8b\" data-element_type=\"section\">\n\t\t\t\t\t\t<div class=\"elementor-container elementor-column-gap-default\">\n\t\t\t\t\t<div class=\"elementor-column elementor-col-100 elementor-top-column elementor-element elementor-element-ad4dac5\" data-id=\"ad4dac5\" data-element_type=\"column\">\n\t\t\t<div class=\"elementor-widget-wrap elementor-element-populated\">\n\t\t\t\t\t\t<div class=\"elementor-element elementor-element-2f96b3d elementor-widget elementor-widget-text-editor\" data-id=\"2f96b3d\" data-element_type=\"widget\" data-widget_type=\"text-editor.default\">\n\t\t\t\t<div class=\"elementor-widget-container\">\n\t\t\t\t\t\t\t\t\t<p>Atat\u00fcrk \u00dcniversitesi Finans-Bankac\u0131l\u0131k ve Sigortac\u0131l\u0131k b\u00f6l\u00fcm\u00fcn\u00fcn web sayfas\u0131nda yer alan &#8216;B\u00f6l\u00fcm Kurulu Kararlar\u0131&#8217; ba\u015fl\u0131\u011f\u0131, bu alanda yap\u0131lan \u00f6nemli kararlar\u0131n ve geli\u015fmelerin takip\u00e7ilerini bilgilendirmek amac\u0131yla haz\u0131rlanm\u0131\u015ft\u0131r. B\u00f6l\u00fcm\u00fcn akademik ve idari i\u015fleyi\u015fine ili\u015fkin al\u0131nan kararlar, \u00f6\u011frencilerin ve ilgili personelin bilgisine sunulmaktad\u0131r.<\/p>\n<p>Bu kararlar genellikle b\u00f6l\u00fcm\u00fcn e\u011fitim politikalar\u0131, \u00f6\u011fretim programlar\u0131, ara\u015ft\u0131rma faaliyetleri, \u00f6\u011frenci kay\u0131tlar\u0131, mezuniyet ko\u015fullar\u0131 gibi konular\u0131 i\u00e7ermektedir. Ayr\u0131ca, b\u00f6l\u00fcm\u00fcn stratejik planlamas\u0131, akademik kadro y\u00f6netimi ve i\u015f birli\u011fi anla\u015fmalar\u0131 gibi hususlarda al\u0131nan kararlar da bu ba\u015fl\u0131k alt\u0131nda payla\u015f\u0131labilmektedir.<\/p>\n<p>B\u00f6l\u00fcm kurulunun karar\u0131yla yap\u0131lan de\u011fi\u015fiklikler veya yeni d\u00fczenlemeler, \u00f6\u011frencilerin ve ilgili ki\u015filerin bilin\u00e7lendirilmesi a\u00e7\u0131s\u0131ndan b\u00fcy\u00fck \u00f6nem ta\u015f\u0131maktad\u0131r. Bu sayede, b\u00f6l\u00fcm\u00fcn faaliyetleri hakk\u0131nda \u015feffaf bir ileti\u015fim sa\u011flanmakta vepayda\u015flar\u0131n bilgilendirilmesi ama\u00e7lanmaktad\u0131r.<\/p>\n<p>Bu ba\u015fl\u0131k alt\u0131nda yer alan kararlar, akademik y\u0131l\u0131n \u00e7e\u015fitli zamanlar\u0131nda g\u00fcncellenerek payda\u015flarla payla\u015f\u0131l\u0131r. \u00d6\u011frenciler, \u00f6\u011fretim elemanlar\u0131 ve di\u011fer ilgili ki\u015filer, b\u00f6l\u00fcm\u00fcn resmi web sayfas\u0131n\u0131 takip ederek bu kararlardan haberdar olabilirler.<\/p>\t\t\t\t\t\t\t\t<\/div>\n\t\t\t\t<\/div>\n\t\t\t\t\t<\/div>\n\t\t<\/div>\n\t\t\t\t\t<\/div>\n\t\t<\/section>\n\t\t\t\t<\/div>\n\t\t","protected":false},"excerpt":{"rendered":"<p>Kurul Kararlar\u0131 Lorem Ipsum Nedir? Lorem Ipsum, dizgi ve bask\u0131 end\u00fcstrisinde kullan\u0131lan m\u0131g\u0131r metinlerdir. Lorem Ipsum, ad\u0131 bilinmeyen bir matbaac\u0131n\u0131n bir hurufat numune kitab\u0131 olu\u015fturmak \u00fczere bir yaz\u0131 galerisini alarak kar\u0131\u015ft\u0131rd\u0131\u011f\u0131 1500&#8217;lerden beri end\u00fcstri standard\u0131 sahte metinler olarak kullan\u0131lm\u0131\u015ft\u0131r. Be\u015fy\u00fcz y\u0131l boyunca varl\u0131\u011f\u0131n\u0131 s\u00fcrd\u00fcrmekle kalmam\u0131\u015f, ayn\u0131 zamanda pek de\u011fi\u015fmeden elektronik dizgiye de s\u0131\u00e7ram\u0131\u015ft\u0131r. 1960&#8217;larda Lorem [&hellip;]<\/p>\n","protected":false},"author":1,"featured_media":0,"parent":0,"menu_order":0,"comment_status":"closed","ping_status":"closed","template":"elementor_header_footer","meta":{"footnotes":""},"class_list":["post-6071","page","type-page","status-publish","hentry"],"_links":{"self":[{"href":"https:\/\/atauni.edu.tr\/finans-bankacilik-ve-sigortacilik\/wp-json\/wp\/v2\/pages\/6071","targetHints":{"allow":["GET"]}}],"collection":[{"href":"https:\/\/atauni.edu.tr\/finans-bankacilik-ve-sigortacilik\/wp-json\/wp\/v2\/pages"}],"about":[{"href":"https:\/\/atauni.edu.tr\/finans-bankacilik-ve-sigortacilik\/wp-json\/wp\/v2\/types\/page"}],"author":[{"embeddable":true,"href":"https:\/\/atauni.edu.tr\/finans-bankacilik-ve-sigortacilik\/wp-json\/wp\/v2\/users\/1"}],"replies":[{"embeddable":true,"href":"https:\/\/atauni.edu.tr\/finans-bankacilik-ve-sigortacilik\/wp-json\/wp\/v2\/comments?post=6071"}],"version-history":[{"count":7,"href":"https:\/\/atauni.edu.tr\/finans-bankacilik-ve-sigortacilik\/wp-json\/wp\/v2\/pages\/6071\/revisions"}],"predecessor-version":[{"id":6113,"href":"https:\/\/atauni.edu.tr\/finans-bankacilik-ve-sigortacilik\/wp-json\/wp\/v2\/pages\/6071\/revisions\/6113"}],"wp:attachment":[{"href":"https:\/\/atauni.edu.tr\/finans-bankacilik-ve-sigortacilik\/wp-json\/wp\/v2\/media?parent=6071"}],"curies":[{"name":"wp","href":"https:\/\/api.w.org\/{rel}","templated":true}]}}