{"id":5682,"date":"2021-07-13T10:10:01","date_gmt":"2021-07-13T07:10:01","guid":{"rendered":"https:\/\/portaltest.atauni.edu.tr\/bilgisayar-muhendisligi\/?page_id=5682"},"modified":"2022-01-11T17:15:57","modified_gmt":"2022-01-11T14:15:57","slug":"misyon-vizyon-ve-temel-degerler","status":"publish","type":"page","link":"https:\/\/atauni.edu.tr\/fizik\/misyon-vizyon-ve-temel-degerler\/","title":{"rendered":"Misyon, Vizyon ve Temel De\u011ferler"},"content":{"rendered":"\t\t<div data-elementor-type=\"wp-page\" data-elementor-id=\"5682\" class=\"elementor elementor-5682\" data-elementor-post-type=\"page\">\n\t\t\t\t\t\t<section class=\"elementor-section elementor-top-section elementor-element elementor-element-730d320 elementor-section-boxed elementor-section-height-default elementor-section-height-default\" data-id=\"730d320\" data-element_type=\"section\">\n\t\t\t\t\t\t<div class=\"elementor-container elementor-column-gap-default\">\n\t\t\t\t\t<div class=\"elementor-column elementor-col-100 elementor-top-column elementor-element elementor-element-753d0860\" data-id=\"753d0860\" data-element_type=\"column\">\n\t\t\t<div class=\"elementor-widget-wrap\">\n\t\t\t\t\t\t\t<\/div>\n\t\t<\/div>\n\t\t\t\t\t<\/div>\n\t\t<\/section>\n\t\t\t\t<section class=\"elementor-section elementor-top-section elementor-element elementor-element-9be811a elementor-section-boxed elementor-section-height-default elementor-section-height-default\" data-id=\"9be811a\" data-element_type=\"section\">\n\t\t\t\t\t\t<div class=\"elementor-container elementor-column-gap-default\">\n\t\t\t\t\t<div class=\"elementor-column elementor-col-100 elementor-top-column elementor-element elementor-element-1ed847b7\" data-id=\"1ed847b7\" data-element_type=\"column\">\n\t\t\t<div class=\"elementor-widget-wrap elementor-element-populated\">\n\t\t\t\t\t\t<div class=\"elementor-element elementor-element-4ce0d07f elementor-widget elementor-widget-heading\" data-id=\"4ce0d07f\" data-element_type=\"widget\" data-widget_type=\"heading.default\">\n\t\t\t\t<div class=\"elementor-widget-container\">\n\t\t\t\t\t<h2 class=\"elementor-heading-title elementor-size-default\">Misyon, Vizyon ve Temel De\u011ferler<\/h2>\t\t\t\t<\/div>\n\t\t\t\t<\/div>\n\t\t\t\t<div class=\"elementor-element elementor-element-63260862 elementor-widget-divider--view-line elementor-widget elementor-widget-divider\" data-id=\"63260862\" data-element_type=\"widget\" data-widget_type=\"divider.default\">\n\t\t\t\t<div class=\"elementor-widget-container\">\n\t\t\t\t\t\t\t<div class=\"elementor-divider\">\n\t\t\t<span class=\"elementor-divider-separator\">\n\t\t\t\t\t\t<\/span>\n\t\t<\/div>\n\t\t\t\t\t\t<\/div>\n\t\t\t\t<\/div>\n\t\t\t\t\t<\/div>\n\t\t<\/div>\n\t\t\t\t\t<\/div>\n\t\t<\/section>\n\t\t\t\t<section class=\"elementor-section elementor-top-section elementor-element elementor-element-681db8b elementor-section-boxed elementor-section-height-default elementor-section-height-default\" data-id=\"681db8b\" data-element_type=\"section\">\n\t\t\t\t\t\t<div class=\"elementor-container elementor-column-gap-default\">\n\t\t\t\t\t<div class=\"elementor-column elementor-col-100 elementor-top-column elementor-element elementor-element-ad4dac5\" data-id=\"ad4dac5\" data-element_type=\"column\">\n\t\t\t<div class=\"elementor-widget-wrap elementor-element-populated\">\n\t\t\t\t\t\t<div class=\"elementor-element elementor-element-2f96b3d elementor-widget elementor-widget-text-editor\" data-id=\"2f96b3d\" data-element_type=\"widget\" data-widget_type=\"text-editor.default\">\n\t\t\t\t<div class=\"elementor-widget-container\">\n\t\t\t\t\t\t\t\t\t<p>\u00a01) Son derece h\u0131zl\u0131 geli\u015fmekte olan teknolojiyi \u00f6\u011frenen, kullanan, geli\u015ftiren, uygun metodoloji, prosed\u00fcrler ve uygun teoriler kullanarak ger\u00e7ek hayatta kar\u015f\u0131la\u015ft\u0131\u011f\u0131m\u0131z problemleri \u00e7\u00f6zebilen, mesleki etik ve sorumluluk duygusu ile donat\u0131lm\u0131\u015f ulusal ve uluslaras\u0131 d\u00fczeyde kabul g\u00f6ren Fizik\u00e7iler yeti\u015ftiren,<\/p><p>2) Sanayi, \u00fcniversite ve di\u011fer ara\u015ft\u0131rma kurumlar\u0131 ile i\u015f birli\u011fi i\u00e7inde g\u00fcncel konularda ara\u015ft\u0131rma ve geli\u015ftirme projeleri y\u00fcr\u00fcten, bilgi ve teknoloji \u00fcreten ve \u00fclke kalk\u0131nmas\u0131na katk\u0131da bulunan bir b\u00f6l\u00fcm olmay\u0131 \u00f6zg\u00f6revi edinmi\u015ftir. Fizik B\u00f6l\u00fcm\u00fc ayn\u0131 zamanda b\u00f6l\u00fcm vizyonunu da ulusal ve uluslararas\u0131 d\u00fczeyde sayg\u0131n ara\u015ft\u0131rmalar y\u00fcr\u00fcten, lisans, y\u00fcksek lisans ve doktora d\u00fczeylerinde ba\u015far\u0131l\u0131 \u00f6\u011frencileri kabul eden, mezunlar\u0131 yurti\u00e7i ve yurt d\u0131\u015f\u0131nda ba\u015far\u0131l\u0131 olan, bilime, teknolojiye, end\u00fcstriye ve insanl\u0131\u011fa olumlu katk\u0131lar \u00fcretebilen bir b\u00f6l\u00fcm olabilmek olarak belirlemi\u015ftir.<\/p>\t\t\t\t\t\t\t\t<\/div>\n\t\t\t\t<\/div>\n\t\t\t\t\t<\/div>\n\t\t<\/div>\n\t\t\t\t\t<\/div>\n\t\t<\/section>\n\t\t\t\t<\/div>\n\t\t","protected":false},"excerpt":{"rendered":"<p>Misyon, Vizyon ve Temel De\u011ferler \u00a01) Son derece h\u0131zl\u0131 geli\u015fmekte olan teknolojiyi \u00f6\u011frenen, kullanan, geli\u015ftiren, uygun metodoloji, prosed\u00fcrler ve uygun teoriler kullanarak ger\u00e7ek hayatta kar\u015f\u0131la\u015ft\u0131\u011f\u0131m\u0131z problemleri \u00e7\u00f6zebilen, mesleki etik ve sorumluluk duygusu ile donat\u0131lm\u0131\u015f ulusal ve uluslaras\u0131 d\u00fczeyde kabul g\u00f6ren Fizik\u00e7iler yeti\u015ftiren, 2) Sanayi, \u00fcniversite ve di\u011fer ara\u015ft\u0131rma kurumlar\u0131 ile i\u015f birli\u011fi i\u00e7inde g\u00fcncel konularda [&hellip;]<\/p>\n","protected":false},"author":1,"featured_media":0,"parent":0,"menu_order":0,"comment_status":"closed","ping_status":"closed","template":"elementor_header_footer","meta":{"footnotes":""},"class_list":["post-5682","page","type-page","status-publish","hentry"],"_links":{"self":[{"href":"https:\/\/atauni.edu.tr\/fizik\/wp-json\/wp\/v2\/pages\/5682","targetHints":{"allow":["GET"]}}],"collection":[{"href":"https:\/\/atauni.edu.tr\/fizik\/wp-json\/wp\/v2\/pages"}],"about":[{"href":"https:\/\/atauni.edu.tr\/fizik\/wp-json\/wp\/v2\/types\/page"}],"author":[{"embeddable":true,"href":"https:\/\/atauni.edu.tr\/fizik\/wp-json\/wp\/v2\/users\/1"}],"replies":[{"embeddable":true,"href":"https:\/\/atauni.edu.tr\/fizik\/wp-json\/wp\/v2\/comments?post=5682"}],"version-history":[{"count":11,"href":"https:\/\/atauni.edu.tr\/fizik\/wp-json\/wp\/v2\/pages\/5682\/revisions"}],"predecessor-version":[{"id":6240,"href":"https:\/\/atauni.edu.tr\/fizik\/wp-json\/wp\/v2\/pages\/5682\/revisions\/6240"}],"wp:attachment":[{"href":"https:\/\/atauni.edu.tr\/fizik\/wp-json\/wp\/v2\/media?parent=5682"}],"curies":[{"name":"wp","href":"https:\/\/api.w.org\/{rel}","templated":true}]}}