{"id":5734,"date":"2021-07-13T11:37:45","date_gmt":"2021-07-13T08:37:45","guid":{"rendered":"https:\/\/portaltest.atauni.edu.tr\/bilgisayar-muhendisligi\/?page_id=5734"},"modified":"2025-12-31T23:40:27","modified_gmt":"2025-12-31T20:40:27","slug":"ogrenci-deneyimi","status":"publish","type":"page","link":"https:\/\/atauni.edu.tr\/fizik\/ogrenci-deneyimi\/","title":{"rendered":"\u00d6\u011frenci Deneyimi"},"content":{"rendered":"\t\t<div data-elementor-type=\"wp-page\" data-elementor-id=\"5734\" class=\"elementor elementor-5734\" data-elementor-post-type=\"page\">\n\t\t\t\t\t\t<section class=\"elementor-section elementor-top-section elementor-element elementor-element-730d320 elementor-section-boxed elementor-section-height-default elementor-section-height-default\" data-id=\"730d320\" data-element_type=\"section\">\n\t\t\t\t\t\t<div class=\"elementor-container elementor-column-gap-default\">\n\t\t\t\t\t<div class=\"elementor-column elementor-col-100 elementor-top-column elementor-element elementor-element-753d0860\" data-id=\"753d0860\" data-element_type=\"column\">\n\t\t\t<div class=\"elementor-widget-wrap\">\n\t\t\t\t\t\t\t<\/div>\n\t\t<\/div>\n\t\t\t\t\t<\/div>\n\t\t<\/section>\n\t\t\t\t<section class=\"elementor-section elementor-top-section elementor-element elementor-element-9be811a elementor-section-boxed elementor-section-height-default elementor-section-height-default\" data-id=\"9be811a\" data-element_type=\"section\">\n\t\t\t\t\t\t<div class=\"elementor-container elementor-column-gap-default\">\n\t\t\t\t\t<div class=\"elementor-column elementor-col-100 elementor-top-column elementor-element elementor-element-1ed847b7\" data-id=\"1ed847b7\" data-element_type=\"column\">\n\t\t\t<div class=\"elementor-widget-wrap elementor-element-populated\">\n\t\t\t\t\t\t<div class=\"elementor-element elementor-element-4ce0d07f elementor-widget elementor-widget-heading\" data-id=\"4ce0d07f\" data-element_type=\"widget\" data-widget_type=\"heading.default\">\n\t\t\t\t<div class=\"elementor-widget-container\">\n\t\t\t\t\t<h2 class=\"elementor-heading-title elementor-size-default\">\u00d6\u011frenci Deneyimi<\/h2>\t\t\t\t<\/div>\n\t\t\t\t<\/div>\n\t\t\t\t<div class=\"elementor-element elementor-element-63260862 elementor-widget-divider--view-line elementor-widget elementor-widget-divider\" data-id=\"63260862\" data-element_type=\"widget\" data-widget_type=\"divider.default\">\n\t\t\t\t<div class=\"elementor-widget-container\">\n\t\t\t\t\t\t\t<div class=\"elementor-divider\">\n\t\t\t<span class=\"elementor-divider-separator\">\n\t\t\t\t\t\t<\/span>\n\t\t<\/div>\n\t\t\t\t\t\t<\/div>\n\t\t\t\t<\/div>\n\t\t\t\t\t<\/div>\n\t\t<\/div>\n\t\t\t\t\t<\/div>\n\t\t<\/section>\n\t\t\t\t<section class=\"elementor-section elementor-top-section elementor-element elementor-element-4debb41 elementor-section-boxed elementor-section-height-default elementor-section-height-default\" data-id=\"4debb41\" data-element_type=\"section\">\n\t\t\t\t\t\t<div class=\"elementor-container elementor-column-gap-default\">\n\t\t\t\t\t<div class=\"elementor-column elementor-col-100 elementor-top-column elementor-element elementor-element-88a9ad7\" data-id=\"88a9ad7\" data-element_type=\"column\">\n\t\t\t<div class=\"elementor-widget-wrap elementor-element-populated\">\n\t\t\t\t\t\t<div class=\"elementor-element elementor-element-71d17d4 elementor-widget elementor-widget-text-editor\" data-id=\"71d17d4\" data-element_type=\"widget\" data-widget_type=\"text-editor.default\">\n\t\t\t\t<div class=\"elementor-widget-container\">\n\t\t\t\t\t\t\t\t\t<p>Atat\u00fcrk \u00dcniversitesi Fizik B\u00f6l\u00fcm\u00fc, \u00f6\u011frencilerine zengin bir \u00f6\u011frenim deneyimi sunar. B\u00f6l\u00fcmdeki erfahren hocalar, \u00f6\u011frencilere g\u00fcncel ve klasik fizik konular\u0131nda derinlemesine bilgi verir. \u00d6\u011frenciler, teorik bilgilerin yan\u0131 s\u0131ra laboratuvar \u00e7al\u0131\u015fmalar\u0131 ile uygulama deneyimini de ya\u015farlar. Fizik B\u00f6l\u00fcm\u00fcnde verilen e\u011fitim, \u00f6\u011frencilerin ele\u015ftirel d\u00fc\u015f\u00fcnme, problem \u00e7\u00f6zme ve ara\u015ft\u0131rma yapma becerilerini geli\u015ftirir. B\u00f6l\u00fcm\u00fcn sundu\u011fu \u00e7e\u015fitli kurslar ve projelerle \u00f6\u011frenciler, fiziksel olaylar\u0131 analiz etme ve yorumlama yeteneklerini kazan\u0131rlar. \u00d6\u011frenci kul\u00fcpleri ve sosyal aktiviteler, \u00f6\u011frencilerin birbiriyle etkile\u015fime ge\u00e7mesini ve topluluk i\u00e7inde yer almas\u0131n\u0131 sa\u011flar. Fizik B\u00f6l\u00fcm\u00fcndeki \u00f6\u011frenciler, akademik ba\u015far\u0131lar\u0131n\u0131n yan\u0131 s\u0131ra ki\u015fisel geli\u015fimlerine de \u00f6nem verirler. B\u00f6l\u00fcm\u00fcn amac\u0131, \u00f6\u011frencilere sadece fizik bilgisi vermek de\u011fil, ayn\u0131 zamanda onlara hayat boyu \u00f6\u011frenme ve kendi alanlar\u0131nda uzmanla\u015fma yetenekleri kazand\u0131rmakt\u0131r. Atat\u00fcrk \u00dcniversitesi Fizik B\u00f6l\u00fcm\u00fc, bu hedefe ula\u015fmak i\u00e7in s\u00fcrekli olarak kendini geli\u015ftirir ve yeniler.<\/p>\t\t\t\t\t\t\t\t<\/div>\n\t\t\t\t<\/div>\n\t\t\t\t\t<\/div>\n\t\t<\/div>\n\t\t\t\t\t<\/div>\n\t\t<\/section>\n\t\t\t\t<section class=\"elementor-section elementor-top-section elementor-element elementor-element-fe0a96b elementor-section-boxed elementor-section-height-default elementor-section-height-default\" data-id=\"fe0a96b\" data-element_type=\"section\">\n\t\t\t\t\t\t<div class=\"elementor-container elementor-column-gap-default\">\n\t\t\t\t\t<div class=\"elementor-column elementor-col-100 elementor-top-column elementor-element elementor-element-0bb6e4c\" data-id=\"0bb6e4c\" data-element_type=\"column\">\n\t\t\t<div class=\"elementor-widget-wrap elementor-element-populated\">\n\t\t\t\t\t\t<div class=\"elementor-element elementor-element-578977f elementor-widget elementor-widget-video\" data-id=\"578977f\" data-element_type=\"widget\" data-settings=\"{&quot;youtube_url&quot;:&quot;https:\\\/\\\/www.youtube.com\\\/watch?v=Bru4mPbuXHU&amp;t=7s&quot;,&quot;video_type&quot;:&quot;youtube&quot;,&quot;controls&quot;:&quot;yes&quot;}\" data-widget_type=\"video.default\">\n\t\t\t\t<div class=\"elementor-widget-container\">\n\t\t\t\t\t\t\t<div class=\"elementor-wrapper elementor-open-inline\">\n\t\t\t<div class=\"elementor-video\"><\/div>\t\t<\/div>\n\t\t\t\t\t\t<\/div>\n\t\t\t\t<\/div>\n\t\t\t\t\t<\/div>\n\t\t<\/div>\n\t\t\t\t\t<\/div>\n\t\t<\/section>\n\t\t\t\t<section class=\"elementor-section elementor-top-section elementor-element elementor-element-02357ac elementor-section-boxed elementor-section-height-default elementor-section-height-default\" data-id=\"02357ac\" data-element_type=\"section\">\n\t\t\t\t\t\t<div class=\"elementor-container elementor-column-gap-default\">\n\t\t\t\t\t<div class=\"elementor-column elementor-col-100 elementor-top-column elementor-element elementor-element-0de2462\" data-id=\"0de2462\" data-element_type=\"column\">\n\t\t\t<div class=\"elementor-widget-wrap\">\n\t\t\t\t\t\t\t<\/div>\n\t\t<\/div>\n\t\t\t\t\t<\/div>\n\t\t<\/section>\n\t\t\t\t<\/div>\n\t\t","protected":false},"excerpt":{"rendered":"<p>\u00d6\u011frenci Deneyimi Atat\u00fcrk \u00dcniversitesi Fizik B\u00f6l\u00fcm\u00fc, \u00f6\u011frencilerine zengin bir \u00f6\u011frenim deneyimi sunar. B\u00f6l\u00fcmdeki erfahren hocalar, \u00f6\u011frencilere g\u00fcncel ve klasik fizik konular\u0131nda derinlemesine bilgi verir. \u00d6\u011frenciler, teorik bilgilerin yan\u0131 s\u0131ra laboratuvar \u00e7al\u0131\u015fmalar\u0131 ile uygulama deneyimini de ya\u015farlar. Fizik B\u00f6l\u00fcm\u00fcnde verilen e\u011fitim, \u00f6\u011frencilerin ele\u015ftirel d\u00fc\u015f\u00fcnme, problem \u00e7\u00f6zme ve ara\u015ft\u0131rma yapma becerilerini geli\u015ftirir. B\u00f6l\u00fcm\u00fcn sundu\u011fu \u00e7e\u015fitli kurslar ve [&hellip;]<\/p>\n","protected":false},"author":1,"featured_media":0,"parent":0,"menu_order":0,"comment_status":"closed","ping_status":"closed","template":"elementor_header_footer","meta":{"footnotes":""},"class_list":["post-5734","page","type-page","status-publish","hentry"],"_links":{"self":[{"href":"https:\/\/atauni.edu.tr\/fizik\/wp-json\/wp\/v2\/pages\/5734","targetHints":{"allow":["GET"]}}],"collection":[{"href":"https:\/\/atauni.edu.tr\/fizik\/wp-json\/wp\/v2\/pages"}],"about":[{"href":"https:\/\/atauni.edu.tr\/fizik\/wp-json\/wp\/v2\/types\/page"}],"author":[{"embeddable":true,"href":"https:\/\/atauni.edu.tr\/fizik\/wp-json\/wp\/v2\/users\/1"}],"replies":[{"embeddable":true,"href":"https:\/\/atauni.edu.tr\/fizik\/wp-json\/wp\/v2\/comments?post=5734"}],"version-history":[{"count":23,"href":"https:\/\/atauni.edu.tr\/fizik\/wp-json\/wp\/v2\/pages\/5734\/revisions"}],"predecessor-version":[{"id":7801,"href":"https:\/\/atauni.edu.tr\/fizik\/wp-json\/wp\/v2\/pages\/5734\/revisions\/7801"}],"wp:attachment":[{"href":"https:\/\/atauni.edu.tr\/fizik\/wp-json\/wp\/v2\/media?parent=5734"}],"curies":[{"name":"wp","href":"https:\/\/api.w.org\/{rel}","templated":true}]}}