{"id":7848,"date":"2026-01-01T23:16:16","date_gmt":"2026-01-01T20:16:16","guid":{"rendered":"https:\/\/birimler.atauni.edu.tr\/fizik\/?page_id=7848"},"modified":"2026-01-02T00:02:13","modified_gmt":"2026-01-01T21:02:13","slug":"ogrenci-anketleri-2","status":"publish","type":"page","link":"https:\/\/atauni.edu.tr\/fizik\/ogrenci-anketleri-2\/","title":{"rendered":"\u00d6\u011frenci Anketleri"},"content":{"rendered":"\t\t<div data-elementor-type=\"wp-page\" data-elementor-id=\"7848\" class=\"elementor elementor-7848\" data-elementor-post-type=\"page\">\n\t\t\t\t\t\t<section class=\"elementor-section elementor-top-section elementor-element elementor-element-a6a43e8 elementor-section-boxed elementor-section-height-default elementor-section-height-default\" data-id=\"a6a43e8\" data-element_type=\"section\">\n\t\t\t\t\t\t<div class=\"elementor-container elementor-column-gap-default\">\n\t\t\t\t\t<div class=\"elementor-column elementor-col-100 elementor-top-column elementor-element elementor-element-82ca21b\" data-id=\"82ca21b\" data-element_type=\"column\">\n\t\t\t<div class=\"elementor-widget-wrap elementor-element-populated\">\n\t\t\t\t\t\t<div class=\"elementor-element elementor-element-3634214 elementor-widget elementor-widget-heading\" data-id=\"3634214\" data-element_type=\"widget\" data-widget_type=\"heading.default\">\n\t\t\t\t<div class=\"elementor-widget-container\">\n\t\t\t\t\t<h2 class=\"elementor-heading-title elementor-size-default\"><a href=\"https:\/\/docs.google.com\/forms\/d\/e\/1FAIpQLSe86h_o_298URd2r7-C6rx3Z4aAjY79EmEyfprZfS77bVNf-Q\/viewform?usp=publish-editor%20\">Yeni \u00d6\u011frencilerimiz i\u00e7in Anket- Kat\u0131lmak i\u00e7in T\u0131klay\u0131n\u0131z<\/a><\/h2>\t\t\t\t<\/div>\n\t\t\t\t<\/div>\n\t\t\t\t\t<\/div>\n\t\t<\/div>\n\t\t\t\t\t<\/div>\n\t\t<\/section>\n\t\t\t\t<section class=\"elementor-section elementor-top-section elementor-element elementor-element-962f6ef elementor-section-boxed elementor-section-height-default elementor-section-height-default\" data-id=\"962f6ef\" data-element_type=\"section\">\n\t\t\t\t\t\t<div class=\"elementor-container elementor-column-gap-default\">\n\t\t\t\t\t<div class=\"elementor-column elementor-col-100 elementor-top-column elementor-element elementor-element-5170d00\" data-id=\"5170d00\" data-element_type=\"column\">\n\t\t\t<div class=\"elementor-widget-wrap elementor-element-populated\">\n\t\t\t\t\t\t<div class=\"elementor-element elementor-element-856c21d elementor-widget elementor-widget-heading\" data-id=\"856c21d\" data-element_type=\"widget\" data-widget_type=\"heading.default\">\n\t\t\t\t<div class=\"elementor-widget-container\">\n\t\t\t\t\t<h2 class=\"elementor-heading-title elementor-size-default\"><a href=\"https:\/\/docs.google.com\/forms\/d\/e\/1FAIpQLSfU1uI0lB9XPH1kVd5P1pQqTw-yhUywN5nchLmekNHJIStvJw\/viewform?usp=publish-editor\">\u00d6\u011frenci Memnuniyet Anketi- Kat\u0131lmak i\u00e7in T\u0131klay\u0131n\u0131z<\/a><\/h2>\t\t\t\t<\/div>\n\t\t\t\t<\/div>\n\t\t\t\t\t<\/div>\n\t\t<\/div>\n\t\t\t\t\t<\/div>\n\t\t<\/section>\n\t\t\t\t<section class=\"elementor-section elementor-top-section elementor-element elementor-element-c5a30d9 elementor-section-boxed elementor-section-height-default elementor-section-height-default\" data-id=\"c5a30d9\" data-element_type=\"section\">\n\t\t\t\t\t\t<div class=\"elementor-container elementor-column-gap-default\">\n\t\t\t\t\t<div class=\"elementor-column elementor-col-100 elementor-top-column elementor-element elementor-element-bb675a7\" data-id=\"bb675a7\" data-element_type=\"column\">\n\t\t\t<div class=\"elementor-widget-wrap elementor-element-populated\">\n\t\t\t\t\t\t<div class=\"elementor-element elementor-element-bc41d8f elementor-widget elementor-widget-heading\" data-id=\"bc41d8f\" data-element_type=\"widget\" data-widget_type=\"heading.default\">\n\t\t\t\t<div class=\"elementor-widget-container\">\n\t\t\t\t\t<h2 class=\"elementor-heading-title elementor-size-default\"><a href=\"https:\/\/docs.google.com\/forms\/d\/e\/1FAIpQLSeS_nBqfSwfmNbrwndJvrkRwaLB-7835eKXOgqWd4E2BLhkXQ\/viewform?usp=header\">Mezun \u00d6\u011frencilerimiz i\u00e7in Anket \u2013 Kat\u0131lmak i\u00e7in T\u0131klay\u0131n\u0131z<\/a><\/h2>\t\t\t\t<\/div>\n\t\t\t\t<\/div>\n\t\t\t\t\t<\/div>\n\t\t<\/div>\n\t\t\t\t\t<\/div>\n\t\t<\/section>\n\t\t\t\t<\/div>\n\t\t","protected":false},"excerpt":{"rendered":"<p>Yeni \u00d6\u011frencilerimiz i\u00e7in Anket- Kat\u0131lmak i\u00e7in T\u0131klay\u0131n\u0131z \u00d6\u011frenci Memnuniyet Anketi- Kat\u0131lmak i\u00e7in T\u0131klay\u0131n\u0131z Mezun \u00d6\u011frencilerimiz i\u00e7in Anket \u2013 Kat\u0131lmak i\u00e7in T\u0131klay\u0131n\u0131z<\/p>\n","protected":false},"author":602,"featured_media":0,"parent":0,"menu_order":0,"comment_status":"closed","ping_status":"closed","template":"","meta":{"footnotes":""},"class_list":["post-7848","page","type-page","status-publish","hentry"],"_links":{"self":[{"href":"https:\/\/atauni.edu.tr\/fizik\/wp-json\/wp\/v2\/pages\/7848","targetHints":{"allow":["GET"]}}],"collection":[{"href":"https:\/\/atauni.edu.tr\/fizik\/wp-json\/wp\/v2\/pages"}],"about":[{"href":"https:\/\/atauni.edu.tr\/fizik\/wp-json\/wp\/v2\/types\/page"}],"author":[{"embeddable":true,"href":"https:\/\/atauni.edu.tr\/fizik\/wp-json\/wp\/v2\/users\/602"}],"replies":[{"embeddable":true,"href":"https:\/\/atauni.edu.tr\/fizik\/wp-json\/wp\/v2\/comments?post=7848"}],"version-history":[{"count":12,"href":"https:\/\/atauni.edu.tr\/fizik\/wp-json\/wp\/v2\/pages\/7848\/revisions"}],"predecessor-version":[{"id":7867,"href":"https:\/\/atauni.edu.tr\/fizik\/wp-json\/wp\/v2\/pages\/7848\/revisions\/7867"}],"wp:attachment":[{"href":"https:\/\/atauni.edu.tr\/fizik\/wp-json\/wp\/v2\/media?parent=7848"}],"curies":[{"name":"wp","href":"https:\/\/api.w.org\/{rel}","templated":true}]}}