{"id":5682,"date":"2021-07-13T10:10:01","date_gmt":"2021-07-13T07:10:01","guid":{"rendered":"https:\/\/portaltest.atauni.edu.tr\/bilgisayar-muhendisligi\/?page_id=5682"},"modified":"2023-11-29T09:25:12","modified_gmt":"2023-11-29T06:25:12","slug":"misyon-vizyon-ve-temel-degerler","status":"publish","type":"page","link":"https:\/\/atauni.edu.tr\/fizyoterapi-ve-rehabilitasyon-bolumu\/misyon-vizyon-ve-temel-degerler\/","title":{"rendered":"Misyon, Vizyon ve Temel De\u011ferler"},"content":{"rendered":"\t\t<div data-elementor-type=\"wp-page\" data-elementor-id=\"5682\" class=\"elementor elementor-5682\" data-elementor-post-type=\"page\">\n\t\t\t\t\t\t<section class=\"elementor-section elementor-top-section elementor-element elementor-element-730d320 elementor-section-boxed elementor-section-height-default elementor-section-height-default\" data-id=\"730d320\" data-element_type=\"section\">\n\t\t\t\t\t\t<div class=\"elementor-container elementor-column-gap-default\">\n\t\t\t\t\t<div class=\"elementor-column elementor-col-100 elementor-top-column elementor-element elementor-element-753d0860\" data-id=\"753d0860\" data-element_type=\"column\">\n\t\t\t<div class=\"elementor-widget-wrap\">\n\t\t\t\t\t\t\t<\/div>\n\t\t<\/div>\n\t\t\t\t\t<\/div>\n\t\t<\/section>\n\t\t\t\t<section class=\"elementor-section elementor-top-section elementor-element elementor-element-9be811a elementor-section-boxed elementor-section-height-default elementor-section-height-default\" data-id=\"9be811a\" data-element_type=\"section\">\n\t\t\t\t\t\t<div class=\"elementor-container elementor-column-gap-default\">\n\t\t\t\t\t<div class=\"elementor-column elementor-col-100 elementor-top-column elementor-element elementor-element-1ed847b7\" data-id=\"1ed847b7\" data-element_type=\"column\">\n\t\t\t<div class=\"elementor-widget-wrap elementor-element-populated\">\n\t\t\t\t\t\t<div class=\"elementor-element elementor-element-4ce0d07f elementor-widget elementor-widget-heading\" data-id=\"4ce0d07f\" data-element_type=\"widget\" data-widget_type=\"heading.default\">\n\t\t\t\t<div class=\"elementor-widget-container\">\n\t\t\t\t\t<h2 class=\"elementor-heading-title elementor-size-default\">Misyon, Vizyon ve Temel De\u011ferler<\/h2>\t\t\t\t<\/div>\n\t\t\t\t<\/div>\n\t\t\t\t<div class=\"elementor-element elementor-element-63260862 elementor-widget-divider--view-line elementor-widget elementor-widget-divider\" data-id=\"63260862\" data-element_type=\"widget\" data-widget_type=\"divider.default\">\n\t\t\t\t<div class=\"elementor-widget-container\">\n\t\t\t\t\t\t\t<div class=\"elementor-divider\">\n\t\t\t<span class=\"elementor-divider-separator\">\n\t\t\t\t\t\t<\/span>\n\t\t<\/div>\n\t\t\t\t\t\t<\/div>\n\t\t\t\t<\/div>\n\t\t\t\t\t<\/div>\n\t\t<\/div>\n\t\t\t\t\t<\/div>\n\t\t<\/section>\n\t\t\t\t<section class=\"elementor-section elementor-top-section elementor-element elementor-element-681db8b elementor-section-boxed elementor-section-height-default elementor-section-height-default\" data-id=\"681db8b\" data-element_type=\"section\">\n\t\t\t\t\t\t<div class=\"elementor-container elementor-column-gap-default\">\n\t\t\t\t\t<div class=\"elementor-column elementor-col-100 elementor-top-column elementor-element elementor-element-ad4dac5\" data-id=\"ad4dac5\" data-element_type=\"column\">\n\t\t\t<div class=\"elementor-widget-wrap elementor-element-populated\">\n\t\t\t\t\t\t<div class=\"elementor-element elementor-element-2f96b3d elementor-widget elementor-widget-text-editor\" data-id=\"2f96b3d\" data-element_type=\"widget\" data-widget_type=\"text-editor.default\">\n\t\t\t\t<div class=\"elementor-widget-container\">\n\t\t\t\t\t\t\t\t\t<div><h2><strong>Misyon\u00a0<\/strong><\/h2><\/div><div><p style=\"margin-bottom: 1rem;font-family: Roboto-Regular, sans-serif;color: #707070;font-size: 15px\">\u00c7a\u011fda\u015f, ya\u015fam boyu \u00f6\u011frenme prensibini benimsemi\u015f, \u00fcretken ve \u00f6zg\u00fcn bak\u0131\u015f a\u00e7\u0131s\u0131na sahip, mesleki hak ve sorumlulu\u011funu bilen ve uygulayan , mesleki otonomisine sahip \u00e7\u0131kan, etik prensiplere ba\u011fl\u0131, yetkin fizyoterapistler yeti\u015ftirmek; fizyoterapi ve rehabilitasyon alan\u0131na \u00f6zg\u00fcn bilimsel ara\u015ft\u0131rmalar yaparak bilime ve topluma katk\u0131da bulunmak; ulusal ve uluslar aras\u0131 platformlarda mesle\u011fimizi, \u00fclkemizi ve \u00fcniversitemizi temsil etmektir.\u00a0<\/p><h2><strong>Vizyon<\/strong><\/h2><p style=\"margin-bottom: 1rem;font-family: Roboto-Regular, sans-serif;color: #707070;font-size: 15px\">Lisans d\u00fczeyinde en kaliteli e\u011fitimi vererek mezunlar\u0131n\u0131 tercih edilen, insanl\u0131\u011fa hizmet eden, yapt\u0131\u011f\u0131 bilimsel, sosyal ve k\u00fclt\u00fcrel faaliyetlerle kaynak g\u00f6sterilen, mesle\u011fini \u00e7a\u011f\u0131n ilerisine ta\u015f\u0131yan d\u00fcnya \u00e7ap\u0131nda \u00f6nc\u00fc bir e\u011fitim, \u00f6\u011fretim ve ara\u015ft\u0131rma merkezi olmakt\u0131r.<\/p><\/div>\t\t\t\t\t\t\t\t<\/div>\n\t\t\t\t<\/div>\n\t\t\t\t\t<\/div>\n\t\t<\/div>\n\t\t\t\t\t<\/div>\n\t\t<\/section>\n\t\t\t\t<\/div>\n\t\t","protected":false},"excerpt":{"rendered":"<p>Misyon, Vizyon ve Temel De\u011ferler Misyon\u00a0 \u00c7a\u011fda\u015f, ya\u015fam boyu \u00f6\u011frenme prensibini benimsemi\u015f, \u00fcretken ve \u00f6zg\u00fcn bak\u0131\u015f a\u00e7\u0131s\u0131na sahip, mesleki hak ve sorumlulu\u011funu bilen ve uygulayan , mesleki otonomisine sahip \u00e7\u0131kan, etik prensiplere ba\u011fl\u0131, yetkin fizyoterapistler yeti\u015ftirmek; fizyoterapi ve rehabilitasyon alan\u0131na \u00f6zg\u00fcn bilimsel ara\u015ft\u0131rmalar yaparak bilime ve topluma katk\u0131da bulunmak; ulusal ve uluslar aras\u0131 platformlarda mesle\u011fimizi, [&hellip;]<\/p>\n","protected":false},"author":1,"featured_media":0,"parent":0,"menu_order":0,"comment_status":"closed","ping_status":"closed","template":"elementor_header_footer","meta":{"footnotes":""},"class_list":["post-5682","page","type-page","status-publish","hentry"],"_links":{"self":[{"href":"https:\/\/atauni.edu.tr\/fizyoterapi-ve-rehabilitasyon-bolumu\/wp-json\/wp\/v2\/pages\/5682","targetHints":{"allow":["GET"]}}],"collection":[{"href":"https:\/\/atauni.edu.tr\/fizyoterapi-ve-rehabilitasyon-bolumu\/wp-json\/wp\/v2\/pages"}],"about":[{"href":"https:\/\/atauni.edu.tr\/fizyoterapi-ve-rehabilitasyon-bolumu\/wp-json\/wp\/v2\/types\/page"}],"author":[{"embeddable":true,"href":"https:\/\/atauni.edu.tr\/fizyoterapi-ve-rehabilitasyon-bolumu\/wp-json\/wp\/v2\/users\/1"}],"replies":[{"embeddable":true,"href":"https:\/\/atauni.edu.tr\/fizyoterapi-ve-rehabilitasyon-bolumu\/wp-json\/wp\/v2\/comments?post=5682"}],"version-history":[{"count":11,"href":"https:\/\/atauni.edu.tr\/fizyoterapi-ve-rehabilitasyon-bolumu\/wp-json\/wp\/v2\/pages\/5682\/revisions"}],"predecessor-version":[{"id":6188,"href":"https:\/\/atauni.edu.tr\/fizyoterapi-ve-rehabilitasyon-bolumu\/wp-json\/wp\/v2\/pages\/5682\/revisions\/6188"}],"wp:attachment":[{"href":"https:\/\/atauni.edu.tr\/fizyoterapi-ve-rehabilitasyon-bolumu\/wp-json\/wp\/v2\/media?parent=5682"}],"curies":[{"name":"wp","href":"https:\/\/api.w.org\/{rel}","templated":true}]}}