{"id":5682,"date":"2021-07-13T10:10:01","date_gmt":"2021-07-13T07:10:01","guid":{"rendered":"https:\/\/portaltest.atauni.edu.tr\/bilgisayar-muhendisligi\/?page_id=5682"},"modified":"2022-01-13T10:32:01","modified_gmt":"2022-01-13T07:32:01","slug":"misyon-vizyon-ve-temel-degerler","status":"publish","type":"page","link":"https:\/\/atauni.edu.tr\/fotograf-bolumu\/misyon-vizyon-ve-temel-degerler\/","title":{"rendered":"Misyon, Vizyon ve Temel De\u011ferler"},"content":{"rendered":"\t\t<div data-elementor-type=\"wp-page\" data-elementor-id=\"5682\" class=\"elementor elementor-5682\" data-elementor-post-type=\"page\">\n\t\t\t\t\t\t<section class=\"elementor-section elementor-top-section elementor-element elementor-element-730d320 elementor-section-boxed elementor-section-height-default elementor-section-height-default\" data-id=\"730d320\" data-element_type=\"section\">\n\t\t\t\t\t\t<div class=\"elementor-container elementor-column-gap-default\">\n\t\t\t\t\t<div class=\"elementor-column elementor-col-100 elementor-top-column elementor-element elementor-element-753d0860\" data-id=\"753d0860\" data-element_type=\"column\">\n\t\t\t<div class=\"elementor-widget-wrap\">\n\t\t\t\t\t\t\t<\/div>\n\t\t<\/div>\n\t\t\t\t\t<\/div>\n\t\t<\/section>\n\t\t\t\t<section class=\"elementor-section elementor-top-section elementor-element elementor-element-9be811a elementor-section-boxed elementor-section-height-default elementor-section-height-default\" data-id=\"9be811a\" data-element_type=\"section\">\n\t\t\t\t\t\t<div class=\"elementor-container elementor-column-gap-default\">\n\t\t\t\t\t<div class=\"elementor-column elementor-col-100 elementor-top-column elementor-element elementor-element-1ed847b7\" data-id=\"1ed847b7\" data-element_type=\"column\">\n\t\t\t<div class=\"elementor-widget-wrap elementor-element-populated\">\n\t\t\t\t\t\t<div class=\"elementor-element elementor-element-4ce0d07f elementor-widget elementor-widget-heading\" data-id=\"4ce0d07f\" data-element_type=\"widget\" data-widget_type=\"heading.default\">\n\t\t\t\t<div class=\"elementor-widget-container\">\n\t\t\t\t\t<h2 class=\"elementor-heading-title elementor-size-default\">Misyon, Vizyon ve Temel De\u011ferler<\/h2>\t\t\t\t<\/div>\n\t\t\t\t<\/div>\n\t\t\t\t<div class=\"elementor-element elementor-element-63260862 elementor-widget-divider--view-line elementor-widget elementor-widget-divider\" data-id=\"63260862\" data-element_type=\"widget\" data-widget_type=\"divider.default\">\n\t\t\t\t<div class=\"elementor-widget-container\">\n\t\t\t\t\t\t\t<div class=\"elementor-divider\">\n\t\t\t<span class=\"elementor-divider-separator\">\n\t\t\t\t\t\t<\/span>\n\t\t<\/div>\n\t\t\t\t\t\t<\/div>\n\t\t\t\t<\/div>\n\t\t\t\t\t<\/div>\n\t\t<\/div>\n\t\t\t\t\t<\/div>\n\t\t<\/section>\n\t\t\t\t<section class=\"elementor-section elementor-top-section elementor-element elementor-element-681db8b elementor-section-boxed elementor-section-height-default elementor-section-height-default\" data-id=\"681db8b\" data-element_type=\"section\">\n\t\t\t\t\t\t<div class=\"elementor-container elementor-column-gap-default\">\n\t\t\t\t\t<div class=\"elementor-column elementor-col-100 elementor-top-column elementor-element elementor-element-ad4dac5\" data-id=\"ad4dac5\" data-element_type=\"column\">\n\t\t\t<div class=\"elementor-widget-wrap elementor-element-populated\">\n\t\t\t\t\t\t<div class=\"elementor-element elementor-element-2f96b3d elementor-widget elementor-widget-text-editor\" data-id=\"2f96b3d\" data-element_type=\"widget\" data-widget_type=\"text-editor.default\">\n\t\t\t\t<div class=\"elementor-widget-container\">\n\t\t\t\t\t\t\t\t\t<div><p><b>Misyon Bildirimi<\/b><\/p><p>Foto\u011fraf B\u00f6l\u00fcm\u00fc, Atat\u00fcrk \u00dcniversitesi, G\u00fczel Sanatlar Fak\u00fcltesinin bir b\u00f6l\u00fcm\u00fc olarak, foto\u011fraf sanat\u0131 alan\u0131nda ulusal ve uluslararas\u0131 d\u00fczeyde bilgi ve teknik beceri ile donat\u0131lm\u0131\u015f, birikimi y\u00fcksek, g\u00fcncel d\u00fcnya ile ileti\u015fim kurabilecek nitelikte foto\u011fraf sanat\u00e7\u0131lar\u0131 yeti\u015ftirmek, ulusal\/uluslararas\u0131 sanat platformlar\u0131nda yer almak ve \u00e7e\u015fitli sanatsal ara\u015ft\u0131rma ve projeleri ger\u00e7ekle\u015ftirme misyonuna sahiptir.<\/p><p>\u00a0<\/p><\/div><div><p><b>Vizyon Bildirimi<\/b><\/p><p>Geleneksel ve teknolojik foto\u011fraflama y\u00f6ntemleri ile yarat\u0131c\u0131l\u0131\u011fa ve yenilik\u00e7ili\u011fe y\u00f6nelik bir bak\u0131\u015f a\u00e7\u0131s\u0131 sunarak,\u00a0 her t\u00fcrl\u00fc bas\u0131n yay\u0131n organ\u0131, tan\u0131t\u0131m\u0131 i\u00e7eren her t\u00fcrl\u00fc reklam, moda ve sanat gibi olduk\u00e7a geni\u015f alanlarda g\u00f6r\u00fcn\u00fcr olmak, ve e\u011fitim ve \u00f6\u011fretim kalitesini uluslararas\u0131 standartlara ula\u015ft\u0131rarak, mezunlar\u0131na en iyi i\u015f bulabilme imkanlar\u0131n\u0131 sa\u011flayabilecek bir b\u00f6l\u00fcm olmakt\u0131r.<\/p><\/div><p>\u00a0<\/p><p><b>Temel De\u011ferler<\/b><\/p><p>Foto\u011fraf B\u00f6l\u00fcm\u00fc;<\/p><p>Sevgi, sayg\u0131, demokrasi,<\/p><p>\u0130\u015fbirli\u011fi ve dayan\u0131\u015fma,<\/p><p>Giri\u015fimci,<\/p><p>Bilimsel ara\u015ft\u0131rma ve etik de\u011ferlere sahip,<\/p><p>Problem \u00e7\u00f6zme ve analitik d\u00fc\u015f\u00fcnme becerilerine sahip,<\/p><p>Bilgi teknolojiyi etkin bir \u015fekilde kullanabilen,<\/p><p>Alan\u0131 ile ilgili geli\u015fmeleri takip edebilen,<\/p><p>Mesleki ve etik sorumluluk bilincinde,<\/p><p>Atat\u00fcrk ilke ve ink\u0131l\u00e2plar\u0131na ba\u011fl\u0131 bireyler yeti\u015ftirmeyi hedefleyen anlay\u0131\u015f\u0131 benimser.<\/p>\t\t\t\t\t\t\t\t<\/div>\n\t\t\t\t<\/div>\n\t\t\t\t\t<\/div>\n\t\t<\/div>\n\t\t\t\t\t<\/div>\n\t\t<\/section>\n\t\t\t\t<\/div>\n\t\t","protected":false},"excerpt":{"rendered":"<p>Misyon, Vizyon ve Temel De\u011ferler Misyon Bildirimi Foto\u011fraf B\u00f6l\u00fcm\u00fc, Atat\u00fcrk \u00dcniversitesi, G\u00fczel Sanatlar Fak\u00fcltesinin bir b\u00f6l\u00fcm\u00fc olarak, foto\u011fraf sanat\u0131 alan\u0131nda ulusal ve uluslararas\u0131 d\u00fczeyde bilgi ve teknik beceri ile donat\u0131lm\u0131\u015f, birikimi y\u00fcksek, g\u00fcncel d\u00fcnya ile ileti\u015fim kurabilecek nitelikte foto\u011fraf sanat\u00e7\u0131lar\u0131 yeti\u015ftirmek, ulusal\/uluslararas\u0131 sanat platformlar\u0131nda yer almak ve \u00e7e\u015fitli sanatsal ara\u015ft\u0131rma ve projeleri ger\u00e7ekle\u015ftirme misyonuna sahiptir. [&hellip;]<\/p>\n","protected":false},"author":1,"featured_media":0,"parent":0,"menu_order":0,"comment_status":"closed","ping_status":"closed","template":"elementor_header_footer","meta":{"footnotes":""},"class_list":["post-5682","page","type-page","status-publish","hentry"],"_links":{"self":[{"href":"https:\/\/atauni.edu.tr\/fotograf-bolumu\/wp-json\/wp\/v2\/pages\/5682","targetHints":{"allow":["GET"]}}],"collection":[{"href":"https:\/\/atauni.edu.tr\/fotograf-bolumu\/wp-json\/wp\/v2\/pages"}],"about":[{"href":"https:\/\/atauni.edu.tr\/fotograf-bolumu\/wp-json\/wp\/v2\/types\/page"}],"author":[{"embeddable":true,"href":"https:\/\/atauni.edu.tr\/fotograf-bolumu\/wp-json\/wp\/v2\/users\/1"}],"replies":[{"embeddable":true,"href":"https:\/\/atauni.edu.tr\/fotograf-bolumu\/wp-json\/wp\/v2\/comments?post=5682"}],"version-history":[{"count":24,"href":"https:\/\/atauni.edu.tr\/fotograf-bolumu\/wp-json\/wp\/v2\/pages\/5682\/revisions"}],"predecessor-version":[{"id":6204,"href":"https:\/\/atauni.edu.tr\/fotograf-bolumu\/wp-json\/wp\/v2\/pages\/5682\/revisions\/6204"}],"wp:attachment":[{"href":"https:\/\/atauni.edu.tr\/fotograf-bolumu\/wp-json\/wp\/v2\/media?parent=5682"}],"curies":[{"name":"wp","href":"https:\/\/api.w.org\/{rel}","templated":true}]}}