{"id":5728,"date":"2021-07-13T11:33:38","date_gmt":"2021-07-13T08:33:38","guid":{"rendered":"https:\/\/portaltest.atauni.edu.tr\/bilgisayar-muhendisligi\/?page_id=5728"},"modified":"2024-03-20T13:34:32","modified_gmt":"2024-03-20T10:34:32","slug":"bolum-tanitimi","status":"publish","type":"page","link":"https:\/\/atauni.edu.tr\/fotograf-bolumu\/bolum-tanitimi\/","title":{"rendered":"B\u00f6l\u00fcm Tan\u0131t\u0131m\u0131"},"content":{"rendered":"\t\t<div data-elementor-type=\"wp-page\" data-elementor-id=\"5728\" class=\"elementor elementor-5728\" data-elementor-post-type=\"page\">\n\t\t\t\t\t\t<section class=\"elementor-section elementor-top-section elementor-element elementor-element-730d320 elementor-section-boxed elementor-section-height-default elementor-section-height-default\" data-id=\"730d320\" data-element_type=\"section\">\n\t\t\t\t\t\t<div class=\"elementor-container elementor-column-gap-default\">\n\t\t\t\t\t<div class=\"elementor-column elementor-col-100 elementor-top-column elementor-element elementor-element-753d0860\" data-id=\"753d0860\" data-element_type=\"column\">\n\t\t\t<div class=\"elementor-widget-wrap\">\n\t\t\t\t\t\t\t<\/div>\n\t\t<\/div>\n\t\t\t\t\t<\/div>\n\t\t<\/section>\n\t\t\t\t<section class=\"elementor-section elementor-top-section elementor-element elementor-element-9be811a elementor-section-boxed elementor-section-height-default elementor-section-height-default\" data-id=\"9be811a\" data-element_type=\"section\">\n\t\t\t\t\t\t<div class=\"elementor-container elementor-column-gap-default\">\n\t\t\t\t\t<div class=\"elementor-column elementor-col-100 elementor-top-column elementor-element elementor-element-1ed847b7\" data-id=\"1ed847b7\" data-element_type=\"column\">\n\t\t\t<div class=\"elementor-widget-wrap elementor-element-populated\">\n\t\t\t\t\t\t<div class=\"elementor-element elementor-element-4ce0d07f elementor-widget elementor-widget-heading\" data-id=\"4ce0d07f\" data-element_type=\"widget\" data-widget_type=\"heading.default\">\n\t\t\t\t<div class=\"elementor-widget-container\">\n\t\t\t\t\t<h2 class=\"elementor-heading-title elementor-size-default\">B\u00f6l\u00fcm Tan\u0131t\u0131m\u0131<\/h2>\t\t\t\t<\/div>\n\t\t\t\t<\/div>\n\t\t\t\t<div class=\"elementor-element elementor-element-63260862 elementor-widget-divider--view-line elementor-widget elementor-widget-divider\" data-id=\"63260862\" data-element_type=\"widget\" data-widget_type=\"divider.default\">\n\t\t\t\t<div class=\"elementor-widget-container\">\n\t\t\t\t\t\t\t<div class=\"elementor-divider\">\n\t\t\t<span class=\"elementor-divider-separator\">\n\t\t\t\t\t\t<\/span>\n\t\t<\/div>\n\t\t\t\t\t\t<\/div>\n\t\t\t\t<\/div>\n\t\t\t\t\t<\/div>\n\t\t<\/div>\n\t\t\t\t\t<\/div>\n\t\t<\/section>\n\t\t\t\t<section class=\"elementor-section elementor-top-section elementor-element elementor-element-681db8b elementor-section-boxed elementor-section-height-default elementor-section-height-default\" data-id=\"681db8b\" data-element_type=\"section\">\n\t\t\t\t\t\t<div class=\"elementor-container elementor-column-gap-default\">\n\t\t\t\t\t<div class=\"elementor-column elementor-col-100 elementor-top-column elementor-element elementor-element-ad4dac5\" data-id=\"ad4dac5\" data-element_type=\"column\">\n\t\t\t<div class=\"elementor-widget-wrap elementor-element-populated\">\n\t\t\t\t\t\t<div class=\"elementor-element elementor-element-2f96b3d elementor-widget elementor-widget-text-editor\" data-id=\"2f96b3d\" data-element_type=\"widget\" data-widget_type=\"text-editor.default\">\n\t\t\t\t<div class=\"elementor-widget-container\">\n\t\t\t\t\t\t\t\t\t<p>Foto\u011fraf, hem bir g\u00f6rme, anlama bi\u00e7imi hem de ya\u015fad\u0131\u011f\u0131m\u0131z \u00e7a\u011f\u0131n insanl\u0131k hikayelerini anlatmam\u0131za ve farkl\u0131 bak\u0131\u015f a\u00e7\u0131lar\u0131m\u0131z\u0131 farkl\u0131 tarzlarda aktarmam\u0131za olanak tan\u0131yan g\u00f6rsel bir dildir. Bilgi ve yarat\u0131c\u0131l\u0131kla olu\u015fturulan bu dil entelekt\u00fcel d\u00fczeyi y\u00fcksek hem sanat hem de teknik alanda yetkinlik sahibi olmay\u0131 gerektirir. Foto\u011fraf B\u00f6l\u00fcm\u00fc; alan\u0131nda ulusal ve uluslararas\u0131 d\u00fczeyde gerekli teknik ve sanatsal bilgi ve beceriler ile donat\u0131lm\u0131\u015f, bu bilgi ve becerileri gerekli \u015fekilde kullanabilen, d\u00fc\u015f\u00fcnsel, ara\u015ft\u0131rmac\u0131 y\u00f6nlerini geli\u015ftirmi\u015f, \u00f6zg\u00fcn \u00e7al\u0131\u015fmalar ger\u00e7ekle\u015ftirebilen, alan\u0131 ile ilgili sorunlar kar\u015f\u0131s\u0131nda \u00e7\u00f6z\u00fcmleyici y\u00f6nlere sahip, etik de\u011ferleri g\u00f6z \u00f6n\u00fcnde bulundurarak foto\u011fraf alan\u0131nda sanatsal \u00e7al\u0131\u015fmalar yapacak foto\u011fraf sanat\u00e7\u0131lar\u0131 yeti\u015ftirecektir.<\/p><p>Foto\u011fraf her t\u00fcrl\u00fc bas\u0131n yay\u0131n organ\u0131, tan\u0131t\u0131m\u0131 i\u00e7eren her t\u00fcrl\u00fc reklam, moda ve sanat gibi olduk\u00e7a geni\u015f alanlarda varl\u0131\u011f\u0131n\u0131 s\u00fcrd\u00fcrmektedir. Bu alanlarda kendini yeti\u015ftirmi\u015f, etik de\u011ferlere sahip, sanatsal olarak estetik de\u011ferler do\u011frultusunda \u00e7al\u0131\u015fmalar \u00fcreten, eleman s\u0131k\u0131nt\u0131s\u0131 \u00e7ekilmektedir. Foto\u011fraf B\u00f6l\u00fcm\u00fcnde yeti\u015fen \u00f6\u011frenciler sanat, bas\u0131n, rekl\u00e2m ve moda foto\u011fraf\u0131 alanlar\u0131nda etkin bir \u015fekilde i\u015f \u00fcretecekler ve bu alanlarla ilgili kamu ve \u00f6zel sekt\u00f6rde \u00e7al\u0131\u015farak foto\u011fraf alan\u0131nda ihtiya\u00e7 duyulan meslek grubunu olu\u015fturacaklard\u0131r. Foto\u011fraf B\u00f6l\u00fcm\u00fc; Reklam-Tan\u0131t\u0131m, Bas\u0131n-Belgesel ve Sanat gibi alanlarda profesyonel anlamda yetkinli\u011fe sahip foto\u011fraf sanat\u00e7\u0131lar\u0131 yeti\u015ftirmeyi ama\u00e7lamaktad\u0131r.\u00a0\u00a0\u00a0\u00a0\u00a0<\/p><p>B\u00f6l\u00fcm\u00fcm\u00fcz, 1., 2., 3. ve 4. s\u0131n\u0131f \u00f6\u011frencileri ile e\u011fitim s\u00fcrecine devam etmektedir. B\u00f6l\u00fcm\u00fcm\u00fcz\u00fcn 3 adet Dersli\u011fi, bir adet Foto\u011fraf St\u00fcdyosu bir adet Karanl\u0131k Odas\u0131 ve Karanl\u0131k Oda ile birlikte Alternatif Foto\u011fraf At\u00f6lyesi bulunmaktad\u0131r. B\u00f6l\u00fcm\u00fcm\u00fczde iki Dr. \u00d6\u011fr. \u00dcyesi bulunmaktad\u0131r.<\/p>\t\t\t\t\t\t\t\t<\/div>\n\t\t\t\t<\/div>\n\t\t\t\t\t<\/div>\n\t\t<\/div>\n\t\t\t\t\t<\/div>\n\t\t<\/section>\n\t\t\t\t<\/div>\n\t\t","protected":false},"excerpt":{"rendered":"<p>B\u00f6l\u00fcm Tan\u0131t\u0131m\u0131 Foto\u011fraf, hem bir g\u00f6rme, anlama bi\u00e7imi hem de ya\u015fad\u0131\u011f\u0131m\u0131z \u00e7a\u011f\u0131n insanl\u0131k hikayelerini anlatmam\u0131za ve farkl\u0131 bak\u0131\u015f a\u00e7\u0131lar\u0131m\u0131z\u0131 farkl\u0131 tarzlarda aktarmam\u0131za olanak tan\u0131yan g\u00f6rsel bir dildir. Bilgi ve yarat\u0131c\u0131l\u0131kla olu\u015fturulan bu dil entelekt\u00fcel d\u00fczeyi y\u00fcksek hem sanat hem de teknik alanda yetkinlik sahibi olmay\u0131 gerektirir. Foto\u011fraf B\u00f6l\u00fcm\u00fc; alan\u0131nda ulusal ve uluslararas\u0131 d\u00fczeyde gerekli teknik [&hellip;]<\/p>\n","protected":false},"author":1,"featured_media":0,"parent":0,"menu_order":0,"comment_status":"closed","ping_status":"closed","template":"elementor_header_footer","meta":{"footnotes":""},"class_list":["post-5728","page","type-page","status-publish","hentry"],"_links":{"self":[{"href":"https:\/\/atauni.edu.tr\/fotograf-bolumu\/wp-json\/wp\/v2\/pages\/5728","targetHints":{"allow":["GET"]}}],"collection":[{"href":"https:\/\/atauni.edu.tr\/fotograf-bolumu\/wp-json\/wp\/v2\/pages"}],"about":[{"href":"https:\/\/atauni.edu.tr\/fotograf-bolumu\/wp-json\/wp\/v2\/types\/page"}],"author":[{"embeddable":true,"href":"https:\/\/atauni.edu.tr\/fotograf-bolumu\/wp-json\/wp\/v2\/users\/1"}],"replies":[{"embeddable":true,"href":"https:\/\/atauni.edu.tr\/fotograf-bolumu\/wp-json\/wp\/v2\/comments?post=5728"}],"version-history":[{"count":11,"href":"https:\/\/atauni.edu.tr\/fotograf-bolumu\/wp-json\/wp\/v2\/pages\/5728\/revisions"}],"predecessor-version":[{"id":6293,"href":"https:\/\/atauni.edu.tr\/fotograf-bolumu\/wp-json\/wp\/v2\/pages\/5728\/revisions\/6293"}],"wp:attachment":[{"href":"https:\/\/atauni.edu.tr\/fotograf-bolumu\/wp-json\/wp\/v2\/media?parent=5728"}],"curies":[{"name":"wp","href":"https:\/\/api.w.org\/{rel}","templated":true}]}}