{"id":6342,"date":"2024-03-21T11:01:54","date_gmt":"2024-03-21T08:01:54","guid":{"rendered":"https:\/\/birimler.atauni.edu.tr\/fotograf-bolumu\/?page_id=6342"},"modified":"2024-03-21T11:01:54","modified_gmt":"2024-03-21T08:01:54","slug":"ogrenci-kulupleri","status":"publish","type":"page","link":"https:\/\/atauni.edu.tr\/fotograf-bolumu\/ogrenci-kulupleri\/","title":{"rendered":"\u00d6\u011frenci Kul\u00fcpleri"},"content":{"rendered":"\n<p> <p class=\"MsoNormal\" style=\"text-align:justify\"><span style=\",sans-serif\">Foto\u011fraf B\u00f6l\u00fcm\u00fc, Viz\u00f6r Foto\u011fraf Kul\u00fcb\u00fc ile foto\u011fraf ve sanatsal faaliyetlerini s\u00fcrd\u00fcrmektedir.<\/span><\/p><\/p>\n","protected":false},"excerpt":{"rendered":"<p>Foto\u011fraf B\u00f6l\u00fcm\u00fc, Viz\u00f6r Foto\u011fraf Kul\u00fcb\u00fc ile foto\u011fraf ve sanatsal faaliyetlerini s\u00fcrd\u00fcrmektedir.<\/p>\n","protected":false},"author":97,"featured_media":0,"parent":0,"menu_order":0,"comment_status":"closed","ping_status":"closed","template":"","meta":{"footnotes":""},"class_list":["post-6342","page","type-page","status-publish","hentry"],"_links":{"self":[{"href":"https:\/\/atauni.edu.tr\/fotograf-bolumu\/wp-json\/wp\/v2\/pages\/6342","targetHints":{"allow":["GET"]}}],"collection":[{"href":"https:\/\/atauni.edu.tr\/fotograf-bolumu\/wp-json\/wp\/v2\/pages"}],"about":[{"href":"https:\/\/atauni.edu.tr\/fotograf-bolumu\/wp-json\/wp\/v2\/types\/page"}],"author":[{"embeddable":true,"href":"https:\/\/atauni.edu.tr\/fotograf-bolumu\/wp-json\/wp\/v2\/users\/97"}],"replies":[{"embeddable":true,"href":"https:\/\/atauni.edu.tr\/fotograf-bolumu\/wp-json\/wp\/v2\/comments?post=6342"}],"version-history":[{"count":1,"href":"https:\/\/atauni.edu.tr\/fotograf-bolumu\/wp-json\/wp\/v2\/pages\/6342\/revisions"}],"predecessor-version":[{"id":6343,"href":"https:\/\/atauni.edu.tr\/fotograf-bolumu\/wp-json\/wp\/v2\/pages\/6342\/revisions\/6343"}],"wp:attachment":[{"href":"https:\/\/atauni.edu.tr\/fotograf-bolumu\/wp-json\/wp\/v2\/media?parent=6342"}],"curies":[{"name":"wp","href":"https:\/\/api.w.org\/{rel}","templated":true}]}}