{"id":6345,"date":"2024-03-21T11:04:51","date_gmt":"2024-03-21T08:04:51","guid":{"rendered":"https:\/\/birimler.atauni.edu.tr\/fotograf-bolumu\/?page_id=6345"},"modified":"2024-03-21T11:04:51","modified_gmt":"2024-03-21T08:04:51","slug":"atolyeler-laboratuvarlar","status":"publish","type":"page","link":"https:\/\/atauni.edu.tr\/fotograf-bolumu\/atolyeler-laboratuvarlar\/","title":{"rendered":"At\u00f6lyeler-Laboratuvarlar"},"content":{"rendered":"\n<p>B\u00f6l\u00fcm\u00fcm\u00fcz\u00fcn 3 adet Dersli\u011fi, bir adet Foto\u011fraf St\u00fcdyosu bir adet Karanl\u0131k Odas\u0131 ve Karanl\u0131k Oda ile birlikte Alternatif Foto\u011fraf At\u00f6lyesi bulunmaktad\u0131r.<\/p>\n\n\n\n<p>Foto\u011fraf St\u00fcdyosu; \u00d6\u011frencilerin ve \u00f6\u011fretim elemanlar\u0131n\u0131n \u0131\u015f\u0131kland\u0131rma ekipmanlar\u0131 ile tan\u0131t\u0131m foto\u011fraf\u0131 a\u011f\u0131rl\u0131kl\u0131 olmak \u00fczere her t\u00fcrl\u00fc foto\u011fraf \u00e7ekimi ger\u00e7ekle\u015ftirebilecekleri bir at\u00f6lyedir.<\/p>\n\n\n\n<p>Karanl\u0131k Oda; \u00d6\u011frencilerin ve \u00f6\u011fretim elemanlar\u0131n\u0131n \u00e7al\u0131\u015fmalar\u0131 kapsam\u0131nda, negatif y\u0131kamak ve foto\u011fraf bask\u0131s\u0131 yapmalar\u0131 i\u00e7in gerekli tezgah sistemlerinin, agrandiz\u00f6rlerin, negatif ve kart banyo ekipmanlar\u0131n\u0131n bulundu\u011fu \u0131\u015f\u0131ktan tamamen izole edilmi\u015f bir&nbsp; at\u00f6lyedir. Karanl\u0131k odada siyah-beyaz foto\u011fraf bask\u0131 teknikleri \u00fczerine e\u011fitim verilmektedir.<\/p>\n\n\n\n<p>Alternatif Bask\u0131 Teknikleri At\u00f6lyesi; \u00d6\u011frencilerin ve \u00f6\u011fretim elemanlar\u0131n\u0131n geleneksel foto\u011fraf bask\u0131 tekniklerini deneyimleyip uygulayacaklar\u0131 bir at\u00f6lyedir. Alternatif Bask\u0131 Tekniklerinde uygulanacak tekni\u011fin prosesi tamamen at\u00f6lyede haz\u0131rlan\u0131p t\u00fcm bask\u0131 s\u00fcreci d\u0131\u015far\u0131dan haz\u0131r bir malzemeye gerek kalmaks\u0131z\u0131n bu at\u00f6lyede haz\u0131rlan\u0131r. Bask\u0131 i\u00e7in UV bask\u0131 makineleri, bask\u0131 \u00e7e\u015fitlili\u011fine g\u00f6re bask\u0131 malzemeleri ve kimyasallar\u0131n bulundu\u011fu at\u00f6lyedir.<\/p>\n","protected":false},"excerpt":{"rendered":"<p>B\u00f6l\u00fcm\u00fcm\u00fcz\u00fcn 3 adet Dersli\u011fi, bir adet Foto\u011fraf St\u00fcdyosu bir adet Karanl\u0131k Odas\u0131 ve Karanl\u0131k Oda ile birlikte Alternatif Foto\u011fraf At\u00f6lyesi bulunmaktad\u0131r. Foto\u011fraf St\u00fcdyosu; \u00d6\u011frencilerin ve \u00f6\u011fretim elemanlar\u0131n\u0131n \u0131\u015f\u0131kland\u0131rma ekipmanlar\u0131 ile tan\u0131t\u0131m foto\u011fraf\u0131 a\u011f\u0131rl\u0131kl\u0131 olmak \u00fczere her t\u00fcrl\u00fc foto\u011fraf \u00e7ekimi ger\u00e7ekle\u015ftirebilecekleri bir at\u00f6lyedir. Karanl\u0131k Oda; \u00d6\u011frencilerin ve \u00f6\u011fretim elemanlar\u0131n\u0131n \u00e7al\u0131\u015fmalar\u0131 kapsam\u0131nda, negatif y\u0131kamak ve foto\u011fraf bask\u0131s\u0131 [&hellip;]<\/p>\n","protected":false},"author":97,"featured_media":0,"parent":0,"menu_order":0,"comment_status":"closed","ping_status":"closed","template":"","meta":{"footnotes":""},"class_list":["post-6345","page","type-page","status-publish","hentry"],"_links":{"self":[{"href":"https:\/\/atauni.edu.tr\/fotograf-bolumu\/wp-json\/wp\/v2\/pages\/6345","targetHints":{"allow":["GET"]}}],"collection":[{"href":"https:\/\/atauni.edu.tr\/fotograf-bolumu\/wp-json\/wp\/v2\/pages"}],"about":[{"href":"https:\/\/atauni.edu.tr\/fotograf-bolumu\/wp-json\/wp\/v2\/types\/page"}],"author":[{"embeddable":true,"href":"https:\/\/atauni.edu.tr\/fotograf-bolumu\/wp-json\/wp\/v2\/users\/97"}],"replies":[{"embeddable":true,"href":"https:\/\/atauni.edu.tr\/fotograf-bolumu\/wp-json\/wp\/v2\/comments?post=6345"}],"version-history":[{"count":1,"href":"https:\/\/atauni.edu.tr\/fotograf-bolumu\/wp-json\/wp\/v2\/pages\/6345\/revisions"}],"predecessor-version":[{"id":6346,"href":"https:\/\/atauni.edu.tr\/fotograf-bolumu\/wp-json\/wp\/v2\/pages\/6345\/revisions\/6346"}],"wp:attachment":[{"href":"https:\/\/atauni.edu.tr\/fotograf-bolumu\/wp-json\/wp\/v2\/media?parent=6345"}],"curies":[{"name":"wp","href":"https:\/\/api.w.org\/{rel}","templated":true}]}}