{"id":6845,"date":"2025-06-26T11:25:29","date_gmt":"2025-06-26T08:25:29","guid":{"rendered":"https:\/\/birimler.atauni.edu.tr\/fotograf-bolumu\/?page_id=6845"},"modified":"2025-07-30T14:47:49","modified_gmt":"2025-07-30T11:47:49","slug":"haberler","status":"publish","type":"page","link":"https:\/\/atauni.edu.tr\/fotograf-bolumu\/haberler\/","title":{"rendered":"Haberler"},"content":{"rendered":"<form method=\"get\" class=\"row g-3\" style=\"margin-bottom: 20px;\"><div class=\"col-md-3\"><input type=\"text\" name=\"haber_ara\" class=\"form-control\" placeholder=\"Haber ara...\" value=\"\"><\/div><div class=\"col-md-3\"><input type=\"date\" name=\"baslangic_tarihi\" class=\"form-control\" value=\"\"><\/div><div class=\"col-md-3\"><input type=\"date\" name=\"bitis_tarihi\" class=\"form-control\" value=\"\"><\/div><div class=\"col-md-3\"><button type=\"submit\" class=\"btn btn-secondary w-50\">Filtrele<\/button><\/div><\/form><ul class=\"kategori-yazilari-liste\"><li style=\"display: flex; margin-bottom: 10px; align-items: center;\"><div class=\"post-thumbnail\" style=\"margin-right: 15px;\"><a href=\"https:\/\/atauni.edu.tr\/fotograf-bolumu\/2024\/11\/07\/bolumumuzun-dr-ogr-uyesi-kursat-kaan-ozkemahli-tubitak-projesi-kapsaminda-antakyada-belgesel-cekimleri-gerceklestirdi\/\"><img decoding=\"async\" width=\"150\" height=\"150\" src=\"https:\/\/atauni.edu.tr\/fotograf-bolumu\/wp-content\/uploads\/sites\/109\/2024\/11\/IMG_9641-150x150.jpg\" class=\"attachment-thumbnail size-thumbnail wp-post-image\" alt=\"\" \/><\/a><\/div><div class=\"post-content\" style=\"flex-grow: 1;\"><span class=\"post-date habertarih\" style=\"display: block; font-weight: bold; margin-bottom: 5px;\">7 Kas\u0131m 2024<\/span><a class=\"haberbaslik\" href=\"https:\/\/atauni.edu.tr\/fotograf-bolumu\/2024\/11\/07\/bolumumuzun-dr-ogr-uyesi-kursat-kaan-ozkemahli-tubitak-projesi-kapsaminda-antakyada-belgesel-cekimleri-gerceklestirdi\/\">\u00d6\u011frencimiz Ahmet DA\u011eDELEN, Bug\u00fcnden Yar\u0131na Foto\u011fraf Paneli ve II. Uluslararas\u0131 K\u0131sa Film, Video ve Foto\u011fraf Sempozyumuna kat\u0131l\u0131m sa\u011flam\u0131\u015ft\u0131r<\/a><\/div><\/li><li style=\"display: flex; margin-bottom: 10px; align-items: center;\"><div class=\"post-thumbnail\" style=\"margin-right: 15px;\"><a href=\"https:\/\/atauni.edu.tr\/fotograf-bolumu\/2024\/10\/29\/bolumumuz-dr-ogr-uyesi-kursat-kaan-ozkemahli-arastirmaci-olarak-gorev-aldigi-tubitak-projesi-kapsaminda-antakyada-belgesel-cekimleri-gerceklestirdi\/\"><img decoding=\"async\" width=\"150\" height=\"150\" src=\"https:\/\/atauni.edu.tr\/fotograf-bolumu\/wp-content\/uploads\/sites\/109\/2024\/10\/WhatsApp-Image-2024-11-06-at-11.48.29-150x150.jpeg\" class=\"attachment-thumbnail size-thumbnail wp-post-image\" alt=\"\" \/><\/a><\/div><div class=\"post-content\" style=\"flex-grow: 1;\"><span class=\"post-date habertarih\" style=\"display: block; font-weight: bold; margin-bottom: 5px;\">29 Ekim 2024<\/span><a class=\"haberbaslik\" href=\"https:\/\/atauni.edu.tr\/fotograf-bolumu\/2024\/10\/29\/bolumumuz-dr-ogr-uyesi-kursat-kaan-ozkemahli-arastirmaci-olarak-gorev-aldigi-tubitak-projesi-kapsaminda-antakyada-belgesel-cekimleri-gerceklestirdi\/\">B\u00f6l\u00fcm\u00fcm\u00fcz Dr. \u00d6\u011fr. \u00dcyesi K\u00fcr\u015fat Kaan \u00d6zkemahl\u0131, T\u00dcB\u0130TAK Projesi kapsam\u0131nda Antakya&#8217;da belgesel \u00e7ekimleri ger\u00e7ekle\u015ftirdi.<\/a><\/div><\/li><li style=\"display: flex; margin-bottom: 10px; align-items: center;\"><div class=\"post-thumbnail\" style=\"margin-right: 15px;\"><a href=\"https:\/\/atauni.edu.tr\/fotograf-bolumu\/2024\/10\/29\/29-ekim-1923-cumhuriyetin-ilani-anisina-cevrim-ici-fotograf-sergisi-2\/\"><img decoding=\"async\" width=\"150\" height=\"150\" src=\"https:\/\/atauni.edu.tr\/fotograf-bolumu\/wp-content\/uploads\/sites\/109\/2024\/10\/bg-150x150.jpg\" class=\"attachment-thumbnail size-thumbnail wp-post-image\" alt=\"\" \/><\/a><\/div><div class=\"post-content\" style=\"flex-grow: 1;\"><span class=\"post-date habertarih\" style=\"display: block; font-weight: bold; margin-bottom: 5px;\">29 Ekim 2024<\/span><a class=\"haberbaslik\" href=\"https:\/\/atauni.edu.tr\/fotograf-bolumu\/2024\/10\/29\/29-ekim-1923-cumhuriyetin-ilani-anisina-cevrim-ici-fotograf-sergisi-2\/\">29 Ekim 1923 Cumhuriyetin \u0130lan\u0131 An\u0131s\u0131na \u00c7evrim \u0130\u00e7i Foto\u011fraf Sergisi<\/a><\/div><\/li><li style=\"display: flex; margin-bottom: 10px; align-items: center;\"><div class=\"post-thumbnail\" style=\"margin-right: 15px;\"><a href=\"https:\/\/atauni.edu.tr\/fotograf-bolumu\/2024\/10\/10\/2024-dunya-fotograf-gunu-sergisi-acildi\/\"><img loading=\"lazy\" decoding=\"async\" width=\"150\" height=\"150\" src=\"https:\/\/atauni.edu.tr\/fotograf-bolumu\/wp-content\/uploads\/sites\/109\/2024\/10\/haberler_1-150x150.jpg\" class=\"attachment-thumbnail size-thumbnail wp-post-image\" alt=\"\" \/><\/a><\/div><div class=\"post-content\" style=\"flex-grow: 1;\"><span class=\"post-date habertarih\" style=\"display: block; font-weight: bold; margin-bottom: 5px;\">10 Ekim 2024<\/span><a class=\"haberbaslik\" href=\"https:\/\/atauni.edu.tr\/fotograf-bolumu\/2024\/10\/10\/2024-dunya-fotograf-gunu-sergisi-acildi\/\">2024 D\u00fcnya Foto\u011fraf G\u00fcn\u00fc Sergisi A\u00e7\u0131ld\u0131<\/a><\/div><\/li><\/ul>\n\n\n\n<p><\/p>\n","protected":false},"excerpt":{"rendered":"","protected":false},"author":8,"featured_media":0,"parent":0,"menu_order":0,"comment_status":"closed","ping_status":"closed","template":"","meta":{"footnotes":""},"class_list":["post-6845","page","type-page","status-publish","hentry"],"_links":{"self":[{"href":"https:\/\/atauni.edu.tr\/fotograf-bolumu\/wp-json\/wp\/v2\/pages\/6845","targetHints":{"allow":["GET"]}}],"collection":[{"href":"https:\/\/atauni.edu.tr\/fotograf-bolumu\/wp-json\/wp\/v2\/pages"}],"about":[{"href":"https:\/\/atauni.edu.tr\/fotograf-bolumu\/wp-json\/wp\/v2\/types\/page"}],"author":[{"embeddable":true,"href":"https:\/\/atauni.edu.tr\/fotograf-bolumu\/wp-json\/wp\/v2\/users\/8"}],"replies":[{"embeddable":true,"href":"https:\/\/atauni.edu.tr\/fotograf-bolumu\/wp-json\/wp\/v2\/comments?post=6845"}],"version-history":[{"count":2,"href":"https:\/\/atauni.edu.tr\/fotograf-bolumu\/wp-json\/wp\/v2\/pages\/6845\/revisions"}],"predecessor-version":[{"id":6858,"href":"https:\/\/atauni.edu.tr\/fotograf-bolumu\/wp-json\/wp\/v2\/pages\/6845\/revisions\/6858"}],"wp:attachment":[{"href":"https:\/\/atauni.edu.tr\/fotograf-bolumu\/wp-json\/wp\/v2\/media?parent=6845"}],"curies":[{"name":"wp","href":"https:\/\/api.w.org\/{rel}","templated":true}]}}