{"id":6847,"date":"2025-06-26T11:25:58","date_gmt":"2025-06-26T08:25:58","guid":{"rendered":"https:\/\/birimler.atauni.edu.tr\/fotograf-bolumu\/?page_id=6847"},"modified":"2025-07-30T14:47:36","modified_gmt":"2025-07-30T11:47:36","slug":"etkinlikler","status":"publish","type":"page","link":"https:\/\/atauni.edu.tr\/fotograf-bolumu\/etkinlikler\/","title":{"rendered":"Etkinlikler"},"content":{"rendered":"<form method=\"get\" class=\"row g-3\" style=\"margin-bottom: 20px;\"><div class=\"col-md-3\"><input type=\"text\" name=\"etkinlik_ara\" class=\"form-control\" placeholder=\"Etkinlik ara...\" value=\"\"><\/div><div class=\"col-md-3\"><input type=\"date\" name=\"baslangic_tarihi\" class=\"form-control\" value=\"\"><\/div><div class=\"col-md-3\"><input type=\"date\" name=\"bitis_tarihi\" class=\"form-control\" value=\"\"><\/div><div class=\"col-md-3\"><button type=\"submit\" class=\"btn btn-secondary w-50\">Filtrele<\/button><\/div><\/form><div class=\"etkinlikler-grid-container\" style=\"display: grid; grid-template-columns: repeat(3, 1fr); gap: 20px;\"><div class=\"etkinlik-grid-item\"><div class=\"etkinlik-thumbnail\"><img fetchpriority=\"high\" decoding=\"async\" width=\"300\" height=\"210\" src=\"https:\/\/atauni.edu.tr\/fotograf-bolumu\/wp-content\/uploads\/sites\/109\/2024\/09\/229-300x210.jpg\" class=\"img-fluid wp-post-image\" alt=\"\" srcset=\"https:\/\/atauni.edu.tr\/fotograf-bolumu\/wp-content\/uploads\/sites\/109\/2024\/09\/229-300x210.jpg 300w, https:\/\/atauni.edu.tr\/fotograf-bolumu\/wp-content\/uploads\/sites\/109\/2024\/09\/229-1024x717.jpg 1024w, https:\/\/atauni.edu.tr\/fotograf-bolumu\/wp-content\/uploads\/sites\/109\/2024\/09\/229-768x538.jpg 768w, https:\/\/atauni.edu.tr\/fotograf-bolumu\/wp-content\/uploads\/sites\/109\/2024\/09\/229-1536x1076.jpg 1536w, https:\/\/atauni.edu.tr\/fotograf-bolumu\/wp-content\/uploads\/sites\/109\/2024\/09\/229-2048x1434.jpg 2048w, https:\/\/atauni.edu.tr\/fotograf-bolumu\/wp-content\/uploads\/sites\/109\/2024\/09\/229-600x420.jpg 600w, https:\/\/atauni.edu.tr\/fotograf-bolumu\/wp-content\/uploads\/sites\/109\/2024\/09\/229-560x392.jpg 560w\" sizes=\"(max-width: 300px) 100vw, 300px\" \/><\/div><div class=\"etkinlik-datee\"><span class=\"day\">10<\/span><span class=\"month\">Eyl\u00fcl<\/span><span class=\"year\">2024<\/span><\/div><a href=\"https:\/\/atauni.edu.tr\/fotograf-bolumu\/2024\/09\/10\/29-ekim-1923-cumhuriyetin-ilani-anisina-cevrim-ici-fotograf-sergisi\/\" class=\"etkinlik-titlee\">29 Ekim 1923 Cumhuriyetin \u0130lan\u0131 An\u0131s\u0131na \u00c7evrim \u0130\u00e7i Foto\u011fraf Sergisi<\/a><\/div><div class=\"etkinlik-grid-item\"><div class=\"etkinlik-thumbnail\"><img decoding=\"async\" width=\"210\" height=\"300\" src=\"https:\/\/atauni.edu.tr\/fotograf-bolumu\/wp-content\/uploads\/sites\/109\/2024\/08\/sergi-afis-01_1-2-210x300.jpg\" class=\"img-fluid wp-post-image\" alt=\"\" srcset=\"https:\/\/atauni.edu.tr\/fotograf-bolumu\/wp-content\/uploads\/sites\/109\/2024\/08\/sergi-afis-01_1-2-210x300.jpg 210w, https:\/\/atauni.edu.tr\/fotograf-bolumu\/wp-content\/uploads\/sites\/109\/2024\/08\/sergi-afis-01_1-2-717x1024.jpg 717w, https:\/\/atauni.edu.tr\/fotograf-bolumu\/wp-content\/uploads\/sites\/109\/2024\/08\/sergi-afis-01_1-2-768x1097.jpg 768w, https:\/\/atauni.edu.tr\/fotograf-bolumu\/wp-content\/uploads\/sites\/109\/2024\/08\/sergi-afis-01_1-2-1075x1536.jpg 1075w, https:\/\/atauni.edu.tr\/fotograf-bolumu\/wp-content\/uploads\/sites\/109\/2024\/08\/sergi-afis-01_1-2-1434x2048.jpg 1434w, https:\/\/atauni.edu.tr\/fotograf-bolumu\/wp-content\/uploads\/sites\/109\/2024\/08\/sergi-afis-01_1-2-420x600.jpg 420w, https:\/\/atauni.edu.tr\/fotograf-bolumu\/wp-content\/uploads\/sites\/109\/2024\/08\/sergi-afis-01_1-2-392x560.jpg 392w, https:\/\/atauni.edu.tr\/fotograf-bolumu\/wp-content\/uploads\/sites\/109\/2024\/08\/sergi-afis-01_1-2-scaled.jpg 1792w\" sizes=\"(max-width: 210px) 100vw, 210px\" \/><\/div><div class=\"etkinlik-datee\"><span class=\"day\">13<\/span><span class=\"month\">A\u011fustos<\/span><span class=\"year\">2024<\/span><\/div><a href=\"https:\/\/atauni.edu.tr\/fotograf-bolumu\/2024\/08\/13\/dunya-fotograf-gunu-2024-fotograf-sergisi\/\" class=\"etkinlik-titlee\">D\u00fcnya Foto\u011fraf G\u00fcn\u00fc &#8211; 2024 Foto\u011fraf Sergisi<\/a><\/div><div class=\"etkinlik-grid-item\"><div class=\"etkinlik-thumbnail\"><img decoding=\"async\" width=\"210\" height=\"300\" src=\"https:\/\/atauni.edu.tr\/fotograf-bolumu\/wp-content\/uploads\/sites\/109\/2024\/07\/AFIS_SON-1-210x300.jpg\" class=\"img-fluid wp-post-image\" alt=\"\" srcset=\"https:\/\/atauni.edu.tr\/fotograf-bolumu\/wp-content\/uploads\/sites\/109\/2024\/07\/AFIS_SON-1-210x300.jpg 210w, https:\/\/atauni.edu.tr\/fotograf-bolumu\/wp-content\/uploads\/sites\/109\/2024\/07\/AFIS_SON-1-717x1024.jpg 717w, https:\/\/atauni.edu.tr\/fotograf-bolumu\/wp-content\/uploads\/sites\/109\/2024\/07\/AFIS_SON-1-768x1097.jpg 768w, https:\/\/atauni.edu.tr\/fotograf-bolumu\/wp-content\/uploads\/sites\/109\/2024\/07\/AFIS_SON-1-1075x1536.jpg 1075w, https:\/\/atauni.edu.tr\/fotograf-bolumu\/wp-content\/uploads\/sites\/109\/2024\/07\/AFIS_SON-1-1434x2048.jpg 1434w, https:\/\/atauni.edu.tr\/fotograf-bolumu\/wp-content\/uploads\/sites\/109\/2024\/07\/AFIS_SON-1-420x600.jpg 420w, https:\/\/atauni.edu.tr\/fotograf-bolumu\/wp-content\/uploads\/sites\/109\/2024\/07\/AFIS_SON-1-392x560.jpg 392w, https:\/\/atauni.edu.tr\/fotograf-bolumu\/wp-content\/uploads\/sites\/109\/2024\/07\/AFIS_SON-1-scaled.jpg 1792w\" sizes=\"(max-width: 210px) 100vw, 210px\" \/><\/div><div class=\"etkinlik-datee\"><span class=\"day\">03<\/span><span class=\"month\">Temmuz<\/span><span class=\"year\">2024<\/span><\/div><a href=\"https:\/\/atauni.edu.tr\/fotograf-bolumu\/2024\/07\/03\/15-temmuz-anisina-davetli-cevrimici-karma-sergi\/\" class=\"etkinlik-titlee\">15 Temmuz An\u0131s\u0131na Davetli-\u00c7evrimi\u00e7i Karma Sergi<\/a><\/div><div class=\"etkinlik-grid-item\"><div class=\"etkinlik-thumbnail\"><img loading=\"lazy\" decoding=\"async\" width=\"214\" height=\"300\" src=\"https:\/\/atauni.edu.tr\/fotograf-bolumu\/wp-content\/uploads\/sites\/109\/2024\/06\/WEBBBB-214x300.jpg\" class=\"img-fluid wp-post-image\" alt=\"\" srcset=\"https:\/\/atauni.edu.tr\/fotograf-bolumu\/wp-content\/uploads\/sites\/109\/2024\/06\/WEBBBB-214x300.jpg 214w, https:\/\/atauni.edu.tr\/fotograf-bolumu\/wp-content\/uploads\/sites\/109\/2024\/06\/WEBBBB-732x1024.jpg 732w, https:\/\/atauni.edu.tr\/fotograf-bolumu\/wp-content\/uploads\/sites\/109\/2024\/06\/WEBBBB-768x1075.jpg 768w, https:\/\/atauni.edu.tr\/fotograf-bolumu\/wp-content\/uploads\/sites\/109\/2024\/06\/WEBBBB-1097x1536.jpg 1097w, https:\/\/atauni.edu.tr\/fotograf-bolumu\/wp-content\/uploads\/sites\/109\/2024\/06\/WEBBBB-1463x2048.jpg 1463w, https:\/\/atauni.edu.tr\/fotograf-bolumu\/wp-content\/uploads\/sites\/109\/2024\/06\/WEBBBB-429x600.jpg 429w, https:\/\/atauni.edu.tr\/fotograf-bolumu\/wp-content\/uploads\/sites\/109\/2024\/06\/WEBBBB-400x560.jpg 400w, https:\/\/atauni.edu.tr\/fotograf-bolumu\/wp-content\/uploads\/sites\/109\/2024\/06\/WEBBBB-scaled.jpg 1829w\" sizes=\"(max-width: 214px) 100vw, 214px\" \/><\/div><div class=\"etkinlik-datee\"><span class=\"day\">07<\/span><span class=\"month\">Haziran<\/span><span class=\"year\">2024<\/span><\/div><a href=\"https:\/\/atauni.edu.tr\/fotograf-bolumu\/2024\/06\/07\/donusum-sergisi\/\" class=\"etkinlik-titlee\">&#8220;D\u00f6n\u00fc\u015f\u00fcm&#8221; Sergisi<\/a><\/div><div class=\"etkinlik-grid-item\"><div class=\"etkinlik-thumbnail\"><img loading=\"lazy\" decoding=\"async\" width=\"212\" height=\"300\" src=\"https:\/\/atauni.edu.tr\/fotograf-bolumu\/wp-content\/uploads\/sites\/109\/2024\/06\/ozan_web-212x300.jpg\" class=\"img-fluid wp-post-image\" alt=\"\" srcset=\"https:\/\/atauni.edu.tr\/fotograf-bolumu\/wp-content\/uploads\/sites\/109\/2024\/06\/ozan_web-212x300.jpg 212w, https:\/\/atauni.edu.tr\/fotograf-bolumu\/wp-content\/uploads\/sites\/109\/2024\/06\/ozan_web-724x1024.jpg 724w, https:\/\/atauni.edu.tr\/fotograf-bolumu\/wp-content\/uploads\/sites\/109\/2024\/06\/ozan_web-768x1086.jpg 768w, https:\/\/atauni.edu.tr\/fotograf-bolumu\/wp-content\/uploads\/sites\/109\/2024\/06\/ozan_web-1086x1536.jpg 1086w, https:\/\/atauni.edu.tr\/fotograf-bolumu\/wp-content\/uploads\/sites\/109\/2024\/06\/ozan_web-1448x2048.jpg 1448w, https:\/\/atauni.edu.tr\/fotograf-bolumu\/wp-content\/uploads\/sites\/109\/2024\/06\/ozan_web-424x600.jpg 424w, https:\/\/atauni.edu.tr\/fotograf-bolumu\/wp-content\/uploads\/sites\/109\/2024\/06\/ozan_web-396x560.jpg 396w, https:\/\/atauni.edu.tr\/fotograf-bolumu\/wp-content\/uploads\/sites\/109\/2024\/06\/ozan_web-scaled.jpg 1810w\" sizes=\"(max-width: 212px) 100vw, 212px\" \/><\/div><div class=\"etkinlik-datee\"><span class=\"day\">07<\/span><span class=\"month\">Haziran<\/span><span class=\"year\">2024<\/span><\/div><a href=\"https:\/\/atauni.edu.tr\/fotograf-bolumu\/2024\/06\/07\/sanatci-konusmalari\/\" class=\"etkinlik-titlee\">Sanat\u00e7\u0131 Konu\u015fmalar\u0131<\/a><\/div><\/div><div class=\"pagination\" style=\"margin-top: 20px;\"><\/div>\n","protected":false},"excerpt":{"rendered":"","protected":false},"author":8,"featured_media":0,"parent":0,"menu_order":0,"comment_status":"closed","ping_status":"closed","template":"","meta":{"footnotes":""},"class_list":["post-6847","page","type-page","status-publish","hentry"],"_links":{"self":[{"href":"https:\/\/atauni.edu.tr\/fotograf-bolumu\/wp-json\/wp\/v2\/pages\/6847","targetHints":{"allow":["GET"]}}],"collection":[{"href":"https:\/\/atauni.edu.tr\/fotograf-bolumu\/wp-json\/wp\/v2\/pages"}],"about":[{"href":"https:\/\/atauni.edu.tr\/fotograf-bolumu\/wp-json\/wp\/v2\/types\/page"}],"author":[{"embeddable":true,"href":"https:\/\/atauni.edu.tr\/fotograf-bolumu\/wp-json\/wp\/v2\/users\/8"}],"replies":[{"embeddable":true,"href":"https:\/\/atauni.edu.tr\/fotograf-bolumu\/wp-json\/wp\/v2\/comments?post=6847"}],"version-history":[{"count":2,"href":"https:\/\/atauni.edu.tr\/fotograf-bolumu\/wp-json\/wp\/v2\/pages\/6847\/revisions"}],"predecessor-version":[{"id":6857,"href":"https:\/\/atauni.edu.tr\/fotograf-bolumu\/wp-json\/wp\/v2\/pages\/6847\/revisions\/6857"}],"wp:attachment":[{"href":"https:\/\/atauni.edu.tr\/fotograf-bolumu\/wp-json\/wp\/v2\/media?parent=6847"}],"curies":[{"name":"wp","href":"https:\/\/api.w.org\/{rel}","templated":true}]}}