{"id":6849,"date":"2025-06-26T11:26:30","date_gmt":"2025-06-26T08:26:30","guid":{"rendered":"https:\/\/birimler.atauni.edu.tr\/fotograf-bolumu\/?page_id=6849"},"modified":"2025-07-30T14:47:23","modified_gmt":"2025-07-30T11:47:23","slug":"duyurular","status":"publish","type":"page","link":"https:\/\/atauni.edu.tr\/fotograf-bolumu\/duyurular\/","title":{"rendered":"Duyurular"},"content":{"rendered":"<form method=\"get\" class=\"row g-3\" style=\"margin-bottom: 20px;\"><div class=\"col-md-3\"><input type=\"text\" name=\"Duyuru_ara\" class=\"form-control\" placeholder=\"Duyuru ara...\" value=\"\"><\/div><div class=\"col-md-3\"><input type=\"date\" name=\"baslangic_tarihi\" class=\"form-control\" value=\"\"><\/div><div class=\"col-md-3\"><input type=\"date\" name=\"bitis_tarihi\" class=\"form-control\" value=\"\"><\/div><div class=\"col-md-3\"><button type=\"submit\" class=\"btn btn-secondary w-50\">Filtrele<\/button><\/div><\/form><ul class=\"kategori-yazilari-liste\"><li style=\"display: flex; margin-bottom: 10px; align-items: center;\"><div class=\"post-content\" style=\"flex-grow: 1;\"><span class=\"post-date Duyurutarih\" style=\"display: block; font-weight: bold; margin-bottom: 5px;\">28 Mart 2025<\/span><a class=\"Duyurubaslik\" href=\"https:\/\/atauni.edu.tr\/fotograf-bolumu\/2025\/03\/28\/2024-2025-bahar-donemi-sinav-programi\/\">2024-2025 Bahar D\u00f6nemi S\u0131nav Program\u0131<\/a><\/div><\/li><li style=\"display: flex; margin-bottom: 10px; align-items: center;\"><div class=\"post-content\" style=\"flex-grow: 1;\"><span class=\"post-date Duyurutarih\" style=\"display: block; font-weight: bold; margin-bottom: 5px;\">14 \u015eubat 2025<\/span><a class=\"Duyurubaslik\" href=\"https:\/\/atauni.edu.tr\/fotograf-bolumu\/2025\/02\/14\/2024-2025-bahar-donemi-ders-programi\/\">2024-2025 Bahar D\u00f6nemi Ders Program\u0131<\/a><\/div><\/li><li style=\"display: flex; margin-bottom: 10px; align-items: center;\"><div class=\"post-content\" style=\"flex-grow: 1;\"><span class=\"post-date Duyurutarih\" style=\"display: block; font-weight: bold; margin-bottom: 5px;\">3 Ekim 2024<\/span><a class=\"Duyurubaslik\" href=\"https:\/\/atauni.edu.tr\/fotograf-bolumu\/2024\/10\/03\/2024-2025-gu%cc%88z-donemi-ders-programi\/\">2024-2025 Gu\u0308z D\u00f6nemi Ders Program\u0131<\/a><\/div><\/li><\/ul>\n\n\n\n<p><\/p>\n","protected":false},"excerpt":{"rendered":"","protected":false},"author":8,"featured_media":0,"parent":0,"menu_order":0,"comment_status":"closed","ping_status":"closed","template":"","meta":{"footnotes":""},"class_list":["post-6849","page","type-page","status-publish","hentry"],"_links":{"self":[{"href":"https:\/\/atauni.edu.tr\/fotograf-bolumu\/wp-json\/wp\/v2\/pages\/6849","targetHints":{"allow":["GET"]}}],"collection":[{"href":"https:\/\/atauni.edu.tr\/fotograf-bolumu\/wp-json\/wp\/v2\/pages"}],"about":[{"href":"https:\/\/atauni.edu.tr\/fotograf-bolumu\/wp-json\/wp\/v2\/types\/page"}],"author":[{"embeddable":true,"href":"https:\/\/atauni.edu.tr\/fotograf-bolumu\/wp-json\/wp\/v2\/users\/8"}],"replies":[{"embeddable":true,"href":"https:\/\/atauni.edu.tr\/fotograf-bolumu\/wp-json\/wp\/v2\/comments?post=6849"}],"version-history":[{"count":2,"href":"https:\/\/atauni.edu.tr\/fotograf-bolumu\/wp-json\/wp\/v2\/pages\/6849\/revisions"}],"predecessor-version":[{"id":6856,"href":"https:\/\/atauni.edu.tr\/fotograf-bolumu\/wp-json\/wp\/v2\/pages\/6849\/revisions\/6856"}],"wp:attachment":[{"href":"https:\/\/atauni.edu.tr\/fotograf-bolumu\/wp-json\/wp\/v2\/media?parent=6849"}],"curies":[{"name":"wp","href":"https:\/\/api.w.org\/{rel}","templated":true}]}}